{"id":42,"date":"2016-03-19T18:09:36","date_gmt":"2016-03-19T18:09:36","guid":{"rendered":"http:\/\/moverdb.com\/?page_id=42"},"modified":"2026-01-08T15:20:50","modified_gmt":"2026-01-08T15:20:50","slug":"naudojimo-salygos","status":"publish","type":"page","link":"https:\/\/moverdb.com\/lt\/terms-of-use\/","title":{"rendered":"Naudojimo s\u0105lygos"},"content":{"rendered":"<p><strong>PRIE\u0160 NAUDODAMIESI \u0160IA SVETAINE, ATID\u017dIAI PERSKAITYKITE \u0160IAS TAISYKLES.<\/strong><\/p>\n<p>Sveiki atvyk\u0119 \u012f MoverDB.com. Jei toliau nar\u0161ote ir naudojat\u0117s \u0161ia svetaine, sutinkate laikytis \u0161i\u0173 naudojimo s\u0105lyg\u0173, kurios kartu su m\u016bs\u0173 <a href=\"https:\/\/MoverDB.com\/privacy-policy\/\" target=\"_blank\" rel=\"noopener\">privatumo politika<\/a> reglamentuoja MoverDB.com santykius su jumis, susijusius su \u0161ia svetaine. Jei nesutinkate su bet kuria \u0161i\u0173 s\u0105lyg\u0173 dalimi, nesinaudokite m\u016bs\u0173 svetaine.<\/p>\n<p>\u0160iose naudojimo s\u0105lygose ir kituose toliau nurodytuose dokumentuose pateikiamos s\u0105lygos, kuriomis galite naudotis https:\/\/MoverDB.com\/ (toliau - m\u016bs\u0173 svetain\u0117). <\/p>\n<p>Kiti svarb\u016bs dokumentai <\/p>\n<p>Naudojimo s\u0105lygos nurodo m\u016bs\u0173 <a href=\"https:\/\/MoverDB.com\/privacy-policy\/\" target=\"_blank\" rel=\"noopener\">Privatumo politika<\/a>, kuriame i\u0161d\u0117stytos s\u0105lygos, kuriomis tvarkome bet kokius j\u016bs\u0173 pateiktus asmens duomenis. <a href=\"https:\/\/moverdb.com\/lt\/moving-to-the-united-states\/\" data-internallinksmanager029f6b8e52c=\"94\" title=\"Persik\u0117limas \u012f Jungtines Amerikos Valstijas? 2022 Gyvenimo i\u0161laidos ir persik\u0117limo patarimai\">mus<\/a>, arba kuriuos renkame i\u0161 j\u016bs\u0173. Taip pat galite perskaityti vis\u0105 m\u016bs\u0173 <a href=\"https:\/\/moverdb.com\/lt\/duomenu-apdorojimo-politika\/\">Duomen\u0173 tvarkymo politika<\/a>. Naudodamiesi m\u016bs\u0173 svetaine sutinkate su tokiu duomen\u0173 tvarkymu.<\/p>\n<p>Naudojimasis \u0161ia svetaine priklauso nuo \u0161i\u0173 naudojimo s\u0105lyg\u0173:<\/p>\n<ul>\n<li>\u0160ios svetain\u0117s puslapi\u0173 turinys skirtas tik j\u016bs\u0173 bendrai informacijai ir naudojimui. Jis gali b\u016bti kei\u010diamas be i\u0161ankstinio \u012fsp\u0117jimo.<\/li>\n<li> U\u017epildydami pasi\u016blymo form\u0105 sutinkate leisti mums dalytis \u0161ia informacija su tre\u010diosiomis \u0161alimis, kad gal\u0117tume jums pad\u0117ti gauti geriausi\u0105 tarptautinio perkraustymo kain\u0173 palyginimo pasi\u016blym\u0105.<\/li>\n<li>\u0160ioje svetain\u0117je naudojami slapukai, skirti nar\u0161ymo parinktims steb\u0117ti. Jei leisite naudoti slapukus, galime i\u0161saugoti asmenin\u0119 informacij\u0105, kuri\u0105 gal\u0117s naudoti tre\u010diosios \u0161alys.<\/li>\n<li> Nei mes, nei tre\u010diosios \u0161alys nesuteikiame joki\u0173 garantij\u0173 d\u0117l \u0161ioje svetain\u0117je esan\u010dios ar si\u016blomos informacijos ir med\u017eiagos tikslumo, savalaiki\u0161kumo, veikimo, i\u0161samumo ar tinkamumo konkre\u010diam tikslui. J\u016bs pripa\u017e\u012fstate, kad tokioje informacijoje ir med\u017eiagoje gali b\u016bti netikslum\u0173 ar klaid\u0173, ir mes ai\u0161kiai atleid\u017eiame nuo atsakomyb\u0117s u\u017e bet kokius tokius netikslumus ar klaidas, kiek tai leid\u017eia \u012fstatymai.<\/li>\n<li> Bet kokia \u0161ioje svetain\u0117je pateikta informacija ar med\u017eiaga naudojat\u0117s tik savo rizika, u\u017e kuri\u0105 mes neatsakome. Patys atsakote u\u017e tai, kad bet kokie \u0161ioje svetain\u0117je pateikiami produktai, paslaugos ar informacija atitikt\u0173 j\u016bs\u0173 konkre\u010dius reikalavimus.<\/li>\n<li> \u0160ioje svetain\u0117je pateikiama mums priklausanti arba licencijuota med\u017eiaga. \u0160i med\u017eiaga apima, be kita ko, dizain\u0105, i\u0161d\u0117stym\u0105, i\u0161vaizd\u0105 ir grafik\u0105. Kopijuoti draud\u017eiama, i\u0161skyrus tuos atvejus, kai tai daroma pagal autori\u0173 teisi\u0173 prane\u0161im\u0105, kuris yra \u0161i\u0173 s\u0105lyg\u0173 dalis.<\/li>\n<li> Neteis\u0117tas naudojimasis \u0161ia svetaine gali b\u016bti pagrindas reikalauti atlyginti \u017eal\u0105 ir (arba) b\u016bti laikomas baud\u017eiamuoju nusikaltimu.<\/li>\n<li> Kartais \u0161ioje svetain\u0117je taip pat gali b\u016bti nuorod\u0173 \u012f kitas svetaines. \u0160ios nuorodos pateikiamos j\u016bs\u0173 patogumui, kad gal\u0117tum\u0117te gauti daugiau informacijos. Jos nerei\u0161kia, kad mes remiame t\u0105 (tas) svetain\u0119 (-as). Mes neprisiimame jokios atsakomyb\u0117s u\u017e svetain\u0117s (-\u0173), \u012f kuri\u0105 (-ias) pateikiamos nuorodos, turin\u012f.<\/li>\n<\/ul>","protected":false},"excerpt":{"rendered":"<p>PLEASE READ THESE CAREFULLY BEFORE USING THIS WEBSITE. Welcome to MoverDB.com. If you continue to browse and use this website, you are agreeing to comply with and be bound by the following terms and conditions of use, which together with our privacy policy govern MoverDB.com&#8217;s relationship with you in relation to this website. If you [&hellip;]<\/p>\n","protected":false},"author":1,"featured_media":0,"parent":0,"menu_order":0,"comment_status":"closed","ping_status":"closed","template":"","meta":{"_genesis_hide_title":false,"_genesis_hide_breadcrumbs":false,"_genesis_hide_singular_image":false,"_genesis_hide_footer_widgets":false,"_genesis_custom_body_class":"","_genesis_custom_post_class":"","_genesis_layout":"","footnotes":""},"class_list":{"0":"post-42","1":"page","2":"type-page","3":"status-publish","5":"entry"},"_links":{"self":[{"href":"https:\/\/moverdb.com\/lt\/wp-json\/wp\/v2\/pages\/42","targetHints":{"allow":["GET"]}}],"collection":[{"href":"https:\/\/moverdb.com\/lt\/wp-json\/wp\/v2\/pages"}],"about":[{"href":"https:\/\/moverdb.com\/lt\/wp-json\/wp\/v2\/types\/page"}],"author":[{"embeddable":true,"href":"https:\/\/moverdb.com\/lt\/wp-json\/wp\/v2\/users\/1"}],"replies":[{"embeddable":true,"href":"https:\/\/moverdb.com\/lt\/wp-json\/wp\/v2\/comments?post=42"}],"version-history":[{"count":5,"href":"https:\/\/moverdb.com\/lt\/wp-json\/wp\/v2\/pages\/42\/revisions"}],"predecessor-version":[{"id":3243,"href":"https:\/\/moverdb.com\/lt\/wp-json\/wp\/v2\/pages\/42\/revisions\/3243"}],"wp:attachment":[{"href":"https:\/\/moverdb.com\/lt\/wp-json\/wp\/v2\/media?parent=42"}],"curies":[{"name":"wp","href":"https:\/\/api.w.org\/{rel}","templated":true}]}}