{"id":414,"date":"2016-07-03T15:12:27","date_gmt":"2016-07-03T15:12:27","guid":{"rendered":"http:\/\/moverdb.com\/?page_id=414"},"modified":"2026-01-08T14:39:56","modified_gmt":"2026-01-08T14:39:56","slug":"persikraustymo-islaidos","status":"publish","type":"page","link":"https:\/\/moverdb.com\/lt\/moving-costs\/","title":{"rendered":"Tarptautinio perkraustymo i\u0161laidos: 9 dalykai, kuri\u0173 negalima ignoruoti"},"content":{"rendered":"<p><img loading=\"lazy\" decoding=\"async\" src=\"https:\/\/moverdb.com\/wp-content\/uploads\/International-Moving-Costs.jpg\" alt=\"Tarptautinio perkraustymo i\u0161laidos\" width=\"720\" height=\"477\" class=\"aligncenter size-full wp-image-780\" srcset=\"https:\/\/moverdb.com\/wp-content\/uploads\/International-Moving-Costs.jpg 720w, https:\/\/moverdb.com\/wp-content\/uploads\/International-Moving-Costs-300x200.jpg 300w, https:\/\/moverdb.com\/wp-content\/uploads\/International-Moving-Costs-600x398.jpg 600w\" sizes=\"auto, (max-width: 720px) 100vw, 720px\" \/><\/p>\n<p>Daugelis \u012f u\u017esien\u012f persikelian\u010di\u0173 \u017emoni\u0173 nustemba, kokios didel\u0117s gali b\u016bti tarptautinio persikraustymo i\u0161laidos. Toliau ap\u017evelgsime daugel\u012f tik\u0117tin\u0173 ir netik\u0117t\u0173 i\u0161laid\u0173, su kuriomis galite susidurti, ir kaip sutaupyti pinig\u0173. <\/p>\n<div id=\"ez-toc-container\" class=\"ez-toc-v2_0_82_2 ez-toc-wrap-left counter-hierarchy ez-toc-counter ez-toc-transparent ez-toc-container-direction\">\n<div class=\"ez-toc-title-container\">\n<p class=\"ez-toc-title\" style=\"cursor:inherit\">Skyriai<\/p>\n<span class=\"ez-toc-title-toggle\"><a href=\"#\" class=\"ez-toc-pull-right ez-toc-btn ez-toc-btn-xs ez-toc-btn-default ez-toc-toggle\" aria-label=\"Perjungti turinio lentel\u0119\"><span class=\"ez-toc-js-icon-con\"><span class=\"\"><span class=\"eztoc-hide\" style=\"display:none;\">Perjungti<\/span><span class=\"ez-toc-icon-toggle-span\"><svg style=\"fill: #999;color:#999\" xmlns=\"http:\/\/www.w3.org\/2000\/svg\" class=\"list-377408\" width=\"20px\" height=\"20px\" viewbox=\"0 0 24 24\" fill=\"none\"><path d=\"M6 6H4v2h2V6zm14 0H8v2h12V6zM4 11h2v2H4v-2zm16 0H8v2h12v-2zM4 16h2v2H4v-2zm16 0H8v2h12v-2z\" fill=\"currentColor\"><\/path><\/svg><svg style=\"fill: #999;color:#999\" class=\"arrow-unsorted-368013\" xmlns=\"http:\/\/www.w3.org\/2000\/svg\" width=\"10px\" height=\"10px\" viewbox=\"0 0 24 24\" version=\"1.2\" baseprofile=\"tiny\"><path d=\"M18.2 9.3l-6.2-6.3-6.2 6.3c-.2.2-.3.4-.3.7s.1.5.3.7c.2.2.4.3.7.3h11c.3 0 .5-.1.7-.3.2-.2.3-.5.3-.7s-.1-.5-.3-.7zM5.8 14.7l6.2 6.3 6.2-6.3c.2-.2.3-.5.3-.7s-.1-.5-.3-.7c-.2-.2-.4-.3-.7-.3h-11c-.3 0-.5.1-.7.3-.2.2-.3.5-.3.7s.1.5.3.7z\"\/><\/svg><\/span><\/span><\/span><\/a><\/span><\/div>\n<nav><ul class='ez-toc-list ez-toc-list-level-1 eztoc-toggle-hide-by-default' ><li class='ez-toc-page-1 ez-toc-heading-level-2'><a class=\"ez-toc-link ez-toc-heading-1\" href=\"https:\/\/moverdb.com\/lt\/moving-costs\/#1_Moving_Transportation_Costs\" >1. Perkraustymo ir transportavimo i\u0161laidos<\/a><\/li><li class='ez-toc-page-1 ez-toc-heading-level-2'><a class=\"ez-toc-link ez-toc-heading-2\" href=\"https:\/\/moverdb.com\/lt\/moving-costs\/#2_Packing_Unpacking_Costs\" >2. Pakavimo ir i\u0161pakavimo i\u0161laidos<\/a><\/li><li class='ez-toc-page-1 ez-toc-heading-level-2'><a class=\"ez-toc-link ez-toc-heading-3\" href=\"https:\/\/moverdb.com\/lt\/moving-costs\/#3_Moving_Insurance_Costs\" >3. Perkraustymo draudimo i\u0161laidos<\/a><\/li><li class='ez-toc-page-1 ez-toc-heading-level-2'><a class=\"ez-toc-link ez-toc-heading-4\" href=\"https:\/\/moverdb.com\/lt\/moving-costs\/#4_Storage_Costs\" >4. Sand\u0117liavimo i\u0161laidos<\/a><\/li><li class='ez-toc-page-1 ez-toc-heading-level-2'><a class=\"ez-toc-link ez-toc-heading-5\" href=\"https:\/\/moverdb.com\/lt\/moving-costs\/#5Customs_Duty_Charges_Taxes\" >5.Muito mokes\u010diai ir rinkliavos<\/a><\/li><li class='ez-toc-page-1 ez-toc-heading-level-2'><a class=\"ez-toc-link ez-toc-heading-6\" href=\"https:\/\/moverdb.com\/lt\/moving-costs\/#6_Visa_Fees\" >6. Viz\u0173 mokes\u010diai<\/a><\/li><li class='ez-toc-page-1 ez-toc-heading-level-2'><a class=\"ez-toc-link ez-toc-heading-7\" href=\"https:\/\/moverdb.com\/lt\/moving-costs\/#7_Lawyer_Fees\" >7. Advokato mokes\u010diai<\/a><\/li><li class='ez-toc-page-1 ez-toc-heading-level-2'><a class=\"ez-toc-link ez-toc-heading-8\" href=\"https:\/\/moverdb.com\/lt\/moving-costs\/#8_Housing_Costs\" >8. B\u016bsto i\u0161laidos<\/a><\/li><li class='ez-toc-page-1 ez-toc-heading-level-2'><a class=\"ez-toc-link ez-toc-heading-9\" href=\"https:\/\/moverdb.com\/lt\/moving-costs\/#9_Other_Costs\" >9. Kitos i\u0161laidos<\/a><\/li><\/ul><\/nav><\/div>\n<h2><span class=\"ez-toc-section\" id=\"1_Moving_Transportation_Costs\"><\/span>1. Perkraustymo ir transportavimo i\u0161laidos<span class=\"ez-toc-section-end\"><\/span><\/h2>\n<p>Did\u017eiausios i\u0161laidos, su kuriomis susidursite, yra samdyti <a href=\"https:\/\/moverdb.com\/lt\/juda-imones\/\">tarptautin\u0117 perkraustymo \u012fmon\u0117<\/a> perve\u017eti j\u016bs\u0173 prekes i\u0161 nam\u0173 A \u0161alyje \u012f naujus namus B \u0161alyje. \u012emones galite palyginti naudodamiesi pirmiau pateikta forma.<\/p>\n<p>Kaina priklauso nuo keli\u0173 pagrindini\u0173 veiksni\u0173:<\/p>\n<ul>\n<li> <strong>Perk\u0117limo dydis:<\/strong> Kuo didesnis persikraustymas, tuo brangesnis jis bus. Tai pasakytina ir apie svor\u012f, ir apie t\u016br\u012f. Grupinio perve\u017eimo paslaugos gali suma\u017einti \u0161\u012f mokest\u012f, jei neturite pakankamai preki\u0173, kad gal\u0117tum\u0117te perve\u017eti vis\u0105 krovin\u012f.<\/li>\n<li> <strong>Atstumas:<\/strong> Kuo toliau teks persikelti, tuo brangiau tai kainuos.<\/li>\n<li> <strong>Mar\u0161rutas:<\/strong> Kai kurios paskirties vietos yra gana da\u017enos, o kitos - gana retos. Pavyzd\u017eiui, tarptautiniai perkraustymai tarp <a href=\"https:\/\/moverdb.com\/lt\/moving-to-canada\/\" data-internallinksmanager029f6b8e52c=\"265\" title=\"Persik\u0117limas \u012f Kanad\u0105? 2023 m. gyvenimo i\u0161laidos ir persik\u0117limo patarimai\">Kanada<\/a> ir <a href=\"https:\/\/moverdb.com\/lt\/moving-to-the-united-states\/\" data-internallinksmanager029f6b8e52c=\"94\" title=\"Persik\u0117limas \u012f Jungtines Amerikos Valstijas? 2022 Gyvenimo i\u0161laidos ir persik\u0117limo patarimai\">Jungtin\u0117s Amerikos Valstijos<\/a> arba Europoje yra \u012fprasti, ir \u0161ie mar\u0161rutai d\u0117l konkurencijos paprastai yra pigesni nei retesni.<\/li>\n<li> <strong>Transportavimo b\u016bdas:<\/strong> Nuo to, kok\u012f b\u016bd\u0105 pasirinksite kroviniams perve\u017eti, labai priklauso galutin\u0117 kaina, kuri\u0105 sumok\u0117site. Siuntimas j\u016bra yra pigiausias variantas, o siuntimas oru - brangiausias. Sunkve\u017eimiai beveik visada atlieka pirm\u0105j\u012f ir paskutin\u012f perve\u017eimo etapus, nepriklausomai nuo tarp j\u0173 naudojamo (-\u0173) metodo (-\u0173).<\/li>\n<\/ul>\n<p>Atsi\u017evelgiant \u012f tai, kad krovini\u0173 gabenimas j\u016bra yra pigiausias variantas, kai kurie \u017emon\u0117s bando kreiptis tiesiogiai \u012f <a href=\"https:\/\/moverdb.com\/lt\/laivybos-bendroves\/\">tarptautin\u0117 laivybos \u012fmon\u0117<\/a>. Nors kartais tai gali b\u016bti pigiau, dauguma \u0161i\u0173 \u012fmoni\u0173 i\u0161 tikr\u0173j\u0173 n\u0117ra skirtos nam\u0173 perkraustymui, o daugiausia u\u017esiima <a href=\"https:\/\/moverdb.com\/lt\/ekspeditorius\/\">krovini\u0173 gabenimas<\/a>.    <\/p>\n<p>Kad geriau suprastum\u0117te persikraustymo ir transportavimo i\u0161laidas, taip pat galite perskaityti m\u016bs\u0173 vadov\u0105 apie <a href=\"https:\/\/moverdb.com\/lt\/konteineriu-kroviniu-gabenimas\/\">Tarptautin\u0117s konteineri\u0173 gabenimo i\u0161laidos<\/a> arba i\u0161 karto pereiti prie <a href=\"https:\/\/moverdb.com\/lt\/citatos\/\">tarptautin\u0117s judan\u010dios citatos<\/a>.<\/p>\n<p><strong>Tipin\u0117s i\u0161laidos:<\/strong> Pradedant nuo <strong>$1,000<\/strong> JAV doleri\u0173 (750 svar\u0173 sterling\u0173, 900 eur\u0173) ir gali vir\u0161yti $10 000 JAV doleri\u0173, jei persikraustoma \u012f u\u017esien\u012f dideliu atstumu.<\/p>\n<h2><span class=\"ez-toc-section\" id=\"2_Packing_Unpacking_Costs\"><\/span>2. Pakavimo ir i\u0161pakavimo i\u0161laidos<span class=\"ez-toc-section-end\"><\/span><\/h2>\n<p>Nors ne visi <a href=\"https:\/\/moverdb.com\/lt\/moving-companies\/\" data-internallinksmanager029f6b8e52c=\"79\" title=\"Top 25 Tarptautin\u0117s perkraustymo \u012fmon\u0117s internete\">perkraustymo \u012fmon\u0117s<\/a> u\u017e pakavim\u0105 ir i\u0161pakavim\u0105 ima papildom\u0105 mokest\u012f, daugelis taip ir daro. Priklausomai nuo \u0161alies, \u012f kuri\u0105 persikeliate, galite netur\u0117ti pasirinkimo, ar patirti \u0161ias i\u0161laidas. Taip yra tod\u0117l, kad kai kuri\u0173 \u0161ali\u0173 muitin\u0117s dokumentuose reikalaujama, kad perkraustymo \u012fmon\u0117 laiduot\u0173 u\u017e importuojamas prekes ir \u012fsitikint\u0173, kad nesiun\u010diama nieko nelegalaus.<\/p>\n<p>Nelegal\u016bs daiktai yra akivaizd\u016bs, pavyzd\u017eiui, narkotikai ir ginklai, bet gali b\u016bti ir tokie, apie kuriuos ne\u017einote, pavyzd\u017eiui, tam tikri augalai ar gyv\u016bnai. \u012estatymus pa\u017eeidusioms perkraustymo bendrov\u0117ms gali b\u016bti skiriamos baudos arba jos gali netekti licencijos, taigi ir galimyb\u0117s u\u017esiimti verslu toje \u0161alyje.<\/p>\n<p>Jei norite i\u0161vengti \u0161i\u0173 i\u0161laid\u0173 arba jas suma\u017einti, b\u016btinai pasitarkite su perve\u017eimo paslaugas teikian\u010dia \u012fmone ir su\u017einokite, ar galite k\u0105 nors padaryti. Kartais galite sutaupyti pinig\u0173 patys supakuodami daiktus, bet palikdami d\u0117\u017ees atviras, kad perkraustytojai gal\u0117t\u0173 jas ap\u017ei\u016br\u0117ti. O i\u0161 kitos pus\u0117s visada galite sutaupyti, jei nuspr\u0119site patys i\u0161pakuoti daiktus naujuose namuose. <\/p>\n<p>Galiausiai nepamir\u0161kite, kad u\u017e pakavimo med\u017eiagas, pavyzd\u017eiui, d\u0117\u017ees, burbulin\u0119 pl\u0117vel\u0119 ir lipni\u0105 juost\u0105, mok\u0117ti tikrai nepavyks. <\/p>\n<p><strong>Tipin\u0117s i\u0161laidos:<\/strong> Pradedant nuo <strong>$100<\/strong> JAV doleri\u0173 (75 svarai sterling\u0173, 90 eur\u0173), bet da\u017eniausiai - keli \u0161imtai doleri\u0173.    <\/p>\n<h2><span class=\"ez-toc-section\" id=\"3_Moving_Insurance_Costs\"><\/span>3. Perkraustymo draudimo i\u0161laidos<span class=\"ez-toc-section-end\"><\/span><\/h2>\n<p>Kai kurios perkraustymo \u012fmon\u0117s \u012f savo kain\u0105 \u012ftraukia draudim\u0105, ta\u010diau ne visos. B\u016btinai patikrinkite, k\u0105 tiksliai draudimas apima ir ko ne. <\/p>\n<p>Jei prek\u0117s siun\u010diamos j\u016bra, nor\u0117tum\u0117te \u012fsitikinti, kad yra sudaryta tam tikra j\u016br\u0173 draudimo sutartis. Nepriklausomai nuo to, k\u0105 norite tur\u0117ti, nor\u0117site tur\u0117ti draudimo polis\u0105, kuris padengt\u0173 vis\u0105 j\u016bs\u0173 preki\u0173 praradimo, vagyst\u0117s ir (arba) sugadinimo vert\u0119.   <\/p>\n<p><strong>Tipin\u0117s i\u0161laidos:<\/strong> Pradedant nuo <strong>$100<\/strong> JAV doleri\u0173 (75 svarai sterling\u0173, 90 eur\u0173), bet gali b\u016bti daug didesn\u0117, jei gabenamos didel\u0117s vert\u0117s, ne\u012fprastos ir (arba) retos prek\u0117s.<\/p>\n<h2><span class=\"ez-toc-section\" id=\"4_Storage_Costs\"><\/span>4. Sand\u0117liavimo i\u0161laidos<span class=\"ez-toc-section-end\"><\/span><\/h2>\n<p>Kai persikraustote \u012f u\u017esien\u012f, gali b\u016bti, kad be \u012fprast\u0173 persikraustymo i\u0161laid\u0173 teks mok\u0117ti ir u\u017e sand\u0117liavim\u0105. Taip yra tod\u0117l, kad gali b\u016bti sunku suderinti persikraustymo dat\u0105 su siuntimo datomis, kurias naudoja <a href=\"https:\/\/moverdb.com\/lt\/container-shipping\/\" data-internallinksmanager029f6b8e52c=\"3\" title=\"Tarptautini\u0173 konteineri\u0173 gabenimo tarif\u0173 diagrama: 2026 m. baland\u017eio m\u0117n.\">tarptautinis pristatymas<\/a> \u012fmon\u0117s. <\/p>\n<p>Taigi, kol j\u016bs\u0173 prek\u0117s nebus gabenamos, jas reik\u0117s kur nors sand\u0117liuoti. B\u016btinai tur\u0117kite tai omenyje nustatydami l\u016bkes\u010dius, kada j\u016bs\u0173 prek\u0117s bus pristatytos.<\/p>\n<p>Be to, kol ie\u0161kosite gyvenamosios vietos naujoje \u0161alyje, galb\u016bt nor\u0117site savo daiktus laikyti saugykloje. Arba galite tiesiog nor\u0117ti sumok\u0117ti u\u017e daikt\u0173 saugojim\u0105, kol gr\u012f\u0161ite, jei planuojate laikin\u0105 persikraustym\u0105.  <\/p>\n<p><strong>Tipin\u0117s i\u0161laidos:<\/strong> Pradedant nuo <strong>$100<\/strong> JAV doleri\u0173 (75 svarai sterling\u0173, 90 eur\u0173) per m\u0117nes\u012f u\u017e nedidel\u012f vieno ar dviej\u0173 lov\u0173 but\u0105, o kainos gali did\u0117ti. Laimei, \u0161ioje srityje yra nema\u017ea konkurencija, kuri padeda palaikyti \u017eemas kainas. <\/p>\n<h2><span class=\"ez-toc-section\" id=\"5Customs_Duty_Charges_Taxes\"><\/span>5.Muito mokes\u010diai ir rinkliavos<span class=\"ez-toc-section-end\"><\/span><\/h2>\n<p>Dar viena nedidel\u0117 kaina, \u012f kuri\u0105 reik\u0117t\u0173 atkreipti d\u0117mes\u012f prie\u0161 persikraustant, yra \u0161alies, \u012f kuri\u0105 persikraustote, muito mokes\u010diai. Kai kuriose \u0161alyse, pavyzd\u017eiui, Jungtin\u0117se Amerikos Valstijose, daugum\u0105 nam\u0173 \u016bkio reikm\u0117ms skirt\u0173 preki\u0173 leid\u017eiama gabenti be muit\u0173. <\/p>\n<p>Kadangi \u0161alys, pvz. <a href=\"https:\/\/moverdb.com\/lt\/moving-to-the-uk\/\" data-internallinksmanager029f6b8e52c=\"93\" title=\"Persik\u0117limas \u012f Jungtin\u0119 Karalyst\u0119? 2022 Gyvenimo i\u0161laidos ir persikraustymo patarimai\">Jungtin\u0117 Karalyst\u0117<\/a> taikomos sud\u0117tingesn\u0117s taisykl\u0117s, kurios priklauso nuo to, i\u0161 kur persikeliate. Pavyzd\u017eiui, perkraustymas i\u0161 ES (\u0161iuo metu) atleid\u017eiamas nuo muito mokes\u010di\u0173, o perkraustymas i\u0161 ES nepriklausan\u010di\u0173 \u0161ali\u0173 gali b\u016bti apmokestintas muitais ir mokes\u010diais, kuriuos galite pra\u0161yti suma\u017einti. <\/p>\n<p>Da\u017eniausiai muito mokes\u010diai ir muitai skai\u010diuojami pagal pa\u010di\u0173 preki\u0173 vert\u0119. <\/p>\n<p><strong>Tipin\u0117s i\u0161laidos:<\/strong> Nuo nemokam\u0173 iki beveik neribot\u0173, priklausomai nuo preki\u0173, kurias ketinate ve\u017etis, vert\u0117s ir tipo. <\/p>\n<h2><span class=\"ez-toc-section\" id=\"6_Visa_Fees\"><\/span>6. Viz\u0173 mokes\u010diai<span class=\"ez-toc-section-end\"><\/span><\/h2>\n<p>Kai persikeliate \u012f kit\u0105 \u0161al\u012f dirbti ar studijuoti, paprastai turite pra\u0161yti vizos, i\u0161skyrus atvejus, kai persikeliate \u012f kit\u0105 \u0161al\u012f ES viduje, kur galite jud\u0117ti i\u0161 vienos \u0161alies \u012f kit\u0105 be viz\u0173. Norint gauti darbo ir studij\u0173 viz\u0105, beveik visada reikia pateikti daug dokument\u0173 ir sumok\u0117ti kartais gana didelius mokes\u010dius. <\/p>\n<p>Pavyzd\u017eiui, Jungtin\u0117je Karalyst\u0117je kai kurios vizos kainuoja daugiau nei 1 000 svar\u0173 sterling\u0173 ($1 300 JAV doleri\u0173; 1 200 eur\u0173). Ir nepamir\u0161kite, kad \u0161\u012f mokest\u012f reikia mok\u0117ti kiekvien\u0105 kart\u0105 atnaujinant viz\u0105. Tai gali gerokai padidinti j\u016bs\u0173 bendras i\u0161laidas, tod\u0117l tur\u0117tum\u0117te tam skirti l\u0117\u0161\u0173.<\/p>\n<p><strong>Tipin\u0117s i\u0161laidos:<\/strong> ES \u0161alyse ji nemokama, ta\u010diau kiekvienoje \u0161alyje ji gali b\u016bti skirtinga ir siekti kelis t\u016bkstan\u010dius doleri\u0173 u\u017e viz\u0105.<\/p>\n<h2><span class=\"ez-toc-section\" id=\"7_Lawyer_Fees\"><\/span>7. Advokato mokes\u010diai<span class=\"ez-toc-section-end\"><\/span><\/h2>\n<p>Paprastai vizas ir kitus muitin\u0117s dokumentus galite u\u017epildyti patys, \u0161iek tiek pasidom\u0117j\u0119 internete, naudodamiesi savo \u0161alies ir \u0161alies, \u012f kuri\u0105 ketinate persikelti, vyriausybini\u0173 svetaini\u0173 i\u0161tekliais. <\/p>\n<p>Vis d\u0117lto daugelis \u017emoni\u0173 jau\u010diasi patogiau, jei kreipiasi \u012f teisinink\u0105, kad \u0161is pad\u0117t\u0173 i\u0161siai\u0161kinti kartais itin sud\u0117ting\u0105 tarptautinio persikraustymo tvark\u0105. <\/p>\n<p>Tod\u0117l daugelis \u017emoni\u0173 renkasi samdyti advokat\u0105, kad \u0161is u\u017epildyt\u0173 visus reikiamus dokumentus, u\u017euot tai dar\u0119 patys. Nors tai gali suteikti ramyb\u0119, ta\u010diau gali kainuoti gana brangiai. <\/p>\n<p><strong>Tipin\u0117s i\u0161laidos:<\/strong> \u012evairiose \u0161alyse kainos labai skiriasi, paprastai jos prasideda nuo ne ma\u017eiau kaip <strong>$100USD\/val.<\/strong> (75 svar\u0173 sterling\u0173, 90 eur\u0173), o fiksuoti mokes\u010diai u\u017e \u012fprastas paslaugas gali lengvai vir\u0161yti <strong>$1,000 JAV DOLERI\u0172<\/strong> net u\u017e pa\u010dias b\u016btiniausias paslaugas.  <\/p>\n<h2><span class=\"ez-toc-section\" id=\"8_Housing_Costs\"><\/span>8. B\u016bsto i\u0161laidos<span class=\"ez-toc-section-end\"><\/span><\/h2>\n<p>Tik\u0117tina, kad naujoje \u0161alyje did\u017eiausios j\u016bs\u0173 i\u0161laidos bus b\u016bstas. Ta\u010diau \u017einokite, kad b\u016bsto nuoma, mokes\u010diai ir rinkliavos \u012fvairiose \u0161alyse gali labai skirtis. <\/p>\n<p>Pavyzd\u017eiui, Jungtin\u0117se Amerikos Valstijose nekilnojamojo turto kainos u\u017e did\u017ei\u0173j\u0173 pakrant\u0117s miest\u0173 rib\u0173 yra labai ma\u017eos. Ta\u010diau kiekvienais metais tur\u0117site mok\u0117ti nekilnojamojo turto mokes\u010dius, kuri\u0173 dydis priklauso nuo j\u016bs\u0173 turto vert\u0117s, ta\u010diau tik tuo atveju, jei jis yra j\u016bs\u0173 nuosavyb\u0117. \u0160ie mokes\u010diai svyruoja nuo 0,281 t\u016bkst. <a href=\"https:\/\/moverdb.com\/lt\/moving-to-the-united-states\/moving-to-hawaii\/\" data-internallinksmanager029f6b8e52c=\"403\" title=\"Persik\u0117limas \u012f Havajus? 2023 m. pragyvenimo i\u0161laidos ir persik\u0117limo patarimai\">Havajai<\/a> iki 2,29% <a href=\"https:\/\/moverdb.com\/lt\/moving-to-the-united-states\/moving-to-new-jersey\/\" data-internallinksmanager029f6b8e52c=\"417\" title=\"Persik\u0117limas \u012f Nauj\u0105j\u012f D\u017eers\u012f? 2023 m. gyvenimo i\u0161laidos ir persik\u0117limo patarimai\">Naujasis D\u017eersis<\/a>.<\/p>\n<p>Kita vertus, tokiose \u0161alyse kaip Jungtin\u0117 Karalyst\u0117 tiesiogini\u0173 nekilnojamojo turto mokes\u010di\u0173 n\u0117ra. Vietoj to mokate <a href=\"https:\/\/www.gov.uk\/stamp-duty-land-tax\/residential-property-rates\" target=\"_blank\" rel=\"noopener\">\u017eyminis mokestis<\/a> perkant porcept\u0105, kuris gali sudaryti iki 12% pirkimo kainos (pirk\u0117jas moka vis\u0105 mokest\u012f, pardav\u0117jas - ne). Be to, tiek b\u016bsto savininkai, tiek nuomininkai turi mok\u0117ti <a href=\"https:\/\/www.gov.uk\/council-tax\/working-out-your-council-tax\" target=\"_blank\" rel=\"noopener\">savivaldyb\u0117s mokestis<\/a> kiekvienais metais pagal 1991 m. turto vert\u0119. Vidutini\u0161kai tai sudaro apie 1 200 svar\u0173 sterling\u0173 ($1 600 JAV doleri\u0173; 1 400 eur\u0173) per metus.<\/p>\n<p>Tod\u0117l, ie\u0161kodami b\u016bsto, ne\u017ei\u016br\u0117kite tik \u012f jo pirkimo ir (arba) nuomos kain\u0105. \u012esitikinkite, kad suprantate visus mokes\u010dius, rinkliavas ir \u012fmokas, kurias tur\u0117site mok\u0117ti, atsi\u017evelgiant \u012f b\u016bsto, kuriuo naudosit\u0117s, tip\u0105, viet\u0105 ir nuomos s\u0105lygas. <\/p>\n<p><strong>Tipin\u0117s i\u0161laidos:<\/strong> Tai priklauso tik nuo \u0161alies, ta\u010diau paprastai mokes\u010diai b\u016bna ne ma\u017eesni kaip $1 000 JAV doleri\u0173 per metus, o \u0161alyse, kuriose taikomas procentais pagr\u012fstas nekilnojamojo turto mokes\u010dio re\u017eimas, jie gali b\u016bti gerokai didesni.    <\/p>\n<h2><span class=\"ez-toc-section\" id=\"9_Other_Costs\"><\/span>9. Kitos i\u0161laidos<span class=\"ez-toc-section-end\"><\/span><\/h2>\n<p>Galiausiai, kai persikeliate \u012f kit\u0105 \u0161al\u012f, turite atsi\u017evelgti \u012f daugyb\u0119 kit\u0173 ma\u017e\u0173 ir ne toki\u0173 ma\u017e\u0173 mokes\u010di\u0173 ir i\u0161laid\u0173. Tai gali b\u016bti, pavyzd\u017eiui, nauj\u0173 bald\u0173 pirkimas, jei persikeliate i\u0161 \u0161alies, kurioje \u012frengti butai yra \u012fprasti, \u012f tokias \u0161alis, kaip JAV ar Kanada, kur tai reta.<\/p>\n<p>Net jei turite nuosavus baldus, gali tekti pirkti naujus prietaisus, nes skirtingose \u0161alyse naudojama skirtinga \u012ftampa ir (arba) skirtingi ki\u0161tukai. Naudodami netinkamo tipo prietaisus galite sugadinti elektros sistem\u0105, tod\u0117l prie\u0161 persikraustydami visada patikrinkite. <\/p>\n<p>Nauj\u0173 drabu\u017ei\u0173 gali prireikti ir persikeliant i\u0161 vietov\u0117s, kurioje vyrauja \u0161altas oras, \u012f vietov\u0119, kurioje vyrauja \u0161iltas oras, arba atvirk\u0161\u010diai. Norint su\u017einoti daugiau apie tokio pob\u016bd\u017eio i\u0161laidas, geriausia daugiau su\u017einoti apie konkre\u010di\u0105 \u0161al\u012f, \u012f kuri\u0105 persikeliate.<\/p>\n<p>Tod\u0117l pareng\u0117me kelet\u0105 konkre\u010di\u0173 \u0161ali\u0173 vadov\u0173, kurie tur\u0117t\u0173 pad\u0117ti su\u017einoti daugiau apie i\u0161laidas \u0161alyje, \u012f kuri\u0105 ketinate persikelti.   <\/p>","protected":false},"excerpt":{"rendered":"<p>Many people who move abroad are surprised a just how high international moving costs can be. Below we look at many of the expected and unexpected expenses you may face and how to save money. 1. Moving &#038; Transportation Costs The biggest single expense you&#8217;ll face is hiring an international moving company to move your [&hellip;]<\/p>\n","protected":false},"author":1,"featured_media":780,"parent":0,"menu_order":0,"comment_status":"closed","ping_status":"closed","template":"","meta":{"_genesis_hide_title":false,"_genesis_hide_breadcrumbs":false,"_genesis_hide_singular_image":false,"_genesis_hide_footer_widgets":false,"_genesis_custom_body_class":"","_genesis_custom_post_class":"","_genesis_layout":"","footnotes":""},"class_list":{"0":"post-414","1":"page","2":"type-page","3":"status-publish","4":"has-post-thumbnail","6":"entry"},"_links":{"self":[{"href":"https:\/\/moverdb.com\/lt\/wp-json\/wp\/v2\/pages\/414","targetHints":{"allow":["GET"]}}],"collection":[{"href":"https:\/\/moverdb.com\/lt\/wp-json\/wp\/v2\/pages"}],"about":[{"href":"https:\/\/moverdb.com\/lt\/wp-json\/wp\/v2\/types\/page"}],"author":[{"embeddable":true,"href":"https:\/\/moverdb.com\/lt\/wp-json\/wp\/v2\/users\/1"}],"replies":[{"embeddable":true,"href":"https:\/\/moverdb.com\/lt\/wp-json\/wp\/v2\/comments?post=414"}],"version-history":[{"count":15,"href":"https:\/\/moverdb.com\/lt\/wp-json\/wp\/v2\/pages\/414\/revisions"}],"predecessor-version":[{"id":13165,"href":"https:\/\/moverdb.com\/lt\/wp-json\/wp\/v2\/pages\/414\/revisions\/13165"}],"wp:featuredmedia":[{"embeddable":true,"href":"https:\/\/moverdb.com\/lt\/wp-json\/wp\/v2\/media\/780"}],"wp:attachment":[{"href":"https:\/\/moverdb.com\/lt\/wp-json\/wp\/v2\/media?parent=414"}],"curies":[{"name":"wp","href":"https:\/\/api.w.org\/{rel}","templated":true}]}}