{"id":384,"date":"2016-05-26T14:06:53","date_gmt":"2016-05-26T14:06:53","guid":{"rendered":"http:\/\/moverdb.com\/?page_id=384"},"modified":"2026-01-08T14:40:17","modified_gmt":"2026-01-08T14:40:17","slug":"atsiliepimai","status":"publish","type":"page","link":"https:\/\/moverdb.com\/lt\/reviews\/","title":{"rendered":"MoverDB Tarptautini\u0173 perkraustymo kompanij\u0173 ap\u017evalgos ir balai paai\u0161kinti"},"content":{"rendered":"<p>MoverDB.com tikslas - pateikti ne\u0161ali\u0161k\u0105 informacij\u0105 ir ap\u017evalgas apie did\u017eiausius pasaulyje ir <a href=\"https:\/\/moverdb.com\/lt\/juda-imones\/\">geriausios tarptautin\u0117s perkraustymo \u012fmon\u0117s<\/a>. Tam suk\u016br\u0117me kiekvieno perve\u017e\u0117jo profilius.<\/p>\n<p>Kiekviename profilyje pateikiama \u0161i informacija:<\/p>\n<ol>\n<li> \u012emon\u0117s si\u016blomos perkraustymo paslaugos.<\/li>\n<li> \u012emon\u0117s profilis: \u012fskaitant istorij\u0105, reputacij\u0105 ir <a href=\"https:\/\/moverdb.com\/lt\/organizacijos-asociacijos\/\">organizacijos ir priklausomyb\u0117s<\/a> kartu su kitais \u012fdomiais faktais.<\/li>\n<li> Atsiliepimai i\u0161 viso interneto, padedantys i\u0161sirinkti geresn\u012f perve\u017e\u0117j\u0105.<\/li>\n<\/ol>\n<p><strong>4. Paai\u0161kinta svetain\u0117s per\u017ei\u016bra<\/strong><\/p>\n<p>Galiausiai, MoverDB.com taip pat pateikia kiekvieno perkraustymo paslaug\u0173 teik\u0117jo svetain\u0117s ap\u017evalgos bal\u0105. Tai yra svetain\u0117s naudingumo ap\u017evalga ir <strong>neatspindi<\/strong> paties ve\u017e\u0117jo kokyb\u0119. Vietoj to atsi\u017evelgiama \u012f \u0161iuos dalykus:<\/p>\n<ol>\n<li> Ai\u0161ki kontaktin\u0117 informacija<\/li>\n<li> Galimyb\u0117 lengvai gauti pasi\u016blym\u0105<\/li>\n<li> Ai\u0161ki ir naudinga informacija svetain\u0117je<\/li>\n<li> Naryst\u0117 tarptautin\u0117se jud\u0117jimo organizacijose<\/li>\n<li> Ap\u017evalgos ir atsiliepimai<\/li>\n<\/ol>\n<p><em>Juos naudokite savo rizika. MoverDB.com neprisiima jokios atsakomyb\u0117s u\u017e pateiktos informacijos tikslum\u0105. Be to, neprisiimame jokios atsakomyb\u0117s u\u017e \u0161ioje svetain\u0117je pateiktos informacijos ir atsiliepim\u0173 naudojim\u0105 renkantis perkraustytoj\u0105. Mes tiesiog si\u016blome b\u016bd\u0105 <a href=\"https:\/\/moverdb.com\/lt\/citatos\/\">palyginkite perkraustytojus su nemokamomis citatomis<\/a>.<\/em><\/p>","protected":false},"excerpt":{"rendered":"<p>At MoverDB.com our goal is to bring you unbiased information and reviews of the world&#8217;s biggest and best international moving companies. To do this we&#8217;ve created profiles for each and every mover. Each profile includes the following information: Moving services offered by the company. Company profile: including history, reputation and organizations &#038; affiliations along with [&hellip;]<\/p>\n","protected":false},"author":1,"featured_media":0,"parent":0,"menu_order":0,"comment_status":"closed","ping_status":"closed","template":"","meta":{"_genesis_hide_title":false,"_genesis_hide_breadcrumbs":false,"_genesis_hide_singular_image":false,"_genesis_hide_footer_widgets":false,"_genesis_custom_body_class":"","_genesis_custom_post_class":"","_genesis_layout":"","footnotes":""},"class_list":{"0":"post-384","1":"page","2":"type-page","3":"status-publish","5":"entry"},"_links":{"self":[{"href":"https:\/\/moverdb.com\/lt\/wp-json\/wp\/v2\/pages\/384","targetHints":{"allow":["GET"]}}],"collection":[{"href":"https:\/\/moverdb.com\/lt\/wp-json\/wp\/v2\/pages"}],"about":[{"href":"https:\/\/moverdb.com\/lt\/wp-json\/wp\/v2\/types\/page"}],"author":[{"embeddable":true,"href":"https:\/\/moverdb.com\/lt\/wp-json\/wp\/v2\/users\/1"}],"replies":[{"embeddable":true,"href":"https:\/\/moverdb.com\/lt\/wp-json\/wp\/v2\/comments?post=384"}],"version-history":[{"count":3,"href":"https:\/\/moverdb.com\/lt\/wp-json\/wp\/v2\/pages\/384\/revisions"}],"predecessor-version":[{"id":387,"href":"https:\/\/moverdb.com\/lt\/wp-json\/wp\/v2\/pages\/384\/revisions\/387"}],"wp:attachment":[{"href":"https:\/\/moverdb.com\/lt\/wp-json\/wp\/v2\/media?parent=384"}],"curies":[{"name":"wp","href":"https:\/\/api.w.org\/{rel}","templated":true}]}}