{"id":366,"date":"2016-05-22T20:25:26","date_gmt":"2016-05-22T20:25:26","guid":{"rendered":"http:\/\/moverdb.com\/?page_id=366"},"modified":"2026-01-08T14:47:18","modified_gmt":"2026-01-08T14:47:18","slug":"organizacijos-asociacijos","status":"publish","type":"page","link":"https:\/\/moverdb.com\/lt\/organizations-associations\/","title":{"rendered":"28 Tarptautinio perkraustymo ir gabenimo organizacijos ir asociacijos"},"content":{"rendered":"<p><img loading=\"lazy\" decoding=\"async\" width=\"720\" height=\"486\" src=\"https:\/\/moverdb.com\/wp-content\/uploads\/number-buttons.jpg\" alt=\"Tarptautinio perkraustymo ir gabenimo organizacijos ir asociacijos\" class=\"aligncenter size-full wp-image-367\" srcset=\"https:\/\/moverdb.com\/wp-content\/uploads\/number-buttons.jpg 720w, https:\/\/moverdb.com\/wp-content\/uploads\/number-buttons-300x203.jpg 300w, https:\/\/moverdb.com\/wp-content\/uploads\/number-buttons-600x405.jpg 600w\" sizes=\"auto, (max-width: 720px) 100vw, 720px\" \/><\/p>\n<p>Toliau pateikiamas nebaigtinis svarbiausi\u0173 tarptautini\u0173 perkraustymo ir ekspedijavimo organizacij\u0173, asociacij\u0173, schem\u0173, gildij\u0173, taryb\u0173 ir kt. s\u0105ra\u0161as.   <\/p>\n<ol>\n<li> <a href=\"https:\/\/moverdb.com\/lt\/esu\/\">Tarptautin\u0117 perkraustytoj\u0173 asociacija<\/a> (IAM) - <a href=\"https:\/\/moverdb.com\/lt\/iam\/\" data-internallinksmanager029f6b8e52c=\"23\" title=\"Tarptautin\u0117s perkraustytoj\u0173 asociacijos (IAM) paai\u0161kinimai\">Tarptautin\u0117 perkraustytoj\u0173 asociacija<\/a> (IAM) yra pasaulin\u0117 prekybos organizacija, vienijanti narius, teikian\u010dius perkraustymo, ekspedijavimo, laivybos, logistikos ir susijusias paslaugas.<\/li>\n<li> <a href=\"https:\/\/moverdb.com\/lt\/fidi-faim\/\">FIDI ir FIDI akredituotas tarptautinis perkraustymas<\/a> (<a href=\"https:\/\/moverdb.com\/lt\/fidi-faim\/\" data-internallinksmanager029f6b8e52c=\"16\" title=\"FIDI ir FAIM (FIDI akredituotas tarptautinis perve\u017e\u0117jas) paai\u0161kinimai\">FAIM<\/a>) - FIDI (F\u00e9d\u00e9ration Internationale des D\u00e9m\u00e9nageurs Internationaux; Tarptautini\u0173 perkraustytoj\u0173 federacija) yra pasaulin\u0117 tarptautini\u0173 perkraustymo ir perk\u0117limo \u012fmoni\u0173 sk\u0117tin\u0117 organizacija.<\/li>\n<li> <a href=\"https:\/\/moverdb.com\/lt\/amsa\/\">Amerikos perkraustymo ir saugojimo asociacija<\/a> (AMSA) - <a href=\"https:\/\/moverdb.com\/lt\/amsa\/\" data-internallinksmanager029f6b8e52c=\"5\" title=\"Amerikos jud\u0117jimo ir saugojimo asociacijos (AMSA) paai\u0161kinimai\">Amerikos perkraustymo ir saugojimo asociacija<\/a> (AMSA) yra nacionalin\u0117 Amerikos perkraustymo pramon\u0117s prekybos asociacija.<\/li>\n<li> <a href=\"https:\/\/moverdb.com\/lt\/ratlankio-remelis\/\">Registruoti tarptautiniai perve\u017e\u0117jai (RIM) \/ tarptautiniai perve\u017e\u0117jai \"ProMover<\/a> - Tarptautinis <a href=\"https:\/\/moverdb.com\/lt\/rim-promover\/\" data-internallinksmanager029f6b8e52c=\"76\" title=\"Paai\u0161kintas &quot;RIM International ProMover&quot; sertifikavimas\">\"ProMover\"<\/a> Sertifikavimas yra Amerikos perkraustymo ir sand\u0117liavimo asociacijos (AMSA) sukurtos Registruoto tarptautinio perkraustytojo (RIM) programos dalis.<\/li>\n<li> <a href=\"https:\/\/moverdb.com\/lt\/britu-salintoju-asociacija\/\">Did\u017eiosios Britanijos perkraustytoj\u0173 asociacija<\/a> (BAR) - <a href=\"https:\/\/moverdb.com\/lt\/british-association-of-removers\/\" data-internallinksmanager029f6b8e52c=\"9\" title=\"Britanijos perkraustymo \u012fmoni\u0173 asociacijos (BAR) paai\u0161kinimai\">Did\u017eiosios Britanijos perkraustytoj\u0173 asociacija<\/a> (BAR) save apib\u016bdina kaip \"pripa\u017eint\u0105 profesionali\u0173 perkraustymo pramon\u0117s atstov\u0173 bals\u0105\" ir yra viena i\u0161 pagrindini\u0173 organizacij\u0173. <a href=\"https:\/\/moverdb.com\/lt\/moving-to-the-uk\/\" data-internallinksmanager029f6b8e52c=\"93\" title=\"Persik\u0117limas \u012f Jungtin\u0119 Karalyst\u0119? 2022 Gyvenimo i\u0161laidos ir persikraustymo patarimai\">JK<\/a> jud\u0117jimo pramon\u0117.<\/li>\n<li> <a href=\"https:\/\/moverdb.com\/lt\/baras-uzjuris\/\">BAR Overseas Group<\/a> - <a href=\"https:\/\/moverdb.com\/lt\/bar-overseas\/\" data-internallinksmanager029f6b8e52c=\"10\" title=\"Brit\u0173 perkraustytoj\u0173 asociacijos (BAR) u\u017esienio grup\u0117s paai\u0161kinimai\">BAR u\u017esienyje<\/a> Grup\u0117 yra Did\u017eiosios Britanijos perkraustymo \u012fmoni\u0173 asociacijos (BAR) dalis, jos tikslas - skatinti profesin\u012f meistri\u0161kum\u0105 perkraustymo pramon\u0117je.<\/li>\n<li> <a href=\"https:\/\/moverdb.com\/lt\/mtc\/\">Movers Trading Club<\/a> (<a href=\"https:\/\/moverdb.com\/lt\/mtc\/\" data-internallinksmanager029f6b8e52c=\"30\" title=\"Movers Trading Club (MTC) Paai\u0161kinta\">MTC<\/a>) - \"BAR Overseas Group\" priklausan\u010dioms bendrov\u0117ms - pad\u0117ti suma\u017einti <a href=\"https:\/\/moverdb.com\/lt\/persikraustymo-islaidos\/\">persikraustymo i\u0161laidos<\/a> \u012f <a href=\"https:\/\/moverdb.com\/lt\/moving-to-the-united-states\/\" data-internallinksmanager029f6b8e52c=\"94\" title=\"Persik\u0117limas \u012f Jungtines Amerikos Valstijas? 2022 Gyvenimo i\u0161laidos ir persik\u0117limo patarimai\">JAV<\/a> i\u0161 Jungtin\u0117s Karalyst\u0117s.<\/li>\n<li> <a href=\"https:\/\/moverdb.com\/lt\/kanados-perkraustytoju-asociacija\/\">Kanados jud\u0117j\u0173 asociacija<\/a> (CAM) - <a href=\"https:\/\/moverdb.com\/lt\/canadian-association-of-movers\/\" data-internallinksmanager029f6b8e52c=\"11\" title=\"Kanados perkraustytoj\u0173 asociacijos (CAM) paai\u0161kinimai\">Kanados jud\u0117j\u0173 asociacija<\/a> yra . <a href=\"https:\/\/moverdb.com\/lt\/moving-to-canada\/\" data-internallinksmanager029f6b8e52c=\"265\" title=\"Persik\u0117limas \u012f Kanad\u0105? 2023 m. gyvenimo i\u0161laidos ir persik\u0117limo patarimai\">Kanada<\/a>prekybos asociacija, atstovaujanti perkraustymo ir saugojimo \u012fmon\u0117ms. <\/li>\n<li> <a href=\"https:\/\/moverdb.com\/lt\/aima\/\">Australijos tarptautini\u0173 perkraustytoj\u0173 asociacija<\/a> (AIMA) - <a href=\"https:\/\/moverdb.com\/lt\/aima\/\" data-internallinksmanager029f6b8e52c=\"8\" title=\"Australijos tarptautini\u0173 perkraustytoj\u0173 asociacijos (AIMA) paai\u0161kinimai\">Australijos tarptautini\u0173 perkraustytoj\u0173 asociacija<\/a> (AIMA) save apib\u016bdina kaip profesin\u012f forum\u0105, skirt\u0105 <a href=\"https:\/\/moverdb.com\/lt\/international-removals\/\" data-internallinksmanager029f6b8e52c=\"27\" title=\"36 geriausios tarptautinio perkraustymo \u012fmon\u0117s Jungtin\u0117je Karalyst\u0117je\">tarptautiniai perkraustymai<\/a> pramon\u0117.<\/li>\n<li> <a href=\"https:\/\/moverdb.com\/lt\/afra\/\">Australijos bald\u0173 perkraustytoj\u0173 asociacija<\/a> (AFRA) - <a href=\"https:\/\/moverdb.com\/lt\/afra\/\" data-internallinksmanager029f6b8e52c=\"7\" title=\"Australijos bald\u0173 perkraustytoj\u0173 asociacijos (AFRA) paai\u0161kinimai\">Australijos bald\u0173 perkraustytoj\u0173 asociacija<\/a> (AFRA) save apib\u016bdina kaip perkraustymo pramon\u0117s atstov\u0105 ir reguliuotoj\u0105. <a href=\"https:\/\/moverdb.com\/lt\/moving-to-australia\/living-in-australia\/\" data-internallinksmanager029f6b8e52c=\"240\" title=\"21 paslap\u010di\u0173 apie gyvenim\u0105 Australijoje, kurias reikia \u017einoti prie\u0161 persikeliant\">Australija<\/a>.<\/li>\n<li> <a href=\"https:\/\/moverdb.com\/lt\/hgfaa\/\">Amerikos buitini\u0173 preki\u0173 ekspeditori\u0173 asociacija<\/a> (HGFAA) - <a href=\"https:\/\/moverdb.com\/lt\/hgfaa\/\" data-internallinksmanager029f6b8e52c=\"21\" title=\"Paai\u0161kinta Amerikos buitini\u0173 preki\u0173 ekspeditori\u0173 asociacija (HGFAA)\">Amerikos buitini\u0173 preki\u0173 ekspeditori\u0173 asociacija<\/a> (HGFAA) save apib\u016bdina kaip pasaulin\u0119 perkraustymo paslaug\u0173 teik\u0117j\u0173 asociacij\u0105, siekian\u010di\u0105 u\u017etikrinti, kad klientai gaut\u0173 geriausias \u012fmanomas paslaugas perkraustymo metu.<\/li>\n<li> <a href=\"https:\/\/moverdb.com\/lt\/ncbfaa\/\">Amerikos nacionalin\u0117 muitin\u0117s tarpinink\u0173 ir ekspeditori\u0173 asociacija<\/a> (NCBFAA). <a href=\"https:\/\/moverdb.com\/lt\/ncbfaa\/\" data-internallinksmanager029f6b8e52c=\"73\" title=\"Amerikos nacionalin\u0117 muitin\u0117s tarpinink\u0173 ir ekspeditori\u0173 asociacija (NCBFAA)\">Amerikos nacionalin\u0117 muitin\u0117s tarpinink\u0173 ir ekspeditori\u0173 asociacija<\/a> (NCBFAA) yra laikoma Amerikos transporto logistikos pramon\u0117s atstovu.<\/li>\n<li> <a href=\"https:\/\/moverdb.com\/lt\/lacma\/\">Lotyn\u0173 Amerikos ir Karib\u0173 j\u016bros regiono tarptautini\u0173 perkraustytoj\u0173 asociacija<\/a> (LACMA) - <a href=\"https:\/\/moverdb.com\/lt\/lacma\/\" data-internallinksmanager029f6b8e52c=\"28\" title=\"Lotyn\u0173 Amerikos ir Karib\u0173 j\u016bros regiono tarptautini\u0173 perkraustytoj\u0173 asociacija (LACMA)\">Lotyn\u0173 Amerikos ir Karib\u0173 j\u016bros regiono tarptautini\u0173 perkraustytoj\u0173 asociacija<\/a> (LACIMA) atstovauja perkraustymo ir persikraustymo \u012fmon\u0117ms, siekdama skatinti vietini\u0173 ir kit\u0173 pasaulio \u012fmoni\u0173 integracij\u0105.<\/li>\n<li> <a href=\"https:\/\/moverdb.com\/lt\/iata\/\">Tarptautin\u0117 oro transporto asociacija<\/a> (IATA) - <a href=\"https:\/\/moverdb.com\/lt\/iata\/\" data-internallinksmanager029f6b8e52c=\"22\" title=\"Tarptautin\u0117s oro transporto asociacijos (IATA) paai\u0161kinimai\">Tarptautin\u0117 oro transporto asociacija<\/a> (IATA) yra pasaulin\u0117 pasaulio oro transporto bendrovi\u0173 prekybos asociacija. Jos misija - vadovauti savo nariams, tarnauti jiems ir atstovauti j\u0173 interesams taip, kad b\u016bt\u0173 skatinama oro uost\u0173 transporto pramon\u0117.<\/li>\n<li> <a href=\"https:\/\/moverdb.com\/lt\/euromovers\/\">Europos perve\u017e\u0117j\u0173 partneryst\u0117 (EUROMOVERS International)<\/a> - <a href=\"https:\/\/moverdb.com\/lt\/euromovers\/\" data-internallinksmanager029f6b8e52c=\"12\" title=\"Paai\u0161kinta Europos perve\u017e\u0117j\u0173 partneryst\u0117 (EUROMOVERS International)\">Euromovers<\/a> \u012fsik\u016brusi <a href=\"https:\/\/moverdb.com\/lt\/moving-to-luxembourg\/\" data-internallinksmanager029f6b8e52c=\"349\" title=\"Persik\u0117limas \u012f Liuksemburg\u0105? 2023 Gyvenimo i\u0161laidos ir persik\u0117limo patarimai\">Liuksemburgas<\/a> ir j\u0105 sudaro kelios pirmaujan\u010dios <a href=\"https:\/\/moverdb.com\/lt\/moving-companies\/\" data-internallinksmanager029f6b8e52c=\"79\" title=\"Top 25 Tarptautin\u0117s perkraustymo \u012fmon\u0117s internete\">tarptautin\u0117s perkraustymo \u012fmon\u0117s<\/a> kurie suk\u016br\u0117 tinkl\u0105 pagal bendrus standartus, vizij\u0105 ir krypt\u012f.<\/li>\n<li> <a href=\"https:\/\/moverdb.com\/lt\/darbuotoju-perkelimo-taryba\/\">Pasaulin\u0117 ERC<\/a> (Darbuotoj\u0173 perk\u0117limo taryba) - <a href=\"https:\/\/moverdb.com\/lt\/employee-relocation-council\/\" data-internallinksmanager029f6b8e52c=\"83\" title=\"Pasaulin\u0117s darbuotoj\u0173 perk\u0117limo tarybos (ERC) paai\u0161kinimai\">Pasaulin\u0117 darbuotoj\u0173 perk\u0117limo taryba<\/a> (ERC) save apib\u016bdina kaip darbo j\u0117gos judumo asociacij\u0105, skirt\u0105 specialistams, kurie pri\u017ei\u016bri, valdo ar remia JAV vidaus ir tarptautin\u012f darbuotoj\u0173 perk\u0117lim\u0105.<\/li>\n<li> <a href=\"https:\/\/moverdb.com\/lt\/harmony-relocation-network\/\">Harmonijos perk\u0117limo tinklas<\/a> - The <a href=\"https:\/\/moverdb.com\/lt\/harmony-relocation-network\/\" data-internallinksmanager029f6b8e52c=\"20\" title=\"Paai\u0161kinta apie &quot;Harmony Relocation Network&quot; (HRN)\">Harmonijos perk\u0117limo tinklas<\/a> (HRN) - tai \u012fmoni\u0173 partneri\u0173 grup\u0117, sukurta siekiant sukurti visos Europos tinkl\u0105, skirt\u0105 visuotiniam perk\u0117limui.<\/li>\n<li> <a href=\"https:\/\/moverdb.com\/lt\/eura\/\">Europos persik\u0117limo asociacija<\/a> (EuRA). <a href=\"https:\/\/moverdb.com\/lt\/eura\/\" data-internallinksmanager029f6b8e52c=\"13\" title=\"Europos persik\u0117limo asociacijos (EuRA) paai\u0161kinimai\">Europos persik\u0117limo asociacija<\/a> (EuRA) propaguoja profesionaliai valdom\u0173 persik\u0117limo ir mobilumo paslaug\u0173 naud\u0105 \u012fmon\u0117ms, kuri\u0173 darbuotojai yra mobil\u016bs visame pasaulyje.<\/li>\n<li> <a href=\"https:\/\/moverdb.com\/lt\/asociacija-association-relocation-professionals\/\">Perkraustymo specialist\u0173 asociacija<\/a> (ARP) - <a href=\"https:\/\/moverdb.com\/lt\/association-relocation-professionals\/\" data-internallinksmanager029f6b8e52c=\"6\" title=\"Perkraustymo specialist\u0173 asociacijos (ARP) paai\u0161kinimai\">Perkraustymo specialist\u0173 asociacija<\/a> (ARP) - tai JK perkraustymo pramon\u0117s profesin\u0117 organizacija.<\/li>\n<li> <a href=\"https:\/\/moverdb.com\/lt\/rios\/\">Perkraustymo pramon\u0117s ombudsmeno sistema<\/a> (<a href=\"https:\/\/moverdb.com\/lt\/rios\/\" data-internallinksmanager029f6b8e52c=\"75\" title=\"Paai\u0161kinta perkraustymo pramon\u0117s ombudsmeno sistema (RIOS)\">RIOS<\/a>) - Perkraustymo pramon\u0117s ombudsmeno sistema (RIOS) nagrin\u0117ja skundus d\u0117l JK perkraustymo pramon\u0117s \u012fmoni\u0173.<\/li>\n<li> <a href=\"https:\/\/moverdb.com\/lt\/fedemac\/\">Europos perkraustytoj\u0173 federacija<\/a> (FEDEMAC) - <a href=\"https:\/\/moverdb.com\/lt\/fedemac\/\" data-internallinksmanager029f6b8e52c=\"15\" title=\"Europos perve\u017e\u0117j\u0173 asociacijos federacijos (FEDEMAC) paai\u0161kinimai\">Europos perkraustytoj\u0173 federacija<\/a> (FEDEMAC) - tai Europos \u012fstaiga, \u012fsteigta siekiant skatinti jud\u0117jimo pramon\u0119 Europos lygmeniu.<\/li>\n<li> <a href=\"https:\/\/moverdb.com\/lt\/kroviniu-vezimo-asociacija\/\">Krovininio transporto asociacija<\/a> (LPS) - <a href=\"https:\/\/moverdb.com\/lt\/freight-transport-association\/\" data-internallinksmanager029f6b8e52c=\"18\" title=\"Krovininio transporto asociacijos (FTA) paai\u0161kinimai\">Krovininio transporto asociacija<\/a> (FTA) buvo \u012fsteigta siekiant atstovauti logistikos \u012fmoni\u0173 interesams, nesvarbu, ar jos gabena prekes j\u016bra, oru, keliais ar gele\u017einkeliais.<\/li>\n<li> <a href=\"https:\/\/moverdb.com\/lt\/eurovan-movers\/\">\"Eurovan\" tarptautini\u0173 perkraustytoj\u0173 tinklas<\/a> - <a href=\"https:\/\/moverdb.com\/lt\/eurovan-movers\/\" data-internallinksmanager029f6b8e52c=\"14\" title=\"&quot;Eurovan&quot; tarptautini\u0173 perkraustytoj\u0173 tinklo (EM) paai\u0161kinimas\">\"Eurovan\" tarptautini\u0173 perkraustytoj\u0173 tinklas<\/a> (EM) yra nepriklausom\u0173 vietini\u0173 perkraustytoj\u0173 tinklas, \u012fsik\u016br\u0119s <a href=\"https:\/\/moverdb.com\/lt\/moving-to-germany\/\" data-internallinksmanager029f6b8e52c=\"321\" title=\"Persik\u0117limas \u012f Vokietij\u0105? 2023 m. pragyvenimo i\u0161laidos ir persik\u0117limo patarimai\">Vokietija<\/a>. Tinklas sukurtas atsi\u017evelgiant \u012f poreik\u012f teikti nuoseklaus lygio paslaugas tarptautiniams perve\u017eimams, kurie gali vykti per kelias \u0161alis.<\/li>\n<li> <a href=\"https:\/\/moverdb.com\/lt\/ngrs\/\">Nacionalin\u0117 perkraustytoj\u0173 ir sand\u0117linink\u0173 gildija<\/a> (NGRS) - <a href=\"https:\/\/moverdb.com\/lt\/ngrs\/\" data-internallinksmanager029f6b8e52c=\"74\" title=\"Nacionalin\u0117s perkraustytoj\u0173 ir sand\u0117linink\u0173 gildijos (NGRS) paai\u0161kinimai\">Nacionalin\u0117 perkraustytoj\u0173 ir sand\u0117linink\u0173 gildija<\/a> (NGRS) buvo \u012fsteigta siekiant reguliuoti JK perkraustymo ir sand\u0117liavimo pramon\u0119.<\/li>\n<li> <a href=\"https:\/\/moverdb.com\/lt\/tarptautine-karine-organizacija\/\">Tarptautin\u0117 j\u016br\u0173 organizacija<\/a> (IMO) - <a href=\"https:\/\/moverdb.com\/lt\/international-maritime-organisation\/\" data-internallinksmanager029f6b8e52c=\"24\" title=\"Tarptautin\u0117s j\u016br\u0173 organizacijos (TJO) paai\u0161kinimai\">Tarptautin\u0117 j\u016br\u0173 organizacija<\/a> (TJO) yra Jungtin\u0117je Karalyst\u0117je \u012fsik\u016brusi JT agent\u016bra, atsakinga u\u017e laivybos reguliavim\u0105.<\/li>\n<li> <a href=\"https:\/\/moverdb.com\/lt\/world-shipping-council\/\">Pasaulio laivybos taryba<\/a> (WSC) - <a href=\"https:\/\/moverdb.com\/lt\/world-shipping-council\/\" data-internallinksmanager029f6b8e52c=\"82\" title=\"Pasaulio laivybos tarybos (WSC) paai\u0161kinimai\">Pasaulio laivybos taryba<\/a> (WSC) atstovauja linijin\u0117s laivybos pramonei.<\/li>\n<li> <a href=\"https:\/\/moverdb.com\/lt\/world-customs-organization\/\">Pasaulio muitini\u0173 organizacija<\/a> (<a href=\"https:\/\/moverdb.com\/lt\/world-customs-organization\/\" data-internallinksmanager029f6b8e52c=\"81\" title=\"Pasaulio muitini\u0173 organizacijos (PMO) paai\u0161kinimai\">WCO<\/a>) - Pasaulio muitini\u0173 organizacija (PMO) yra nepriklausoma tarpvyriausybin\u0117 institucija, kuri yra muitini\u0173 bendruomen\u0117s balsas. <\/li>\n<li> <a href=\"https:\/\/moverdb.com\/lt\/tarptautiniai-laivybos-rumai\/\">Tarptautiniai laivybos r\u016bmai<\/a> (ICS) -  <a href=\"https:\/\/moverdb.com\/lt\/international-chamber-shipping\/\" data-internallinksmanager029f6b8e52c=\"78\" title=\"Tarptautini\u0173 laivybos r\u016bm\u0173 (TKS) paai\u0161kinimai\">Tarptautiniai laivybos r\u016bmai<\/a> (ICS) yra prekybos asociacija, kuri per nacionalines laiv\u0173 savinink\u0173 asociacijas atstovauja laiv\u0173 savininkams ir laiv\u0173 operatoriams. <\/li>\n<\/ol>","protected":false},"excerpt":{"rendered":"<p>Below is a non-exhaustive list of the most important international moving &#038; shipping organizations, associations, schemes, guilds, councils etc. International Association of Movers (IAM) &#8211; The International Association of Movers (IAM) is a global trade body with members who provide moving, forwarding, shipping, logistics, and related services. FIDI &#038; FIDI Accredited International Mover (FAIM) &#8211; [&hellip;]<\/p>\n","protected":false},"author":1,"featured_media":367,"parent":0,"menu_order":0,"comment_status":"closed","ping_status":"closed","template":"","meta":{"_genesis_hide_title":false,"_genesis_hide_breadcrumbs":false,"_genesis_hide_singular_image":false,"_genesis_hide_footer_widgets":false,"_genesis_custom_body_class":"","_genesis_custom_post_class":"","_genesis_layout":"","footnotes":""},"class_list":{"0":"post-366","1":"page","2":"type-page","3":"status-publish","4":"has-post-thumbnail","6":"entry"},"_links":{"self":[{"href":"https:\/\/moverdb.com\/lt\/wp-json\/wp\/v2\/pages\/366","targetHints":{"allow":["GET"]}}],"collection":[{"href":"https:\/\/moverdb.com\/lt\/wp-json\/wp\/v2\/pages"}],"about":[{"href":"https:\/\/moverdb.com\/lt\/wp-json\/wp\/v2\/types\/page"}],"author":[{"embeddable":true,"href":"https:\/\/moverdb.com\/lt\/wp-json\/wp\/v2\/users\/1"}],"replies":[{"embeddable":true,"href":"https:\/\/moverdb.com\/lt\/wp-json\/wp\/v2\/comments?post=366"}],"version-history":[{"count":29,"href":"https:\/\/moverdb.com\/lt\/wp-json\/wp\/v2\/pages\/366\/revisions"}],"predecessor-version":[{"id":1342,"href":"https:\/\/moverdb.com\/lt\/wp-json\/wp\/v2\/pages\/366\/revisions\/1342"}],"wp:featuredmedia":[{"embeddable":true,"href":"https:\/\/moverdb.com\/lt\/wp-json\/wp\/v2\/media\/367"}],"wp:attachment":[{"href":"https:\/\/moverdb.com\/lt\/wp-json\/wp\/v2\/media?parent=366"}],"curies":[{"name":"wp","href":"https:\/\/api.w.org\/{rel}","templated":true}]}}