{"id":353,"date":"2016-05-22T20:42:36","date_gmt":"2016-05-22T20:42:36","guid":{"rendered":"http:\/\/moverdb.com\/?page_id=353"},"modified":"2026-01-08T15:20:35","modified_gmt":"2026-01-08T15:20:35","slug":"ratlankio-remelis","status":"publish","type":"page","link":"https:\/\/moverdb.com\/lt\/rim-promover\/","title":{"rendered":"Paai\u0161kintas \"RIM International ProMover\" sertifikavimas"},"content":{"rendered":"<p>Tarptautinis \"ProMover\" sertifikatas yra dalis Registruot\u0173 tarptautini\u0173 perve\u017e\u0117j\u0173 (RIM) programos, kuri\u0105 suk\u016br\u0117 <a href=\"https:\/\/moverdb.com\/lt\/amsa\/\">Amerikos perkraustymo ir saugojimo asociacija<\/a> (<a href=\"https:\/\/moverdb.com\/lt\/amsa\/\" data-internallinksmanager029f6b8e52c=\"5\" title=\"Amerikos jud\u0117jimo ir saugojimo asociacijos (AMSA) paai\u0161kinimai\">AMSA<\/a>). <\/p>\n<p>Ji skirta pad\u0117ti klientams, besinaudojantiems tarptautinio nam\u0173 apyvokos daikt\u0173 perkraustymo paslaugomis, ir ja siekiama palengvinti pasirinkim\u0105, kad b\u016bt\u0173 papras\u010diau atskirti galimybes ir rasti tinkam\u0105 perve\u017e\u0117j\u0105.<\/p>\n<p><strong>Pagrindiniai faktai apie organizacij\u0105:<\/strong><\/p>\n<ol>\n<li> \u0160iuo metu daugiau nei 200 \u012fmoni\u0173 ir daugiau nei 1000 asmen\u0173 turi \u012fmon\u0117s arba individualius RIM sertifikatus.<\/li>\n<li> Registruoto tarptautinio perkraustymo specialisto pa\u017eym\u0117jimas yra vienas i\u0161 daugelio AMSA administruojam\u0173 specialist\u0173 profesini\u0173 sertifikat\u0173.<\/li>\n<li> AMSA yra nacionalin\u0117 Amerikos perkraustymo ir sand\u0117liavimo pramon\u0117s prekybos asociacija. Ta\u010diau \u0161is sertifikatas yra pasaulinio masto, ir \u012fmon\u0117s visame pasaulyje gali teikti parai\u0161kas jam gauti.<\/li>\n<li> Registruot\u0173 tarptautini\u0173 perve\u017eim\u0173 programa skirta nustatyti universalius standartus, taikomus <a href=\"https:\/\/moverdb.com\/lt\/moving-companies\/\" data-internallinksmanager029f6b8e52c=\"79\" title=\"Top 25 Tarptautin\u0117s perkraustymo \u012fmon\u0117s internete\">tarptautin\u0117s perkraustymo \u012fmon\u0117s<\/a> ir j\u0173 darbuotojai.<\/li>\n<li> RIM sertifikuotos \u012fmon\u0117s, atitinkan\u010dios \"ProMover\" reikalavimus, taps \"International ProMover\".<\/li>\n<li> RIM yra gana unikali, nes 1994 m. j\u0105 suk\u016br\u0117 atstovai i\u0161 <a href=\"https:\/\/moverdb.com\/lt\/hgfaa\/\">HHGFAA<\/a>, NMSA (AMSA), <a href=\"https:\/\/moverdb.com\/lt\/employee-relocation-council\/\" data-internallinksmanager029f6b8e52c=\"83\" title=\"Pasaulin\u0117s darbuotoj\u0173 perk\u0117limo tarybos (ERC) paai\u0161kinimai\">ERC<\/a>, OMNI, <a href=\"https:\/\/moverdb.com\/lt\/fidi-faim\/\">FIDI<\/a> ir 10 did\u017eiausi\u0173 furgon\u0173 linij\u0173, pirk\u0117j\u0173 ir konkurencing\u0173 pardav\u0117j\u0173 mi\u0161inys.<\/li>\n<p><strong>RIM organizacijos profilis<\/strong><\/p>\n<p>Norint tapti RIM nariu, reikia grie\u017etai mokytis, tikrinti ir testuoti, daugiausia d\u0117mesio skiriant tam, ar taikomi \u012frangos tvarkymo standartai ir ar \u012fmon\u0117 turi i\u0161tekli\u0173, kad gal\u0117t\u0173 kokybi\u0161kai valdyti tarptautin\u012f perkraustym\u0105. <\/p>\n<p>\"ProMover\" sertifikato id\u0117ja yra ta, kad jis suteikiamas tik toms \u012fmon\u0117ms, kurios gali \u012frodyti, kad laikosi auk\u0161\u010diausi\u0173 etikos princip\u0173 ir praktikos perkraustymo ir saugojimo pramon\u0117je. <\/p>\n<p>\"ProMover\" sertifikavimas skiriasi tuo, kad jis suteikia standartizuot\u0105, nepriklausom\u0105 b\u016bd\u0105 klientams atskirti galimybes ir pasirinkti kvalifikuot\u0105 \u012fmon\u0119 tarptautiniam perkraustymui, nesvarbu, kur ta \u012fmon\u0117 b\u016bt\u0173 \u012fsik\u016brusi.<\/p>\n<p><strong>Naryst\u0117s kriterijai <\/strong><\/p>\n<ul>\n<li> Bent vieneri\u0173 met\u0173 patirtis teikiant tarptautinio nam\u0173 apyvokos daikt\u0173 perkraustymo paslaugas<\/li>\n<li> Nepriekai\u0161tinga bent 18 m\u0117nesi\u0173 AMSA naryst\u0117<\/li>\n<li> Tur\u0117ti veiklos \u012fgaliojimus, reikalingus teis\u0117tai vykdyti versl\u0105, nesvarbu, ar tai b\u016bt\u0173 <a href=\"https:\/\/moverdb.com\/lt\/moving-to-the-united-states\/\" data-internallinksmanager029f6b8e52c=\"94\" title=\"Persik\u0117limas \u012f Jungtines Amerikos Valstijas? 2022 Gyvenimo i\u0161laidos ir persik\u0117limo patarimai\">JAV<\/a> arba kitur.<\/li>\n<li> I\u0161laikyti egzamin\u0105 ra\u0161tu (individualiai \u012fmon\u0117s vardu)<\/li>\n<li> Atitinka RIM standartus, taikomus \u012frangai, patalpoms ir saugumo dokumentams - jie tikrinami netik\u0117tai apsilankius vietoje.<\/li>\n<li> Prenumeruokite Tarptautin\u012f \"ProMover\" etikos kodeks\u0105<\/li>\n<li> Pakartotiniam sertifikavimui turi b\u016bti sertifikuoti bent trys darbuotojai (biuro darbuotojai, pakuotojai arba \u012fgulos nariai).<\/li>\n<li> BBB reitingas \"C\" arba geresnis BBB reitinguojamoms bendrov\u0117ms \u0161alyse, kuriose yra BBB reitingai.<\/li>\n<li> AMSA darbuotoj\u0173 atliekama vis\u0173 skund\u0173 per\u017ei\u016bra<\/li>\n<li> Labai svarbios verslo partneri\u0173 rekomendacijos<\/li>\n<\/ul>\n<p><strong>10 did\u017eiausi\u0173 bendrovi\u0173 nari\u0173<\/strong> (pagal dyd\u012f)<\/p>\n<ol>\n<li> <a href=\"https:\/\/moverdb.com\/lt\/united-van-lines\/\">\"United Van Lines<\/a><\/li>\n<li> <a href=\"https:\/\/moverdb.com\/lt\/atlas-van-lines-international\/\">\"Atlas Van Lines International<\/a><\/li>\n<li> <a href=\"https:\/\/moverdb.com\/lt\/mayflower-transit\/\">\"Mayflower Transit<\/a><\/li>\n<li> <a href=\"https:\/\/moverdb.com\/lt\/north-american-van-lines\/\">\"North American Van Lines<\/a><\/li>\n<li> <a href=\"https:\/\/moverdb.com\/lt\/wheaton\/\">Wheaton World Wide Moving<\/a><\/li>\n<li> <a href=\"https:\/\/moverdb.com\/lt\/bekins-van-lines\/\">\"Bekins Van Lines<\/a><\/li>\n<li> <a href=\"https:\/\/moverdb.com\/lt\/graebel-van-lines\/\">\"Graebel Van Lines<\/a><\/li>\n<li> <a href=\"https:\/\/moverdb.com\/lt\/arpin-van-lines\/\">\"Arpin Van Lines<\/a><\/li>\n<li> <a href=\"https:\/\/moverdb.com\/lt\/stevens-worldwide-van-lines\/\">\"Stevens Worldwide Van Lines<\/a><\/li>\n<li> <a href=\"https:\/\/moverdb.com\/lt\/suddath\/\">Suddath<\/a><\/li>\n<li> <a href=\"https:\/\/moverdb.com\/lt\/vip-transport\/\">VIP transportas<\/a><\/li>\n<li> <a href=\"https:\/\/moverdb.com\/lt\/royal-hawaiian-movers\/\">Karali\u0161kieji Havaj\u0173 Movers<\/a><\/li>\n<\/ol>\n<p><strong>Nuomon\u0117 apie organizacij\u0105<\/strong><\/p>\n<p>Daugelis perkraustymo paslaug\u0173 teik\u0117j\u0173 savo svetain\u0117se nurodo RIM sertifikat\u0105, o keliose patarim\u0173 svetain\u0117se jis \u012fvardijamas kaip profesionalios perkraustymo organizacijos \u017eenklas. Visose svetain\u0117se, kuriose \u0161is sertifikatas pateikiamas, nurodomas grie\u017etas mokymas ir patikrinimas, kurio reikia norint j\u012f gauti ir i\u0161laikyti. <\/p>\n<p>Finansinis patikimumas ir reputacija teikiant auk\u0161tos kokyb\u0117s paslaugas - tai dar dvi savyb\u0117s, kurias savo interneto svetain\u0117se nurodo RIM sertifikat\u0105 turintys perkraustymo paslaug\u0173 teik\u0117jai. Dauguma j\u0173 pabr\u0117\u017eia, kad sertifikavimas reikalauja nuolatini\u0173 veiksm\u0173 - nuolatini\u0173 mokym\u0173 ir \u0161vietimo, taip pat geb\u0117jimo pereiti atsitiktinius patikrinimus vietoje. <\/p>\n<p>Pamin\u0117ta ir tai, kad taip pat reikalaujama laikytis grie\u017eto praktikos kodekso.<\/p>\n<p>Keletas perkraustymo paslaug\u0173 teik\u0117j\u0173 taip pat nurodo \"ProMover\" kvalifikacij\u0105 - tai svarbu, nes \"\u0161is pasiekimas suteiks m\u016bs\u0173 klientams garantij\u0105, kad jie turi reikal\u0173 su teis\u0117tu, profesionaliu perkraustymo paslaug\u0173 teik\u0117ju, o ne naktiniu suk\u010diumi, norin\u010diu juos apipl\u0117\u0161ti. Tapimas \"ProMover\" atitinka ilg\u0105 m\u016bs\u0173 \u012fmon\u0117s istorij\u0105, kai su klientais elgiamasi s\u0105\u017einingai ir dorai.\" <\/p>\n<p>Nurodoma, kad kvalifikacija leid\u017eia perkraustymo \u012fmonei savo reklamin\u0117je ir rinkodaros med\u017eiagoje, taip pat interneto svetain\u0117je rodyti \"ProMover\" \u017eenklu vadinam\u0105 did\u017eiosios raid\u0117s \"M\" logotip\u0105.<\/p>\n<p>Kaip j\u012f vaizduoja perkraustytojai:<\/p>\n<blockquote><p>Agent\u016bros sertifikavimas patvirtina, kad agent\u016bra turi pakankamai \u012frangos, patalp\u0173 ir RIM\u00ae sertifikuot\u0173 darbuotoj\u0173, kad atitikt\u0173 b\u016btiniausius RIM\u00ae standartus. Be to, reikalaujama, kad pagrindinis arba vadovaujantis vadovas i\u0161laikyt\u0173 RIM\u00ae vadovu pagr\u012fst\u0105 egzamin\u0105 ir tur\u0117t\u0173 tarptautiniam verslui vykdyti reikaling\u0173 \u017eini\u0173. Be to, per trejus metus nuo pirminio sertifikavimo RIM\u00ae sertifikuotas agentas privalo \u012fdarbinti RIM\u00ae sertifikuot\u0105 inspektori\u0173, koordinatori\u0173 ir bent tris sertifikuotus tarptautinius pakuotojus.<\/p><\/blockquote>\n<p> - <a href=\"http:\/\/www.castinemovers.com\/category\/RIM\/c70\" target=\"_blank\" rel=\"noopener\">Castine Movers<\/a><\/p>\n<blockquote><p>Registruoto tarptautinio perve\u017e\u0117jo (RIM) sertifikavimas yra savanori\u0161kas. Nor\u0117dama gauti sertifikat\u0105, perkraustymo \u012fmon\u0117 turi praeiti grie\u017etus mokymus ir testus. Sertifikatas u\u017etikrina, kad jo tur\u0117tojas i\u0161mano visus tarptautinio perkraustymo aspektus.<\/p><\/blockquote>\n<p> - <a href=\"http:\/\/www.newworldvanlines.com\/international.html\" target=\"_blank\" rel=\"noopener\">\"New World Van Lines<\/a><\/p>\n<blockquote><p>Kad i\u0161likt\u0173 sertifikuoti, vadovyb\u0117 ir darbuotojai per trejus metus turi baigti ne ma\u017eiau kaip 15 valand\u0173 RIM patvirtint\u0105 t\u0119stin\u012f mokym\u0105 ir mokymus, o \u012fmon\u0117s patalpos ir \u012franga kas trejus metus turi b\u016bti pakartotinai tikrinamos. \u0160iuo metu pradin\u012f RIM programos etap\u0105 yra baigusios daugiau kaip 142 perkraustymo ir sand\u0117liavimo \u012fmon\u0117s.<\/p><\/blockquote>\n<p> - <a href=\"http:\/\/www.movingscam.com\/articles\/planning-an-international-move\" target=\"_blank\" rel=\"noopener\">Perk\u0117limas suk\u010diai<\/a><\/p>\n<blockquote><p>Norint gauti sertifikat\u0105 pagal RIM (Registered International Mover) program\u0105, perve\u017e\u0117jas turi b\u016bti finansi\u0161kai stabilus, tur\u0117ti kokybi\u0161k\u0173 paslaug\u0173 reputacij\u0105 ir laikytis grie\u017eto praktikos kodekso, kuriuo siekiama u\u017etikrinti visi\u0161k\u0105 j\u016bs\u0173 pasitenkinim\u0105.<\/p><\/blockquote>\n<p> - <a href=\"http:\/\/taylorinternational.ca\/international-moving-relocation\" target=\"_blank\" rel=\"noopener\">\"Taylor\" tarptautiniai perkraustytojai<\/a><\/p>","protected":false},"excerpt":{"rendered":"<p>The International ProMover certification is part of the Registered International Mover (RIM) program created by the American Moving &#038; Storage Association (AMSA). It is aimed to assist customers using international household goods relocation services and is intended to facilitate easier choices, making it simpler to differentiate between the options and find the right mover. Key [&hellip;]<\/p>\n","protected":false},"author":1,"featured_media":0,"parent":0,"menu_order":0,"comment_status":"closed","ping_status":"closed","template":"","meta":{"_genesis_hide_title":false,"_genesis_hide_breadcrumbs":false,"_genesis_hide_singular_image":false,"_genesis_hide_footer_widgets":false,"_genesis_custom_body_class":"","_genesis_custom_post_class":"","_genesis_layout":"","footnotes":""},"class_list":{"0":"post-353","1":"page","2":"type-page","3":"status-publish","5":"entry"},"_links":{"self":[{"href":"https:\/\/moverdb.com\/lt\/wp-json\/wp\/v2\/pages\/353","targetHints":{"allow":["GET"]}}],"collection":[{"href":"https:\/\/moverdb.com\/lt\/wp-json\/wp\/v2\/pages"}],"about":[{"href":"https:\/\/moverdb.com\/lt\/wp-json\/wp\/v2\/types\/page"}],"author":[{"embeddable":true,"href":"https:\/\/moverdb.com\/lt\/wp-json\/wp\/v2\/users\/1"}],"replies":[{"embeddable":true,"href":"https:\/\/moverdb.com\/lt\/wp-json\/wp\/v2\/comments?post=353"}],"version-history":[{"count":22,"href":"https:\/\/moverdb.com\/lt\/wp-json\/wp\/v2\/pages\/353\/revisions"}],"predecessor-version":[{"id":6232,"href":"https:\/\/moverdb.com\/lt\/wp-json\/wp\/v2\/pages\/353\/revisions\/6232"}],"wp:attachment":[{"href":"https:\/\/moverdb.com\/lt\/wp-json\/wp\/v2\/media?parent=353"}],"curies":[{"name":"wp","href":"https:\/\/api.w.org\/{rel}","templated":true}]}}