{"id":351,"date":"2016-05-22T21:04:36","date_gmt":"2016-05-22T21:04:36","guid":{"rendered":"http:\/\/moverdb.com\/?page_id=351"},"modified":"2026-01-08T14:40:12","modified_gmt":"2026-01-08T14:40:12","slug":"mcgimpsey-brothers-removals","status":"publish","type":"page","link":"https:\/\/moverdb.com\/lt\/mcgimpsey-brothers-removals\/","title":{"rendered":"\"McGimpsey Brothers Removals\": Tarptautinio perkraustymo ap\u017evalgos"},"content":{"rendered":"<p>\"McGimpsey Brothers Removals\" si\u016blo klientams \u0161ias paslaugas, kai persikraustoma \u012f u\u017esien\u012f ir \u012f kit\u0105 \u0161al\u012f, tiek privatiems asmenims, tiek \u012fmon\u0117ms. Po paslaug\u0173 skiltimi pateikiamas \u012fmon\u0117s profilis ir atsiliepimai.<\/p>\n<p><strong>Persik\u0117limas \u012f u\u017esien\u012f<\/strong><\/p>\n<ul>\n<li> Kasdienis krovini\u0173 gabenimas oru ir j\u016bra<\/li>\n<li> Specializuotas eksportinis pakavimas, \u017eenklinimas ir pakrovimas<\/li>\n<li> Pristatymas ir muitinis \u012fforminimas<\/li>\n<li> Pristatymas, i\u0161pakavimas ir \u012frengimas, \u0161iuk\u0161li\u0173 i\u0161ve\u017eimas<\/li>\n<li> Draudimo apsauga<\/li>\n<li> Asmeninis specialusis konsultantas<\/li>\n<\/ul>\n<p><strong>Persik\u0117limas Europoje<\/strong><\/p>\n<ul>\n<li> Nuo dur\u0173 iki dur\u0173<\/li>\n<li> Auk\u0161\u010diausios klas\u0117s, specialiai sukurtos perkraustymo transporto priemon\u0117s<\/li>\n<li> Didelio saugumo sekimo \u012frenginiai ir palydovin\u0117s navigacijos sistemos<\/li>\n<li> Pakavimas ir i\u0161pakavimas<\/li>\n<li> Draudimo apsauga<\/li>\n<li> Asmeninis specialusis konsultantas<\/li>\n<\/ul>\n<p><strong>\u012emoni\u0173 ir verslo perkraustymas<\/strong><\/p>\n<ul>\n<li> \u012emoni\u0173 perk\u0117limas visame pasaulyje<\/li>\n<li> Darbuotoj\u0173 perk\u0117limas visame pasaulyje<\/li>\n<li> Asmeninis specialusis konsultantas<\/li>\n<\/ul>\n<p><strong>Jud\u0117jimas viduje <a href=\"https:\/\/moverdb.com\/lt\/moving-to-ireland\/\" data-internallinksmanager029f6b8e52c=\"320\" title=\"Persik\u0117limas \u012f Airij\u0105? 2023 Gyvenimo i\u0161laidos ir persik\u0117limo patarimai\">Airija<\/a><\/strong><\/p>\n<ul>\n<li> Nuo dur\u0173 iki dur\u0173<\/li>\n<li> Pakavimas ir i\u0161pakavimas<\/li>\n<li> Draudimas<\/li>\n<li> Asmeninis specialusis konsultantas<\/li>\n<\/ul>\n<p><strong>Perk\u0117limas <a href=\"https:\/\/moverdb.com\/lt\/moving-to-isle-of-man\/\" data-internallinksmanager029f6b8e52c=\"339\" title=\"Persik\u0117limas \u012f Meno sal\u0105? 2023 Gyvenimo i\u0161laidos ir persik\u0117limo patarimai\">Meno sala<\/a> ir Normandijos salos<\/strong><\/p>\n<ul>\n<li> Nuo dur\u0173 iki dur\u0173<\/li>\n<li> Pakavimas ir i\u0161pakavimas<\/li>\n<li> Muitinis \u012fforminimas<\/li>\n<li> Draudimas<\/li>\n<li> Asmeninis specialusis konsultantas<\/li>\n<\/ul>\n<p><strong>Saugykla<\/strong><\/p>\n<ul>\n<li> Dokument\u0173 ir archyv\u0173 saugojimas<\/li>\n<li> Savaranki\u0161kas saugojimas<\/li>\n<li> Verslo sand\u0117liavimas<\/li>\n<li> Sand\u0117liavimas sand\u0117lyje<\/li>\n<\/ul>\n<h2>McGimpsey Removals \u012emon\u0117s profilis<\/h2>\n<p>\"McGimpsey Removals\" save apib\u016bdina kaip penki\u0173 \u017evaig\u017edu\u010di\u0173 butik\u0105 <a href=\"https:\/\/moverdb.com\/lt\/moving-companies\/\" data-internallinksmanager029f6b8e52c=\"79\" title=\"Top 25 Tarptautin\u0117s perkraustymo \u012fmon\u0117s internete\">perkraustymo \u012fmon\u0117<\/a> kuri savo klientams teikia auk\u0161\u010diausio lygio paslaugas. Jie veikia jau 30 met\u0173 ir tiki, kad naudoja geriausi\u0105 transport\u0105, pakuotes ir gerai apmokytus, r\u016bpestingus darbuotojus.<\/p>\n<p>\"McGimpsey Removals\" teigia, kad jie ne tik stengiasi teikti kuo geresnes paslaugas \u012f u\u017esien\u012f ir vietos lygmeniu persikeliantiems asmenims ir bendrov\u0117ms, bet ir atid\u017eiai stebi, kok\u012f anglies dioksido p\u0117dsak\u0105 palieka.<\/p>\n<p>\"McGimpsey Removals\" priklausomyb\u0117 ir akreditacijos:<\/p>\n<ul>\n<li> <a href=\"https:\/\/moverdb.com\/lt\/britu-salintoju-asociacija\/\">Did\u017eiosios Britanijos perkraustytoj\u0173 asociacija<\/a> (<a href=\"https:\/\/moverdb.com\/lt\/british-association-of-removers\/\" data-internallinksmanager029f6b8e52c=\"9\" title=\"Britanijos perkraustymo \u012fmoni\u0173 asociacijos (BAR) paai\u0161kinimai\">BAR<\/a>)<\/li>\n<li> <a href=\"https:\/\/moverdb.com\/lt\/fidi-faim\/\">FIDI<\/a><\/li>\n<li> <a href=\"https:\/\/moverdb.com\/lt\/esu\/\">Tarptautin\u0117 perve\u017e\u0117j\u0173 asociacija (IAM)<\/a><\/li>\n<li> <a href=\"https:\/\/moverdb.com\/lt\/mtc\/\">Movers prekybos klubas<\/a> (<a href=\"https:\/\/moverdb.com\/lt\/mtc\/\" data-internallinksmanager029f6b8e52c=\"30\" title=\"Movers Trading Club (MTC) Paai\u0161kinta\">MTC<\/a>)<\/li>\n<li> Darbo j\u0117gos mobilumo asociacija <\/li>\n<\/ul>\n<h2>McGimpsey Brothers Removals Atsiliepimai<\/h2>\n<p><strong>Teigiamas<\/strong><\/p>\n<p><em>\"\u0160i bendrov\u0117 buvo puiki nuo prad\u017eios iki pabaigos. Persikraustymo konsultant\u0117 buvo paslaugi, kompetentinga, visada greitai atsakydavo ir informuodavo mane apie visk\u0105, net ir po to, kai viskas buvo pristatyta, ji ra\u0161\u0117 el. pa\u0161tu, kad patikrint\u0173, ar esu patenkintas.\"<\/em> - Elizabeth Heib per <a href=\"https:\/\/plus.google.com\/111359327014801398449\/reviews\" target=\"_blank\" rel=\"noopener\">\"Google\" ap\u017evalgos<\/a><\/p>\n<p><strong>Neigiamas<\/strong><\/p>\n<p><em>\"Tur\u0117jau siaubing\u0105 patirt\u012f su \u0161ia \u012fmone! Jie yra labai naudingi, kai nori j\u016bs\u0173 u\u017esakymo ir \u017eada daug, bet, deja, jie pristato ma\u017eai. Naudojausi j\u0173 paslaugomis nor\u0117damas perve\u017eti kelet\u0105 sunki\u0173 komercini\u0173 treniruokli\u0173 i\u0161 Airijos \u012f <a href=\"https:\/\/moverdb.com\/lt\/moving-to-the-uk\/\" data-internallinksmanager029f6b8e52c=\"93\" title=\"Persik\u0117limas \u012f Jungtin\u0119 Karalyst\u0119? 2022 Gyvenimo i\u0161laidos ir persikraustymo patarimai\">JK<\/a> ir ...\"<\/em> - Chantelle Smith per <a href=\"https:\/\/plus.google.com\/100947701157660629611\/reviews\" target=\"_blank\" rel=\"noopener\">\"Google\" ap\u017evalgos<\/a><\/p>\n<div itemprop=\"review\" itemscope itemtype=\"http:\/\/schema.org\/Review\">\n<span itemprop=\"author\" itemscope=\"\" itemtype=\"http:\/\/schema.org\/Organization\"><span itemprop=\"name\">MoverDB.com<\/span><\/span> Internetin\u0117s svetain\u0117s ap\u017evalga <span itemprop=\"itemreviewed\" itemscope=\"\" itemtype=\"http:\/\/schema.org\/Brand\"><span itemprop=\"name\">Broli\u0173 McGimpsey perkraustymai<\/span><\/span>:<\/p>\n<ol>\n<li> Ai\u0161ki kontaktin\u0117 informacija svetain\u0117je (\u012fskaitant telefono numer\u012f): <strong>Taip<\/strong><\/li>\n<li> Lengva gauti <a href=\"https:\/\/moverdb.com\/lt\/citatos\/\">tarptautini\u0173 perkraustym\u0173 citatos<\/a>? (internetin\u0117 s\u0105matos u\u017eklausos forma): <strong>Taip<\/strong><\/li>\n<li> Ai\u0161ki informacija svetain\u0117je: <strong>Dalinis<\/strong>. Informacija yra pavir\u0161utini\u0161ka, ta\u010diau papra\u0161ius bus pateikta daugiau informacijos.<\/li>\n<li> Naryst\u0117 tarptautin\u0117se pripa\u017eintose jud\u0117jimo organizacijose: <strong>Taip<\/strong>, \u017er. pirmiau.<\/li>\n<li> Klient\u0173 s\u0105ra\u0161as ir (arba) ankstesni\u0173 klient\u0173 atsiliepimai: <strong>Taip<\/strong> Klient\u0173 s\u0105ra\u0161o n\u0117ra, ta\u010diau yra ankstesni\u0173 klient\u0173 atsiliepim\u0173.<\/li>\n<\/ol>\n<div itemprop=\"reviewRating\" itemscope itemtype=\"http:\/\/schema.org\/Rating\"><meta itemprop=\"worstRating\" content = \"0\" \/><meta itemprop=\"bestRating\" content=\"5\" \/><meta itemprop=\"ratingValue\" content=\"4\"><\/div>\n<p><strong>Bendras \u012fvertinimas: 4\/5<\/strong><br \/>\n<strong>Per\u017ei\u016bros data:<\/strong> <span itemprop=\"datePublished\" content=\"2016-05-22\">22\/05\/2016<\/span><\/p>\n<\/div>\n<p>Daugiau apie <a href=\"https:\/\/moverdb.com\/lt\/tarptautiniai-perkraustymai\/\">JK perkraustymo \u012fmon\u0117s<\/a> ir m\u016bs\u0173 <a href=\"https:\/\/moverdb.com\/lt\/atsiliepimai\/\">paai\u0161kintas per\u017ei\u016bros procesas<\/a>.<\/p>\n<p><strong>Interneto svetain\u0117:<\/strong> <a href=\"https:\/\/www.mcgimpseys.com\/\" target=\"_blank\" rel=\"noopener\">https:\/\/www.mcgimpseys.com\/<\/a><\/p>","protected":false},"excerpt":{"rendered":"<p>McGimpsey Brothers Removals offers clients the following services when relocating abroad and locally, for both individuals and businesses. A company profile and reviews follow the services section. Moving Overseas Daily air and sea freight Specialist export packing, labelling and loading Shipping and customs clearance Delivery, unpacking and setting up, removal of rubbish Insurance cover Personal [&hellip;]<\/p>\n","protected":false},"author":1,"featured_media":0,"parent":0,"menu_order":0,"comment_status":"closed","ping_status":"closed","template":"","meta":{"_genesis_hide_title":false,"_genesis_hide_breadcrumbs":false,"_genesis_hide_singular_image":false,"_genesis_hide_footer_widgets":false,"_genesis_custom_body_class":"","_genesis_custom_post_class":"","_genesis_layout":"","footnotes":""},"class_list":{"0":"post-351","1":"page","2":"type-page","3":"status-publish","5":"entry"},"_links":{"self":[{"href":"https:\/\/moverdb.com\/lt\/wp-json\/wp\/v2\/pages\/351","targetHints":{"allow":["GET"]}}],"collection":[{"href":"https:\/\/moverdb.com\/lt\/wp-json\/wp\/v2\/pages"}],"about":[{"href":"https:\/\/moverdb.com\/lt\/wp-json\/wp\/v2\/types\/page"}],"author":[{"embeddable":true,"href":"https:\/\/moverdb.com\/lt\/wp-json\/wp\/v2\/users\/1"}],"replies":[{"embeddable":true,"href":"https:\/\/moverdb.com\/lt\/wp-json\/wp\/v2\/comments?post=351"}],"version-history":[{"count":10,"href":"https:\/\/moverdb.com\/lt\/wp-json\/wp\/v2\/pages\/351\/revisions"}],"predecessor-version":[{"id":13176,"href":"https:\/\/moverdb.com\/lt\/wp-json\/wp\/v2\/pages\/351\/revisions\/13176"}],"wp:attachment":[{"href":"https:\/\/moverdb.com\/lt\/wp-json\/wp\/v2\/media?parent=351"}],"curies":[{"name":"wp","href":"https:\/\/api.w.org\/{rel}","templated":true}]}}