{"id":350,"date":"2016-05-22T20:57:46","date_gmt":"2016-05-22T20:57:46","guid":{"rendered":"http:\/\/moverdb.com\/?page_id=350"},"modified":"2026-01-08T15:20:55","modified_gmt":"2026-01-08T15:20:55","slug":"shore-porters-society","status":"publish","type":"page","link":"https:\/\/moverdb.com\/lt\/shore-porters-society\/","title":{"rendered":"\"The Shore Porters Society\" Tarptautinis perkraustymas ir perkraustymai Atsiliepimai"},"content":{"rendered":"<p>\"Shore Porters Society\" si\u016blo \u0161ias paslaugas \u017emon\u0117ms, persikeliantiems \u012f u\u017esien\u012f, region\u0105 ir vietov\u0119. \u010cia taip pat rasite bendrov\u0117s profil\u012f ir paslaug\u0173 ap\u017evalgas.<\/p>\n<p><strong>\u012emoni\u0173 ir asmeniniai persik\u0117limai \u012f u\u017esien\u012f<\/strong><\/p>\n<ul>\n<li> Apklausa prie\u0161 persikraustym\u0105<\/li>\n<li> Paslaugos nuo dur\u0173 iki dur\u0173<\/li>\n<li> Krovini\u0173 gabenimas vandenynu arba oru<\/li>\n<li> \u012evairios pakavimo galimyb\u0117s<\/li>\n<li> Saugojimo parinktys<\/li>\n<li> Pagalba rengiant dokumentus paskirties \u0161aliai<\/li>\n<li> I\u0161samios paskirties \u0161alies taisykli\u0173 ir nuostat\u0173 \u017einios<\/li>\n<li> IT \u012frangos atjungimas ir pakartotinis prijungimas paskirties vietoje<\/li>\n<li> Draudimas<\/li>\n<\/ul>\n<p><strong>Daili\u0173j\u0173 men\u0173 ir antikvarini\u0173 daikt\u0173<\/strong><\/p>\n<ul>\n<li> Specialist\u0173 \u017einios apie pakavim\u0105 ir gabenim\u0105<\/li>\n<li> lyd\u0117ti klientus pirkimo kelion\u0117se ir u\u017etikrinti tinkam\u0105 pakavim\u0105.<\/li>\n<li> Patarimai d\u0117l dokument\u0173<\/li>\n<li> Muitinis \u012fforminimas paskirties \u0161alyje<\/li>\n<\/ul>\n<p><strong>Saugykla<\/strong><\/p>\n<ul>\n<li> Konteineri\u0173 saugykla<\/li>\n<li> \u012eprastinis saugojimas<\/li>\n<li> Komercinis sand\u0117liavimas<\/li>\n<li> Archyvo saugykla<\/li>\n<li> \"Lock 'n' Leave\" - nemokama prieiga darbo valandomis<\/li>\n<li> D\u0117\u017ei\u0173 nuoma<\/li>\n<li> Pad\u0117kl\u0173 sand\u0117liavimas<\/li>\n<\/ul>\n<p><strong>Vietiniai perkraustymai<\/strong><\/p>\n<ul>\n<li> Paslaugos nuo dur\u0173 iki dur\u0173<\/li>\n<li> \u012evairios pakavimo galimyb\u0117s<\/li>\n<li> Sutvarkytas draudimas<\/li>\n<\/ul>\n<h2>The Shore Porters Society \u012emon\u0117s profilis<\/h2>\n<p>Kranto ne\u0161ik\u0173 draugija buvo \u012fkurta 1498 m., t. y. daugiau nei prie\u0161 500 met\u0173. Ji did\u017eiuojasi esanti seniausia pasaulyje transporto bendrov\u0117, kurios i\u0161takos - Aberdyno uoste dirbusi\u0173 ne\u0161ik\u0173 kooperatyvas. <\/p>\n<p>Iki XIX a. vidurio bendrov\u0119 globojo Aberdyno miesto taryba. Dabar ji yra privati bendrov\u0117, teikianti krovini\u0173 gabenimo, perkraustymo, nekilnojamojo turto ir sand\u0117liavimo paslaugas.<\/p>\n<p>\u012emon\u0117 turi 30 sunkve\u017eimi\u0173 ir mikroautobus\u0173 park\u0105, kuris veikia Aberdyne ir Ri\u010dmonde prie Temz\u0117s, ir 11 sand\u0117li\u0173 visoje \u0161alyje. <a href=\"https:\/\/moverdb.com\/lt\/moving-to-the-uk\/\" data-internallinksmanager029f6b8e52c=\"93\" title=\"Persik\u0117limas \u012f Jungtin\u0119 Karalyst\u0119? 2022 Gyvenimo i\u0161laidos ir persikraustymo patarimai\">JK<\/a>. <\/p>\n<p>\u012emon\u0117 palaiko gerus ry\u0161ius su did\u017eiausiais aukcion\u0173 namais visame pasaulyje ir did\u017eiuojasi savo kompetencija gabenant meno k\u016brinius ir antikvarinius daiktus.<\/p>\n<p>Toliau pateikiamas \"The Shore Porters Society\" akreditacij\u0173 ir ry\u0161i\u0173 s\u0105ra\u0161as:<\/p>\n<ul>\n<li> <a href=\"https:\/\/moverdb.com\/lt\/britu-salintoju-asociacija\/\">Did\u017eiosios Britanijos perkraustytoj\u0173 asociacija (BAR)<\/a><\/li>\n<li> Finansi\u0161kai \u012fsipareigoj\u0119 <a href=\"https:\/\/moverdb.com\/lt\/baras-uzjuris\/\">BAR Overseas Group<\/a><\/li>\n<li> <a href=\"https:\/\/moverdb.com\/lt\/fidi-faim\/\">FIDI<\/a><\/li>\n<li> <a href=\"https:\/\/moverdb.com\/lt\/esu\/\">Tarptautin\u0117 perve\u017e\u0117j\u0173 asociacija (IAM)<\/a><\/li>\n<li> Kokyb\u0117s sistemos sertifikavimas ISO9001<\/li>\n<li> <a href=\"https:\/\/moverdb.com\/lt\/kroviniu-vezimo-asociacija\/\">FTA narys<\/a><\/li>\n<\/ul>\n<h2>Kranto ne\u0161ik\u0173 draugijos ap\u017evalgos<\/h2>\n<p>Atkreipkite d\u0117mes\u012f, kad per pastaruosius 12 m\u0117nesi\u0173 internete nebuvo paskelbta nauj\u0173 atsiliepim\u0173 apie \"The Shore Porters Society\".<\/p>\n<div itemprop=\"review\" itemscope itemtype=\"http:\/\/schema.org\/Review\">\n<span itemprop=\"author\" itemscope=\"\" itemtype=\"http:\/\/schema.org\/Organization\"><span itemprop=\"name\">MoverDB.com<\/span><\/span> Internetin\u0117s svetain\u0117s ap\u017evalga <span itemprop=\"itemreviewed\" itemscope=\"\" itemtype=\"http:\/\/schema.org\/Brand\"><span itemprop=\"name\">Kranto ne\u0161ik\u0173 draugija<\/span><\/span>:<\/p>\n<ol>\n<li> Ai\u0161ki kontaktin\u0117 informacija svetain\u0117je (\u012fskaitant telefono numer\u012f): <strong>Taip<\/strong><\/li>\n<li> Lengva gauti <a href=\"https:\/\/moverdb.com\/lt\/citatos\/\">tarptautini\u0173 perkraustym\u0173 citatos<\/a>? (internetin\u0117 s\u0105matos u\u017eklausos forma): <strong>Taip<\/strong><\/li>\n<li> Ai\u0161ki informacija svetain\u0117je: <strong>Dalinis<\/strong>. Svetain\u0117je pateikiama neai\u0161ki informacija, o d\u0117l i\u0161samesn\u0117s informacijos pra\u0161oma susisiekti su \u012fmone.<\/li>\n<li> Naryst\u0117 tarptautin\u0117se pripa\u017eintose jud\u0117jimo organizacijose: <strong>Taip<\/strong>, \u017er. pirmiau.<\/li>\n<li> Klient\u0173 s\u0105ra\u0161as ir (arba) ankstesni\u0173 klient\u0173 atsiliepimai: <strong>Ne.<\/strong><\/li>\n<\/ol>\n<div itemprop=\"reviewRating\" itemscope itemtype=\"http:\/\/schema.org\/Rating\"><meta itemprop=\"worstRating\" content = \"0\" \/><meta itemprop=\"bestRating\" content=\"5\" \/><meta itemprop=\"ratingValue\" content=\"4\"><\/div>\n<p><strong>Bendras \u012fvertinimas: 4\/5<\/strong><br \/>\n<strong>Per\u017ei\u016bros data:<\/strong> <span itemprop=\"datePublished\" content=\"2016-05-22\">22\/05\/2016<\/span><\/p>\n<\/div>\n<p>Daugiau apie <a href=\"https:\/\/moverdb.com\/lt\/tarptautiniai-perkraustymai\/\">JK perkraustymo \u012fmon\u0117s<\/a> ir m\u016bs\u0173 <a href=\"https:\/\/moverdb.com\/lt\/atsiliepimai\/\">paai\u0161kintas per\u017ei\u016bros procesas<\/a>.<\/p>\n<p><strong>Interneto svetain\u0117:<\/strong> <a href=\"https:\/\/www.shoreporters.com\/\" target=\"_blank\" rel=\"noopener\">https:\/\/www.shoreporters.com<\/a><\/p>","protected":false},"excerpt":{"rendered":"<p>The Shore Porters Society offers the following services for people moving abroad, regionally and locally. There is also a company profile and service reviews to peruse. Corporate and Personal Moves Abroad Pre-Move survey Door to door service Ocean or Air Freight Various packing options Storage options Assistance with documentation for destination country In depth knowledge [&hellip;]<\/p>\n","protected":false},"author":1,"featured_media":0,"parent":0,"menu_order":0,"comment_status":"closed","ping_status":"closed","template":"","meta":{"_genesis_hide_title":false,"_genesis_hide_breadcrumbs":false,"_genesis_hide_singular_image":false,"_genesis_hide_footer_widgets":false,"_genesis_custom_body_class":"","_genesis_custom_post_class":"","_genesis_layout":"","footnotes":""},"class_list":{"0":"post-350","1":"page","2":"type-page","3":"status-publish","5":"entry"},"_links":{"self":[{"href":"https:\/\/moverdb.com\/lt\/wp-json\/wp\/v2\/pages\/350","targetHints":{"allow":["GET"]}}],"collection":[{"href":"https:\/\/moverdb.com\/lt\/wp-json\/wp\/v2\/pages"}],"about":[{"href":"https:\/\/moverdb.com\/lt\/wp-json\/wp\/v2\/types\/page"}],"author":[{"embeddable":true,"href":"https:\/\/moverdb.com\/lt\/wp-json\/wp\/v2\/users\/1"}],"replies":[{"embeddable":true,"href":"https:\/\/moverdb.com\/lt\/wp-json\/wp\/v2\/comments?post=350"}],"version-history":[{"count":12,"href":"https:\/\/moverdb.com\/lt\/wp-json\/wp\/v2\/pages\/350\/revisions"}],"predecessor-version":[{"id":6246,"href":"https:\/\/moverdb.com\/lt\/wp-json\/wp\/v2\/pages\/350\/revisions\/6246"}],"wp:attachment":[{"href":"https:\/\/moverdb.com\/lt\/wp-json\/wp\/v2\/media?parent=350"}],"curies":[{"name":"wp","href":"https:\/\/api.w.org\/{rel}","templated":true}]}}