{"id":349,"date":"2016-05-22T20:51:02","date_gmt":"2016-05-22T20:51:02","guid":{"rendered":"http:\/\/moverdb.com\/?page_id=349"},"modified":"2026-01-08T15:20:48","modified_gmt":"2026-01-08T15:20:48","slug":"komanda-persikelimai","status":"publish","type":"page","link":"https:\/\/moverdb.com\/lt\/team-relocations\/","title":{"rendered":"\"Team Relocations\" tarptautinis perkraustymas ir perkraustymai Atsiliepimai"},"content":{"rendered":"<p>\"Team Relocations\" si\u016blo \u0161ias perkraustymo paslaugas asmenims ir \u012fmon\u0117ms, kurios perkelia darbuotojus ar visus biurus \u012f u\u017esien\u012f. Toliau skaitykite \"Team Locations\" \u012fmon\u0117s profil\u012f ir atsiliepimus.<\/p>\n<p><strong>Asmeniniai ir \u012fmoni\u0173 perkraustymai<\/strong><\/p>\n<ul>\n<li> Konsultavimo paslaugos, si\u016blan\u010dios individualius sprendimus persikraustant<\/li>\n<li> Strateginis perk\u0117limo valdymas<\/li>\n<li> Pa\u017eangi \"webZone\" technologija<\/li>\n<li> Pakavimas ir siuntimas<\/li>\n<li> Sutvarkytas draudimas<\/li>\n<\/ul>\n<p><strong>Nekilnojamojo turto paslaugos<\/strong><\/p>\n<ul>\n<li> Prad\u017eia Paie\u0161ka<\/li>\n<li> Derybos d\u0117l nuomos sutarties ir prat\u0119simas<\/li>\n<li> Inventoriaus \u012fregistravimas ir (arba) i\u0161registravimas<\/li>\n<li> Bald\u0173 ir prietais\u0173 nuoma<\/li>\n<li> Laikinas apgyvendinimas<\/li>\n<li> I\u0161vykimo programos<\/li>\n<li> Nam\u0173 pardavimo valdymas<\/li>\n<li> Nekilnojamojo turto valdymas <\/li>\n<li> Garantuota b\u016bsto pardavimo programa<\/li>\n<\/ul>\n<p><strong>\u012esik\u016brimas<\/strong><\/p>\n<ul>\n<li> Orientavimasis<\/li>\n<li> Informacija apie paskirties viet\u0105<\/li>\n<li> Kult\u016bros informaciniai prane\u0161imai<\/li>\n<li> Kalb\u0173 mokymas<\/li>\n<li> Perk\u0117limo valdymas<\/li>\n<li> \u016akved\u017eio \/ tarnait\u0117s paslaugos<\/li>\n<\/ul>\n<p><strong>\u0160eimos programos<\/strong><\/p>\n<ul>\n<li> \u0160vietimo tyrimai ir registracija<\/li>\n<li> Gyv\u016bno augintinio perk\u0117limas<\/li>\n<li> Partneri\u0173 parama<\/li>\n<\/ul>\n<p><strong>Saugojimo paslaugos<\/strong><\/p>\n<ul>\n<li> Specializuotas sand\u0117liavimas<\/li>\n<li> Archyvas ir dokument\u0173 saugykla<\/li>\n<li> Tradicin\u0117 saugykla<\/li>\n<\/ul>\n<p><strong>Specializuotos paslaugos<\/strong><\/p>\n<ul>\n<li> Visuotinis perkraustymas priva\u010diam siunt\u0117jui<\/li>\n<li> Komercini\u0173 patalp\u0173 ir biur\u0173 perkraustymas ir perk\u0117limas<\/li>\n<li> Ligonin\u0117 juda<\/li>\n<li> Nam\u0173 sand\u0117liavimas<\/li>\n<li> Dokument\u0173 ir archyv\u0173 saugojimas<\/li>\n<\/ul>\n<p><strong>Papildomos paslaugos<\/strong><\/p>\n<ul>\n<li> Kop\u0117\u010di\u0173 keltuvai sunkiai prieinamoms vietoms<\/li>\n<li> Meno k\u016brini\u0173 ir antikvarini\u0173 daikt\u0173 pakavimas<\/li>\n<li> Elektriko paslaugos, \u012fskaitant<\/li>\n<li> Ki\u0161tuk\u0173 keitimas \u012f vietinius ki\u0161tukinius lizdus<\/li>\n<li> \u0160viestuv\u0173 ir prietais\u0173 laid\u0173 permontavimas<\/li>\n<li> Transformatori\u0173 tiekimas<\/li>\n<li> Meistras<\/li>\n<li> Kambarin\u0117s paslaugos<\/li>\n<li> Fortepijono derinimas<\/li>\n<li> Palydovini\u0173 anten\u0173 \u012frengimas ir (arba) i\u0161montavimas<\/li>\n<li> Valymo komandos<\/li>\n<li> Pa\u0117mimas i\u0161 biuro<\/li>\n<li> Labdaros d\u0117\u017eut\u0117s<\/li>\n<li> <a href=\"https:\/\/moverdb.com\/lt\/automobiliu-transportas-siuntimas\/\">Transporto priemoni\u0173 gabenimas<\/a> ir saugojimas<\/li>\n<\/ul>\n<h2>Komandos perk\u0117limas \u012emon\u0117s profilis<\/h2>\n<p>\"Team Relocation\" buvo \u012fkurta 1977 m. ir \u0161iuo metu yra viena did\u017eiausi\u0173 perkraustymo ir <a href=\"https:\/\/moverdb.com\/lt\/international-removals\/\" data-internallinksmanager029f6b8e52c=\"27\" title=\"36 geriausios tarptautinio perkraustymo \u012fmon\u0117s Jungtin\u0117je Karalyst\u0117je\">perkraustymo \u012fmon\u0117s<\/a> pasaulyje. \"Team Location\" turi biurus 13-oje \u0161ali\u0173, o daugelis \u017eymi\u0173 asmen\u0173, tarptautini\u0173 bendrovi\u0173 ir vyriausybini\u0173 agent\u016br\u0173 naudojasi \u0161ios \u012fmon\u0117s paslaugomis, kai reikia perkelti darbuotojus ir \u012fmones \u012f u\u017esien\u012f ir regionus. <\/p>\n<p>\"Team Relocation\" bendradarbiauja tik su tais partneriais, kurie vadovaujasi tomis pa\u010diomis pagrindin\u0117mis vertyb\u0117mis, kaip ir jie, t. y. meistri\u0161kumu, s\u0105\u017einingumu, atsakomybe ir saugumu. \u012emon\u0117 daugiausia d\u0117mesio skiria persikraustymo, perkraustymo ir specializuotoms paslaugoms. <\/p>\n<p>\u012emon\u0117 taip pat tvirtai tiki tarptautin\u0117mis \u017emogaus teis\u0117mis ir remia daugyb\u0119 labdaros organizacij\u0173 visame pasaulyje.<\/p>\n<p>Toliau i\u0161vardytos komandos vietovi\u0173 akreditacijos ir priklausomyb\u0117s:<\/p>\n<ul>\n<li> <a href=\"https:\/\/moverdb.com\/lt\/britu-salintoju-asociacija\/\">Did\u017eiosios Britanijos perkraustytoj\u0173 asociacija (BAR)<\/a><\/li>\n<li> DBA<\/li>\n<li> The <a href=\"https:\/\/moverdb.com\/lt\/mtc\/\">Movers Trading Club<\/a> (<a href=\"https:\/\/moverdb.com\/lt\/mtc\/\" data-internallinksmanager029f6b8e52c=\"30\" title=\"Movers Trading Club (MTC) Paai\u0161kinta\">MTC<\/a>)<\/li>\n<li> <a href=\"https:\/\/moverdb.com\/lt\/fidi-faim\/\">FAIM<\/a><\/li>\n<li> <a href=\"https:\/\/moverdb.com\/lt\/fidi-faim\/\">FIDI<\/a><\/li>\n<li> Pasaulin\u0117 judumo asociacija <\/li>\n<li> <a href=\"https:\/\/moverdb.com\/lt\/esu\/\">Tarptautin\u0117 perve\u017e\u0117j\u0173 asociacija (IAM)<\/a><\/li>\n<li> OMNI<\/li>\n<\/ul>\n<h2>Komandos perk\u0117limai Atsiliepimai<\/h2>\n<p><em>\u0160iuo metu neradome joki\u0173 atsiliepim\u0173 apie \"Team Relocations\", paskelbt\u0173 kur nors kitur internete.<\/em><\/p>\n<div itemprop=\"review\" itemscope itemtype=\"http:\/\/schema.org\/Review\">\n<span itemprop=\"author\" itemscope=\"\" itemtype=\"http:\/\/schema.org\/Organization\"><span itemprop=\"name\">MoverDB.com<\/span><\/span> Internetin\u0117s svetain\u0117s ap\u017evalga <span itemprop=\"itemreviewed\" itemscope=\"\" itemtype=\"http:\/\/schema.org\/Brand\"><span itemprop=\"name\">Komandos perk\u0117limai<\/span><\/span>:<\/p>\n<ol>\n<li> Ai\u0161ki kontaktin\u0117 informacija svetain\u0117je (\u012fskaitant telefono numer\u012f): <strong>Taip<\/strong><\/li>\n<li> Lengva gauti <a href=\"https:\/\/moverdb.com\/lt\/citatos\/\">tarptautini\u0173 perkraustym\u0173 citatos<\/a>? (internetin\u0117 s\u0105matos u\u017eklausos forma): <strong>Taip<\/strong><\/li>\n<li> Ai\u0161ki informacija svetain\u0117je: <strong>Taip<\/strong>. Tai informatyvi svetain\u0117, ta\u010diau i\u0161samios informacijos reikia teirautis tiesiogiai \u012fmon\u0117je.<\/li>\n<li> Naryst\u0117 tarptautin\u0117se pripa\u017eintose jud\u0117jimo organizacijose: <strong>Taip<\/strong>, \u017er. pirmiau.<\/li>\n<li> Klient\u0173 s\u0105ra\u0161as ir (arba) ankstesni\u0173 klient\u0173 atsiliepimai: <strong>Ne.<\/strong><\/li>\n<\/ol>\n<div itemprop=\"reviewRating\" itemscope itemtype=\"http:\/\/schema.org\/Rating\"><meta itemprop=\"worstRating\" content = \"0\" \/><meta itemprop=\"bestRating\" content=\"5\" \/><meta itemprop=\"ratingValue\" content=\"4\"><\/div>\n<p><strong>Bendras \u012fvertinimas: 4\/5<\/strong><br \/>\n<strong>Per\u017ei\u016bros data:<\/strong> <span itemprop=\"datePublished\" content=\"2016-05-22\">22\/05\/2016<\/span><\/p>\n<\/div>\n<p>Daugiau apie <a href=\"https:\/\/moverdb.com\/lt\/juda-imones\/\">tarptautin\u0117s perkraustymo \u012fmon\u0117s<\/a> ir m\u016bs\u0173 <a href=\"https:\/\/moverdb.com\/lt\/atsiliepimai\/\">paai\u0161kintas per\u017ei\u016bros procesas<\/a>.<\/p>\n<p><strong>Interneto svetain\u0117:<\/strong> <a href=\"http:\/\/www.teamrelocations.com\/\" target=\"_blank\" rel=\"noopener\">http:\/\/www.teamrelocations.com<\/a><\/p>","protected":false},"excerpt":{"rendered":"<p>Team Relocations offers the following moving services for individuals and corporates moving personnel or whole offices abroad. Read Team Locations&#8217; company profile and reviews below. Personal and Corporate Moves Consultancy service offering individual solutions to moving Strategic relocation management Advanced webZone technology Packing and shipping Insurance arranged Property Services Home Search Tenancy Negotiations &#038; Renewals [&hellip;]<\/p>\n","protected":false},"author":1,"featured_media":0,"parent":0,"menu_order":0,"comment_status":"closed","ping_status":"closed","template":"","meta":{"_genesis_hide_title":false,"_genesis_hide_breadcrumbs":false,"_genesis_hide_singular_image":false,"_genesis_hide_footer_widgets":false,"_genesis_custom_body_class":"","_genesis_custom_post_class":"","_genesis_layout":"","footnotes":""},"class_list":{"0":"post-349","1":"page","2":"type-page","3":"status-publish","5":"entry"},"_links":{"self":[{"href":"https:\/\/moverdb.com\/lt\/wp-json\/wp\/v2\/pages\/349","targetHints":{"allow":["GET"]}}],"collection":[{"href":"https:\/\/moverdb.com\/lt\/wp-json\/wp\/v2\/pages"}],"about":[{"href":"https:\/\/moverdb.com\/lt\/wp-json\/wp\/v2\/types\/page"}],"author":[{"embeddable":true,"href":"https:\/\/moverdb.com\/lt\/wp-json\/wp\/v2\/users\/1"}],"replies":[{"embeddable":true,"href":"https:\/\/moverdb.com\/lt\/wp-json\/wp\/v2\/comments?post=349"}],"version-history":[{"count":12,"href":"https:\/\/moverdb.com\/lt\/wp-json\/wp\/v2\/pages\/349\/revisions"}],"predecessor-version":[{"id":6243,"href":"https:\/\/moverdb.com\/lt\/wp-json\/wp\/v2\/pages\/349\/revisions\/6243"}],"wp:attachment":[{"href":"https:\/\/moverdb.com\/lt\/wp-json\/wp\/v2\/media?parent=349"}],"curies":[{"name":"wp","href":"https:\/\/api.w.org\/{rel}","templated":true}]}}