{"id":348,"date":"2016-05-22T19:54:24","date_gmt":"2016-05-22T19:54:24","guid":{"rendered":"http:\/\/moverdb.com\/?page_id=348"},"modified":"2026-01-08T15:20:45","modified_gmt":"2026-01-08T15:20:45","slug":"sterlingas-persikelimas","status":"publish","type":"page","link":"https:\/\/moverdb.com\/lt\/sterling-relocation\/","title":{"rendered":"\"Sterling Relocation\" Tarptautinis perk\u0117limas ir perkraustymas Atsiliepimai"},"content":{"rendered":"<p>\"Sterling\" si\u016blo tarptautiniams darbdaviams paprast\u0105 b\u016bd\u0105 perkelti savo darbuotojus \u012f kit\u0105 viet\u0105 visame pasaulyje. Toliau pateikiamas j\u0173 paslaug\u0173 s\u0105ra\u0161as, klient\u0173 atsiliepimai ir \u012fmon\u0117s profilis.<\/p>\n<p><strong>Perk\u0117limo paslaugos<\/strong><\/p>\n<ul>\n<li> U\u017eduo\u010di\u0173 valdymas<\/li>\n<li> Tarpkult\u016briniai mokymai<\/li>\n<li> I\u0161vykimo paslaugos<\/li>\n<li> Pagalba \u0161vietimui<\/li>\n<li> I\u0161laid\u0173 valdymas<\/li>\n<li> Bald\u0173 nuoma<\/li>\n<li> Garantuotas namo pardavimas<\/li>\n<li> Nam\u0173 paie\u0161kos paslauga<\/li>\n<li> Imigracija, vizos ir darbo leidimai<\/li>\n<li> Kalb\u0173 mokymas<\/li>\n<li> Perk\u0117limo valdymas<\/li>\n<li> Perkraustymo paslaugos<\/li>\n<li> Orientavimasis<\/li>\n<li> Pagalba partneriams<\/li>\n<li> Konsultacijos d\u0117l politikos<\/li>\n<li> Nekilnojamojo turto valdymas<\/li>\n<li> \u012esik\u016brimo paslaugos<\/li>\n<li> Trumpalaikis apgyvendinimas<\/li>\n<li> Saugykla<\/li>\n<li> Nuomos valdymas<\/li>\n<li> Tranzitinis dangtis<\/li>\n<\/ul>\n<h2>\"Sterling Relocation\" \u012fmon\u0117s profilis<\/h2>\n<p>\"Sterling Relocation\" buvo \u012fkurta 1991 m., siekiant tapti geriausiu pasaulini\u0173 \u012fmoni\u0173 perk\u0117limo paslaug\u0173 teik\u0117ju. Ji priklauso \"UniGroup\", $1,7 mlrd. vert\u0117s bendrovei, kuri jau daugiau kaip 80 met\u0173 perkelia \u017emones. <\/p>\n<p>\"UniGroup\" perkraustymo tinklas veikia daugiau nei 180 \u0161ali\u0173, 1200 paslaug\u0173 centr\u0173.<\/p>\n<p>Daugelis \"Sterling Relocation\" darbuotoj\u0173 yra gyven\u0119 u\u017esienyje, tod\u0117l supranta i\u0161\u0161\u016bkius, su kuriais susiduria darbuotojai ir j\u0173 \u0161eimos, kai persikelia \u012f u\u017esien\u012f. Kiekvienas klientas tiesiogiai bendrauja su vienu darbuotoju, kuris u\u017etikrina, kad visi persikraustymo aspektai vykt\u0173 skland\u017eiai. <\/p>\n<p>2015 m. 99,63% \"Sterling Relocation\" klient\u0173 buvo patenkinti savo persikraustymu.<\/p>\n<p>\"Sterling Relocation\" teigia, kad j\u0173 vertyb\u0117s, misija ir vizija yra aistra savo pramonei, s\u0105\u017einingumas visuose frontuose, r\u016bpinimasis klientais ir darbuotojais bei geriausi\u0173 \u012fmanom\u0173 paslaug\u0173 teikimas.<\/p>\n<p>\"Sterling Relocation\" akreditacij\u0173 ir ry\u0161i\u0173 s\u0105ra\u0161as:<\/p>\n<ul>\n<li> <a href=\"https:\/\/moverdb.com\/lt\/fidi-faim\/\">Tarptautini\u0173 perve\u017e\u0117j\u0173 federacija<\/a> (<a href=\"https:\/\/moverdb.com\/lt\/fidi-faim\/\" data-internallinksmanager029f6b8e52c=\"16\" title=\"FIDI ir FAIM (FIDI akredituotas tarptautinis perve\u017e\u0117jas) paai\u0161kinimai\">FIDI<\/a>)<\/li>\n<li> <a href=\"https:\/\/moverdb.com\/lt\/asociacija-association-relocation-professionals\/\">Perkraustymo specialist\u0173 asociacija<\/a> (<a href=\"https:\/\/moverdb.com\/lt\/association-relocation-professionals\/\" data-internallinksmanager029f6b8e52c=\"6\" title=\"Perkraustymo specialist\u0173 asociacijos (ARP) paai\u0161kinimai\">ARP<\/a>)<\/li>\n<li> <a href=\"https:\/\/moverdb.com\/lt\/darbuotoju-perkelimo-taryba\/\">Darbuotoj\u0173 perk\u0117limo taryba - pasaulin\u0117 ERC<\/a><\/li>\n<li> <a href=\"https:\/\/moverdb.com\/lt\/eura\/\">Europos persik\u0117limo asociacija<\/a> (<a href=\"https:\/\/moverdb.com\/lt\/eura\/\" data-internallinksmanager029f6b8e52c=\"13\" title=\"Europos persik\u0117limo asociacijos (EuRA) paai\u0161kinimai\">EuRA<\/a>)<\/li>\n<li> Tarptautinis u\u017ej\u016brio jud\u0117jimo tinklas (OMNI)<\/li>\n<li> <a href=\"https:\/\/moverdb.com\/lt\/esu\/\">Tarptautin\u0117 perve\u017e\u0117j\u0173 asociacija (IAM)<\/a><\/li>\n<li> <a href=\"https:\/\/moverdb.com\/lt\/lacma\/\">Lotyn\u0173 Amerikos ir Karib\u0173 j\u016bros regiono jud\u0117toj\u0173 asociacija<\/a> (<a href=\"https:\/\/moverdb.com\/lt\/lacma\/\" data-internallinksmanager029f6b8e52c=\"28\" title=\"Lotyn\u0173 Amerikos ir Karib\u0173 j\u016bros regiono tarptautini\u0173 perkraustytoj\u0173 asociacija (LACMA)\">LACMA<\/a>)<\/li>\n<li> <a href=\"https:\/\/moverdb.com\/lt\/britu-salintoju-asociacija\/\">Did\u017eiosios Britanijos perkraustytoj\u0173 asociacija (BAR)<\/a><\/li>\n<\/ul>\n<h2>Sterling Relocation Atsiliepimai<\/h2>\n<p><strong>Teigiamas<\/strong><\/p>\n<p><em>\"A\u0161 buvau sujaudintas Sterlin i\u0161 <a href=\"https:\/\/moverdb.com\/lt\/moving-to-london\/\">Londonas<\/a> \u012f <a href=\"https:\/\/moverdb.com\/lt\/moving-to-switzerland\/\" data-internallinksmanager029f6b8e52c=\"327\" title=\"Persik\u0117limas \u012f \u0160veicarij\u0105? 2023 Gyvenimo i\u0161laidos ir persik\u0117limo patarimai\">\u0160veicarija<\/a> prie\u0161 kelerius metus persikraustant \u012f kit\u0105 \u012fmon\u0119. Kadangi po to i\u0161gyvenau kelet\u0105 persikraustym\u0173, dabar galiu juos vertinti. Ir turiu pasakyti, kad jie sureng\u0117 tiesiog geriausi\u0105 mano persikraustym\u0105.\"<\/em> - ap\u017evalga <a href=\"http:\/\/www.yelp.co.uk\/biz\/sterling-corporate-relocation-london\" target=\"_blank\" rel=\"noopener\">per \"Yelp<\/a><\/p>\n<p><strong>Neigiamas<\/strong><\/p>\n<p><em>Neradome joki\u0173 neigiam\u0173 atsiliepim\u0173 apie \"Sterling Relocation\" internete<\/em><\/p>\n<div itemprop=\"review\" itemscope itemtype=\"http:\/\/schema.org\/Review\">\n<span itemprop=\"author\" itemscope=\"\" itemtype=\"http:\/\/schema.org\/Organization\"><span itemprop=\"name\">MoverDB.com<\/span><\/span> Internetin\u0117s svetain\u0117s ap\u017evalga <span itemprop=\"itemreviewed\" itemscope=\"\" itemtype=\"http:\/\/schema.org\/Brand\"><span itemprop=\"name\">Sterlingo perk\u0117limas<\/span><\/span>:<\/p>\n<ol>\n<li> Ai\u0161ki kontaktin\u0117 informacija svetain\u0117je (\u012fskaitant telefono numer\u012f): <strong>Taip<\/strong><\/li>\n<li> Lengva gauti <a href=\"https:\/\/moverdb.com\/lt\/citatos\/\">tarptautini\u0173 perkraustym\u0173 citatos<\/a>? (internetin\u0117 s\u0105matos u\u017eklausos forma): <strong>Taip<\/strong><\/li>\n<li> Ai\u0161ki informacija svetain\u0117je: <strong>Taip<\/strong> \"Sterling Relocation\" svetain\u0117je pateikiama i\u0161sami informacija apie visus j\u0173 verslo aspektus. Joje taip pat yra naudingas naujien\u0173 skyrius, kuriame pateikiama naujausia informacija apie viz\u0173 poreik\u012f ir gyvenim\u0105 \u012fvairiose pasaulio \u0161alyse.<\/li>\n<li> Naryst\u0117 tarptautin\u0117se pripa\u017eintose jud\u0117jimo organizacijose: <strong>Taip<\/strong>, \u017er. pirmiau.<\/li>\n<li> Klient\u0173 s\u0105ra\u0161as ir (arba) ankstesni\u0173 klient\u0173 atsiliepimai: <strong>Dalinis<\/strong> Nors klient\u0173 s\u0105ra\u0161o n\u0117ra, ta\u010diau svetain\u0117je yra \u012fvairi\u0173 klient\u0173 atsiliepim\u0173.<\/li>\n<\/ol>\n<div itemprop=\"reviewRating\" itemscope itemtype=\"http:\/\/schema.org\/Rating\"><meta itemprop=\"worstRating\" content = \"0\" \/><meta itemprop=\"bestRating\" content=\"5\" \/><meta itemprop=\"ratingValue\" content=\"4.5\"><\/div>\n<p><strong>Bendras \u012fvertinimas: 4,5\/5<\/strong><br \/>\n<strong>Per\u017ei\u016bros data:<\/strong> <span itemprop=\"datePublished\" content=\"2016-05-22\">22\/05\/2016<\/span>\n<\/div>\n<p>Daugiau apie <a href=\"https:\/\/moverdb.com\/lt\/tarptautiniai-perkraustymai\/\">JK perkraustymo \u012fmon\u0117s<\/a> ir m\u016bs\u0173 <a href=\"https:\/\/moverdb.com\/lt\/atsiliepimai\/\">paai\u0161kintas per\u017ei\u016bros procesas<\/a>.<\/p>\n<p><strong>Interneto svetain\u0117:<\/strong> <a href=\"http:\/\/www.sterling.com\/\" target=\"_blank\" rel=\"noopener\">http:\/\/www.sterling.com\/<\/a><\/p>","protected":false},"excerpt":{"rendered":"<p>Sterling offers international employers an easy way to relocate their staff worldwide. Their services are listed below, together with customer reviews and a company profile. Relocation Services Assignment Management Cross Culture Training Departure Services Education Assistance Expense Management Furniture Rental Guaranteed Home Sale Home Finding Service Immigration, Visa and Work Permits Language Training Move Management [&hellip;]<\/p>\n","protected":false},"author":1,"featured_media":0,"parent":0,"menu_order":0,"comment_status":"closed","ping_status":"closed","template":"","meta":{"_genesis_hide_title":false,"_genesis_hide_breadcrumbs":false,"_genesis_hide_singular_image":false,"_genesis_hide_footer_widgets":false,"_genesis_custom_body_class":"","_genesis_custom_post_class":"","_genesis_layout":"","footnotes":""},"class_list":{"0":"post-348","1":"page","2":"type-page","3":"status-publish","5":"entry"},"_links":{"self":[{"href":"https:\/\/moverdb.com\/lt\/wp-json\/wp\/v2\/pages\/348","targetHints":{"allow":["GET"]}}],"collection":[{"href":"https:\/\/moverdb.com\/lt\/wp-json\/wp\/v2\/pages"}],"about":[{"href":"https:\/\/moverdb.com\/lt\/wp-json\/wp\/v2\/types\/page"}],"author":[{"embeddable":true,"href":"https:\/\/moverdb.com\/lt\/wp-json\/wp\/v2\/users\/1"}],"replies":[{"embeddable":true,"href":"https:\/\/moverdb.com\/lt\/wp-json\/wp\/v2\/comments?post=348"}],"version-history":[{"count":15,"href":"https:\/\/moverdb.com\/lt\/wp-json\/wp\/v2\/pages\/348\/revisions"}],"predecessor-version":[{"id":6240,"href":"https:\/\/moverdb.com\/lt\/wp-json\/wp\/v2\/pages\/348\/revisions\/6240"}],"wp:attachment":[{"href":"https:\/\/moverdb.com\/lt\/wp-json\/wp\/v2\/media?parent=348"}],"curies":[{"name":"wp","href":"https:\/\/api.w.org\/{rel}","templated":true}]}}