{"id":347,"date":"2016-05-22T19:43:53","date_gmt":"2016-05-22T19:43:53","guid":{"rendered":"http:\/\/moverdb.com\/?page_id=347"},"modified":"2026-01-08T15:20:38","modified_gmt":"2026-01-08T15:20:38","slug":"santa-fe-relocation","status":"publish","type":"page","link":"https:\/\/moverdb.com\/lt\/santa-fe-relocation\/","title":{"rendered":"\"Santa Fe Relocation Services\" tarptautinio perkraustymo ir perkraustymo paslaug\u0173 ap\u017evalgos"},"content":{"rendered":"<p>\"Santa Fe Relocation Services\" yra auk\u0161tos klas\u0117s perkraustymo \u012fmon\u0117. Toliau pateikiamas daugyb\u0117s persikraustymo paslaug\u0173 s\u0105ra\u0161as, \u012fmon\u0117s profilis ir klient\u0173 atsiliepimai.<\/p>\n<p><strong>Pasaulin\u0117s mobilumo paslaugos<\/strong><\/p>\n<ul>\n<li> Visuotinis perk\u0117limas ir DSP valdymas visame pasaulyje<\/li>\n<li> Viz\u0173 ir imigracijos valdymas<\/li>\n<li> Persikraustymo valdymas privatiems asmenims ir \u012fmoni\u0173 darbuotojams<\/li>\n<\/ul>\n<p><strong>Perkraustymo ir saugojimo paslaugos<\/strong><\/p>\n<ul>\n<li> Tarptautinis perkraustymas<\/li>\n<li> Vietinis ir vietinis perkraustymas<\/li>\n<li> Saugykla<\/li>\n<li> Namini\u0173 gyv\u016bn\u0117li\u0173 perk\u0117limas<\/li>\n<li> <a href=\"https:\/\/moverdb.com\/lt\/automobiliu-transportas-siuntimas\/\">Transporto priemoni\u0173 gabenimas<\/a><\/li>\n<li> Nuorodos \u012f apsaugos apr\u0117pt\u012f<\/li>\n<li> Meistro ir valytojo paslaugos<\/li>\n<li> Bald\u0173 nuoma<\/li>\n<li> Puikios perkraustymo ir saugojimo paslaugos<\/li>\n<\/ul>\n<p><strong>Perk\u0117limo paslaugos<\/strong><\/p>\n<ul>\n<li> Vienkartin\u0117s sumos paskyrimas<\/li>\n<li> Trumpalaik\u0117s u\u017eduotys<\/li>\n<li> Prad\u017eia paie\u0161ka<\/li>\n<li> Mokykl\u0173 paie\u0161ka<\/li>\n<li> \u012esik\u016brimo paslaugos<\/li>\n<li> Kontrolinis s\u0105ra\u0161as ir perk\u0117limas i\u0161 pirmo \u017evilgsnio<\/li>\n<li> Vizos ir imigracija<\/li>\n<li> Kelioni\u0173 vadovai<\/li>\n<\/ul>\n<p><strong>Komercin\u0117s paslaugos<\/strong><\/p>\n<ul>\n<li> Biuro perk\u0117limas<\/li>\n<li> Vie\u0161bu\u010dio \u012frenginiai<\/li>\n<li> Parodos visame pasaulyje<\/li>\n<li> Meno k\u016brini\u0173 ir antikvarini\u0173 daikt\u0173 perkraustymas<\/li>\n<li> Special\u016bs projektai, pavyzd\u017eiui, ligonini\u0173, karini\u0173 objekt\u0173, \u0161vietimo \u012fstaig\u0173 perk\u0117limas.<\/li>\n<\/ul>\n<h2>Santa Fe Relocation Services \u012emon\u0117s profilis<\/h2>\n<p>\"Santa Fe\" teikia pasaulinio mobilumo paslaugas emigravusiems \u012fmoni\u0173 darbuotojams. \u012emon\u0117 did\u017eiuojasi, kad padeda suma\u017einti darbuotoj\u0173 persikraustymo stres\u0105, ir did\u017eiuojasi savo \"Fortune 500\" s\u0105ra\u0161e esan\u010diais klientais. Bendrov\u0117 kasmet atlieka apie 60 000 tarptautini\u0173 ir 15 000 vietini\u0173 perkraustym\u0173. <\/p>\n<p>\"Santa Fe\" savo gyvenim\u0105 prad\u0117jo <a href=\"https:\/\/moverdb.com\/lt\/moving-to-hong-kong\/\" data-internallinksmanager029f6b8e52c=\"350\" title=\"Persikraustote \u012f Honkong\u0105? 2023 Gyvenimo i\u0161laidos ir persik\u0117limo patarimai\">Honkongas<\/a> 1980 m. \"Santa Fe Group\" yra \u012fsigijusi \u012fmoni\u0173 visame pasaulyje, seniausia i\u0161 j\u0173 - \"Wridgways of <a href=\"https:\/\/moverdb.com\/lt\/moving-to-australia\/living-in-australia\/\" data-internallinksmanager029f6b8e52c=\"240\" title=\"21 paslap\u010di\u0173 apie gyvenim\u0105 Australijoje, kurias reikia \u017einoti prie\u0161 persikeliant\">Australija<\/a> kuri buvo \u012fkurta 1892 m. \"Santa Fe\" turi biurus \u0161e\u0161iuose \u017eemynuose, o pagrindin\u0117 b\u016bstin\u0117 yra <a href=\"https:\/\/moverdb.com\/lt\/moving-to-london\/\">Londonas<\/a> ir savo klientams si\u016blo pasaulinius, regioninius ir vietinius perk\u0117limo paslaugas. <\/p>\n<p>Santa F\u0117 Perkraustymo paslaug\u0173 asociacijos ir akreditacijos:<\/p>\n<ul>\n<li> <a href=\"https:\/\/moverdb.com\/lt\/darbuotoju-perkelimo-taryba\/\">Pasaulin\u0117 ERC<\/a><\/li>\n<li> <a href=\"https:\/\/moverdb.com\/lt\/eura\/\">Europos persik\u0117limo asociacija<\/a> (<a href=\"https:\/\/moverdb.com\/lt\/eura\/\" data-internallinksmanager029f6b8e52c=\"13\" title=\"Europos persik\u0117limo asociacijos (EuRA) paai\u0161kinimai\">EuRA<\/a>)<\/li>\n<li> <a href=\"https:\/\/moverdb.com\/lt\/fidi-faim\/\">Pasaulin\u0117 tarptautini\u0173 perkraustymo bendrovi\u0173 federacija<\/a> (<a href=\"https:\/\/moverdb.com\/lt\/fidi-faim\/\" data-internallinksmanager029f6b8e52c=\"16\" title=\"FIDI ir FAIM (FIDI akredituotas tarptautinis perve\u017e\u0117jas) paai\u0161kinimai\">FIDI<\/a>)<\/li>\n<li> <a href=\"https:\/\/moverdb.com\/lt\/fidi-faim\/\">FIDI-FAIM ir FAIM Plus akreditacija<\/a><\/li>\n<li> <a href=\"https:\/\/moverdb.com\/lt\/esu\/\">Tarptautin\u0117 perve\u017e\u0117j\u0173 asociacija (IAM)<\/a><\/li>\n<li> <a href=\"https:\/\/moverdb.com\/lt\/lacma\/\">LACMA<\/a><\/li>\n<li> ISO9001 kokyb\u0117s valdymas<\/li>\n<li> ISO14001 Aplinkosaugos valdymas<\/li>\n<li> OHSAS18001 Sveikatos ir saugos valdymas<\/li>\n<li> ISO27001 duomen\u0173 saugumas<\/li>\n<\/ul>\n<h2>Santa Fe Perkraustymo paslaugos Atsiliepimai<\/h2>\n<p><strong>Teigiamas<\/strong><\/p>\n<p><em>\"Santa Fe\" turi Berlyno komand\u0105 (<a href=\"https:\/\/moverdb.com\/lt\/moving-to-germany\/\" data-internallinksmanager029f6b8e52c=\"321\" title=\"Persik\u0117limas \u012f Vokietij\u0105? 2023 m. pragyvenimo i\u0161laidos ir persik\u0117limo patarimai\">Vokietija<\/a>), ir jie i\u0161 ties\u0173 priblo\u0161k\u0117 mane savo paslaugomis. Ponas H. Schulzas ir ponia A. Hoenow mano persikraustym\u0105 atliko skland\u017eiai, efektyviai ir visada draugi\u0161kai.\"<\/em> Dot Stein per <a href=\"http:\/\/www.mymovingreviews.com\/movingreviews\/simply-the-best-51520\" target=\"_blank\" rel=\"noopener\">MyMovingReviews<\/a><\/p>\n<p><em>\"Nuo pat proceso prad\u017eios iki pabaigos buvo teikiamos profesionalios ir naudingos paslaugos, o komanda steng\u0117si u\u017etikrinti, kad persikraustymas b\u016bt\u0173 atliktas kokybi\u0161kai.\"<\/em> Linda, Melburnas per <a href=\"http:\/\/www.productreview.com.au\/p\/santa-fe-wridgways.html\" target=\"_blank\" rel=\"noopener\">Produkto ap\u017evalga<\/a><\/p>\n<p><strong>Neigiamas<\/strong><\/p>\n<p><em>\"NENAUDOKITE. \u012emon\u0117, su kuria jie sudar\u0117 sutart\u012f (\"Roy Trevor Removals\"), visi\u0161kai sunaikino mano visi\u0161kai naujas medines grindis ir i\u0161 tikr\u0173j\u0173 band\u0117 kaltinti <a href=\"https:\/\/moverdb.com\/lt\/moving-to-the-united-states\/\" data-internallinksmanager029f6b8e52c=\"94\" title=\"Persik\u0117limas \u012f Jungtines Amerikos Valstijas? 2022 Gyvenimo i\u0161laidos ir persik\u0117limo patarimai\">mus<\/a> u\u017e \u017eal\u0105.\"<\/em> Pamela Rollins per <a href=\"http:\/\/www.mymovingreviews.com\/movingreviews\/horrible-damage-to-floors-51782\" target=\"_blank\" rel=\"noopener\">MyMovingReviews<\/a><\/p>\n<p><em>\"Tai buvo tarptautinis persik\u0117limas i\u0161 PNG \u012f Pert\u0105. 2015 m. spal\u012f buvome susikrov\u0119 daiktus, pra\u0117jo daugiau nei 5 m\u0117nesiai, o mes vis dar neturime vis\u0173 savo daikt\u0173.\" <\/em>Liz per <a href=\"http:\/\/www.productreview.com.au\/p\/santa-fe-wridgways.html\" target=\"_blank\" rel=\"noopener\">Produkto ap\u017evalga<\/a><\/p>\n<div itemprop=\"review\" itemscope itemtype=\"http:\/\/schema.org\/Review\">\n<span itemprop=\"author\" itemscope=\"\" itemtype=\"http:\/\/schema.org\/Organization\"><span itemprop=\"name\">MoverDB.com<\/span><\/span> Internetin\u0117s svetain\u0117s ap\u017evalga <span itemprop=\"itemreviewed\" itemscope=\"\" itemtype=\"http:\/\/schema.org\/Brand\"><span itemprop=\"name\">Santa F\u0117 perk\u0117limo paslaugos<\/span><\/span>:<\/p>\n<ol>\n<li> Ai\u0161ki kontaktin\u0117 informacija svetain\u0117je (\u012fskaitant telefono numer\u012f): <strong>Taip<\/strong><\/li>\n<li> Lengva gauti <a href=\"https:\/\/moverdb.com\/lt\/citatos\/\">tarptautini\u0173 perkraustym\u0173 citatos<\/a>? (internetin\u0117 s\u0105matos u\u017eklausos forma): <strong>Taip<\/strong><\/li>\n<li> Ai\u0161ki informacija svetain\u0117je: <strong>Taip<\/strong>. Itin informatyvi svetain\u0117.<\/li>\n<li> Naryst\u0117 tarptautin\u0117se pripa\u017eintose jud\u0117jimo organizacijose: <strong>Taip<\/strong>, \u017er. pirmiau.<\/li>\n<li> Klient\u0173 s\u0105ra\u0161as ir (arba) ankstesni\u0173 klient\u0173 atsiliepimai: <strong>Taip<\/strong>nors klient\u0173 s\u0105ra\u0161o n\u0117ra, yra daug teigiam\u0173 klient\u0173 atsiliepim\u0173.<\/li>\n<\/ol>\n<div itemprop=\"reviewRating\" itemscope itemtype=\"http:\/\/schema.org\/Rating\"><meta itemprop=\"worstRating\" content = \"0\" \/><meta itemprop=\"bestRating\" content=\"5\" \/><meta itemprop=\"ratingValue\" content=\"5\"><\/div>\n<p><strong>Bendras \u012fvertinimas: 5\/5<\/strong><br \/>\n<strong>Per\u017ei\u016bros data:<\/strong> <span itemprop=\"datePublished\" content=\"2016-05-22\">22\/05\/2016<\/span>\n<\/div>\n<p>Daugiau apie <a href=\"https:\/\/moverdb.com\/lt\/tarptautiniai-perkraustymai\/\">JK perkraustymo \u012fmon\u0117s<\/a> ir m\u016bs\u0173 <a href=\"https:\/\/moverdb.com\/lt\/atsiliepimai\/\">paai\u0161kintas per\u017ei\u016bros procesas<\/a>.<\/p>\n<p><strong>Interneto svetain\u0117:<\/strong> <a href=\"http:\/\/www.santaferelo.com\/\" target=\"_blank\" rel=\"noopener\">http:\/\/www.santaferelo.com\/<\/a><\/p>","protected":false},"excerpt":{"rendered":"<p>Santa Fe Relocation Services is a high-end relocation company. It&#8217;s many removal services are listed below, together with a company profile and customer reviews. Global Mobility Services Global relocation and DSP management worldwide Visa and immigration management Move management for individuals and corporate employees Moving and Storage Services International Moving Domestic and Local Moving Storage [&hellip;]<\/p>\n","protected":false},"author":1,"featured_media":0,"parent":0,"menu_order":0,"comment_status":"closed","ping_status":"closed","template":"","meta":{"_genesis_hide_title":false,"_genesis_hide_breadcrumbs":false,"_genesis_hide_singular_image":false,"_genesis_hide_footer_widgets":false,"_genesis_custom_body_class":"","_genesis_custom_post_class":"","_genesis_layout":"","footnotes":""},"class_list":{"0":"post-347","1":"page","2":"type-page","3":"status-publish","5":"entry"},"_links":{"self":[{"href":"https:\/\/moverdb.com\/lt\/wp-json\/wp\/v2\/pages\/347","targetHints":{"allow":["GET"]}}],"collection":[{"href":"https:\/\/moverdb.com\/lt\/wp-json\/wp\/v2\/pages"}],"about":[{"href":"https:\/\/moverdb.com\/lt\/wp-json\/wp\/v2\/types\/page"}],"author":[{"embeddable":true,"href":"https:\/\/moverdb.com\/lt\/wp-json\/wp\/v2\/users\/1"}],"replies":[{"embeddable":true,"href":"https:\/\/moverdb.com\/lt\/wp-json\/wp\/v2\/comments?post=347"}],"version-history":[{"count":14,"href":"https:\/\/moverdb.com\/lt\/wp-json\/wp\/v2\/pages\/347\/revisions"}],"predecessor-version":[{"id":6235,"href":"https:\/\/moverdb.com\/lt\/wp-json\/wp\/v2\/pages\/347\/revisions\/6235"}],"wp:attachment":[{"href":"https:\/\/moverdb.com\/lt\/wp-json\/wp\/v2\/media?parent=347"}],"curies":[{"name":"wp","href":"https:\/\/api.w.org\/{rel}","templated":true}]}}