{"id":3392,"date":"2019-09-20T11:37:54","date_gmt":"2019-09-20T11:37:54","guid":{"rendered":"https:\/\/moverdb.com\/?page_id=3392"},"modified":"2026-01-08T14:39:59","modified_gmt":"2026-01-08T14:39:59","slug":"international-van-lines","status":"publish","type":"page","link":"https:\/\/moverdb.com\/lt\/international-van-lines\/","title":{"rendered":"\"International Van Lines\" (IVL): Perkraustymo ir perkraustymo ap\u017evalgos"},"content":{"rendered":"<p><img loading=\"lazy\" decoding=\"async\" width=\"700\" height=\"158\" src=\"https:\/\/moverdb.com\/wp-content\/uploads\/International-Van-Lines-Logo.png\" alt=\"&quot;International Van Lines&quot; logotipas\" class=\"aligncenter size-full wp-image-3389\" data-wp-pid=\"3389\" srcset=\"https:\/\/moverdb.com\/wp-content\/uploads\/International-Van-Lines-Logo.png 700w, https:\/\/moverdb.com\/wp-content\/uploads\/International-Van-Lines-Logo-300x68.png 300w, https:\/\/moverdb.com\/wp-content\/uploads\/International-Van-Lines-Logo-600x135.png 600w\" sizes=\"auto, (max-width: 700px) 100vw, 700px\" \/><\/p>\n<p>\"International Van Lines\" - tai 2000 m. \u012fkurta amerikie\u010di\u0173 perve\u017eimo bendrov\u0117, kuri \u0161iuo metu yra viena did\u017eiausi\u0173 <a href=\"https:\/\/moverdb.com\/lt\/moving-companies\/\" data-internallinksmanager029f6b8e52c=\"79\" title=\"Top 25 Tarptautin\u0117s perkraustymo \u012fmon\u0117s internete\">tarptautin\u0117s perkraustymo \u012fmon\u0117s<\/a> pasaulyje. 2017, 2018 ir 2019 m. \"Consumer Advocate\" juos \u012fvertino kaip geriausi\u0105 perkraustymo bendrov\u0119.<\/p>\n<p>\u0160tai keletas j\u0173 teikiam\u0173 paslaug\u0173:<\/p>\n<p><a href=\"https:\/\/moverdb.com\/lt\/konteineriu-kroviniu-gabenimas\/\"><strong>Piln\u0173 konteineri\u0173 krovini\u0173 (FCL) gabenimas<\/strong><\/a><\/p>\n<ul>\n<li> Sausieji konteineriai<\/li>\n<li> Galimi 20\u2032 ir 40\u2032 variantai<\/li>\n<li> Paslauga \"nuo dur\u0173 iki dur\u0173\" arba tiesiogin\u0117 apkrova (pasidaryk pats)<\/li>\n<li> Federalin\u0117s j\u016br\u0173 komisijos i\u0161duota licencija <a href=\"https:\/\/moverdb.com\/lt\/freight-forwarder\/\" data-internallinksmanager029f6b8e52c=\"17\" title=\"Tarptautini\u0173 ekspeditori\u0173 ir NVOCC s\u0105naud\u0173 ir \u012fmoni\u0173 vadovas\">ekspeditorius<\/a>.<\/li>\n<\/ul>\n<p><strong>Krovini\u0173 gabenimas vandenynu<\/strong><\/p>\n<ul>\n<li> Nuo dur\u0173 iki dur\u0173<\/li>\n<li> Durys \u012f <a href=\"https:\/\/moverdb.com\/lt\/top-49-container-ports\/\" data-internallinksmanager029f6b8e52c=\"80\" title=\"49 did\u017eiausi ir labiausiai apkrauti konteineri\u0173 uostai 2025 m.\">Uostas<\/a><\/li>\n<li> Uostas \u012f duris<\/li>\n<li> I\u0161 uosto \u012f uost\u0105<\/li>\n<\/ul>\n<p><strong>Krovini\u0173 ve\u017eimo oro transportu paslaugos<\/strong><\/p>\n<ul>\n<li> Tvarkykite krovini\u0173 gabenim\u0105 oro transportu ir greit\u0105j\u012f gabenim\u0105<\/li>\n<li> Ar kelios siunt\u0173 d\u0117\u017e\u0117s, ar visas nam\u0173 \u016bkis<\/li>\n<li> Si\u016blo paslaugas nuo dur\u0173 iki dur\u0173, nuo dur\u0173 iki terminalo, nuo terminalo iki dur\u0173 arba nuo terminalo iki terminalo<\/li>\n<li> Visi nam\u0173 apyvokos daiktai prie\u0161 pakraunant bus suvynioti \u012f trapi\u0105 pakuot\u0119 ir sud\u0117ti ant pad\u0117kl\u0173.<\/li>\n<li> pasir\u016bpinkite visais muitinei \u012fforminti reikalingais dokumentais.<\/li>\n<\/ul>\n<p><a href=\"https:\/\/moverdb.com\/lt\/automobiliu-transportas-siuntimas\/\"><strong>Automobili\u0173 gabenimas<\/strong><\/a><\/p>\n<ul>\n<li> <a href=\"https:\/\/moverdb.com\/lt\/container-shipping\/\" data-internallinksmanager029f6b8e52c=\"3\" title=\"Tarptautini\u0173 konteineri\u0173 gabenimo tarif\u0173 diagrama: 2026 m. baland\u017eio m\u0117n.\">Konteineri\u0173 gabenimas<\/a><\/li>\n<li> Konsolidavimo paslauga<\/li>\n<li> \u012evyniojimo ir i\u0161ve\u017eimo (RO\/RO)<\/li>\n<li> Muitinio \u012fforminimo dokumentai<\/li>\n<li> Draudimo galimyb\u0117s<\/li>\n<\/ul>\n<p><strong>Tolim\u0173j\u0173 perkraustymo paslaugos<\/strong><\/p>\n<ul>\n<li> Perk\u0117limams, atliekamiems <a href=\"https:\/\/moverdb.com\/lt\/moving-to-the-united-states\/\" data-internallinksmanager029f6b8e52c=\"94\" title=\"Persik\u0117limas \u012f Jungtines Amerikos Valstijas? 2022 Gyvenimo i\u0161laidos ir persik\u0117limo patarimai\">Jungtin\u0117s Amerikos Valstijos<\/a><\/li>\n<li> Pakavimas<\/li>\n<li> Saugykla<\/li>\n<li> Krep\u0161elis<\/li>\n<li> Specializuotos paslaugos<\/li>\n<\/ul>\n<p><strong>Kitos paslaugos<\/strong><\/p>\n<ul>\n<li> \u012emoni\u0173 perk\u0117limas<\/li>\n<li> Biuro perkraustymai<\/li>\n<li> Vyriausyb\u0117s ir kariuomen\u0117s judesiai<\/li>\n<li> Ve\u017e\u0117j\u0173 ir tarpinink\u0173 paslaugos<\/li>\n<\/ul>\n<h2>Bendrov\u0117s \"International Van Lines\" profilis<\/h2>\n<p>\"International Van Lines\" teigia, kad per metus atlieka daugiau nei 10 000 perkraustym\u0173, o skund\u0173 skai\u010dius yra ma\u017eesnis nei 1%. Jos veikla apima visas Jungtines Amerikos Valstijas ir daugiau kaip 180 \u0161ali\u0173. Tarptautini\u0173 perkraustym\u0173 versle jie dirba nuo 2000 m., o 2004 m. prad\u0117jo si\u016blyti ir vietinius tolimus perkraustymus. \u0160iuo metu juose dirba daugiau kaip 200 \u017emoni\u0173, o 2012 m. jie buvo \u012ftraukti \u012f INC 5000 spar\u010diausiai augan\u010di\u0173 JAV \u012fmoni\u0173 s\u0105ra\u0161\u0105. <\/p>\n<p>\"International Van Lines\" taip pat turi puiki\u0173 atsiliepim\u0173 i\u0161 <a href=\"https:\/\/uk.trustpilot.com\/review\/www.internationalvanlines.com\" rel=\"noopener noreferrer\" target=\"_blank\">\"Trustpilot\"<\/a> (4,3 i\u0161 5), <a href=\"https:\/\/www.move.org\/international-van-lines-review\/\" rel=\"noopener noreferrer\" target=\"_blank\">Move.org<\/a> (4,7 i\u0161 5) ir <a href=\"https:\/\/www.consumeraffairs.com\/homeowners\/international-van-lines.html\" rel=\"noopener noreferrer\" target=\"_blank\">Vartotoj\u0173 reikalai<\/a> (4 i\u0161 5). Tod\u0117l jei persikeliate \u012f JAV arba i\u0161 JAV, verta i\u0161 j\u0173 gauti pasi\u016blym\u0105.<\/p>\n<p>Jie yra akredituoti kaip:<\/p>\n<ul>\n<li> Licencijuota <a href=\"https:\/\/safer.fmcsa.dot.gov\/query.asp?searchtype=ANY&#038;query_type=queryCarrierSnapshot&#038;query_param=USDOT&#038;query_string=2293832\" rel=\"noopener noreferrer\" target=\"_blank\">DOT ve\u017e\u0117jas<\/a><\/li>\n<li> <a href=\"https:\/\/moverdb.com\/lt\/ekspeditorius\/\">NVOCC<\/a> (bendrojo ve\u017e\u0117jo, nevykdan\u010dio ve\u017eimo laivais veiklos) licencija<\/li>\n<li> FMC (Federalin\u0117 j\u016br\u0173 komisija) <\/li>\n<li> <a href=\"https:\/\/moverdb.com\/lt\/ratlankio-remelis\/\">\"ProMover\"<\/a><\/li>\n<\/ul>\n<h2>\"International Van Lines\" atsiliepimai<\/h2>\n<p><strong>Teigiamas:<\/strong><\/p>\n<ul>\n<li> <em>\"IVL puikiai atliko mano tolimojo perkraustymo darb\u0105. \u012egula atvyko laiku, gerai supakavo daiktus ir padar\u0117 tai, k\u0105 \u017ead\u0117jo. Jei prireikt\u0173, v\u0117l jais naudo\u010diausi.\"<\/em> - Martha B. per \u012fmon\u0117s svetain\u0119<\/li>\n<li> <em>\"Neseniai \"International Van Lines\" pristat\u0117 mano daiktus. Po patikrinimo nepatyriau joki\u0173 pa\u017eeidim\u0173 ar nuostoli\u0173, o tai yra puiku.\"<\/em> - IVY Powers per Move.org <\/li>\n<li> <em>\"Buvau patenkintas patirtimi su IVL ir svars\u010diau apie juos, jei tekt\u0173 si\u0173sti arba persikelti \u012f u\u017esien\u012f.\"<\/em> - Jeffas per vartotoj\u0173 reikalus<\/li>\n<li> <em>\"Apskritai mano patirtis buvo puiki! Jei prireikt\u0173, dirb\u010diau su jais dar kart\u0105.\"<\/em> - Sade per Trustpliot<\/li>\n<\/ul>\n<p><strong>Neigiamas:<\/strong><\/p>\n<ul>\n<li> <em>\"Esu labai nusivyl\u0119s ir niekada niekam nerekomenduo\u010diau \"International Van Lines\".\"<\/em> - Ezeibe per Trustpilot<\/li>\n<li> <em>\"Jie prarado kilim\u0105 ir kitus daiktus.\"<\/em> - Maritini Dog per Move.org<\/li>\n<li> <em>\"Blogas nesusikalb\u0117jimas d\u0117l priekinio galo apie tai, kada jie ketino i\u0161 tikr\u0173j\u0173 perkelti m\u016bs\u0173 daiktus \u012f m\u016bs\u0173 nauj\u0105 nam\u0105\"<\/em> - Erin per vartotoj\u0173 reikal\u0173 tarnyb\u0105<\/li>\n<\/ul>\n<div itemprop=\"review\" itemscope itemtype=\"http:\/\/schema.org\/Review\">\n<span itemprop=\"author\" itemscope=\"\" itemtype=\"http:\/\/schema.org\/Organization\"><span itemprop=\"name\">MoverDB.com<\/span><\/span> Internetin\u0117s svetain\u0117s ap\u017evalga <span itemprop=\"itemreviewed\" itemscope=\"\" itemtype=\"http:\/\/schema.org\/Brand\"><span itemprop=\"name\">Tarptautin\u0117s furgon\u0173 linijos<\/span><\/span>:<\/p>\n<ol>\n<li> Ai\u0161ki kontaktin\u0117 informacija svetain\u0117je (\u012fskaitant telefono numer\u012f): <strong>Taip<\/strong><\/li>\n<li> Lengva gauti <a href=\"https:\/\/moverdb.com\/lt\/citatos\/\">tarptautin\u0117s judan\u010dios citatos<\/a>? (internetin\u0117 s\u0105matos u\u017eklausos forma): <strong>Taip<\/strong><\/li>\n<li> Ai\u0161ki informacija svetain\u0117je: <strong>Taip.<\/strong> Svetain\u0117je ai\u0161kiai i\u0161d\u0117stytos visos \u012fmon\u0117s teikiamos paslaugos.<\/li>\n<li> Naryst\u0117 tarptautin\u0117se pripa\u017eintose jud\u0117jimo organizacijose: <strong>Taip<\/strong>, (\u017er. pirmiau)<\/li>\n<li> Klient\u0173 s\u0105ra\u0161as ir (arba) ankstesni\u0173 klient\u0173 atsiliepimai. <strong>Taip,<\/strong> Turi internetini\u0173 atsiliepim\u0173 savo svetain\u0117je ir daug teigiam\u0173 atsiliepim\u0173 internete.<\/li>\n<\/ol>\n<div itemprop=\"reviewRating\" itemscope itemtype=\"http:\/\/schema.org\/Rating\"><meta itemprop=\"worstRating\" content = \"0\" \/><meta itemprop=\"bestRating\" content=\"5\" \/><meta itemprop=\"ratingValue\" content=\"5\"><\/div>\n<p><strong>Bendras \u012fvertinimas: 5\/5<\/strong><br \/>\n<strong>Per\u017ei\u016bros data:<\/strong> <span itemprop=\"datePublished\" content=\"2019-09-20\">20\/09\/2019<\/span>\n<\/div>\n<p>Skaitykite daugiau apie <a href=\"https:\/\/moverdb.com\/lt\/juda-imones\/\">tarptautin\u0117s perkraustymo \u012fmon\u0117s<\/a>, <a href=\"https:\/\/moverdb.com\/lt\/us-kanada-persikraustymo-paslaugos\/\">vidaus jud\u0117jimo \u012fmon\u0117s<\/a> ir m\u016bs\u0173 <a href=\"https:\/\/moverdb.com\/lt\/atsiliepimai\/\">paai\u0161kintas per\u017ei\u016bros procesas<\/a>.<\/p>\n<p><strong>Interneto svetain\u0117:<\/strong> <a href=\"https:\/\/internationalvanlines.com\/\" target=\"_blank\" rel=\"noopener noreferrer\">https:\/\/internationalvanlines.com\/<\/a><\/p>","protected":false},"excerpt":{"rendered":"<p>International Van Lines is an American based mover founded in 2000 and is now one the largest international moving companies in the world. They have been rated as The Best Moving Company by Consumer Advocate in 2017, 2018 and 2019. Here are some of the services they provide: Full Container Load (FCL) Shipping Dry Containers [&hellip;]<\/p>\n","protected":false},"author":1,"featured_media":0,"parent":0,"menu_order":0,"comment_status":"closed","ping_status":"closed","template":"","meta":{"_genesis_hide_title":false,"_genesis_hide_breadcrumbs":false,"_genesis_hide_singular_image":false,"_genesis_hide_footer_widgets":false,"_genesis_custom_body_class":"","_genesis_custom_post_class":"","_genesis_layout":"","footnotes":""},"class_list":{"0":"post-3392","1":"page","2":"type-page","3":"status-publish","5":"entry","6":"has-post-thumbnail"},"_links":{"self":[{"href":"https:\/\/moverdb.com\/lt\/wp-json\/wp\/v2\/pages\/3392","targetHints":{"allow":["GET"]}}],"collection":[{"href":"https:\/\/moverdb.com\/lt\/wp-json\/wp\/v2\/pages"}],"about":[{"href":"https:\/\/moverdb.com\/lt\/wp-json\/wp\/v2\/types\/page"}],"author":[{"embeddable":true,"href":"https:\/\/moverdb.com\/lt\/wp-json\/wp\/v2\/users\/1"}],"replies":[{"embeddable":true,"href":"https:\/\/moverdb.com\/lt\/wp-json\/wp\/v2\/comments?post=3392"}],"version-history":[{"count":3,"href":"https:\/\/moverdb.com\/lt\/wp-json\/wp\/v2\/pages\/3392\/revisions"}],"predecessor-version":[{"id":3396,"href":"https:\/\/moverdb.com\/lt\/wp-json\/wp\/v2\/pages\/3392\/revisions\/3396"}],"wp:attachment":[{"href":"https:\/\/moverdb.com\/lt\/wp-json\/wp\/v2\/media?parent=3392"}],"curies":[{"name":"wp","href":"https:\/\/api.w.org\/{rel}","templated":true}]}}