{"id":320,"date":"2016-05-17T21:20:57","date_gmt":"2016-05-17T21:20:57","guid":{"rendered":"http:\/\/moverdb.com\/?page_id=320"},"modified":"2026-01-08T14:40:08","modified_gmt":"2026-01-08T14:40:08","slug":"matthew-james","status":"publish","type":"page","link":"https:\/\/moverdb.com\/lt\/matthew-james\/","title":{"rendered":"Matthew James Global Relocations"},"content":{"rendered":"<p>\"Matthew James Global Relocations\" yra privati \u012fmon\u0117, teikianti daugyb\u0119 paslaug\u0173 asmenims ir \u012fmon\u0117ms, persikelian\u010dioms \u012f u\u017esien\u012f ir vietos lygmeniu. Toliau pateikiamas paslaug\u0173 s\u0105ra\u0161as, \u012fmon\u0117s profilis ir atsiliepimai.<\/p>\n<p><strong>Tarptautiniai perk\u0117limai<\/strong><\/p>\n<ul>\n<li> Visapusi\u0161kas aptarnavimas nuo dur\u0173 iki dur\u0173<\/li>\n<li> Eksporto pakavimo ir pakavimo paslaugos<\/li>\n<li> I\u0161pakavimo ir surinkimo paslaugos<\/li>\n<li> <a href=\"https:\/\/moverdb.com\/lt\/container-shipping\/\" data-internallinksmanager029f6b8e52c=\"3\" title=\"Tarptautini\u0173 konteineri\u0173 gabenimo tarif\u0173 diagrama: 2026 m. baland\u017eio m\u0117n.\">Tarptautinis pristatymas<\/a> inventorius<\/li>\n<li> Specialiosios ir grupin\u0117s siuntos<\/li>\n<li> Muitinio \u012fforminimo pagalba<\/li>\n<li> Nestabili\u0173 ir subtili\u0173 daikt\u0173 \u012fpakavimas pagal u\u017esakym\u0105<\/li>\n<li> Tarptautinis giliavandeni\u0173 laiv\u0173 draudimas<\/li>\n<li> Bendroji draudimo apsauga<\/li>\n<\/ul>\n<p><strong>Perk\u0117limas \u012f Europ\u0105<\/strong><\/p>\n<ul>\n<li> Visapusi\u0161kas aptarnavimas nuo dur\u0173 iki dur\u0173<\/li>\n<li> Pakavimas, pakavimas ir i\u0161pakavimas<\/li>\n<li> <a href=\"https:\/\/moverdb.com\/lt\/automobiliu-transportas-siuntimas\/\">Transporto priemon\u0117<\/a>, val\u010di\u0173 ir dvira\u010di\u0173 transportas<\/li>\n<li> Sutvarkytas draudimas<\/li>\n<\/ul>\n<p><strong>Vidaus perkraustymai<\/strong><\/p>\n<ul>\n<li> Visapusi\u0161kas aptarnavimas nuo dur\u0173 iki dur\u0173<\/li>\n<li> Pakavimas, pakavimas ir i\u0161pakavimas<\/li>\n<li> Automati\u0161kai apdrausta iki 50 000 svar\u0173 sterling\u0173<\/li>\n<\/ul>\n<p><strong>Saugojimas Londone ir <a href=\"https:\/\/moverdb.com\/lt\/moving-to-spain\/\" data-internallinksmanager029f6b8e52c=\"266\" title=\"Persik\u0117limas \u012f Ispanij\u0105? 2023 m. pragyvenimo i\u0161laidos ir persik\u0117limo patarimai\">Ispanija<\/a><\/strong><\/p>\n<ul>\n<li> Sand\u0117liavimas konteineriuose<\/li>\n<li> Savaranki\u0161kas saugojimas<\/li>\n<li> Archyvo saugykla<\/li>\n<\/ul>\n<h2>Matthew James Bendrov\u0117s profilis<\/h2>\n<p>\"Matthew James Global Relocations\" jau trys kartos perkelia \u017emones visame pasaulyje. Per patikim\u0105 pasaulin\u0119 partneryst\u0119 ji apr\u0117pia daugiau kaip 25 000 viet\u0173 daugiau kaip 300 \u0161ali\u0173. \u012emon\u0117 specializuojasi perkraustymo \u012f Ispanij\u0105 srityje ir turi tris biurus \u0161ioje \u0161alyje.<\/p>\n<p>Dabartinis generalinis direktorius Matthew De-Machenas nuo pat vaikyst\u0117s m\u0117go sunkve\u017eimius ir tai buvo integruota \u012f \u012fmon\u0117s veikl\u0105. <\/p>\n<p>\u012emon\u0117 i\u0161gars\u0117jo d\u0117l auk\u0161tos kokyb\u0117s pritaikyt\u0173 transporto priemoni\u0173, galima \u012fsigyti net transporto priemoni\u0173 modeli\u0173. Matthew De-Macheno aistra tobulinti sunkve\u017eimius persik\u0117l\u0117 \u012f Matthew James \u012fmon\u0119, kuri teigia, kad tik tobulumas yra tobulas.<\/p>\n<p>Matthew James Relocation Services priklausomyb\u0117 ir akreditacijos:<\/p>\n<ul>\n<li> <a href=\"https:\/\/moverdb.com\/lt\/britu-salintoju-asociacija\/\">Did\u017eiosios Britanijos perkraustytoj\u0173 asociacija (BAR)<\/a><\/li>\n<li> <a href=\"https:\/\/moverdb.com\/lt\/esu\/\">Tarptautin\u0117 perve\u017e\u0117j\u0173 asociacija (IAM)<\/a><\/li>\n<li> <a href=\"https:\/\/moverdb.com\/lt\/baras-uzjuris\/\">Brit\u0173 perkraustytoj\u0173 asociacija - tarptautinis asocijuotas narys<\/a><\/li>\n<li> QAS International<\/li>\n<li> <a href=\"https:\/\/moverdb.com\/lt\/fedemac\/\">\"Fedemac European Movers<\/a><\/li>\n<li> Transporto priemoni\u0173 parko operatori\u0173 pripa\u017einimo sistema (FORS) - auksinis<\/li>\n<li> U\u017etikrintos kokyb\u0117s paslaug\u0173 standartas - bald\u0173 perkraustymo veikla ir perkraustymo \u012f u\u017esien\u012f paslaugos<\/li>\n<li> Prekybos standart\u0173 institutas (TSI)<\/li>\n<\/ul>\n<h2>Matthew James Relocation Atsiliepimai<\/h2>\n<p><strong>Teigiamas<\/strong><\/p>\n<ul>\n<li> <em>\"Labai mandag\u016bs abiejuose perk\u0117limo etapuose. Atrodo, kad visi m\u016bs\u0173 daiktai i\u0161gyveno kelion\u0119\"<\/em> - per <a href=\"http:\/\/www.referenceline.com\/removers_removals-in-dartford-matthewjamesremovalsstorageltd-14758\" target=\"_blank\" rel=\"noopener\">Nuoroda<\/a>.<\/li>\n<li> <em>\"profesionalus, mandagus, efektyvus, linksmas\"<\/em> - per <a href=\"https:\/\/www.trustedmover.org\/questionnaire\/7167\" target=\"_blank\" rel=\"noopener\">Patikimas perve\u017e\u0117jas<\/a><\/li>\n<li> <em>\"Galiu tik pagirti nuostab\u0173 \"Mathew James\" darbuotoj\u0173 elges\u012f su mano persikraustymu, pradedant pradine konsultacija, pasi\u016blymu, pakavimu ir baigiant pristatymu.\"<\/em> - per <a href=\"http:\/\/www.reviews.co.uk\/company-reviews\/store\/matthew-james-removals\" target=\"_blank\" rel=\"noopener\">Atsiliepimai.co.uk<\/a><\/li>\n<\/ul>\n<p><strong>Neigiamas<\/strong><\/p>\n<ul>\n<li> <em>\"Visi\u0161ka nepagarba klientams ir absoliutus nesir\u016bpinimas.\"<\/em> - per <a href=\"https:\/\/www.yell.com\/biz\/matthew-james-removals-and-storage-dartford-8459632\/\" target=\"_blank\" rel=\"noopener\">Skambutis<\/a><\/li>\n<\/ul>\n<div itemprop=\"review\" itemscope itemtype=\"http:\/\/schema.org\/Review\">\n<span itemprop=\"author\" itemscope=\"\" itemtype=\"http:\/\/schema.org\/Organization\"><span itemprop=\"name\">MoverDB.com<\/span><\/span> Internetin\u0117s svetain\u0117s ap\u017evalga <span itemprop=\"itemreviewed\" itemscope=\"\" itemtype=\"http:\/\/schema.org\/Brand\"><span itemprop=\"name\">Matthew James Removals<\/span><\/span>:<\/p>\n<ol>\n<li> Ai\u0161ki kontaktin\u0117 informacija svetain\u0117je (\u012fskaitant telefono numer\u012f): <strong>Taip<\/strong><\/li>\n<li> Lengva gauti <a href=\"https:\/\/moverdb.com\/lt\/citatos\/\">tarptautini\u0173 perkraustym\u0173 citatos<\/a>? (internetin\u0117 s\u0105matos u\u017eklausos forma): <strong>Taip<\/strong><\/li>\n<li> Ai\u0161ki informacija svetain\u0117je: <strong>I\u0161 dalies.<\/strong> Svetain\u0117je n\u0117ra daug naudingos informacijos, tod\u0117l si\u016bloma susisiekti su \u012fmone ir gauti i\u0161samesn\u0117s informacijos.<\/li>\n<li> Naryst\u0117 tarptautin\u0117se pripa\u017eintose jud\u0117jimo organizacijose: <strong>Taip<\/strong>, \u017er. pirmiau.<\/li>\n<li> Klient\u0173 s\u0105ra\u0161as ir (arba) ankstesni\u0173 klient\u0173 atsiliepimai: <strong>I\u0161 dalies.<\/strong> Svetain\u0117je n\u0117ra klient\u0173 s\u0105ra\u0161o, ta\u010diau esate nukreipiami \u012f \"ReferenceLine\", kur galite per\u017ei\u016br\u0117ti atsiliepimus.<\/li>\n<\/ol>\n<div itemprop=\"reviewRating\" itemscope itemtype=\"http:\/\/schema.org\/Rating\"><meta itemprop=\"worstRating\" content = \"0\" \/><meta itemprop=\"bestRating\" content=\"5\" \/><meta itemprop=\"ratingValue\" content=\"4.5\"><\/div>\n<p><strong>Bendras \u012fvertinimas: 4,5\/5<\/strong><br \/>\n<strong>Per\u017ei\u016bros data:<\/strong> <span itemprop=\"datePublished\" content=\"2016-05-017\">17\/05\/2016<\/span><\/p>\n<\/div>\n<p>Daugiau apie <a href=\"https:\/\/moverdb.com\/lt\/tarptautiniai-perkraustymai\/\">JK perkraustymo \u012fmon\u0117s<\/a> ir m\u016bs\u0173 <a href=\"https:\/\/moverdb.com\/lt\/atsiliepimai\/\">paai\u0161kintas per\u017ei\u016bros procesas<\/a>.<\/p>\n<p><strong>Interneto svetain\u0117:<\/strong> <a href=\"http:\/\/www.matthewjamesremovals.com\/\" target=\"_blank\" rel=\"noopener\">http:\/\/www.matthewjamesremovals.com\/<\/a><\/p>","protected":false},"excerpt":{"rendered":"<p>Matthew James Global Relocations is a privately owned company which offers many services for individuals and companies moving abroad and locally. Its services are listed below, together with a company profile and reviews. International Relocations Complete door to door service Export packing and wrapping services Unpacking and reassembly services International shipping inventory Dedicated and Groupage [&hellip;]<\/p>\n","protected":false},"author":1,"featured_media":0,"parent":0,"menu_order":0,"comment_status":"closed","ping_status":"closed","template":"","meta":{"_genesis_hide_title":false,"_genesis_hide_breadcrumbs":false,"_genesis_hide_singular_image":false,"_genesis_hide_footer_widgets":false,"_genesis_custom_body_class":"","_genesis_custom_post_class":"","_genesis_layout":"","footnotes":""},"class_list":{"0":"post-320","1":"page","2":"type-page","3":"status-publish","5":"entry"},"_links":{"self":[{"href":"https:\/\/moverdb.com\/lt\/wp-json\/wp\/v2\/pages\/320","targetHints":{"allow":["GET"]}}],"collection":[{"href":"https:\/\/moverdb.com\/lt\/wp-json\/wp\/v2\/pages"}],"about":[{"href":"https:\/\/moverdb.com\/lt\/wp-json\/wp\/v2\/types\/page"}],"author":[{"embeddable":true,"href":"https:\/\/moverdb.com\/lt\/wp-json\/wp\/v2\/users\/1"}],"replies":[{"embeddable":true,"href":"https:\/\/moverdb.com\/lt\/wp-json\/wp\/v2\/comments?post=320"}],"version-history":[{"count":12,"href":"https:\/\/moverdb.com\/lt\/wp-json\/wp\/v2\/pages\/320\/revisions"}],"predecessor-version":[{"id":13173,"href":"https:\/\/moverdb.com\/lt\/wp-json\/wp\/v2\/pages\/320\/revisions\/13173"}],"wp:attachment":[{"href":"https:\/\/moverdb.com\/lt\/wp-json\/wp\/v2\/media?parent=320"}],"curies":[{"name":"wp","href":"https:\/\/api.w.org\/{rel}","templated":true}]}}