{"id":2804,"date":"2018-05-18T20:05:25","date_gmt":"2018-05-18T20:05:25","guid":{"rendered":"https:\/\/moverdb.com\/?page_id=2804"},"modified":"2026-01-08T14:48:10","modified_gmt":"2026-01-08T14:48:10","slug":"duomenu-apdorojimo-politika","status":"publish","type":"page","link":"https:\/\/moverdb.com\/lt\/data-processing-policy\/","title":{"rendered":"Duomen\u0173 tvarkymo politika"},"content":{"rendered":"<p>\u0160ioje duomen\u0173 tvarkymo politikoje paprasta angl\u0173 kalba paai\u0161kinama, kaip MoverDB.com tvarko duomenis, kad gal\u0117tum\u0117te priimti pagr\u012fst\u0105 sprendim\u0105, ar norite naudotis m\u016bs\u0173 paslaugomis, ar ne. J\u0105 suk\u016br\u0117me reaguodami \u012f BDAR. Tai paprasta angl\u0173 kalba pateiktas i\u0161samus m\u016bs\u0173 <a href=\"https:\/\/moverdb.com\/lt\/privatumo-politika\/\">Privatumo politika<\/a> ir <a href=\"https:\/\/moverdb.com\/lt\/naudojimo-salygos\/\">Taisykl\u0117s ir s\u0105lygos<\/a>.<\/p>\n<p>MoverDB.com yra nemokama svetain\u0117, ir norint ja naudotis, nereikia registruotis ir (arba) \u012fvesti joki\u0173 asmenini\u0173 duomen\u0173. Vis\u0105 informacij\u0105 nemokamai gali gauti bet kuris asmuo.<\/p>\n<p>Ta\u010diau aktyviai ir pasyviai renkame ir tvarkome duomenis, apie kuriuos, manome, tur\u0117tum\u0117te \u017einoti. Visi svetain\u0117s puslapiai ir duomenys siun\u010diami naudojant saugi\u0105 SSL technologij\u0105.<\/p>\n<p>Visa m\u016bs\u0173 aktyvi duomen\u0173 tvarkymo veikla (\u017er. toliau) vykdoma <strong>sutikimo pagrindas<\/strong> ir m\u016bs\u0173 pasyvaus duomen\u0173 tvarkymo veikla (\u017er. toliau) vykdoma <strong>teis\u0117to intereso pagrindas<\/strong>. <\/p>\n<p>MoverDB.com apdoroja keli\u0173 tip\u0173 duomenis keliais skirtingais tikslais, naudodamasis keli\u0173 tre\u010di\u0173j\u0173 \u0161ali\u0173 partneriais ir platformomis.<\/p>\n<p><strong>Aktyvi duomen\u0173 tvarkymo veikla <\/strong><\/p>\n<p>Pagrindin\u0117 m\u016bs\u0173 duomen\u0173 tvarkymo veikla - pad\u0117ti \u017emon\u0117ms gauti tarptautinio persik\u0117limo \u012fkainius teikiant nemokam\u0105 ir ne\u012fpareigojan\u010di\u0105 citat\u0173 paslaug\u0105. Ji skirta naudotis asmenims tiek ES, tiek u\u017e jos rib\u0173.<\/p>\n<p>Taip pat tur\u0117kite omenyje, kad MoverDB.com pati neteikia citat\u0173, o bendradarbiauja su <a href=\"https:\/\/moverdb.com\/lt\/international-removals\/\" data-internallinksmanager029f6b8e52c=\"27\" title=\"36 geriausios tarptautinio perkraustymo \u012fmon\u0117s Jungtin\u0117je Karalyst\u0117je\">Tarptautinis perkraustymas<\/a> Direct\", \"TriGlobal B.V.\" ir \"MyMovingLoads\", kad pateikt\u0173 pasi\u016blymus. Kiekviena i\u0161 j\u0173 savo ruo\u017etu dirba tiesiogiai su savo <a href=\"https:\/\/moverdb.com\/lt\/moving-companies\/\" data-internallinksmanager029f6b8e52c=\"79\" title=\"Top 25 Tarptautin\u0117s perkraustymo \u012fmon\u0117s internete\">perkraustymo \u012fmon\u0117s<\/a>. <\/p>\n<p>Tod\u0117l veikiame ir kaip duomen\u0173 valdytojas (nes siun\u010diame jiems duomenis), ir kaip duomen\u0173 tvarkytojas (nes jie informuoja, koki\u0173 duomen\u0173 jiems reikia, ir nusprend\u017eia, kaip juos tvarkyti). Visi duomenys, kuriuos renkame j\u0173 vardu, reikalingi tam, kad pad\u0117tume atrinkti jums tinkamus tiek\u0117jus. Jei pageidaujate nesidalyti tam tikra informacija, galite laisvai tai daryti ir vis tiek galite rasti bendr\u0173 <a href=\"https:\/\/moverdb.com\/lt\/konteineriu-kroviniu-gabenimas\/\">kainodaros informacija \u010dia<\/a>.<\/p>\n<p>Tai, su kuria \u012fmone susitarsite d\u0117l j\u016bs\u0173 duomen\u0173 tvarkymo, priklausys nuo to, koki\u0105 form\u0105 naudojate ir i\u0161 kur persikeliate.  <\/p>\n<p><strong>Pagrindin\u0117 forma (puslapio vir\u0161uje)<\/strong><\/p>\n<p>M\u016bs\u0173 pagrindin\u0117 forma atrodo taip:<\/p>\n<p><img loading=\"lazy\" decoding=\"async\" width=\"833\" height=\"365\" src=\"https:\/\/moverdb.com\/wp-content\/uploads\/Top-page-form.png\" alt=\"\" class=\"aligncenter size-full wp-image-3236\" srcset=\"https:\/\/moverdb.com\/wp-content\/uploads\/Top-page-form.png 833w, https:\/\/moverdb.com\/wp-content\/uploads\/Top-page-form-300x131.png 300w\" sizes=\"auto, (max-width: 833px) 100vw, 833px\" \/><\/p>\n<p>Mes patys renkame \u0161ios formos duomenis ir tada nusprend\u017eiame, kur jie bus siun\u010diami.  <\/p>\n<p>\u010cia pateikiami renkami duomenys ir j\u0173 rinkimo prie\u017eastys:<\/p>\n<ul>\n<li> Kur persikeliate: Tai padeda gauti tikslias citatas ir filtruoja potencialias perkraustymo \u012fmones.<\/li>\n<li> Dabartinis adresas\/pa\u0161to indeksas\/pa\u0161to indeksas\/miestas\/\u0161alis: Tai padeda gauti tikslias citatas ir filtruoja potencialias perkraustymo \u012fmones.<\/li>\n<li> \u012e kok\u012f miest\u0105 persikeliate: Tai padeda gauti tikslias citatas ir filtruoja potencialias perkraustymo \u012fmones.<\/li>\n<li> Numatomas perkraustymo dydis: tai padeda gauti tikslias citatas ir filtruoti galimas perkraustymo \u012fmones.<\/li>\n<li> Siun\u010diami daiktai: Tai padeda gauti tikslias kainas, atsirinkti potencialias perkraustymo \u012fmones ir u\u017etikrinti, kad nebandote gabenti nieko nelegalaus.<\/li>\n<li> Numatoma persik\u0117limo data: Tai padeda gauti tikslias kainas, taip pat \u017einokite, kad dauguma \u012fmoni\u0173 negali pateikti kain\u0173 u\u017e jud\u0117jim\u0105 daugiau nei prie\u0161 3 m\u0117nesius.<\/li>\n<li> J\u016bs\u0173 vardas ir pavard\u0117: Kad \u012fmon\u0117s \u017einot\u0173, su kuo bendrauja.<\/li>\n<li> J\u016bs\u0173 el. pa\u0161to adresas: El. pa\u0161to adresas: Kur gali b\u016bti siun\u010diamos citatos ir b\u016bdas susisiekti su jumis d\u0117l j\u016bs\u0173 u\u017eklausos.<\/li>\n<li> J\u016bs\u0173 telefono numeris: Telefono numeris: reikalingas tam, kad \u012fmon\u0117s gal\u0117t\u0173 su jumis susisiekti d\u0117l j\u016bs\u0173 pasi\u016blymo.<\/li>\n<\/ul>\n<p>\u012evedus visus duomenis ir pateikus form\u0105, bus atliekami \u0161ie veiksmai:<\/p>\n<ul>\n<li> Pamatysite m\u016bs\u0173 pad\u0117kos prane\u0161im\u0105, kuriame taip pat yra \u012frankis i\u0161 <a href=\"https:\/\/moverdb.com\/lt\/international-money-transfer-services\/currencies-direct-review\/\" data-internallinksmanager029f6b8e52c=\"237\" title=\"Valiutos Tiesioginis tarptautinis pinig\u0173 pervedimas 2023 m. ap\u017evalga\">Valiutos tiesiogiai<\/a> kuri gali pad\u0117ti i\u0161siai\u0161kinti, kaip i\u0161sikeisti u\u017esienio valiut\u0105.<\/li>\n<li> Formos duomenys per saug\u0173 SSL Webhook siun\u010diami \u012f Zapier.com, kuris padeda <a href=\"https:\/\/moverdb.com\/lt\/moving-to-the-united-states\/\" data-internallinksmanager029f6b8e52c=\"94\" title=\"Persik\u0117limas \u012f Jungtines Amerikos Valstijas? 2022 Gyvenimo i\u0161laidos ir persik\u0117limo patarimai\">mus<\/a> apdoroti duomenis naudojant vadinam\u0105j\u012f \"Zap\".<\/li>\n<li> Kai \"Zapier.com\" gauna duomenis, \"Zap\" filtruoja visus surinktus duomenis \u012f \"International Removals Direct\" (perkraustymas i\u0161 <a href=\"https:\/\/moverdb.com\/lt\/moving-to-the-uk\/\" data-internallinksmanager029f6b8e52c=\"93\" title=\"Persik\u0117limas \u012f Jungtin\u0119 Karalyst\u0119? 2022 Gyvenimo i\u0161laidos ir persikraustymo patarimai\">JK<\/a>) arba \"TriGlobal B.V.\" (i\u0161 bet kurios kitos pasaulio vietos) per saug\u0173 SSL interneto ry\u0161\u012f. Tada jie patikrins j\u016bs\u0173 duomenis ir i\u0161si\u0173s j\u016bs\u0173 u\u017eklaus\u0105 ne daugiau kaip 6 atitinkamoms perkraustymo \u012fmon\u0117ms, kurios savo ruo\u017etu gali susisiekti su jumis telefonu ir (arba) el. pa\u0161tu. J\u016bs neprivalote nieko pirkti ir galite prane\u0161ti joms, kad nenorite t\u0119sti proced\u016bros. Be to, galite papra\u0161yti at\u0161aukti savo u\u017eklaus\u0105 naudodamiesi m\u016bs\u0173 <a href=\"https:\/\/moverdb.com\/lt\/susisiekite-su-mumis\/\">kontaktin\u0117 forma<\/a>.<\/li>\n<li> I\u0161siuntus duomenis, \"Zap\" i\u0161si\u0173s formoje \u012fvest\u0105 el. pa\u0161to adres\u0105 \u012f \"Mailchimp\" per \"Zapier\" integracij\u0105. Tuomet bus paleistas automatinis el. lai\u0161kas, kuriame bus patvirtinta u\u017eklausa ir dar kart\u0105 paai\u0161kinta, ko tik\u0117tis. Po to, pra\u0117jus ma\u017edaug 5 dienoms po u\u017eklausos, bus i\u0161si\u0173stas 1 tolesnis el. lai\u0161kas, kuriame bus pateikta daugiau informacijos apie pinig\u0173 perk\u0117lim\u0105 \u012f u\u017esien\u012f kartu su prek\u0117mis. Tai siun\u010diama, nes pasteb\u0117jome, kad daugelis \u017emoni\u0173 yra sutrik\u0119 d\u0117l \u012fvairi\u0173 galimybi\u0173, kai reikia si\u0173sti pinigus \u012f u\u017esien\u012f. Galite lengvai atsisakyti vis\u0173 el. lai\u0161k\u0173, paspaud\u0119 kiekvieno el. lai\u0161ko vir\u0161uje arba apa\u010dioje esan\u010di\u0105 atsisakymo nuorod\u0105, kuri at\u0161auks visus b\u016bsimus el. lai\u0161kus. Be to, bent kart\u0105 per metus reguliariai triname el. lai\u0161kus.<\/li>\n<li> \u0160iame etape \"Zap\" yra baigtas ir \"Zapier\" automati\u0161kai i\u0161trins visus duomenis per 90 dien\u0173. Tai suteikia mums laiko pad\u0117ti i\u0161spr\u0119sti visas problemas, ta\u010diau duomenys n\u0117ra saugomi ilgiau nei b\u016btina.<\/li>\n<li> J\u016bs\u0173 el. pa\u0161to adres\u0105 (ir nieko daugiau) i\u0161saugosime iki 1 met\u0173 per \"Mailchimp\".<\/li>\n<li> \"International Removals Direct\" ir \"TriGlobal B.V.\" saugos informacij\u0105 tiek laiko, kiek to reikalauja j\u0173 vidaus politika. Jei turite koki\u0173 nors abejoni\u0173 d\u0117l j\u0173 turim\u0173 duomen\u0173, susisiekite su mumis ir mes pasistengsime pad\u0117ti.<\/li>\n<\/ul>\n<p><strong>Antrin\u0117 forma #1 (puslapio vidurys)<\/strong><\/p>\n<p>M\u016bs\u0173 antrin\u0117 forma #1 atrodo taip.<\/p>\n<p><img loading=\"lazy\" decoding=\"async\" width=\"907\" height=\"512\" src=\"https:\/\/moverdb.com\/wp-content\/uploads\/bottom-page-form.png\" alt=\"\" class=\"aligncenter size-full wp-image-3235\" srcset=\"https:\/\/moverdb.com\/wp-content\/uploads\/bottom-page-form.png 907w, https:\/\/moverdb.com\/wp-content\/uploads\/bottom-page-form-300x169.png 300w\" sizes=\"auto, (max-width: 907px) 100vw, 907px\" \/><\/p>\n<p>\u0160i\u0105 form\u0105 pateikia \"MyMovingLoads\", ir mes nekontroliuojame, kaip ji siun\u010diama ar apdorojama. <\/p>\n<p>\u010cia pateikiami j\u0173 surinkti duomenys:<\/p>\n<ul>\n<li> Kilm\u0117s \u0161alis \/ miestas ir pristatymo \u0161alis ir pristatymo miestas: Tai padeda gauti tikslias kainas ir filtruoja potencialias perkraustymo \u012fmones.<\/li>\n<li> Persik\u0117limo data: Tai padeda gauti tikslias kainas, taip pat \u017einokite, kad dauguma \u012fmoni\u0173 negali pateikti kain\u0173 u\u017e perkraustym\u0105 daugiau nei prie\u0161 3 m\u0117nesius.<\/li>\n<li> Pasirinkite nam\u0173 dyd\u012f: Tai padeda gauti tikslias citatas ir filtruoja potencialias perkraustymo \u012fmones.<<\/li>\n<li> Vardas ir pavard\u0117: Kad \u012fmon\u0117s \u017einot\u0173, su kuo bendrauja.<\/li>\n<li> J\u016bs\u0173 telefonas: Telefonas: reikalingas tam, kad \u012fmon\u0117s gal\u0117t\u0173 su jumis susisiekti d\u0117l j\u016bs\u0173 pasi\u016blymo.<\/li>\n<li> J\u016bs\u0173 el. pa\u0161tas: El. pa\u0161tas: kur galima si\u0173sti citatas ir susisiekti su jumis d\u0117l j\u016bs\u0173 u\u017eklausos.<\/li>\n<\/ul>\n<p>\u012evedus visus duomenis ir pateikus form\u0105, bus atliekami \u0161ie veiksmai:<\/p>\n<ul>\n<li> Pamatysite pad\u0117kos prane\u0161im\u0105.<\/li>\n<li> Duomenys bus siun\u010diami \"MyMovingLoads\", kuri juos tvarkys pagal savo paslaug\u0173 teikimo s\u0105lygas, su kuriomis turite sutikti pateikdami form\u0105.<\/li>\n<\/ul>\n<p><strong>Antrin\u0117 forma #2 (puslapio apa\u010dioje)<\/strong><\/p>\n<p>M\u016bs\u0173 antrin\u0117 forma #2 atrodo taip:<\/p>\n<p><img loading=\"lazy\" decoding=\"async\" src=\"https:\/\/moverdb.com\/wp-content\/uploads\/Triglobal-form.png\" alt=\"\" width=\"597\" height=\"795\" class=\"aligncenter size-full wp-image-3269\" srcset=\"https:\/\/moverdb.com\/wp-content\/uploads\/Triglobal-form.png 597w, https:\/\/moverdb.com\/wp-content\/uploads\/Triglobal-form-225x300.png 225w\" sizes=\"auto, (max-width: 597px) 100vw, 597px\" \/><\/p>\n<p>\u0160i\u0105 form\u0105 pateikia \"TriGlobal B.V.\" ir mes nekontroliuojame, kaip ji siun\u010diama ar apdorojama.<\/p>\n<p>\u010cia pateikiami j\u0173 surinkti duomenys:<\/p>\n<ul>\n<li> Duomenys, susij\u0119 su dabartiniu adresu ir pristatymo adresu (gatv\u0117, pa\u0161to indeksas, miestas ir \u0161alis): Tai padeda gauti tikslias kainas ir filtruoti potencialias perkraustymo \u012fmones.<\/li>\n<li> Judantis dydis: Padeda generuoti tikslias citatas<\/li>\n<li> Persik\u0117limo data: Tai padeda gauti tikslias kainas, taip pat \u017einokite, kad dauguma \u012fmoni\u0173 negali pateikti kain\u0173 u\u017e perkraustym\u0105 daugiau nei prie\u0161 3 m\u0117nesius.<\/li>\n<li> Apytikslis t\u016bris ft3 (neprivaloma): padeda parengti tikslesn\u012f pasi\u016blym\u0105<\/li>\n<li> Pakavimas ir (arba) surinkimas (neprivaloma): padeda pateikti tikslesn\u0119 kain\u0105<\/li>\n<li> Pastabos (neprivaloma): \u010cia galite \u012fra\u0161yti specialius pageidavimus, klausimus ir pan.<\/li>\n<li> Perkraustymo tipas: Tai padeda i\u0161si\u0173sti j\u016bs\u0173 pasi\u016blym\u0105 tinkamam judan\u010di\u0173 \u012fmoni\u0173 skyriui.<\/li>\n<li> Vardai ir pavard\u0117s: Kad \u012fmon\u0117s \u017einot\u0173, su kuo turi reikal\u0173.<\/li>\n<li> Telefonas #1: B\u016btina, kad \u012fmon\u0117s gal\u0117t\u0173 su jumis susisiekti d\u0117l j\u016bs\u0173 pasi\u016blymo.<\/li>\n<li> El. pa\u0161tas: El. pa\u0161tas: kuriuo galima si\u0173sti pasi\u016blymus ir susisiekti su jumis d\u0117l j\u016bs\u0173 u\u017eklausos.<\/li>\n<\/ul>\n<p>\u012evedus visus duomenis ir pateikus form\u0105, bus atliekami \u0161ie veiksmai:<\/p>\n<ul>\n<li> Pamatysite pad\u0117kos prane\u0161im\u0105.<\/li>\n<li> Duomenys bus siun\u010diami \"TriGlobal B.V.\", kuri juos tvarkys pagal savo paslaug\u0173 teikimo s\u0105lygas.<\/li>\n<\/ul>\n<p><strong>Pasyvi duomen\u0173 apdorojimo veikla <\/strong><\/p>\n<p>Naudojame \u0161iuos tre\u010di\u0173j\u0173 \u0161ali\u0173 \u012frankius, kad gal\u0117tume naudotis tinkama svetaine. Jos nesidalina su mumis jokia j\u016bs\u0173 asmenine informacija, ta\u010diau vis tiek gali rinkti informacij\u0105 apie jus ir (arba) j\u016bs\u0173 kompiuter\u012f, kuri gali b\u016bti laikoma asmenine informacija.<\/p>\n<p>Toliau apra\u0161ome, kokiems tikslams naudojame kiekvien\u0105 i\u0161 j\u0173 ir kur galite su\u017einoti daugiau apie tai, kaip jie gali rinkti ir naudoti asmens duomenis:<\/p>\n<p><strong>\"Google Analytics\":<\/strong> Naudojame tai, kad gal\u0117tume steb\u0117ti, kaip \u017emon\u0117s naudojasi m\u016bs\u0173 svetaine. Mes nenaudojame jos atskiriems naudotojams sekti. \u0160tai pagrindiniai \u0161iuo metu naudojami nustatymai:<\/p>\n<ul>\n<li>Pakartotin\u0117 rinkodara: OFF<\/li>\n<li>Reklamos ataskait\u0173 funkcijos: OFF<\/li>\n<li>Naudotojo ir \u012fvyki\u0173 duomen\u0173 saugojimas: Nustatyta, kad galiojimas baigiasi po 14 m\u0117nesi\u0173 (trumpiausia si\u016bloma parinktis)<\/li>\n<li>I\u0161 naujo nustatyti nauj\u0105 veikl\u0105: \u012eJUNGTA<\/li>\n<li>Vartotojo ID: OFF<\/li>\n<li>Priimtas BDAR duomen\u0173 tvarkymo pakeitimas<\/li>\n<\/ul>\n<p>\u0160iuo metu \"Google\" si\u016blo \"Analytics\" atsisakymo <a href=\"https:\/\/support.google.com\/analytics\/answer\/181881?hl=en\" rel=\"noopener\" target=\"_blank\">\u010dia<\/a> arba galite naudoti tre\u010diosios \u0161alies \u012frank\u012f, pvz. <a href=\"https:\/\/www.ghostery.com\/\" rel=\"noopener\" target=\"_blank\">Ghostery<\/a>.<\/p>\n<p><strong>\"Facebook\" socialin\u0117 diagrama:<\/strong> Tai naudojama siekiant palengvinti dalijim\u0105si m\u016bs\u0173 svetain\u0117s ir tinklara\u0161\u010dio turiniu socialiniame tinkle \"Facebook\", taip pat siekiant, kad \u017emon\u0117s gal\u0117t\u0173 matyti, kaip da\u017enai turinys buvo susmulkintas. Nenaudojame jo jokiai pakartotinei rinkodarai ar pakartotiniam nukreipimui. \u017dr. <a href=\"https:\/\/www.facebook.com\/help\/1701730696756992\/?helpref=hc_fnav\" rel=\"noopener\" target=\"_blank\">Duomen\u0173 puslapis<\/a> daugiau informacijos apie tai, kaip jie naudoja j\u016bs\u0173 duomenis.<\/p>\n<p><strong>Dalijimasis socialin\u0117je \u017einiasklaidoje:<\/strong> Be \"Facebook\" socialin\u0117s grafikos, savo svetain\u0117je taip pat turime \"G+\", \"Twitter\" ir \"LinkedIn\" dalijimosi mygtukus, kad b\u016bt\u0173 lengviau dalytis m\u016bs\u0173 turiniu \u0161iose platformose. Galite matyti <a href=\"https:\/\/policies.google.com\/privacy\" rel=\"noopener\" target=\"_blank\">\"G+\" privatumo politika \u010dia<\/a>, \"Twitter <a href=\"https:\/\/twitter.com\/en\/privacy\" rel=\"noopener\" target=\"_blank\">Privatumo politika<\/a> \u010dia ir <a href=\"https:\/\/www.linkedin.com\/legal\/privacy-policy\" rel=\"noopener\" target=\"_blank\">\"LinkedIn\" privatumo politika \u010dia<\/a>.<\/p>\n<p><strong>I\u0161orin\u0117s \/ partneri\u0173 nuorodos:<\/strong> Kartais i\u0161orines nuorodas stebime naudodamiesi \"Google Analytics\" ir (arba) tre\u010di\u0173j\u0173 \u0161ali\u0173 partneri\u0173 steb\u0117jimo platformomis. Bet koks steb\u0117jimas atliekamas tik tada, jei spustel\u0117jate i\u0161orin\u0119 nuorod\u0105. Kiekvieno puslapio, kuriame tai vyksta, apa\u010dioje atskleid\u017eiame, kurios nuorodos yra susijusios su partneriais, ta\u010diau jei jums tai kelia nerim\u0105, papras\u010diausias variantas - nespausti i\u0161orini\u0173 nuorod\u0173 m\u016bs\u0173 svetain\u0117je.<\/p>\n<p><strong>Interneto svetaini\u0173 priegloba:<\/strong> Savo svetainei talpinti naudojame \"StudioPress\" svetaines. Kaip ir dauguma svetaini\u0173 prieglobos bendrovi\u0173, jie tvarko svetain\u0117s \u017eurnalus, nors mes neturime tiesiogin\u0117s prieigos prie j\u0173. Daugiau informacijos apie j\u0173 saugomus duomenis galite su\u017einoti <a href=\"https:\/\/www.studiopress.com\/privacy-policy\/\" rel=\"noopener\" target=\"_blank\">privatumo politika<\/a>.<\/p>","protected":false},"excerpt":{"rendered":"<p>This Data Processing Policy explains in plain English how MoverDB.com processes data so you can make an informed choice about whether or not you&#8217;d like to use our services. We&#8217;ve created it as a response to GDPR. It is a plain English, detailed, addition to our Privacy Policy and Terms and Conditions. MoverDB.com is a [&hellip;]<\/p>\n","protected":false},"author":1,"featured_media":0,"parent":0,"menu_order":0,"comment_status":"closed","ping_status":"closed","template":"","meta":{"_genesis_hide_title":false,"_genesis_hide_breadcrumbs":false,"_genesis_hide_singular_image":false,"_genesis_hide_footer_widgets":false,"_genesis_custom_body_class":"","_genesis_custom_post_class":"","_genesis_layout":"","footnotes":""},"class_list":{"0":"post-2804","1":"page","2":"type-page","3":"status-publish","5":"entry","6":"has-post-thumbnail"},"_links":{"self":[{"href":"https:\/\/moverdb.com\/lt\/wp-json\/wp\/v2\/pages\/2804","targetHints":{"allow":["GET"]}}],"collection":[{"href":"https:\/\/moverdb.com\/lt\/wp-json\/wp\/v2\/pages"}],"about":[{"href":"https:\/\/moverdb.com\/lt\/wp-json\/wp\/v2\/types\/page"}],"author":[{"embeddable":true,"href":"https:\/\/moverdb.com\/lt\/wp-json\/wp\/v2\/users\/1"}],"replies":[{"embeddable":true,"href":"https:\/\/moverdb.com\/lt\/wp-json\/wp\/v2\/comments?post=2804"}],"version-history":[{"count":16,"href":"https:\/\/moverdb.com\/lt\/wp-json\/wp\/v2\/pages\/2804\/revisions"}],"predecessor-version":[{"id":3270,"href":"https:\/\/moverdb.com\/lt\/wp-json\/wp\/v2\/pages\/2804\/revisions\/3270"}],"wp:attachment":[{"href":"https:\/\/moverdb.com\/lt\/wp-json\/wp\/v2\/media?parent=2804"}],"curies":[{"name":"wp","href":"https:\/\/api.w.org\/{rel}","templated":true}]}}