{"id":2752,"date":"2017-05-09T16:25:21","date_gmt":"2017-05-09T16:25:21","guid":{"rendered":"https:\/\/moverdb.com\/?page_id=2752"},"modified":"2026-01-08T14:47:12","modified_gmt":"2026-01-08T14:47:12","slug":"automobiliu-transportas-siuntimas","status":"publish","type":"page","link":"https:\/\/moverdb.com\/lt\/car-transport-shipping\/","title":{"rendered":"2026 Tarptautinio automobili\u0173 transporto ir transporto priemoni\u0173 gabenimo citatos"},"content":{"rendered":"<p>Ie\u0161kote tarptautinio automobili\u0173 gabenimo ar transporto priemoni\u0173 siuntimo, bet ne\u017einote, nuo ko prad\u0117ti? Galime jums pad\u0117ti su viskuo, pradedant \u012fmon\u0117mis, baigiant kainomis ir pasi\u016blymais. <\/p>\n<p>Galite prad\u0117ti i\u0161 karto naudodamiesi auk\u0161\u010diau pateikta pasi\u016blymo forma arba toliau skaityti m\u016bs\u0173 vadov\u0105 ir gauti daugiau informacijos.<\/p>\n<p><img loading=\"lazy\" decoding=\"async\" width=\"720\" height=\"480\" src=\"https:\/\/moverdb.com\/wp-content\/uploads\/car-transport-shipping.jpg\" alt=\"2019 m. Tarptautinis automobili\u0173 transportas ir transporto priemoni\u0173 gabenimas\" class=\"aligncenter size-full wp-image-2753\" srcset=\"https:\/\/moverdb.com\/wp-content\/uploads\/car-transport-shipping.jpg 720w, https:\/\/moverdb.com\/wp-content\/uploads\/car-transport-shipping-300x200.jpg 300w, https:\/\/moverdb.com\/wp-content\/uploads\/car-transport-shipping-600x400.jpg 600w\" sizes=\"auto, (max-width: 720px) 100vw, 720px\" \/><\/p>\n<div id=\"ez-toc-container\" class=\"ez-toc-v2_0_82_2 ez-toc-wrap-left counter-hierarchy ez-toc-counter ez-toc-transparent ez-toc-container-direction\">\n<div class=\"ez-toc-title-container\">\n<p class=\"ez-toc-title\" style=\"cursor:inherit\">Skyriai<\/p>\n<span class=\"ez-toc-title-toggle\"><a href=\"#\" class=\"ez-toc-pull-right ez-toc-btn ez-toc-btn-xs ez-toc-btn-default ez-toc-toggle\" aria-label=\"Perjungti turinio lentel\u0119\"><span class=\"ez-toc-js-icon-con\"><span class=\"\"><span class=\"eztoc-hide\" style=\"display:none;\">Perjungti<\/span><span class=\"ez-toc-icon-toggle-span\"><svg style=\"fill: #999;color:#999\" xmlns=\"http:\/\/www.w3.org\/2000\/svg\" class=\"list-377408\" width=\"20px\" height=\"20px\" viewbox=\"0 0 24 24\" fill=\"none\"><path d=\"M6 6H4v2h2V6zm14 0H8v2h12V6zM4 11h2v2H4v-2zm16 0H8v2h12v-2zM4 16h2v2H4v-2zm16 0H8v2h12v-2z\" fill=\"currentColor\"><\/path><\/svg><svg style=\"fill: #999;color:#999\" class=\"arrow-unsorted-368013\" xmlns=\"http:\/\/www.w3.org\/2000\/svg\" width=\"10px\" height=\"10px\" viewbox=\"0 0 24 24\" version=\"1.2\" baseprofile=\"tiny\"><path d=\"M18.2 9.3l-6.2-6.3-6.2 6.3c-.2.2-.3.4-.3.7s.1.5.3.7c.2.2.4.3.7.3h11c.3 0 .5-.1.7-.3.2-.2.3-.5.3-.7s-.1-.5-.3-.7zM5.8 14.7l6.2 6.3 6.2-6.3c.2-.2.3-.5.3-.7s-.1-.5-.3-.7c-.2-.2-.4-.3-.7-.3h-11c-.3 0-.5.1-.7.3-.2.2-.3.5-.3.7s.1.5.3.7z\"\/><\/svg><\/span><\/span><\/span><\/a><\/span><\/div>\n<nav><ul class='ez-toc-list ez-toc-list-level-1 eztoc-toggle-hide-by-default' ><li class='ez-toc-page-1 ez-toc-heading-level-2'><a class=\"ez-toc-link ez-toc-heading-1\" href=\"https:\/\/moverdb.com\/lt\/car-transport-shipping\/#Auto_Transport_Companies\" >Automobili\u0173 transporto \u012fmon\u0117s<\/a><ul class='ez-toc-list-level-3' ><li class='ez-toc-heading-level-3'><a class=\"ez-toc-link ez-toc-heading-2\" href=\"https:\/\/moverdb.com\/lt\/car-transport-shipping\/#US_Canadian_Auto_Transport_Companies\" >JAV ir Kanados automobili\u0173 transporto \u012fmon\u0117s<\/a><\/li><li class='ez-toc-page-1 ez-toc-heading-level-3'><a class=\"ez-toc-link ez-toc-heading-3\" href=\"https:\/\/moverdb.com\/lt\/car-transport-shipping\/#UK_Car_Transport_Companies\" >JK automobili\u0173 transporto \u012fmon\u0117s<\/a><\/li><li class='ez-toc-page-1 ez-toc-heading-level-3'><a class=\"ez-toc-link ez-toc-heading-4\" href=\"https:\/\/moverdb.com\/lt\/car-transport-shipping\/#Australian_Car_Transport_Companies\" >Australijos automobili\u0173 transporto \u012fmon\u0117s<\/a><\/li><\/ul><\/li><li class='ez-toc-page-1 ez-toc-heading-level-2'><a class=\"ez-toc-link ez-toc-heading-5\" href=\"https:\/\/moverdb.com\/lt\/car-transport-shipping\/#International_Car_Transport_Costs\" >Tarptautinio automobili\u0173 transporto i\u0161laidos<\/a><ul class='ez-toc-list-level-3' ><li class='ez-toc-heading-level-3'><a class=\"ez-toc-link ez-toc-heading-6\" href=\"https:\/\/moverdb.com\/lt\/car-transport-shipping\/#Car_Transport_Taxes\" >Automobili\u0173 transporto mokes\u010diai<\/a><\/li><\/ul><\/li><li class='ez-toc-page-1 ez-toc-heading-level-2'><a class=\"ez-toc-link ez-toc-heading-7\" href=\"https:\/\/moverdb.com\/lt\/car-transport-shipping\/#International_Vehicle_Shipping_Documentation\" >Tarptautinio transporto priemoni\u0173 gabenimo dokumentai<\/a><\/li><li class='ez-toc-page-1 ez-toc-heading-level-2'><a class=\"ez-toc-link ez-toc-heading-8\" href=\"https:\/\/moverdb.com\/lt\/car-transport-shipping\/#Other_Car_Transport_Tips\" >Kiti automobili\u0173 transportavimo patarimai<\/a><\/li><li class='ez-toc-page-1 ez-toc-heading-level-2'><a class=\"ez-toc-link ez-toc-heading-9\" href=\"https:\/\/moverdb.com\/lt\/car-transport-shipping\/#Car_Transport_Quotes\" >Automobili\u0173 transporto citatos<\/a><\/li><\/ul><\/nav><\/div>\n<h2><span class=\"ez-toc-section\" id=\"Auto_Transport_Companies\"><\/span>Automobili\u0173 transporto \u012fmon\u0117s<span class=\"ez-toc-section-end\"><\/span><\/h2>\n<p>Tarptautin\u0117 automobili\u0173 ir autotransporto rinka yra labai susiskaid\u017eiusi, joje veikia \u0161imtai, o gal net t\u016bkstan\u010diai ma\u017e\u0173 \u012fmoni\u0173 visame pasaulyje. Toliau pateikiame kelet\u0105 populiariausi\u0173 \u012fmoni\u0173, kurios specializuojasi automobili\u0173 perve\u017eimo srityje. <\/p>\n<p>Ta\u010diau taip pat tur\u0117tum\u0117te b\u016btinai gauti pasi\u016blymus i\u0161 <a href=\"https:\/\/moverdb.com\/lt\/juda-imones\/\">geriausios tarptautin\u0117s perkraustymo \u012fmon\u0117s<\/a> ir <a href=\"https:\/\/moverdb.com\/lt\/ekspeditorius\/\">ekspeditoriai<\/a> kad \u012fsitikintum\u0117te, jog gaunate s\u0105\u017eining\u0105 pasi\u016blym\u0105.<\/p>\n<p>Taip pat galite tiesiog nueiti \u012f puslapio vir\u0161\u0173 ir u\u017epildyti m\u016bs\u0173 pasi\u016blymo form\u0105, kad greitai surastum\u0117te \u012fmones. <\/p>\n<h3><span class=\"ez-toc-section\" id=\"US_Canadian_Auto_Transport_Companies\"><\/span>JAV ir Kanados automobili\u0173 transporto \u012fmon\u0117s<span class=\"ez-toc-section-end\"><\/span><\/h3>\n<ul>\n<li> \"A-1 Auto Transport<\/li>\n<li> Amerikos automobili\u0173 gabenimas<\/li>\n<li> \"AmeriFreight\"<\/li>\n<li> \"C.A.R. Transport<\/li>\n<li> \"Dependable Auto Shippers\" (DAS)<\/li>\n<li> eShip<\/li>\n<li> \"Executive Auto Shippers<\/li>\n<li> \"Fisher Shipping\" pristatymas<\/li>\n<li> Keli\u0173 transporto karalius<\/li>\n<li> Montv\u0117jaus automobili\u0173 transportas<\/li>\n<li> \"Prostar Automotive Transport<\/li>\n<li> Tiesioginis automobilio siuntimas<\/li>\n<li> I\u0161si\u0173skite savo automobil\u012f dabar<\/li>\n<li> \"Stateway\" automobili\u0173 transportas<\/li>\n<li> Taupus automobili\u0173 gabenimas<\/li>\n<li> Mes j\u012f perve\u0161ime<\/li>\n<\/ul>\n<h3><span class=\"ez-toc-section\" id=\"UK_Car_Transport_Companies\"><\/span>JK automobili\u0173 transporto \u012fmon\u0117s<span class=\"ez-toc-section-end\"><\/span><\/h3>\n<ul>\n<li> \"Acumen Automotive Logistics<\/li>\n<li> AutoShippers<\/li>\n<li> Automobili\u0173 transporto u\u017eklausa<\/li>\n<li> \"Classic Automotive\" perk\u0117limo paslaugos<\/li>\n<li> \"Quinns\" automobili\u0173 transportas<\/li>\n<li> Perjungti automobil\u012f<\/li>\n<li> \"White's Vehicle Transport<\/li>\n<li> \"Woodside Motorfreight<\/li>\n<\/ul>\n<p>Taip pat per\u017ei\u016br\u0117kite m\u016bs\u0173 <a href=\"https:\/\/moverdb.com\/lt\/tarptautiniai-perkraustymai\/\">tarptautiniai perkraustymai<\/a> puslapis.<\/p>\n<h3><span class=\"ez-toc-section\" id=\"Australian_Car_Transport_Companies\"><\/span>Australijos automobili\u0173 transporto \u012fmon\u0117s<span class=\"ez-toc-section-end\"><\/span><\/h3>\n<ul>\n<li> ACR <a href=\"https:\/\/moverdb.com\/lt\/moving-to-australia\/living-in-australia\/\" data-internallinksmanager029f6b8e52c=\"240\" title=\"21 paslap\u010di\u0173 apie gyvenim\u0105 Australijoje, kurias reikia \u017einoti prie\u0161 persikeliant\">Australija<\/a><\/li>\n<li> Australijos automobili\u0173 transportas<\/li>\n<li> Automatin\u0117 logistika<\/li>\n<li> Automobili\u0173 transportas Express<\/li>\n<li> Ve\u017eimas nuo dur\u0173 iki dur\u0173<\/li>\n<li> CEVA Carrying<\/li>\n<li> Perkraustomi automobiliai<\/li>\n<li> \"PrixCar Transport<\/li>\n<li> SMB Australija Automobili\u0173 transportas<\/li>\n<li> Rinkliava<\/li>\n<\/ul>\n<h2><span class=\"ez-toc-section\" id=\"International_Car_Transport_Costs\"><\/span>Tarptautinio automobili\u0173 transporto i\u0161laidos<span class=\"ez-toc-section-end\"><\/span><\/h2>\n<p>Automobili\u0173 gabenimo ir siuntimo i\u0161laidos labai skiriasi, priklausomai nuo to, kaip greitai jums reikia transporto priemon\u0117s, ir nuo gabenimo b\u016bdo. Jei automobilis gabenamas j\u016bra, naudojant j\u016brin\u012f konteiner\u012f, j\u016bs\u0173 i\u0161laidos gali b\u016bti vos keli \u0161imtai doleri\u0173, ta\u010diau gali u\u017etrukti gerokai ilgiau nei 1 m\u0117nes\u012f. <\/p>\n<p>Dar daugiau pinig\u0173 galite sutaupyti, jei jums nereikia paslaugos \"nuo dur\u0173 iki dur\u0173\", o pasirenkate pasiimti automobil\u012f i\u0161 artimiausios <a href=\"https:\/\/moverdb.com\/lt\/top-49-container-ports\/\" data-internallinksmanager029f6b8e52c=\"80\" title=\"49 did\u017eiausi ir labiausiai apkrauti konteineri\u0173 uostai 2025 m.\">uostas<\/a> jei gabenama j\u016bra, naudojant \"RoRo\" (Roll on Roll off) siunt\u0105.<\/p>\n<p>Daugiau informacijos galite su\u017einoti perskait\u0119 m\u016bs\u0173 vadov\u0105: <a href=\"https:\/\/moverdb.com\/lt\/konteineriu-kroviniu-gabenimas\/\">Tarptautin\u0117s konteineri\u0173 laivybos kainos ir s\u0105naudos<\/a><\/p>\n<p>Perk\u0117limams \u017eemyno viduje (pvz. <a href=\"https:\/\/moverdb.com\/lt\/moving-to-the-united-states\/\" data-internallinksmanager029f6b8e52c=\"94\" title=\"Persik\u0117limas \u012f Jungtines Amerikos Valstijas? 2022 Gyvenimo i\u0161laidos ir persik\u0117limo patarimai\">JAV<\/a> \u012f <a href=\"https:\/\/moverdb.com\/lt\/moving-to-canada\/\" data-internallinksmanager029f6b8e52c=\"265\" title=\"Persik\u0117limas \u012f Kanad\u0105? 2023 m. gyvenimo i\u0161laidos ir persik\u0117limo patarimai\">Kanada<\/a>, <a href=\"https:\/\/moverdb.com\/lt\/moving-to-the-uk\/\" data-internallinksmanager029f6b8e52c=\"93\" title=\"Persik\u0117limas \u012f Jungtin\u0119 Karalyst\u0119? 2022 Gyvenimo i\u0161laidos ir persikraustymo patarimai\">JK<\/a> \u012f <a href=\"https:\/\/moverdb.com\/lt\/moving-to-spain\/\" data-internallinksmanager029f6b8e52c=\"266\" title=\"Persik\u0117limas \u012f Ispanij\u0105? 2023 m. pragyvenimo i\u0161laidos ir persik\u0117limo patarimai\">Ispanija<\/a>ir t. t.), galite pasamdyti automobili\u0173 ve\u017e\u0117j\u0105, kad jis nuve\u017et\u0173 j\u016bs\u0173 automobil\u012f, jei j\u016bs\u0173 automobilis yra techni\u0161kai tvarkingas. Da\u017enai tai kainuoja gerokai brangiau (iki poros t\u016bkstan\u010di\u0173 doleri\u0173, svar\u0173 sterling\u0173 ar eur\u0173), ta\u010diau tai rei\u0161kia, kad automobil\u012f galite gauti per kelias dienas, o ne savaites. <\/p>\n<p>Jei j\u016bs\u0173 automobilis yra neva\u017eiuojantis, j\u012f reik\u0117s gabenti priekaba arba kitu specialiu sunkve\u017eimiu. <\/p>\n<p>Brangiausias variantas - si\u0173sti l\u0117ktuvu, ta\u010diau paprastai to daryti nerekomenduojama, nes i\u0161laidos yra pernelyg didel\u0117s.<\/p>\n<p><strong>Kiti dalykai, turintys \u012ftakos s\u0105naudoms:<\/strong><\/p>\n<ul>\n<li> <strong>Atstumas:<\/strong> Kuo toliau siun\u010diate, tuo brangesn\u0117 gali b\u016bti bendra suma, nors u\u017e vien\u0105 myli\u0105 tur\u0117tum\u0117te mok\u0117ti gerokai ma\u017eiau.<\/li>\n<li> <strong>Met\u0173 laikas:<\/strong> Tam tikrais met\u0173 laikais tam tikri mar\u0161rutai kainuoja brangiau nei kitais.<\/li>\n<li> <strong>Parengimo laikas:<\/strong> Kuo anks\u010diau galite prad\u0117ti gauti pasi\u016blymus, tuo geriau, nes kainos gerokai padid\u0117ja, jei u\u017esakymas \u012fvykdomas grei\u010diau.<\/li>\n<li> <strong>Atviras ir u\u017edaras sunkve\u017eimis:<\/strong> Atviri sunkve\u017eimiai yra pigesni, ta\u010diau, palyginti su u\u017edarais sunkve\u017eimiais, jie paprastai turi didesn\u0119 \u017ealos rizik\u0105. <\/li>\n<\/ul>\n<h3><span class=\"ez-toc-section\" id=\"Car_Transport_Taxes\"><\/span>Automobili\u0173 transporto mokes\u010diai<span class=\"ez-toc-section-end\"><\/span><\/h3>\n<p>Priklausomai nuo to, \u012f kuri\u0105 \u0161al\u012f gabenate automobil\u012f, gali tekti mok\u0117ti nema\u017eus mokes\u010dius. Pavyzd\u017eiui, automobiliai <a href=\"https:\/\/moverdb.com\/lt\/pristatymas-i-singapura\/\">i\u0161si\u0173stas \u012f Singap\u016br\u0105<\/a> bus taikomas 20% importo mokestis nuo automobilio muitin\u0117s vert\u0117s. <\/p>\n<p>Daugelis Europos \u0161ali\u0173 taiko ma\u017edaug 10% importo muitus, ta\u010diau, priklausomai nuo to, kaip automobilis bus naudojamas, papildomai gali b\u016bti taikomas PVM, kuris gali sudaryti dar 20%. <\/p>\n<p>Taigi, prie\u0161 i\u0161si\u0173sdami pasi\u016blym\u0105 ir prie\u0161 i\u0161si\u0173sdami automobil\u012f, b\u016btinai tai numatykite. Kai kuriais atvejais gali b\u016bti pigiau ir papras\u010diau tiesiog nusipirkti nauj\u0105 automobil\u012f, o ne gabenti sen\u0105j\u012f.  <\/p>\n<h2><span class=\"ez-toc-section\" id=\"International_Vehicle_Shipping_Documentation\"><\/span>Tarptautinio transporto priemoni\u0173 gabenimo dokumentai<span class=\"ez-toc-section-end\"><\/span><\/h2>\n<p>Nor\u0117dami si\u0173sti automobil\u012f ar kitas transporto priemones tarptautiniu mastu, turite tur\u0117ti nema\u017eai dokument\u0173. Priklausomai nuo \u0161alies, reikalavimai skiriasi, tod\u0117l prie\u0161 si\u0173sdami visada pasitikslinkite. Da\u017eniausiai reikalaujami \u0161ie dokumentai:<\/p>\n<ul>\n<li> Originalus transporto priemon\u0117s pavadinimas<\/li>\n<li> Kilm\u0117s sertifikatas<\/li>\n<li> Krovinio va\u017etara\u0161tis<\/li>\n<li> Draudimo dokumentai<\/li>\n<\/ul>\n<h2><span class=\"ez-toc-section\" id=\"Other_Car_Transport_Tips\"><\/span>Kiti automobili\u0173 transportavimo patarimai<span class=\"ez-toc-section-end\"><\/span><\/h2>\n<ul>\n<li> <strong>Fotografuokite:<\/strong> Prie\u0161 i\u0161si\u0173sdami transporto priemon\u0119 b\u016btinai padarykite jos nuotraukas su laiko \u017eyma, jei b\u016bt\u0173 koki\u0173 nors pa\u017eeidim\u0173. Jei yra koki\u0173 nors pa\u017eeidim\u0173, b\u016btinai i\u0161 karto padarykite nuotraukas, kad kilt\u0173 kuo ma\u017eiau gin\u010d\u0173.<\/li>\n<li> <strong>Draudimas:<\/strong> \u012esitikinkite, kad j\u016bs\u0173 draudimas apima vis\u0105 j\u016bs\u0173 automobilio ir vis\u0173 j\u012f vairuojan\u010di\u0173 asmen\u0173 kelion\u0119.<\/li>\n<li> <strong>I\u0161imkite asmeninius daiktus:<\/strong> Prie\u0161 gabenim\u0105 \u012fsitikinkite, kad visi asmeniniai daiktai yra i\u0161imti i\u0161 automobilio, kad neb\u016bt\u0173 pamesti (arba pavogti!)<\/li>\n<li> <strong>Ie\u0161kokite specialist\u0173:<\/strong> Jei turite klasikin\u012f ar \u0161iek tiek ne\u012fprast\u0105 automobil\u012f, kur\u012f norite i\u0161si\u0173sti, \u012fsitikinkite, kad j\u016bs\u0173 pasirinkta \u012fmon\u0117 turi j\u0173 vairavimo ir (arba) siuntimo patirties.<\/li>\n<li> <strong>Terminai:<\/strong> \u012esitikinkite, kad \u017einote, kiek laiko u\u017etruks nuve\u017eti automobil\u012f i\u0161 ta\u0161ko A \u012f ta\u0161k\u0105 B.<\/li>\n<li> <strong>B\u0117gimo b\u016bkl\u0117:<\/strong> Prie\u0161 prad\u0117dami ve\u017eimo proces\u0105 b\u016btinai pasitarkite su transporto \u012fmone d\u0117l toki\u0173 dalyk\u0173, kaip duj\u0173 (benzino) lygis, skys\u010diai, padang\u0173 sl\u0117gis, akumuliatorius ir kt. Pavyzd\u017eiui, jei tarptautin\u012f krovin\u012f gabenate j\u016briniu konteineriu, gali tekti visi\u0161kai i\u0161tu\u0161tinti duj\u0173 bak\u0105. Kita vertus, jei automobil\u012f vairuos kas nors kitas, nor\u0117site \u012fsitikinti, kad yra pilnas degal\u0173 bakas.<\/li>\n<\/ul>\n<h2><span class=\"ez-toc-section\" id=\"Car_Transport_Quotes\"><\/span>Automobili\u0173 transporto citatos<span class=\"ez-toc-section-end\"><\/span><\/h2>\n<p>Nor\u0117dami gauti tarptautinio automobili\u0173 perve\u017eimo kainas, galite pasinaudoti puslapio vir\u0161uje esan\u010dia pasi\u016blymo forma. Ta\u010diau, prie\u0161 priimdami bet kok\u012f pasi\u016blym\u0105, \u012fsitikinkite, kad visi\u0161kai suprantate, kas vairuos arba gabens j\u016bs\u0173 automobil\u012f (kiekviename kelion\u0117s etape), kaip j\u016bs\u0173 transporto priemon\u0117 bus apdrausta, ir perskaitykite atsiliepimus apie \u012fmon\u0119. <\/p>","protected":false},"excerpt":{"rendered":"<p>Looking for international car transport or vehicle shipping, but don&#8217;t know where to start? We can help you with everything from companies to costs to quotes. You can get started right away using our quote form above, or keep reading our guide below for more information. Auto Transport Companies The international car and auto transport [&hellip;]<\/p>\n","protected":false},"author":1,"featured_media":2753,"parent":0,"menu_order":0,"comment_status":"closed","ping_status":"closed","template":"","meta":{"_genesis_hide_title":false,"_genesis_hide_breadcrumbs":false,"_genesis_hide_singular_image":false,"_genesis_hide_footer_widgets":false,"_genesis_custom_body_class":"","_genesis_custom_post_class":"","_genesis_layout":"","footnotes":""},"class_list":{"0":"post-2752","1":"page","2":"type-page","3":"status-publish","4":"has-post-thumbnail","6":"entry"},"_links":{"self":[{"href":"https:\/\/moverdb.com\/lt\/wp-json\/wp\/v2\/pages\/2752","targetHints":{"allow":["GET"]}}],"collection":[{"href":"https:\/\/moverdb.com\/lt\/wp-json\/wp\/v2\/pages"}],"about":[{"href":"https:\/\/moverdb.com\/lt\/wp-json\/wp\/v2\/types\/page"}],"author":[{"embeddable":true,"href":"https:\/\/moverdb.com\/lt\/wp-json\/wp\/v2\/users\/1"}],"replies":[{"embeddable":true,"href":"https:\/\/moverdb.com\/lt\/wp-json\/wp\/v2\/comments?post=2752"}],"version-history":[{"count":18,"href":"https:\/\/moverdb.com\/lt\/wp-json\/wp\/v2\/pages\/2752\/revisions"}],"predecessor-version":[{"id":18593,"href":"https:\/\/moverdb.com\/lt\/wp-json\/wp\/v2\/pages\/2752\/revisions\/18593"}],"wp:featuredmedia":[{"embeddable":true,"href":"https:\/\/moverdb.com\/lt\/wp-json\/wp\/v2\/media\/2753"}],"wp:attachment":[{"href":"https:\/\/moverdb.com\/lt\/wp-json\/wp\/v2\/media?parent=2752"}],"curies":[{"name":"wp","href":"https:\/\/api.w.org\/{rel}","templated":true}]}}