{"id":270,"date":"2016-05-01T17:06:39","date_gmt":"2016-05-01T17:06:39","guid":{"rendered":"http:\/\/moverdb.com\/?page_id=270"},"modified":"2026-01-08T14:47:32","modified_gmt":"2026-01-08T14:47:32","slug":"anglakalbe","status":"publish","type":"page","link":"https:\/\/moverdb.com\/lt\/anglo-pacific\/","title":{"rendered":"\"Anglo Pacific\": Tarptautinis perkraustymas ir perkraustymas Atsiliepimai"},"content":{"rendered":"<p>\"Anglo Pacific\" si\u016blo \u012fvairias perkraustymo paslaugas, padedan\u010dias \u017emon\u0117ms persikelti \u012f u\u017esien\u012f. \u010cia pateikiamos pagrindin\u0117s j\u0173 si\u016blomos paslaugos, \u012fmon\u0117s profilis ir atsiliepimai.<\/p>\n<p><strong>Paslaugos<\/strong> <\/p>\n<p><strong>Perkraustymo paslaugos<\/strong> <\/p>\n<ul>\n<li> Importas<\/li>\n<li> Tarptautinis perk\u0117limas<\/li>\n<li> Apr\u016bpinimas <a href=\"https:\/\/moverdb.com\/lt\/konteineriu-kroviniu-gabenimas\/\">j\u016briniai konteineriai<\/a><\/li>\n<li> Teatriniai perkraustymai<\/li>\n<li> <a href=\"https:\/\/moverdb.com\/lt\/uk-removals\/man-and-van-cost\/\" data-internallinksmanager029f6b8e52c=\"380\" title=\"Kiek kainuoja &quot;Man &amp; Van&quot; Jungtin\u0117je Karalyst\u0117je? 2026 m. vadovas\">\u017dmogus ir furgonas<\/a> nuoma <a href=\"https:\/\/moverdb.com\/lt\/moving-to-london\/\">Londonas<\/a><\/li>\n<\/ul>\n<p><strong>Pristatymo paslaugos<\/strong><\/p>\n<ul>\n<li> Baga\u017eas<\/li>\n<li> <a href=\"https:\/\/moverdb.com\/lt\/automobiliu-transportas-siuntimas\/\">Automobiliai<\/a><\/li>\n<li> Daili\u0173j\u0173 men\u0173<\/li>\n<li> Krovini\u0173 ve\u017eimas<\/li>\n<li> Importas<\/li>\n<li> Motociklas<\/li>\n<li> Baga\u017eas<\/li>\n<li> Prekyba<\/li>\n<li> Studentas<\/li>\n<\/ul>\n<h2>\"Anglo Pacific\" bendrov\u0117s profilis<\/h2>\n<p>Daugiau nei prie\u0161 30 met\u0173 prad\u0117jusi veikl\u0105 \"Anglo Pacific\" yra did\u017eiausia laivybos ir perkraustymo bendrov\u0117 <a href=\"https:\/\/moverdb.com\/lt\/moving-to-the-uk\/\" data-internallinksmanager029f6b8e52c=\"93\" title=\"Persik\u0117limas \u012f Jungtin\u0119 Karalyst\u0119? 2022 Gyvenimo i\u0161laidos ir persikraustymo patarimai\">JK<\/a>, apdorojant daugiau kaip 20 000 atskir\u0173 baga\u017eo siunt\u0173 ir daugyb\u0119 <a href=\"https:\/\/moverdb.com\/lt\/international-removals\/\" data-internallinksmanager029f6b8e52c=\"27\" title=\"36 geriausios tarptautinio perkraustymo \u012fmon\u0117s Jungtin\u0117je Karalyst\u0117je\">tarptautiniai perkraustymai<\/a> kiekvienais metais. <\/p>\n<p>\u012emon\u0117 did\u017eiuojasi teikdama auk\u0161\u010diausios klas\u0117s, draugi\u0161kas ir profesionalias perkraustymo paslaugas, nepriklausomai nuo to, ar tai b\u016bt\u0173 viso nekilnojamojo turto turinys, ar subtil\u016bs daiktai, pavyzd\u017eiui, meno k\u016briniai. <\/p>\n<p>\"Anglo Pacific\" labai kruop\u0161\u010diai renkasi auk\u0161\u010diausio lygio specialistus \u012f savo komand\u0105 ir skiria tik tuos darbuotojus, kurie d\u0117l klient\u0173 nuveiks daugiau nei vien\u0105 myli\u0105, ir tuos, kurie gali meistri\u0161kai valdyti saug\u0173 ir efektyv\u0173 asmenini\u0173 daikt\u0173 perve\u017eim\u0105. <\/p>\n<p>Be to, vis\u0173 siunt\u0173 sekimo paslauga leid\u017eia darbuotojams tiksliai nustatyti tiksli\u0105 i\u0161ve\u017eimo viet\u0105 ir b\u016bsen\u0105, tod\u0117l klientai gali b\u016bti tikri, kad j\u0173 daiktai yra pakeliui \u012f numatyt\u0105 viet\u0105.<\/p>\n<p>\"Anglo Pacific\" nustato ir palaiko itin auk\u0161tus standartus ir kaip \"Anglo Pacific\" nariai <a href=\"https:\/\/moverdb.com\/lt\/baras-uzjuris\/\">U\u017ej\u016brio grup\u0117<\/a> i\u0161 <a href=\"https:\/\/moverdb.com\/lt\/britu-salintoju-asociacija\/\">Did\u017eiosios Britanijos perkraustytoj\u0173 asociacija<\/a> (<a href=\"https:\/\/moverdb.com\/lt\/british-association-of-removers\/\" data-internallinksmanager029f6b8e52c=\"9\" title=\"Britanijos perkraustymo \u012fmoni\u0173 asociacijos (BAR) paai\u0161kinimai\">BAR<\/a>) jie siekia tik geriausio. <\/p>\n<p>Be to, jie laikosi \"International Movers Mutual Insurance Company Ltd\" i\u0161pl\u0117stin\u0117s mok\u0117jimo garantijos, suteikian\u010dios klientams daugiau pasitik\u0117jimo. <\/p>\n<h2>\"Anglo Pacific\" ap\u017evalgos<\/h2>\n<p><strong>Teigiamas<\/strong><\/p>\n<ul>\n<li> <em>\"Didelis a\u010di\u016b visiems \"Anglo Pacific\" ir \"Keys Brothers\" darbuotojams. M\u016bs\u0173 persikraustymas i\u0161 Londono \u012f Pert\u0105 buvo toks sklandus, tikrai vertiname vis\u0105 j\u016bs\u0173 pagalb\u0105. Labai profesionalus ir efektyvus, ir viskas atlikta u\u017e puiki\u0105 kain\u0105!!!\"<\/em> - Per <a href=\"http:\/\/www.reviewcentre.com\/reviews252735.html?ratingfilter=5#refineYourSearch\" target=\"_blank\" rel=\"noopener\">Per\u017ei\u016bros centras<\/a><\/li>\n<li> <em>\"Man reik\u0117jo i\u0161si\u0173sti \u0161iek tiek vir\u0161svorio baga\u017eo \u012f <a href=\"https:\/\/moverdb.com\/lt\/moving-to-australia\/living-in-australia\/\" data-internallinksmanager029f6b8e52c=\"240\" title=\"21 paslap\u010di\u0173 apie gyvenim\u0105 Australijoje, kurias reikia \u017einoti prie\u0161 persikeliant\">Australija<\/a>. Kreipiausi \u012f daugyb\u0119 \u017emoni\u0173 internetu ir galiausiai susid\u016briau su \"Anglo Pacific\". Mano baga\u017eas buvo paimtas laiku ir pakeliui suteikta informacija.\"<\/em> - Per <a href=\"http:\/\/www.reviewcentre.com\/Removal-Companies\/Anglo-Pacific-Removals-Company-www-anglopacific-co-uk-review_1596555\" target=\"_blank\" rel=\"noopener\">Per\u017ei\u016bros centras<\/a><\/li>\n<li> <em>\"Rekomenduo\u010diau \"Anglo Pacific\" visiems, norintiems saugiai ir efektyviai perve\u017eti savo daiktus.\"<\/em> - per <a href=\"https:\/\/uk.trustpilot.com\/review\/anglopacific.co.uk\" target=\"_blank\" rel=\"noopener\">\"TrustPilot\"<\/a><\/li>\n<\/ul>\n<p><strong>Neigiamas<\/strong><\/p>\n<ul>\n<li> <em>\"Pra\u0161au j\u016bs\u0173 daugiau nesvarstyti Anglo Ramiojo vandenyno!! Mano siunta atvyko su visi\u0161kai sudau\u017eytais indais, o elektros preki\u0173 d\u0117\u017eut\u0117 pristatyta auk\u0161tyn kojomis!\"<\/em> - per <a href=\"http:\/\/www.reviewcentre.com\/Removal-Companies\/Anglo-Pacific-Removals-Company-www-anglopacific-co-uk-review_3741459\" target=\"_blank\" rel=\"noopener\">Per\u017ei\u016bros centras<\/a><\/li>\n<li> <em>\"Sunkiai galiu i\u0161reik\u0161ti savo siaub\u0105, kai atidariau paskutin\u0119 savo d\u0117\u017e\u0119 <a href=\"https:\/\/moverdb.com\/lt\/moving-to-nyc\/\" data-internallinksmanager029f6b8e52c=\"57\" title=\"Persikraustote \u012f Niujork\u0105? 2026 m. Niujorko gyvenimo i\u0161laidos ir persik\u0117limo patarimai\">NYC<\/a> tik tada supratau, kad dingo mano vertingiausi daiktai ir did\u017eioji dalis brangi\u0173 virtuv\u0117s reikmen\u0173.\"<\/em> - per <a href=\"http:\/\/www.mymovingreviews.com\/movers\/anglo-pacific-international-1790\" target=\"_blank\" rel=\"noopener\">Mano jud\u0117jimo ap\u017evalgos<\/a><\/li>\n<li> <em>\"Venkite - siaubinga patirtis su visi\u0161ku prie\u017ei\u016bros tr\u016bkumu ir blogiausia po aptarnavimo\"<\/em> - per <a href=\"https:\/\/uk.trustpilot.com\/reviews\/56d595280000ff000940e229\" target=\"_blank\" rel=\"noopener\">\"Trustpilot\"<\/a><\/li>\n<\/ul>\n<div itemprop=\"review\" itemscope itemtype=\"http:\/\/schema.org\/Review\">\n<span itemprop=\"author\" itemscope=\"\" itemtype=\"http:\/\/schema.org\/Organization\"><span itemprop=\"name\">MoverDB.com<\/span><\/span> Internetin\u0117s svetain\u0117s ap\u017evalga <span itemprop=\"itemreviewed\" itemscope=\"\" itemtype=\"http:\/\/schema.org\/Brand\"><span itemprop=\"name\">\"Anglo Pacific<\/span><\/span>:<\/p>\n<ol>\n<li> Ai\u0161ki kontaktin\u0117 informacija svetain\u0117je (\u012fskaitant telefono numer\u012f)? <strong>Taip<\/strong><\/li>\n<li> Lengva gauti <a href=\"https:\/\/moverdb.com\/lt\/citatos\/\">tarptautini\u0173 perkraustym\u0173 citatos<\/a>? (internetin\u0117 s\u0105matos u\u017eklausos forma): <strong>Taip<\/strong><\/li>\n<li> Ai\u0161ki informacija svetain\u0117je: <strong>Taip<\/strong>, puslapius lengva nar\u0161yti ir ai\u0161kiai matyti, kokias paslaugas jie si\u016blo.<\/li>\n<li> Naryst\u0117 tarptautin\u0117se pripa\u017eintose jud\u0117jimo organizacijose: <strong>Taip<\/strong><\/li>\n<li> Klient\u0173 s\u0105ra\u0161as ir (arba) ankstesni\u0173 klient\u0173 atsiliepimai: <strong>Taip <\/strong><\/li>\n<\/ol>\n<div itemprop=\"reviewRating\" itemscope itemtype=\"http:\/\/schema.org\/Rating\"><meta itemprop=\"worstRating\" content = \"0\" \/><meta itemprop=\"bestRating\" content=\"5\" \/><meta itemprop=\"ratingValue\" content=\"5\"><\/div>\n<p><strong>Bendras \u012fvertinimas: 5\/5<\/strong><br \/>\n<strong>Per\u017ei\u016bros data:<\/strong> <span itemprop=\"datePublished\" content=\"2016-05-01\">01\/05\/2016<\/span>\n<\/div>\n<p>Daugiau apie <a href=\"https:\/\/moverdb.com\/lt\/tarptautiniai-perkraustymai\/\">JK perkraustymo \u012fmon\u0117s<\/a> ir m\u016bs\u0173 <a href=\"https:\/\/moverdb.com\/lt\/atsiliepimai\/\">paai\u0161kintas per\u017ei\u016bros procesas<\/a>.<\/p>\n<p><strong>Interneto svetain\u0117:<\/strong> <a href=\"http:\/\/www.anglopacific.co.uk\" target=\"_blank\" rel=\"noopener\">http:\/\/www.anglopacific.co.uk<\/a><\/p>","protected":false},"excerpt":{"rendered":"<p>Anglo Pacific offers a variety of removal services to help people move overseas. Here are their core service offerings along with company profile and reviews. Services Removal Services Imports International Relocation Provision of shipping containers Theatrical removals Man and Van hire in London Shipping Services Baggage Cars Fine Art Freight Imports Motorbike Luggage Trade Student [&hellip;]<\/p>\n","protected":false},"author":1,"featured_media":0,"parent":0,"menu_order":0,"comment_status":"closed","ping_status":"closed","template":"","meta":{"_genesis_hide_title":false,"_genesis_hide_breadcrumbs":false,"_genesis_hide_singular_image":false,"_genesis_hide_footer_widgets":false,"_genesis_custom_body_class":"","_genesis_custom_post_class":"","_genesis_layout":"","footnotes":""},"class_list":{"0":"post-270","1":"page","2":"type-page","3":"status-publish","5":"entry"},"_links":{"self":[{"href":"https:\/\/moverdb.com\/lt\/wp-json\/wp\/v2\/pages\/270","targetHints":{"allow":["GET"]}}],"collection":[{"href":"https:\/\/moverdb.com\/lt\/wp-json\/wp\/v2\/pages"}],"about":[{"href":"https:\/\/moverdb.com\/lt\/wp-json\/wp\/v2\/types\/page"}],"author":[{"embeddable":true,"href":"https:\/\/moverdb.com\/lt\/wp-json\/wp\/v2\/users\/1"}],"replies":[{"embeddable":true,"href":"https:\/\/moverdb.com\/lt\/wp-json\/wp\/v2\/comments?post=270"}],"version-history":[{"count":12,"href":"https:\/\/moverdb.com\/lt\/wp-json\/wp\/v2\/pages\/270\/revisions"}],"predecessor-version":[{"id":6173,"href":"https:\/\/moverdb.com\/lt\/wp-json\/wp\/v2\/pages\/270\/revisions\/6173"}],"wp:attachment":[{"href":"https:\/\/moverdb.com\/lt\/wp-json\/wp\/v2\/media?parent=270"}],"curies":[{"name":"wp","href":"https:\/\/api.w.org\/{rel}","templated":true}]}}