{"id":2675,"date":"2017-05-03T15:16:49","date_gmt":"2017-05-03T15:16:49","guid":{"rendered":"https:\/\/moverdb.com\/?page_id=2675"},"modified":"2026-01-08T15:20:41","modified_gmt":"2026-01-08T15:20:41","slug":"pristatymas-i-singapura","status":"publish","type":"page","link":"https:\/\/moverdb.com\/lt\/shipping-to-singapore\/","title":{"rendered":"Pristatymas \u012f Singap\u016br\u0105: K\u0105 reikia \u017einoti"},"content":{"rendered":"<p><img loading=\"lazy\" decoding=\"async\" width=\"720\" height=\"313\" src=\"https:\/\/moverdb.com\/wp-content\/uploads\/shipping-to-singapore.png\" alt=\"Pristatymas \u012f Singap\u016br\u0105\" class=\"aligncenter size-full wp-image-2676\" srcset=\"https:\/\/moverdb.com\/wp-content\/uploads\/shipping-to-singapore.png 720w, https:\/\/moverdb.com\/wp-content\/uploads\/shipping-to-singapore-300x130.png 300w, https:\/\/moverdb.com\/wp-content\/uploads\/shipping-to-singapore-600x261.png 600w\" sizes=\"auto, (max-width: 720px) 100vw, 720px\" \/><\/p>\n<p>Nesvarbu, ar esate <a href=\"https:\/\/moverdb.com\/lt\/persikelimas-i-singapura\/\">persik\u0117limas \u012f Singap\u016br\u0105<\/a> arba tik norite i\u0161si\u0173sti kelis siuntinius, galime pad\u0117ti rasti geriausius siuntimo pasi\u016blymus i\u0161 <a href=\"https:\/\/moverdb.com\/lt\/moving-to-the-united-states\/\" data-internallinksmanager029f6b8e52c=\"94\" title=\"Persik\u0117limas \u012f Jungtines Amerikos Valstijas? 2022 Gyvenimo i\u0161laidos ir persik\u0117limo patarimai\">JAV<\/a>, <a href=\"https:\/\/moverdb.com\/lt\/moving-to-the-uk\/\" data-internallinksmanager029f6b8e52c=\"93\" title=\"Persik\u0117limas \u012f Jungtin\u0119 Karalyst\u0119? 2022 Gyvenimo i\u0161laidos ir persikraustymo patarimai\">JK<\/a>, <a href=\"https:\/\/moverdb.com\/lt\/moving-to-australia\/living-in-australia\/\" data-internallinksmanager029f6b8e52c=\"240\" title=\"21 paslap\u010di\u0173 apie gyvenim\u0105 Australijoje, kurias reikia \u017einoti prie\u0161 persikeliant\">Australija<\/a>, <a href=\"https:\/\/moverdb.com\/lt\/moving-to-canada\/\" data-internallinksmanager029f6b8e52c=\"265\" title=\"Persik\u0117limas \u012f Kanad\u0105? 2023 m. gyvenimo i\u0161laidos ir persik\u0117limo patarimai\">Kanada<\/a>, <a href=\"https:\/\/moverdb.com\/lt\/moving-to-france\/\" data-internallinksmanager029f6b8e52c=\"315\" title=\"Persik\u0117limas \u012f Pranc\u016bzij\u0105? 2023 Gyvenimo i\u0161laidos ir persik\u0117limo patarimai\">Pranc\u016bzija<\/a>, <a href=\"https:\/\/moverdb.com\/lt\/moving-to-hong-kong\/\" data-internallinksmanager029f6b8e52c=\"350\" title=\"Persikraustote \u012f Honkong\u0105? 2023 Gyvenimo i\u0161laidos ir persik\u0117limo patarimai\">Honkongas<\/a>, <a href=\"https:\/\/moverdb.com\/lt\/moving-to-new-zealand\/\" data-internallinksmanager029f6b8e52c=\"324\" title=\"Persik\u0117limas \u012f Nauj\u0105j\u0105 Zelandij\u0105? 2023 Gyvenimo i\u0161laidos ir persik\u0117limo patarimai\">Naujoji Zelandija<\/a>, <a href=\"https:\/\/moverdb.com\/lt\/moving-to-the-philippines\/\" data-internallinksmanager029f6b8e52c=\"376\" title=\"Persik\u0117limas \u012f Filipinus? 2023 m. pragyvenimo i\u0161laidos ir persik\u0117limo patarimai\">Filipinai<\/a> ir daugelyje kit\u0173 pasaulio \u0161ali\u0173. <\/p>\n<p>Prad\u0117ti galite naudodamiesi pirmiau pateikta nemokamo pasi\u016blymo forma. <\/p>\n<div id=\"ez-toc-container\" class=\"ez-toc-v2_0_82_2 ez-toc-wrap-left counter-hierarchy ez-toc-counter ez-toc-transparent ez-toc-container-direction\">\n<div class=\"ez-toc-title-container\">\n<p class=\"ez-toc-title\" style=\"cursor:inherit\">Skyriai<\/p>\n<span class=\"ez-toc-title-toggle\"><a href=\"#\" class=\"ez-toc-pull-right ez-toc-btn ez-toc-btn-xs ez-toc-btn-default ez-toc-toggle\" aria-label=\"Perjungti turinio lentel\u0119\"><span class=\"ez-toc-js-icon-con\"><span class=\"\"><span class=\"eztoc-hide\" style=\"display:none;\">Perjungti<\/span><span class=\"ez-toc-icon-toggle-span\"><svg style=\"fill: #999;color:#999\" xmlns=\"http:\/\/www.w3.org\/2000\/svg\" class=\"list-377408\" width=\"20px\" height=\"20px\" viewbox=\"0 0 24 24\" fill=\"none\"><path d=\"M6 6H4v2h2V6zm14 0H8v2h12V6zM4 11h2v2H4v-2zm16 0H8v2h12v-2zM4 16h2v2H4v-2zm16 0H8v2h12v-2z\" fill=\"currentColor\"><\/path><\/svg><svg style=\"fill: #999;color:#999\" class=\"arrow-unsorted-368013\" xmlns=\"http:\/\/www.w3.org\/2000\/svg\" width=\"10px\" height=\"10px\" viewbox=\"0 0 24 24\" version=\"1.2\" baseprofile=\"tiny\"><path d=\"M18.2 9.3l-6.2-6.3-6.2 6.3c-.2.2-.3.4-.3.7s.1.5.3.7c.2.2.4.3.7.3h11c.3 0 .5-.1.7-.3.2-.2.3-.5.3-.7s-.1-.5-.3-.7zM5.8 14.7l6.2 6.3 6.2-6.3c.2-.2.3-.5.3-.7s-.1-.5-.3-.7c-.2-.2-.4-.3-.7-.3h-11c-.3 0-.5.1-.7.3-.2.2-.3.5-.3.7s.1.5.3.7z\"\/><\/svg><\/span><\/span><\/span><\/a><\/span><\/div>\n<nav><ul class='ez-toc-list ez-toc-list-level-1 eztoc-toggle-hide-by-default' ><li class='ez-toc-page-1 ez-toc-heading-level-2'><a class=\"ez-toc-link ez-toc-heading-1\" href=\"https:\/\/moverdb.com\/lt\/shipping-to-singapore\/#Shipping_to_Singapore_From_The_US\" >Pristatymas \u012f Singap\u016br\u0105 i\u0161 JAV<\/a><\/li><li class='ez-toc-page-1 ez-toc-heading-level-2'><a class=\"ez-toc-link ez-toc-heading-2\" href=\"https:\/\/moverdb.com\/lt\/shipping-to-singapore\/#Shipping_to_Singapore_From_The_UK\" >Siuntimas \u012f Singap\u016br\u0105 i\u0161 JK<\/a><\/li><li class='ez-toc-page-1 ez-toc-heading-level-2'><a class=\"ez-toc-link ez-toc-heading-3\" href=\"https:\/\/moverdb.com\/lt\/shipping-to-singapore\/#Shipping_to_Singapore_From_Australia\" >Pristatymas \u012f Singap\u016br\u0105 i\u0161 Australijos<\/a><\/li><li class='ez-toc-page-1 ez-toc-heading-level-2'><a class=\"ez-toc-link ez-toc-heading-4\" href=\"https:\/\/moverdb.com\/lt\/shipping-to-singapore\/#Shipping_to_Singapore_From_Canada\" >Pristatymas \u012f Singap\u016br\u0105 i\u0161 Kanados<\/a><\/li><li class='ez-toc-page-1 ez-toc-heading-level-2'><a class=\"ez-toc-link ez-toc-heading-5\" href=\"https:\/\/moverdb.com\/lt\/shipping-to-singapore\/#Shipping_to_Singapore_From_France\" >Pristatymas \u012f Singap\u016br\u0105 i\u0161 Pranc\u016bzijos<\/a><\/li><li class='ez-toc-page-1 ez-toc-heading-level-2'><a class=\"ez-toc-link ez-toc-heading-6\" href=\"https:\/\/moverdb.com\/lt\/shipping-to-singapore\/#Shipping_to_Singapore_From_Hong_Kong\" >Pristatymas \u012f Singap\u016br\u0105 i\u0161 Honkongo<\/a><\/li><li class='ez-toc-page-1 ez-toc-heading-level-2'><a class=\"ez-toc-link ez-toc-heading-7\" href=\"https:\/\/moverdb.com\/lt\/shipping-to-singapore\/#Shipping_to_Singapore_From_New_Zealand\" >Pristatymas \u012f Singap\u016br\u0105 i\u0161 Naujosios Zelandijos<\/a><\/li><li class='ez-toc-page-1 ez-toc-heading-level-2'><a class=\"ez-toc-link ez-toc-heading-8\" href=\"https:\/\/moverdb.com\/lt\/shipping-to-singapore\/#Shipping_to_Singapore_From_the_Philippines\" >Siuntimas \u012f Singap\u016br\u0105 i\u0161 Filipin\u0173<\/a><\/li><li class='ez-toc-page-1 ez-toc-heading-level-2'><a class=\"ez-toc-link ez-toc-heading-9\" href=\"https:\/\/moverdb.com\/lt\/shipping-to-singapore\/#Singapore_Import_Duties_Taxes\" >Singap\u016bro importo muitai ir mokes\u010diai<\/a><\/li><li class='ez-toc-page-1 ez-toc-heading-level-2'><a class=\"ez-toc-link ez-toc-heading-10\" href=\"https:\/\/moverdb.com\/lt\/shipping-to-singapore\/#Restricted_Items_in_Singapore\" >Apribotos prek\u0117s Singap\u016bre<\/a><\/li><li class='ez-toc-page-1 ez-toc-heading-level-2'><a class=\"ez-toc-link ez-toc-heading-11\" href=\"https:\/\/moverdb.com\/lt\/shipping-to-singapore\/#Other_Useful_Guides_to_Singapore\" >Kiti naudingi Singap\u016bro gidai<\/a><\/li><\/ul><\/nav><\/div>\n<h2><span class=\"ez-toc-section\" id=\"Shipping_to_Singapore_From_The_US\"><\/span>Pristatymas \u012f Singap\u016br\u0105 i\u0161 JAV<span class=\"ez-toc-section-end\"><\/span><\/h2>\n<p><strong><a href=\"https:\/\/moverdb.com\/lt\/container-shipping\/\" data-internallinksmanager029f6b8e52c=\"3\" title=\"Tarptautini\u0173 konteineri\u0173 gabenimo tarif\u0173 diagrama: 2026 m. baland\u017eio m\u0117n.\">Konteineri\u0173 gabenimo i\u0161laidos<\/a> I\u0161 <a href=\"https:\/\/moverdb.com\/lt\/persikelimas-i-los-andzela\/\">Los And\u017eelas<\/a><\/strong><\/p>\n<ul>\n<li> 20 p\u0117d\u0173 konteineris: $750 - $830<\/li>\n<li> 40 p\u0117d\u0173 konteineris: $1,120 - $1,235<\/li>\n<\/ul>\n<p><strong>Konteineri\u0173 gabenimo i\u0161laidos nuo <a href=\"https:\/\/moverdb.com\/lt\/persikelimas-i-niujorka\/\">Niujorkas<\/a><\/strong><\/p>\n<ul>\n<li> 20 p\u0117d\u0173 konteineris: $975 - $1,080<\/li>\n<li> 40 p\u0117d\u0173 konteineris: $1,460 - $1,610<\/li>\n<\/ul>\n<p><strong>Siuntini\u0173 pristatymo i\u0161laidos<\/strong><\/p>\n<ul>\n<li> Pirmasis 0,5 kg: $11.80+<\/li>\n<li> Kiekvienas papildomas 0,5 kg: $3,25+<\/li>\n<\/ul>\n<p><em>\u0160altinis:<\/em> <a href=\"http:\/\/comgateway.com\/ship-to-Singapore\/\" target=\"_blank\" rel=\"noopener noreferrer\">comGateway<\/a><\/p>\n<p><strong>Pristatymo laikas<\/strong><\/p>\n<ul>\n<li> <strong>Oro:<\/strong> 1-3 dienos<\/li>\n<li> <strong>J\u016bra:<\/strong> Ma\u017edaug 1 m\u0117nuo<\/li>\n<\/ul>\n<h2><span class=\"ez-toc-section\" id=\"Shipping_to_Singapore_From_The_UK\"><\/span>Siuntimas \u012f Singap\u016br\u0105 i\u0161 JK<span class=\"ez-toc-section-end\"><\/span><\/h2>\n<p><strong>Konteineri\u0173 gabenimo i\u0161laidos nuo <a href=\"https:\/\/moverdb.com\/lt\/moving-to-london\/\">Londonas<\/a><\/strong><\/p>\n<ul>\n<li> 20 p\u0117d\u0173 konteineris: \u00a3 895 - \u00a3 1000<\/li>\n<li> 40 p\u0117d\u0173 konteineris: 1340 - 1480 svar\u0173 sterling\u0173<\/li>\n<\/ul>\n<p><strong>Siuntini\u0173 pristatymo i\u0161laidos<\/strong><\/p>\n<ul>\n<li> Iki 1 kg: \u00a320.12+<\/li>\n<li> Iki 20 kg: \u00a387.31+<\/li>\n<\/ul>\n<p><em>\u0160altinis:<\/em> <a href=\"https:\/\/www.transglobalexpress.co.uk\/parcel-to\/singapore\/\" target=\"_blank\" rel=\"noopener noreferrer\">\"Transglobal Express<\/a><\/p>\n<p><strong>Pristatymo laikas<\/strong><\/p>\n<ul>\n<li> <strong>Oro:<\/strong> 1-3 dienos<\/li>\n<li> <strong>J\u016bra:<\/strong> Ma\u017edaug 1 m\u0117nuo<\/li>\n<\/ul>\n<h2><span class=\"ez-toc-section\" id=\"Shipping_to_Singapore_From_Australia\"><\/span>Pristatymas \u012f Singap\u016br\u0105 i\u0161 Australijos<span class=\"ez-toc-section-end\"><\/span><\/h2>\n<p><strong>Konteineri\u0173 gabenimo i\u0161laidos nuo <a href=\"https:\/\/moverdb.com\/lt\/persikelimas-i-sidneju\/\">Sidn\u0117jus<\/a><\/strong><\/p>\n<ul>\n<li> 20 p\u0117d\u0173 konteineris: $980 - $1,080 AUD<\/li>\n<li> 40 p\u0117d\u0173 konteineris: $1,470 - $1,620 AUD<\/li>\n<\/ul>\n<p><strong>Siuntini\u0173 pristatymo i\u0161laidos<\/strong><\/p>\n<ul>\n<li> Ma\u017ea rankin\u0117 (iki 500 g): $22.26+<\/li>\n<li> D\u0117\u017eut\u0117 (iki 5 kg): $81.73+<\/li>\n<\/ul>\n<p><em>\u0160altinis:<\/em> <a href=\"https:\/\/auspost.com.au\/parcels-mail\/calculate-postage-delivery-times\/#\/\" target=\"_blank\" rel=\"noopener noreferrer\">Australijos pa\u0161tas<\/a><\/p>\n<p><strong>Pristatymo laikas<\/strong><\/p>\n<ul>\n<li> <strong>Oro:<\/strong> 1-3 dienos<\/li>\n<li> <strong>J\u016bra:<\/strong> Apie 20 dien\u0173<\/li>\n<\/ul>\n<h2><span class=\"ez-toc-section\" id=\"Shipping_to_Singapore_From_Canada\"><\/span>Pristatymas \u012f Singap\u016br\u0105 i\u0161 Kanados<span class=\"ez-toc-section-end\"><\/span><\/h2>\n<p><strong>Konteineri\u0173 gabenimo i\u0161laidos nuo <a href=\"https:\/\/moverdb.com\/lt\/moving-to-canada\/moving-to-montreal\/\" data-internallinksmanager029f6b8e52c=\"410\" title=\"Persik\u0117limas \u012f Monreal\u012f? 2023 Gyvenimo i\u0161laidos ir persik\u0117limo patarimai\">Monrealis<\/a><\/strong><\/p>\n<ul>\n<li> 20 p\u0117d\u0173 konteineris: $1,640 - $1,800 CAD<\/li>\n<li> 40 p\u0117d\u0173 konteineris: $2,440 - $2,700 CAD<\/li>\n<\/ul>\n<p><strong>Konteineri\u0173 gabenimo i\u0161laidos nuo <a href=\"https:\/\/moverdb.com\/lt\/moving-to-canada\/moving-to-vancouver\/\" data-internallinksmanager029f6b8e52c=\"438\" title=\"Persikraustote \u012f Vankuver\u012f? 2023 m. pragyvenimo i\u0161laidos ir persik\u0117limo patarimai\">Vankuveris<\/a><\/strong><\/p>\n<ul>\n<li> 20 p\u0117d\u0173 konteineris: $990 - $1,100 CAD<\/li>\n<li> 40 p\u0117d\u0173 konteineris: $1,480 - $1,630 CAD<\/li>\n<\/ul>\n<p><strong>Siuntini\u0173 pristatymo i\u0161laidos<\/strong><\/p>\n<ul>\n<li> 1 kg: $20.29 - $105.44+<\/li>\n<li> 10 kg: $139.85 - $412.93+<\/li>\n<\/ul>\n<p><em>\u0160altinis:<\/em> <a href=\"https:\/\/www.canadapost.ca\/cpotools\/apps\/far\/personal\/farInt\" target=\"_blank\" rel=\"noopener noreferrer\">Kanados pa\u0161tas<\/a><\/p>\n<p><strong>Pristatymo laikas<\/strong><\/p>\n<ul>\n<li> <strong>Oro:<\/strong> 1-3 dienos<\/li>\n<li> <strong>J\u016bra:<\/strong> Ma\u017edaug 1 m\u0117nuo<\/li>\n<\/ul>\n<h2><span class=\"ez-toc-section\" id=\"Shipping_to_Singapore_From_France\"><\/span>Pristatymas \u012f Singap\u016br\u0105 i\u0161 Pranc\u016bzijos<span class=\"ez-toc-section-end\"><\/span><\/h2>\n<p><strong>Konteineri\u0173 gabenimo i\u0161laidos i\u0161 Marselio<\/strong><\/p>\n<ul>\n<li> 20 p\u0117d\u0173 konteineris: 740-820 eur\u0173<\/li>\n<li> 40 p\u0117d\u0173 konteineris: 1 100 - 1 220 eur\u0173<\/li>\n<\/ul>\n<p><strong>Pristatymo laikas<\/strong><\/p>\n<ul>\n<li> <strong>Oro:<\/strong> 1-3 dienos<\/li>\n<li> <strong>J\u016bra:<\/strong> Ma\u017edaug 1 m\u0117nuo<\/li>\n<\/ul>\n<h2><span class=\"ez-toc-section\" id=\"Shipping_to_Singapore_From_Hong_Kong\"><\/span>Pristatymas \u012f Singap\u016br\u0105 i\u0161 Honkongo<span class=\"ez-toc-section-end\"><\/span><\/h2>\n<p><strong>Konteineri\u0173 gabenimo i\u0161laidos<\/strong><\/p>\n<ul>\n<li> 20 p\u0117d\u0173 konteineris: $1,820 - $2,010 HKD<\/li>\n<li> 40 p\u0117d\u0173 konteineris: $1,860 - $2,060 HKD<\/li>\n<\/ul>\n<p><strong>Pristatymo laikas<\/strong><\/p>\n<ul>\n<li> <strong>Oro:<\/strong> 1-2 dienos<\/li>\n<li> <strong>J\u016bra:<\/strong> Apie 12 dien\u0173<\/li>\n<\/ul>\n<h2><span class=\"ez-toc-section\" id=\"Shipping_to_Singapore_From_New_Zealand\"><\/span>Pristatymas \u012f Singap\u016br\u0105 i\u0161 Naujosios Zelandijos<span class=\"ez-toc-section-end\"><\/span><\/h2>\n<p><strong>Konteineri\u0173 gabenimo i\u0161laidos i\u0161 Oklando<\/strong><\/p>\n<ul>\n<li> 20 p\u0117d\u0173 konteineris: $1,860 - $2,050 NZD<\/li>\n<li> 40 p\u0117d\u0173 konteineris: $2,775 - $3,070 NZD<\/li>\n<\/ul>\n<p><strong>Pristatymo laikas<\/strong><\/p>\n<ul>\n<li> <strong>Oro:<\/strong> 1-3 dienos<\/li>\n<li> <strong>J\u016bra:<\/strong> Ma\u017edaug 23 dienos<\/li>\n<\/ul>\n<h2><span class=\"ez-toc-section\" id=\"Shipping_to_Singapore_From_the_Philippines\"><\/span>Siuntimas \u012f Singap\u016br\u0105 i\u0161 Filipin\u0173<span class=\"ez-toc-section-end\"><\/span><\/h2>\n<p><strong>Konteineri\u0173 gabenimo i\u0161laidos i\u0161 Manilos<\/strong><\/p>\n<ul>\n<li> 20 p\u0117d\u0173 konteineris: \u20b118,300 - \u20b120,255<\/li>\n<li> 40 p\u0117d\u0173 konteineris: \u20b127,350 - \u20b130,230<\/li>\n<\/ul>\n<p><strong>Pristatymo laikas<\/strong><\/p>\n<ul>\n<li> <strong>Oro:<\/strong> 1-3 dienos<\/li>\n<li> <strong>J\u016bra:<\/strong> Apie 12 dien\u0173<\/li>\n<\/ul>\n<p>Konteineri\u0173 gabenimo i\u0161laid\u0173 duomenys yra pagr\u012fsti j\u016bs\u0173 preki\u0173 siuntimu j\u016bra ir gauti i\u0161 m\u016bs\u0173 <a href=\"https:\/\/moverdb.com\/lt\/konteineriu-kroviniu-gabenimas\/\">tarptautini\u0173 konteineri\u0173 gabenimo tarifai<\/a> puslapis ir <a href=\"http:\/\/worldfreightrates.com\" target=\"_blank\" rel=\"noopener noreferrer\">WorldFreightRates.com<\/a>, Oro transporto pristatymo laikas yra i\u0161 <a href=\"https:\/\/wwwapps.ups.com\/fctc\/timeandcost\" target=\"_blank\" rel=\"noopener noreferrer\">UPS laiko ir i\u0161laid\u0173 skai\u010diuokl\u0117<\/a>, o laivybos j\u016bra laikas - i\u0161 <a href=\"https:\/\/www.searates.com\" target=\"_blank\" rel=\"noopener noreferrer\">SeaRates.com<\/a>.<\/p>\n<h2><span class=\"ez-toc-section\" id=\"Singapore_Import_Duties_Taxes\"><\/span>Singap\u016bro importo muitai ir mokes\u010diai<span class=\"ez-toc-section-end\"><\/span><\/h2>\n<p>Jei siun\u010diate nam\u0173 apyvokos daiktus ir asmeninius daiktus \u012f <a href=\"https:\/\/moverdb.com\/lt\/moving-to-singapore\/\" data-internallinksmanager029f6b8e52c=\"68\" title=\"Persik\u0117limas \u012f Singap\u016br\u0105? 2023 m. Gyvenimo i\u0161laidos ir persik\u0117limo patarimai\">Singap\u016bras<\/a> u\u017e prekes, kuri\u0173 vert\u0117 vir\u0161ija 400 SGD, jums bus taikomas 7% preki\u0173 ir paslaug\u0173 mokestis (GST). Ta\u010diau galite pra\u0161yti lengvatos, jei taikomi toliau nurodyti reikalavimai:<\/p>\n<blockquote><p>Naudot\u0173 nam\u0173 apyvokos daikt\u0173 ir asmenini\u0173 daikt\u0173 importui gali b\u016bti taikoma GST lengvata:<\/p>\n<p>Singap\u016bro pilie\u010diai ir nuolatiniai Singap\u016bro gyventojai, gyvenantys u\u017esienyje ir gr\u012f\u017etantys gyventi \u012f Singap\u016br\u0105<br \/>\nU\u017esienie\u010diai, kei\u010diantys gyvenam\u0105j\u0105 viet\u0105 arba migruojantys \u012f Singap\u016br\u0105<\/p>\n<p>GPM lengvata taikoma laikantis \u0161i\u0173 s\u0105lyg\u0173:<\/p>\n<p>\u0160is asmuo \u012frodo muitinei, kad:<\/p>\n<ul>\n<li> Jis kei\u010dia gyvenam\u0105j\u0105 viet\u0105 \u012f Singap\u016br\u0105;<\/li>\n<li> Jis yra importuot\u0173 daikt\u0173, asmenini\u0173 daikt\u0173 ir asmeninio augintinio savininkas;<\/li>\n<li> Daiktai ir asmeniniai daiktai buvo jo \u017einioje ir buvo naudojami ne trumpiau kaip 3 m\u0117nesius; ir<\/li>\n<li> Daiktai ir asmeniniai daiktai \u012fve\u017eami oro arba j\u016br\u0173 transportu.<\/li>\n<li> Daiktai, asmeniniai daiktai ir asmeniniai naminiai gyv\u016bnai importuojami per 6 m\u0117nesius nuo pirmojo atvykimo \u012f Singap\u016br\u0105.<\/li>\n<li> Pateikiamas \u012fsipareigojimas nei\u0161mesti daikt\u0173 ir asmenini\u0173 daikt\u0173 per 3 m\u0117nesius nuo importo datos.<\/li>\n<\/ul>\n<p>Gr\u012f\u017etantys Singap\u016bro pilie\u010diai ir nuolatiniai Singap\u016bro pilie\u010diai, nor\u0117dami pasinaudoti \u0161ia GST lengvata, turi b\u016bti gyven\u0119 u\u017esienio \u0161alyje ilgiau nei 6 m\u0117nesius.<\/p><\/blockquote>\n<p><strong>\u0160altinis:<\/strong> <a href=\"https:\/\/www.customs.gov.sg\/businesses\/importing-goods\/import-procedures\/importing-used-household-articles-and-personal-effects\" target=\"_blank\" rel=\"noopener noreferrer\">Singap\u016bro muitin\u0117<\/a><\/p>\n<p>Atkreipkite d\u0117mes\u012f, kad yra <a href=\"https:\/\/www.customs.gov.sg\/businesses\/valuation-duties-taxes--fees\/duties-and-dutiable-goods\" target=\"_blank\" rel=\"noopener noreferrer\">yra 4 apmokestinam\u0173 preki\u0173 kategorijos<\/a> (kuriems negali b\u016bti taikoma GPM lengvata):<\/p>\n<ul>\n<li> svaiginamieji g\u0117rimai: Pagal vien\u0105 i\u0161 dviej\u0173 formuli\u0173: <em>Mok\u0117tini mokes\u010diai = bendras kiekis litrais x muito ir (arba) akcizo tarifas x alkoholio koncentracijos procentin\u0117 dalis<\/em> <strong>arba<\/strong><em> Mok\u0117tini muitai = Visas apmokestinamasis kiekis kilogramais x muito norma<\/em>.<\/li>\n<li> Tabako gaminiai - <em>Cigaret\u0117s:<\/em> Mok\u0117tini mokes\u010diai = bendras lazdeli\u0173 skai\u010dius x atskir\u0173 lazdeli\u0173 svoris (kiekvienas gramas ar jo dalis) x akcizo tarifas - <em>visi kiti tabako gaminiai:<\/em> Mok\u0117tini mokes\u010diai = bendras svoris (kilogramais) x akcizo tarifas<\/li>\n<li> Automobiliai ir motorin\u0117s transporto priemon\u0117s - <em>Mok\u0117tini mokes\u010diai = Muitin\u0117 vert\u0117 x akcizo tarifas<\/em>; lengviesiems ir klasikiniams automobiliams akciz\u0173 tarifas yra <strong>20%<\/strong> o motociklams ir motoroleriams taikomas toks akciz\u0173 tarifas <strong>12%<\/strong>.<\/li>\n<li> Naftos produktai ir biodyzelino mi\u0161iniai - Naftos produktai: <em>Mok\u0117tini mokes\u010diai = bendras kiekis x akcizo tarifas<\/em>, susl\u0117gtos gamtin\u0117s dujos (Cng): <em>Mok\u0117tini mokes\u010diai = bendras svoris x akcizo tarifas<\/em>, Biodyzelino mi\u0161inys Mok\u0117tini mokes\u010diai = <em>Dyzelino kiekis x akcizo tarifas<\/em>.<\/li>\n<\/ul>\n<p>I\u0161sami\u0105 informacij\u0105 rasite Singap\u016bro muitin\u0117je <a href=\"https:\/\/www.customs.gov.sg\/businesses\/importing-goods\/import-procedures\" target=\"_blank\" rel=\"noopener noreferrer\">Importo proced\u016bros \u010dia<\/a>.<\/p>\n<h2><span class=\"ez-toc-section\" id=\"Restricted_Items_in_Singapore\"><\/span>Apribotos prek\u0117s Singap\u016bre<span class=\"ez-toc-section-end\"><\/span><\/h2>\n<p>Singap\u016bro muitin\u0117 draud\u017eia ir (arba) kontroliuoja \u0161ias prekes (<a href=\"https:\/\/www.customs.gov.sg\/individuals\/going-through-customs\/arrival\/prohibited-and-controlled-goods\" target=\"_blank\" rel=\"noopener noreferrer\">\u017er. svetain\u0119<\/a> i\u0161sami\u0105 informacij\u0105):<\/p>\n<ul>\n<li> Kramtomoji guma (i\u0161skyrus Sveikatos moksl\u0173 tarnybos patvirtint\u0105 burnos ertm\u0117s dant\u0173 ir medikamentin\u0119 gum\u0105)<\/li>\n<li> Kramtomasis tabakas ir tabako imitacijos gaminiai (pvz., elektronin\u0117s cigaret\u0117s)<\/li>\n<li> Shisha<\/li>\n<li> Ner\u016bkomieji cigarai, ner\u016bkomosios cigaril\u0117s arba ner\u016bkomosios cigaret\u0117s<\/li>\n<li> Tirpstantis tabakas arba nikotinas<\/li>\n<li> Bet koks produktas, kurio sud\u0117tyje yra nikotino arba tabako ir kuris gali b\u016bti naudojamas vietiniam vartojimui, implantuojamas arba \u0161virk\u0161\u010diamas \u012f bet kuri\u0105 k\u016bno dal\u012f.<\/li>\n<li> Bet koks tirpalas arba med\u017eiaga, kurios sudedamoji dalis yra tabakas arba nikotinas, skirta naudoti su elektronine nikotino tiekimo sistema arba garintuvais.<\/li>\n<li> nosin\u0117 taboka (nuo 2016 m. rugpj\u016b\u010dio 1 d.)<\/li>\n<li> Geriamoji taboka (nuo 2016 m. rugpj\u016b\u010dio 1 d.)<\/li>\n<li> Gutkha, khaini ir zarda (nuo 2016 m. rugpj\u016b\u010dio 1 d.)<\/li>\n<li> Cigare\u010di\u0173 \u017eiebtuv\u0117liai, pistoleto arba revolverio formos<\/li>\n<p>Contr<\/p>\n<li> oliniai narkotikai ir psichotropin\u0117s med\u017eiagos<\/li>\n<li> Nykstan\u010dios laukini\u0173 gyv\u016bn\u0173 r\u016b\u0161ys ir j\u0173 \u0161alutiniai produktai<\/li>\n<li> Petardos<\/li>\n<li> Nepador\u016bs straipsniai, leidiniai ir vaizdo kaset\u0117s ir (arba) diskai<\/li>\n<li> Autori\u0173 teisi\u0173 saugom\u0173 leidini\u0173, programin\u0117s \u012frangos, vaizdo juost\u0173, vaizdo kompaktini\u0173 disk\u0173, lazerini\u0173 disk\u0173, plok\u0161teli\u0173 ar kase\u010di\u0173 kopijavimas<\/li>\n<li> Raginanti ir i\u0161daviki\u0161ka med\u017eiaga<\/li>\n<\/ul>\n<p>Jei nesate tikri d\u0117l bet kurio kito elemento, prie\u0161 i\u0161si\u0173sdami prekes pasitarkite su jais.<\/p>\n<h2><span class=\"ez-toc-section\" id=\"Other_Useful_Guides_to_Singapore\"><\/span>Kiti naudingi Singap\u016bro gidai<span class=\"ez-toc-section-end\"><\/span><\/h2>\n<ul>\n<li> <a href=\"https:\/\/moverdb.com\/lt\/konteineriu-kroviniu-gabenimas\/singapuras\/\">2024 J\u016br\u0173 krovini\u0173 gabenimo konteineriais \u012f Singap\u016br\u0105 ir i\u0161 jo \u012fkainiai<\/a><\/li>\n<li> <a href=\"https:\/\/moverdb.com\/lt\/juda-imones\/moving-companies-singapore\/\">22 Geriausios tarptautin\u0117s perkraustymo \u012fmon\u0117s Singap\u016bre<\/a><\/li>\n<li> <a href=\"https:\/\/moverdb.com\/lt\/pristatymas-i-singapura\/\">Pristatymas \u012f Singap\u016br\u0105: K\u0105 reikia \u017einoti<\/a><\/li>\n<li> <a href=\"https:\/\/moverdb.com\/lt\/persikelimas-i-singapura\/\">Persik\u0117limas \u012f Singap\u016br\u0105? 2024 Gyvenimo i\u0161laidos ir persik\u0117limo patarimai<\/a><\/li>\n<li> <a href=\"https:\/\/moverdb.com\/lt\/persikelimas-i-singapura\/best-places-to-live-singapore\/\">12 geriausi\u0173 viet\u0173 gyventi Singap\u016bre<\/a><\/li>\n<li> <a href=\"https:\/\/moverdb.com\/lt\/persikelimas-i-singapura\/living-in-singapore\/\">21 paslap\u010di\u0173 apie gyvenim\u0105 Singap\u016bre, kurias reikia \u017einoti prie\u0161 persikeliant<\/a><\/li>\n<li> <a href=\"https:\/\/moverdb.com\/lt\/persikelimas-i-singapura\/moving-to-singapore-from-the-united-states\/\">Persik\u0117limas \u012f Singap\u016br\u0105 i\u0161 JAV<\/a><\/li>\n<\/ul>","protected":false},"excerpt":{"rendered":"<p>Whether you&#8217;re moving to Singapore or just looking to ship a few parcels, we can help you find the best shipping deals from the US, UK, Australia, Canada, France, Hong Kong, New Zealand, Philippines and most other countries around the world. You can get started by using the free quote form above. Shipping to Singapore [&hellip;]<\/p>\n","protected":false},"author":1,"featured_media":2676,"parent":0,"menu_order":0,"comment_status":"closed","ping_status":"closed","template":"","meta":{"_genesis_hide_title":false,"_genesis_hide_breadcrumbs":false,"_genesis_hide_singular_image":false,"_genesis_hide_footer_widgets":false,"_genesis_custom_body_class":"","_genesis_custom_post_class":"","_genesis_layout":"","footnotes":""},"class_list":{"0":"post-2675","1":"page","2":"type-page","3":"status-publish","4":"has-post-thumbnail","6":"entry"},"_links":{"self":[{"href":"https:\/\/moverdb.com\/lt\/wp-json\/wp\/v2\/pages\/2675","targetHints":{"allow":["GET"]}}],"collection":[{"href":"https:\/\/moverdb.com\/lt\/wp-json\/wp\/v2\/pages"}],"about":[{"href":"https:\/\/moverdb.com\/lt\/wp-json\/wp\/v2\/types\/page"}],"author":[{"embeddable":true,"href":"https:\/\/moverdb.com\/lt\/wp-json\/wp\/v2\/users\/1"}],"replies":[{"embeddable":true,"href":"https:\/\/moverdb.com\/lt\/wp-json\/wp\/v2\/comments?post=2675"}],"version-history":[{"count":17,"href":"https:\/\/moverdb.com\/lt\/wp-json\/wp\/v2\/pages\/2675\/revisions"}],"predecessor-version":[{"id":16941,"href":"https:\/\/moverdb.com\/lt\/wp-json\/wp\/v2\/pages\/2675\/revisions\/16941"}],"wp:featuredmedia":[{"embeddable":true,"href":"https:\/\/moverdb.com\/lt\/wp-json\/wp\/v2\/media\/2676"}],"wp:attachment":[{"href":"https:\/\/moverdb.com\/lt\/wp-json\/wp\/v2\/media?parent=2675"}],"curies":[{"name":"wp","href":"https:\/\/api.w.org\/{rel}","templated":true}]}}