{"id":265,"date":"2016-05-01T06:12:45","date_gmt":"2016-05-01T06:12:45","guid":{"rendered":"http:\/\/moverdb.com\/?page_id=265"},"modified":"2026-01-08T14:47:55","modified_gmt":"2026-01-08T14:47:55","slug":"cadogan-tate","status":"publish","type":"page","link":"https:\/\/moverdb.com\/lt\/cadogan-tate\/","title":{"rendered":"Cadogan Tate: Tarptautinis perkraustymas ir perkraustymas Atsiliepimai"},"content":{"rendered":"<p>\"Cadogan Tate\" savo klientams si\u016blo \u0161ias persikraustymo \u012f u\u017esien\u012f paslaugas. Po \u0161ios informacijos pateikiamas \u012fmon\u0117s profilis ir \u012fvairi\u0173 klient\u0173 atsiliepimai.<\/p>\n<p><strong>Asmeniniai ir \u012fmoni\u0173 perkraustymai<\/strong><\/p>\n<p>Perkraustymo valdymo paslaugos<\/p>\n<ul>\n<li> Perkraustymo valdymo planas<\/li>\n<li> Pakavimas ir i\u0161pakavimas<\/li>\n<li> Transportavimas ir gabenimas<\/li>\n<li> Muitinis \u012fforminimas <\/li>\n<li> Saugykla - pasaulin\u0117 apr\u0117ptis<\/li>\n<\/ul>\n<p><strong>Meno paslaugos ir mugi\u0173 paslaugos<\/strong><\/p>\n<ul>\n<li> Meno k\u016brini\u0173 saugojimas, gabenimas ir perkraustymas<\/li>\n<li> Parod\u0173 ir mugi\u0173 eksponat\u0173 perve\u017eimas visame pasaulyje<\/li>\n<\/ul>\n<p><strong>Specialist\u0173 u\u017eduotys<\/strong><\/p>\n<ul>\n<li> Ger\u0173 vyn\u0173 perve\u017eimas <\/li>\n<li> <a href=\"https:\/\/moverdb.com\/lt\/automobiliu-transportas-siuntimas\/\">Automobili\u0173 gabenimas<\/a>, valtys ir orlaiviai<\/li>\n<li> Gyv\u016bn\u0173 augintini\u0173 perk\u0117limas<\/li>\n<\/ul>\n<p><strong>Interjero dizainerio paslaugos<\/strong><\/p>\n<ul>\n<li> Bet kokio dizainerio daikto surinkimas ir perk\u0117limas visame pasaulyje<\/li>\n<li> Labai patyr\u0119 darbuotojai kvalifikuotai supakuoja ir (arba) supakuoja \u012f d\u0117\u017ees ir perkelia.<\/li>\n<li> Pristatymas ir muitin\u0117 <\/li>\n<li> Saugykla <\/li>\n<\/ul>\n<h2>\"Cadogan Tate\" \u012fmon\u0117s profilis<\/h2>\n<p>\"Cadogan Tate\" buvo \u012fkurta 1977 m. ir dabar turi biurus <a href=\"https:\/\/moverdb.com\/lt\/moving-to-london\/\">Londonas<\/a>, <a href=\"https:\/\/moverdb.com\/lt\/moving-to-france\/moving-to-paris\/\" data-internallinksmanager029f6b8e52c=\"407\" title=\"Persikraustote \u012f Pary\u017ei\u0173? 2023 Gyvenimo i\u0161laidos ir persik\u0117limo patarimai\">Pary\u017eius<\/a>, \u017dydrasis krantas, <a href=\"https:\/\/moverdb.com\/lt\/persikelimas-i-niujorka\/\">Niujorkas<\/a> ir <a href=\"https:\/\/moverdb.com\/lt\/persikelimas-i-los-andzela\/\">Los And\u017eelas<\/a> Jie ne tik perve\u017ea \u012fmones ir asmenis visame pasaulyje, bet ir yra meno k\u016brini\u0173, bald\u0173 ir dekoratyvini\u0173 daikt\u0173, sukurt\u0173 garsiausi\u0173 pasaulio dizaineri\u0173, perve\u017eimo ekspertai. <\/p>\n<p>\"Cadogan Tate\" did\u017eiuojasi savo patirtimi rengiant meno muges ir atsi\u017evelgiant \u012f mugi\u0173 organizatori\u0173, pirk\u0117j\u0173 ir dalyvi\u0173 poreikius. \"Cadogan Tate\" logotipas yra \"viskas, kas tvarkoma r\u016bpestingai\".<br \/>\n\u012emon\u0117 turi ilg\u0105 priklausomybi\u0173 ir akreditacij\u0173 s\u0105ra\u0161\u0105:<\/p>\n<ul>\n<li> <a href=\"https:\/\/moverdb.com\/lt\/britu-salintoju-asociacija\/\">Did\u017eiosios Britanijos perkraustytoj\u0173 asociacija (BAR)<\/a><\/li>\n<li> <a href=\"https:\/\/moverdb.com\/lt\/mtc\/\">Movers prekybos klubas<\/a> (<a href=\"https:\/\/moverdb.com\/lt\/mtc\/\" data-internallinksmanager029f6b8e52c=\"30\" title=\"Movers Trading Club (MTC) Paai\u0161kinta\">MTC<\/a>)<\/li>\n<li> Muziej\u0173 asociacija<\/li>\n<li> Vidaus reikal\u0173 ministerija - <a href=\"https:\/\/moverdb.com\/lt\/moving-to-the-uk\/\" data-internallinksmanager029f6b8e52c=\"93\" title=\"Persik\u0117limas \u012f Jungtin\u0119 Karalyst\u0119? 2022 Gyvenimo i\u0161laidos ir persikraustymo patarimai\">JK<\/a> Pasienio reikal\u0173 agent\u016bra<\/li>\n<li> <a href=\"https:\/\/moverdb.com\/lt\/harmony-relocation-network\/\">Harmonijos perk\u0117limo tinklas<\/a><\/li>\n<li> <a href=\"https:\/\/moverdb.com\/lt\/esu\/\">Tarptautin\u0117 perve\u017e\u0117j\u0173 asociacija (IAM)<\/a><\/li>\n<li> <a href=\"https:\/\/moverdb.com\/lt\/fidi-faim\/\">FAIM<\/a><\/li>\n<li> JK registratori\u0173 grup\u0117<\/li>\n<li> <a href=\"https:\/\/moverdb.com\/lt\/fidi-faim\/\">FIDI pasaulinis aljansas<\/a><\/li>\n<li> Meno ir antikvarini\u0173 daikt\u0173 prekiautoj\u0173 asociacija (LAPADA)<\/li>\n<li> U\u017etikrintos kokyb\u0117s paslaug\u0173 standartas - Komercinis perkraustymas<\/li>\n<li> U\u017etikrintos kokyb\u0117s paslaug\u0173 standartas - Aplinkosaugos vadybos sistemos<\/li>\n<li> U\u017etikrintos kokyb\u0117s paslaug\u0173 standartas - Komercinis perkraustymas<\/li>\n<li> U\u017etikrintos kokyb\u0117s paslaug\u0173 standartas - buitini\u0173 bald\u0173 perkraustymas<\/li>\n<li> U\u017etikrintos kokyb\u0117s paslaug\u0173 standartas - profesin\u0117 sveikata ir valdymo sistemos<\/li>\n<li> Kokyb\u0117s u\u017etikrinimo paslaug\u0173 standartas - Kokyb\u0117s vadybos sistemos<\/li>\n<\/ul>\n<h2>Cadogan Tate Atsiliepimai<\/h2>\n<p><strong>Teigiamas<\/strong><\/p>\n<ul>\n<li> \"<em>Buvome su\u017eav\u0117ti \"Cadogan Tate\". Tai nebuvo pigus pasirinkimas, ta\u010diau po darbo su jais nusprend\u0117me, kad jie buvo verti kiekvieno cento.\" <\/em> E. Perry per <a href=\"http:\/\/www.reviewcentre.com\/Removal-Companies\/Cadogan-Tate-www-cadogantate-com-review_3591881\" target=\"_blank\" rel=\"noopener\">Per\u017ei\u016bros centras<\/a>\n<\/li>\n<li> \"<em>Neseniai u\u017esisakiau krovin\u012f per \"Cadogan Tate\", kad gal\u0117\u010diau persikelti i\u0161 Piet\u0173 <a href=\"https:\/\/moverdb.com\/lt\/moving-to-france\/\" data-internallinksmanager029f6b8e52c=\"315\" title=\"Persik\u0117limas \u012f Pranc\u016bzij\u0105? 2023 Gyvenimo i\u0161laidos ir persik\u0117limo patarimai\">Pranc\u016bzija<\/a> \u012f London\u0105. Tai buvo atlikta taip puikiai.\" <\/em>Rivsalov per <a href=\"http:\/\/www.removalreviews.co.uk\/movingreviews\/smooth-and-efficient-with-a-professional-approach-5733\" target=\"_blank\" rel=\"noopener\">Perkraustymo ap\u017evalgos<\/a>\n<\/li>\n<\/ul>\n<p><strong>Neigiamas<\/strong><\/p>\n<ul>\n<li> \"<em>Pasibjaur\u0117jim\u0105 kelia tai, kiek \u0161i bendrov\u0117 i\u0161meta aplinkosaugos atliek\u0173. D\u0117\u017e\u0117s, kuriose sud\u0117ti netvirti daiktai, pavyzd\u017eiui, pagalv\u0117s ir patalyn\u0117, prikim\u0161tos visi\u0161kai naujos popierin\u0117s pakuot\u0117s.\" <\/em>Carl Lyon per <a href=\"http:\/\/www.reviewcentre.com\/Removal-Companies\/Cadogan-Tate-www-cadogantate-com-review_3349791\" target=\"_blank\" rel=\"noopener\">Per\u017ei\u016bros centras<\/a>\n<\/li>\n<li> \"<em>Naudojom\u0117s \"Cadogan Tate\" paslaugomis persikraustydami i\u0161 Londono atgal \u012f <a href=\"https:\/\/moverdb.com\/lt\/moving-to-the-united-states\/\" data-internallinksmanager029f6b8e52c=\"94\" title=\"Persik\u0117limas \u012f Jungtines Amerikos Valstijas? 2022 Gyvenimo i\u0161laidos ir persik\u0117limo patarimai\">JAV<\/a>. Perkraustytojai buvo labai profesional\u016bs ir draugi\u0161ki. Ta\u010diau u\u017epakalinis biuras turi rimt\u0173 problem\u0173.\" <\/em> D J Skillman per <a href=\"http:\/\/www.removalreviews.co.uk\/movers\/cadogan-tate-311\" target=\"_blank\" rel=\"noopener\">Perkraustymo ap\u017evalgos<\/a>\n<\/li>\n<\/ul>\n<div itemprop=\"review\" itemscope itemtype=\"http:\/\/schema.org\/Review\">\n<span itemprop=\"author\" itemscope=\"\" itemtype=\"http:\/\/schema.org\/Organization\"><span itemprop=\"name\">MoverDB.com<\/span><\/span> Internetin\u0117s svetain\u0117s ap\u017evalga <span itemprop=\"itemreviewed\" itemscope=\"\" itemtype=\"http:\/\/schema.org\/Brand\"><span itemprop=\"name\">Cadogan Tate<\/span><\/span>:<\/p>\n<ol>\n<li> Ai\u0161ki kontaktin\u0117 informacija svetain\u0117je (\u012fskaitant telefono numer\u012f): <strong>Taip<\/strong><\/li>\n<li> Lengva gauti <a href=\"https:\/\/moverdb.com\/lt\/citatos\/\">tarptautini\u0173 perkraustym\u0173 citatos<\/a>? (internetin\u0117 s\u0105matos u\u017eklausos forma): <strong>Taip<\/strong><\/li>\n<li> Ai\u0161ki informacija svetain\u0117je: <strong>I\u0161 dalies.<\/strong> Svetain\u0117je n\u0117ra daug i\u0161samios informacijos. Ji pateikiama planavimo etape.<\/li>\n<li> Naryst\u0117 tarptautin\u0117se pripa\u017eintose jud\u0117jimo organizacijose: <strong>Taip<\/strong>, \u017er. pirmiau.<\/li>\n<li> Klient\u0173 s\u0105ra\u0161as ir (arba) ankstesni\u0173 klient\u0173 atsiliepimai: <strong>I\u0161 dalies.<\/strong> Svetain\u0117je pateikiami atvej\u0173 tyrimai, kuriuose apra\u0161omi \u012fvair\u016bs veiksmai, ta\u010diau n\u0117ra klient\u0173 vard\u0173 ar atsiliepim\u0173.<\/li>\n<\/ol>\n<div itemprop=\"reviewRating\" itemscope itemtype=\"http:\/\/schema.org\/Rating\"><meta itemprop=\"worstRating\" content = \"0\" \/><meta itemprop=\"bestRating\" content=\"5\" \/><meta itemprop=\"ratingValue\" content=\"4\"><\/div>\n<p><strong>Bendras \u012fvertinimas: 4\/5<\/strong><br \/>\n<strong>Per\u017ei\u016bros data:<\/strong> <span itemprop=\"datePublished\" content=\"2016-05-01\">01\/05\/2016<\/span>\n<\/div>\n<p>Daugiau apie <a href=\"https:\/\/moverdb.com\/lt\/tarptautiniai-perkraustymai\/\">JK perkraustymo \u012fmon\u0117s<\/a> ir m\u016bs\u0173 <a href=\"https:\/\/moverdb.com\/lt\/atsiliepimai\/\">paai\u0161kintas per\u017ei\u016bros procesas<\/a>.<\/p>\n<p><strong>Interneto svetain\u0117:<\/strong> <a href=\"https:\/\/www.cadogantate.com\/en\" target=\"_blank\" rel=\"noopener\">https:\/\/www.cadogantate.com\/en<\/a><\/p>","protected":false},"excerpt":{"rendered":"<p>Cadogan Tate offer their clients the following for their move abroad. This information is followed by a company profile and reviews from various clients. Personal and Corporate Moves Move Management Services Move management plan Packing and unpacking Transportation and shipping Customs clearance Storage &#8211; Global coverage Art Services and Fair Services Fine art storage, shipping [&hellip;]<\/p>\n","protected":false},"author":1,"featured_media":0,"parent":0,"menu_order":0,"comment_status":"closed","ping_status":"closed","template":"","meta":{"_genesis_hide_title":false,"_genesis_hide_breadcrumbs":false,"_genesis_hide_singular_image":false,"_genesis_hide_footer_widgets":false,"_genesis_custom_body_class":"","_genesis_custom_post_class":"","_genesis_layout":"","footnotes":""},"class_list":{"0":"post-265","1":"page","2":"type-page","3":"status-publish","5":"entry"},"_links":{"self":[{"href":"https:\/\/moverdb.com\/lt\/wp-json\/wp\/v2\/pages\/265","targetHints":{"allow":["GET"]}}],"collection":[{"href":"https:\/\/moverdb.com\/lt\/wp-json\/wp\/v2\/pages"}],"about":[{"href":"https:\/\/moverdb.com\/lt\/wp-json\/wp\/v2\/types\/page"}],"author":[{"embeddable":true,"href":"https:\/\/moverdb.com\/lt\/wp-json\/wp\/v2\/users\/1"}],"replies":[{"embeddable":true,"href":"https:\/\/moverdb.com\/lt\/wp-json\/wp\/v2\/comments?post=265"}],"version-history":[{"count":17,"href":"https:\/\/moverdb.com\/lt\/wp-json\/wp\/v2\/pages\/265\/revisions"}],"predecessor-version":[{"id":6190,"href":"https:\/\/moverdb.com\/lt\/wp-json\/wp\/v2\/pages\/265\/revisions\/6190"}],"wp:attachment":[{"href":"https:\/\/moverdb.com\/lt\/wp-json\/wp\/v2\/media?parent=265"}],"curies":[{"name":"wp","href":"https:\/\/api.w.org\/{rel}","templated":true}]}}