{"id":225,"date":"2016-03-28T16:58:52","date_gmt":"2016-03-28T16:58:52","guid":{"rendered":"http:\/\/moverdb.com\/?page_id=225"},"modified":"2026-01-08T14:47:25","modified_gmt":"2026-01-08T14:47:25","slug":"apie","status":"publish","type":"page","link":"https:\/\/moverdb.com\/lt\/about\/","title":{"rendered":"Apie"},"content":{"rendered":"<p>MoverDB.com buvo sukurta siekiant suteikti jums ne\u0161ali\u0161k\u0105 informacij\u0105 apie <a href=\"https:\/\/moverdb.com\/lt\/moving-companies\/\" data-internallinksmanager029f6b8e52c=\"79\" title=\"Top 25 Tarptautin\u0117s perkraustymo \u012fmon\u0117s internete\">tarptautin\u0117s perkraustymo \u012fmon\u0117s<\/a> ir su persik\u0117limu \u012f u\u017esien\u012f susijusias i\u0161laidas. <\/p>\n<p>Nor\u0117dami jums pad\u0117ti, suk\u016br\u0117me kelet\u0105 patogi\u0173 vadov\u0173, kurie pad\u0117s jums prad\u0117ti. Galite su\u017einoti apie:<\/p>\n<ul>\n<li> <a href=\"https:\/\/moverdb.com\/lt\/konteineriu-kroviniu-gabenimas\/\">Tarptautiniai konteineri\u0173 gabenimo tarifai<\/a><\/li>\n<li> <a href=\"https:\/\/moverdb.com\/lt\/juda-imones\/\">Top 25 Tarptautin\u0117s perkraustymo \u012fmon\u0117s internete<\/a><\/li>\n<li> <a href=\"https:\/\/moverdb.com\/lt\/laivybos-bendroves\/\">20 geriausi\u0173 tarptautini\u0173 laivybos \u012fmoni\u0173<\/a><\/li>\n<li> <a href=\"https:\/\/moverdb.com\/lt\/tarptautiniai-perkraustymai\/\">Tarptautinis perkraustymas: 12 geriausi\u0173 \u012fmoni\u0173 Jungtin\u0117je Karalyst\u0117je: 12 geriausi\u0173 \u012fmoni\u0173 Jungtin\u0117je Karalyst\u0117je<\/a><\/li>\n<li> <a href=\"https:\/\/moverdb.com\/lt\/persikraustymo-islaidos\/\">Tarptautinio perkraustymo i\u0161laidos: 9 dalykai, kuri\u0173 negalima ignoruoti<\/a><\/li>\n<li> <a href=\"https:\/\/moverdb.com\/lt\/ekspeditorius\/\">Tarptautini\u0173 ekspeditori\u0173 ir NVOCC s\u0105naud\u0173 ir \u012fmoni\u0173 vadovas<\/a><\/li>\n<li> <a href=\"https:\/\/moverdb.com\/lt\/citatos\/\">Tarptautinio perkraustymo citatos: 12 b\u016bd\u0173, kaip palyginti savo perve\u017e\u0117j\u0105<\/a><\/li>\n<\/ul>\n<p>Be to, verta pamin\u0117ti, kad puslapio vir\u0161uje esan\u010dioje formoje galite pra\u0161yti, kad pasi\u016blym\u0105 pateikt\u0173 iki 6 tarptautini\u0173 perkraustymo \u012fmoni\u0173. Bendradarbiaujame su <a href=\"https:\/\/moverdb.com\/lt\/international-removals\/\" data-internallinksmanager029f6b8e52c=\"27\" title=\"36 geriausios tarptautinio perkraustymo \u012fmon\u0117s Jungtin\u0117je Karalyst\u0117je\">Tarptautinis perkraustymas<\/a> Tiesiogiai, kad b\u016bt\u0173 u\u017etikrintas j\u016bs\u0173 bendradarbiavimas su geriausiomis pasaulio \u012fmon\u0117mis. <\/p>\n<p>Jei m\u016bs\u0173 svetain\u0117je nor\u0117tum\u0117te k\u0105 nors pamatyti, nedvejodami kreipkit\u0117s \u012f <a href=\"https:\/\/moverdb.com\/lt\/susisiekite-su-mumis\/\">susisiekite su mumis<\/a>.<\/p>","protected":false},"excerpt":{"rendered":"<p>MoverDB.com was set-up to give you unbiased information about international moving companies and the costs associated with moving overseas. To help you we&#8217;ve created some handy guides to get you started. You can find out about: International Container Shipping Rates Top 25 International Moving Companies Online Top 20 International Shipping Companies International Removals: Top 12 [&hellip;]<\/p>\n","protected":false},"author":1,"featured_media":0,"parent":0,"menu_order":0,"comment_status":"closed","ping_status":"closed","template":"","meta":{"_genesis_hide_title":false,"_genesis_hide_breadcrumbs":false,"_genesis_hide_singular_image":false,"_genesis_hide_footer_widgets":false,"_genesis_custom_body_class":"","_genesis_custom_post_class":"","_genesis_layout":"","footnotes":""},"class_list":{"0":"post-225","1":"page","2":"type-page","3":"status-publish","5":"entry"},"_links":{"self":[{"href":"https:\/\/moverdb.com\/lt\/wp-json\/wp\/v2\/pages\/225","targetHints":{"allow":["GET"]}}],"collection":[{"href":"https:\/\/moverdb.com\/lt\/wp-json\/wp\/v2\/pages"}],"about":[{"href":"https:\/\/moverdb.com\/lt\/wp-json\/wp\/v2\/types\/page"}],"author":[{"embeddable":true,"href":"https:\/\/moverdb.com\/lt\/wp-json\/wp\/v2\/users\/1"}],"replies":[{"embeddable":true,"href":"https:\/\/moverdb.com\/lt\/wp-json\/wp\/v2\/comments?post=225"}],"version-history":[{"count":4,"href":"https:\/\/moverdb.com\/lt\/wp-json\/wp\/v2\/pages\/225\/revisions"}],"predecessor-version":[{"id":5337,"href":"https:\/\/moverdb.com\/lt\/wp-json\/wp\/v2\/pages\/225\/revisions\/5337"}],"wp:attachment":[{"href":"https:\/\/moverdb.com\/lt\/wp-json\/wp\/v2\/media?parent=225"}],"curies":[{"name":"wp","href":"https:\/\/api.w.org\/{rel}","templated":true}]}}