{"id":17400,"date":"2024-07-03T09:12:02","date_gmt":"2024-07-03T09:12:02","guid":{"rendered":"https:\/\/moverdb.com\/?page_id=17400"},"modified":"2026-05-15T14:59:06","modified_gmt":"2026-05-15T14:59:06","slug":"ubox-cost","status":"publish","type":"page","link":"https:\/\/moverdb.com\/lt\/ubox-cost\/","title":{"rendered":"Kiek kainuoja \"Ubox\"? 2024 m. taupymo vadovas"},"content":{"rendered":"<figure class=\"wp-block-image size-full\"><img loading=\"lazy\" decoding=\"async\" width=\"1000\" height=\"667\" class=\"wp-image-11037\" src=\"https:\/\/moverdb.com\/wp-content\/uploads\/u-box-moving-1.jpg\" alt=\"\" srcset=\"https:\/\/moverdb.com\/wp-content\/uploads\/u-box-moving-1.jpg 1000w, https:\/\/moverdb.com\/wp-content\/uploads\/u-box-moving-1-300x200.jpg 300w, https:\/\/moverdb.com\/wp-content\/uploads\/u-box-moving-1-18x12.jpg 18w, https:\/\/moverdb.com\/wp-content\/uploads\/u-box-moving-1-600x400.jpg 600w\" sizes=\"auto, (max-width: 1000px) 100vw, 1000px\" \/><\/figure>\r\n\r\n\r\n\r\n<p>\"U-Box\" yra universalus ir patogus \"U-Haul\" sand\u0117liavimo sprendimas, skirtas supaprastinti j\u016bs\u0173 perkraustymo ir sand\u0117liavimo poreikius. Naudodami \"U-Box\" galite lanks\u010diai laikyti savo daiktus <em>j\u016bs\u0173<\/em> s\u0105lygas, nesvarbu, ar persikeliate, ar tvarkot\u0117s, ar jums tiesiog reikia laikinos saugyklos.\u00a0<\/p>\r\n\r\n\r\n\r\n\r\n\r\n<p>M\u016bs\u0173 vadove bus aptarti \u0161ie dalykai:<\/p>\r\n\r\n\r\n\r\n<ul class=\"wp-block-list\">\r\n<li>Kiek kainuoja \"U-Box<\/li>\r\n\r\n\r\n\r\n<li>Kas turi \u012ftakos \"U-Box\" kainai<\/li>\r\n\r\n\r\n\r\n<li>Kaip sutaupyti pinig\u0173 \"U-Box<\/li>\r\n\r\n\r\n\r\n<li>Kas susij\u0119 su \"U-Box\" naudojimu<\/li>\r\n\r\n\r\n\r\n<li>Kaip su\u017einoti, ar \"U-Box\" yra geriausias j\u016bs\u0173 pasirinkimas<\/li>\r\n\r\n\r\n\r\n<li>Kaip rasti ir \u012fdarbinti \"U-Box<\/li>\r\n<\/ul>\r\n\r\n\r\n\r\n<p>\"U-Box\" konteineriai yra kilnojami, saug\u016bs ir pristatomi iki pat j\u016bs\u0173 dur\u0173, tod\u0117l perkraustymo ir daikt\u0173 saugojimo procesas tampa lengvesnis. Jei manote, kad \"U-Box\" gali b\u016bti jums reikalingi sprendimai, skaitykite toliau ir su\u017einokite m\u016bs\u0173 svarbiausius patarimus, kaip sutaupyti pinig\u0173 persikraustymo metu.<\/p>\r\n\r\n\r\n\r\n<div id=\"ez-toc-container\" class=\"ez-toc-v2_0_83 ez-toc-wrap-left counter-hierarchy ez-toc-counter ez-toc-transparent ez-toc-container-direction\">\n<div class=\"ez-toc-title-container\">\n<p class=\"ez-toc-title\" style=\"cursor:inherit\">Skyriai<\/p>\n<span class=\"ez-toc-title-toggle\"><a href=\"#\" class=\"ez-toc-pull-right ez-toc-btn ez-toc-btn-xs ez-toc-btn-default ez-toc-toggle\" aria-label=\"Perjungti turinio lentel\u0119\"><span class=\"ez-toc-js-icon-con\"><span class=\"\"><span class=\"eztoc-hide\" style=\"display:none;\">Perjungti<\/span><span class=\"ez-toc-icon-toggle-span\"><svg style=\"fill: #999;color:#999\" xmlns=\"http:\/\/www.w3.org\/2000\/svg\" class=\"list-377408\" width=\"20px\" height=\"20px\" viewbox=\"0 0 24 24\" fill=\"none\"><path d=\"M6 6H4v2h2V6zm14 0H8v2h12V6zM4 11h2v2H4v-2zm16 0H8v2h12v-2zM4 16h2v2H4v-2zm16 0H8v2h12v-2z\" fill=\"currentColor\"><\/path><\/svg><svg style=\"fill: #999;color:#999\" class=\"arrow-unsorted-368013\" xmlns=\"http:\/\/www.w3.org\/2000\/svg\" width=\"10px\" height=\"10px\" viewbox=\"0 0 24 24\" version=\"1.2\" baseprofile=\"tiny\"><path d=\"M18.2 9.3l-6.2-6.3-6.2 6.3c-.2.2-.3.4-.3.7s.1.5.3.7c.2.2.4.3.7.3h11c.3 0 .5-.1.7-.3.2-.2.3-.5.3-.7s-.1-.5-.3-.7zM5.8 14.7l6.2 6.3 6.2-6.3c.2-.2.3-.5.3-.7s-.1-.5-.3-.7c-.2-.2-.4-.3-.7-.3h-11c-.3 0-.5.1-.7.3-.2.2-.3.5-.3.7s.1.5.3.7z\"\/><\/svg><\/span><\/span><\/span><\/a><\/span><\/div>\n<nav><ul class='ez-toc-list ez-toc-list-level-1 eztoc-toggle-hide-by-default' ><li class='ez-toc-page-1 ez-toc-heading-level-2'><a class=\"ez-toc-link ez-toc-heading-1\" href=\"https:\/\/moverdb.com\/lt\/ubox-cost\/#How_Much_Does_U-Box_Cost\" >Kiek kainuoja \"U-Box\"?<\/a><\/li><li class='ez-toc-page-1 ez-toc-heading-level-2'><a class=\"ez-toc-link ez-toc-heading-2\" href=\"https:\/\/moverdb.com\/lt\/ubox-cost\/#What_Affects_the_Cost_of_U-Box\" >Kas turi \u012ftakos \"U-Box\" kainai?<\/a><\/li><li class='ez-toc-page-1 ez-toc-heading-level-2'><a class=\"ez-toc-link ez-toc-heading-3\" href=\"https:\/\/moverdb.com\/lt\/ubox-cost\/#How_Can_I_Save_Money_on_U-Box\" >Kaip galiu sutaupyti pinig\u0173 \"U-Box\"?<\/a><\/li><li class='ez-toc-page-1 ez-toc-heading-level-2'><a class=\"ez-toc-link ez-toc-heading-4\" href=\"https:\/\/moverdb.com\/lt\/ubox-cost\/#Whats_Involved_in_Hiring_U-Box\" >Kas susij\u0119 su \"U-Box\" samdymu?<\/a><\/li><li class='ez-toc-page-1 ez-toc-heading-level-2'><a class=\"ez-toc-link ez-toc-heading-5\" href=\"https:\/\/moverdb.com\/lt\/ubox-cost\/#Is_U-Box_the_Best_Choice_for_Me\" >Ar \"U-Box\" yra geriausias pasirinkimas man?<\/a><\/li><li class='ez-toc-page-1 ez-toc-heading-level-2'><a class=\"ez-toc-link ez-toc-heading-6\" href=\"https:\/\/moverdb.com\/lt\/ubox-cost\/#How_Do_I_Find_and_Hire_a_U-Box\" >Kaip rasti ir i\u0161sinuomoti \"U-Box\"?<\/a><\/li><li class='ez-toc-page-1 ez-toc-heading-level-2'><a class=\"ez-toc-link ez-toc-heading-7\" href=\"https:\/\/moverdb.com\/lt\/ubox-cost\/#Final_Checklist\" >Galutinis kontrolinis s\u0105ra\u0161as<\/a><\/li><li class='ez-toc-page-1 ez-toc-heading-level-2'><a class=\"ez-toc-link ez-toc-heading-8\" href=\"https:\/\/moverdb.com\/lt\/ubox-cost\/#Frequently_Asked_Questions\" >Da\u017enai u\u017eduodami klausimai<\/a><ul class='ez-toc-list-level-3' ><li class='ez-toc-heading-level-3'><a class=\"ez-toc-link ez-toc-heading-9\" href=\"https:\/\/moverdb.com\/lt\/ubox-cost\/#What_is_U-Box_and_How_Does_It_Work\" >Kas yra \"U-Box\" ir kaip jis veikia?<\/a><\/li><li class='ez-toc-page-1 ez-toc-heading-level-3'><a class=\"ez-toc-link ez-toc-heading-10\" href=\"https:\/\/moverdb.com\/lt\/ubox-cost\/#How_Do_I_Reserve_a_U-Box_Container\" >Kaip rezervuoti \"U-Box\" konteiner\u012f?<\/a><\/li><li class='ez-toc-page-1 ez-toc-heading-level-3'><a class=\"ez-toc-link ez-toc-heading-11\" href=\"https:\/\/moverdb.com\/lt\/ubox-cost\/#Can_U-Box_Containers_Be_Used_for_Long-Distance_Moves\" >Ar galima naudoti \"U-Box\" konteinerius perve\u017eant didelius atstumus?<\/a><\/li><li class='ez-toc-page-1 ez-toc-heading-level-3'><a class=\"ez-toc-link ez-toc-heading-12\" href=\"https:\/\/moverdb.com\/lt\/ubox-cost\/#Can_I_Access_My_U-Box_While_Its_in_Storage\" >Ar galiu pasiekti savo \"U-Box\" d\u0117\u017eut\u0119, kol ji saugoma?<\/a><\/li><li class='ez-toc-page-1 ez-toc-heading-level-3'><a class=\"ez-toc-link ez-toc-heading-13\" href=\"https:\/\/moverdb.com\/lt\/ubox-cost\/#Can_U-Haul_Help_with_Loading_and_Unloading_My_U-Box\" >Ar \"U-Haul\" gali pad\u0117ti pakrauti ir i\u0161krauti mano U-Box d\u0117\u017e\u0119?<\/a><\/li><\/ul><\/li><\/ul><\/nav><\/div>\n<h2 class=\"wp-block-heading\"><span class=\"ez-toc-section\" id=\"How_Much_Does_U-Box_Cost\"><\/span><b>Kiek kainuoja \"U-Box\"?<\/b><span class=\"ez-toc-section-end\"><\/span><\/h2>\r\n\r\n\r\n\r\n<p>\"U-Box\" patinka klientams, kurie vertina \"viskas viename\" sprendim\u0105 ir yra pasireng\u0119 investuoti \u012f patogum\u0105.<\/p>\r\n\r\n\r\n\r\n<p>\"U-Box\" si\u016blo i\u0161sam\u0173 paket\u0105, kurio vidutin\u0117 konteinerio kaina yra $3 700+, \u012fskaitant ne tik konteiner\u012f, bet ir transporto priemon\u0117s nuom\u0105 bei pa\u010di\u0105 d\u0117\u017e\u0119. \u0160i\u0173 element\u0173 \u012ftraukimas lemia didesn\u0119 kain\u0105.<\/p>\r\n\r\n\r\n\n<table id=\"tablepress-361\" class=\"tablepress tablepress-id-361\">\n<thead>\n<tr class=\"row-1\">\n\t<th class=\"column-1\">Paslauga<\/th><th class=\"column-2\">Apskai\u010diuotos i\u0161laidos<\/th>\n<\/tr>\n<\/thead>\n<tbody class=\"row-striping row-hover\">\n<tr class=\"row-2\">\n\t<td class=\"column-1\">Kaina u\u017e d\u0117\u017eut\u0119 \/ konteiner\u012f<\/td><td class=\"column-2\">$100<\/td>\n<\/tr>\n<tr class=\"row-3\">\n\t<td class=\"column-1\">Pristatymo mokestis u\u017e d\u0117\u017e\u0119 \/ konteiner\u012f<\/td><td class=\"column-2\">$99<\/td>\n<\/tr>\n<tr class=\"row-4\">\n\t<td class=\"column-1\">Perkraustymo pagalba<\/td><td class=\"column-2\">$40<\/td>\n<\/tr>\n<tr class=\"row-5\">\n\t<td class=\"column-1\">Draudimo apsauga<\/td><td class=\"column-2\">$20<\/td>\n<\/tr>\n<\/tbody>\n<\/table>\n<!-- #tablepress-361 from cache -->\n\r\n\r\n\r\n<p>Bazin\u0117 vienos d\u0117\u017e\u0117s kaina yra $100, o pristatymo mokestis u\u017e d\u0117\u017e\u0119\/konteiner\u012f - $99. Jei norite pagalbos persikraustant - pakavimo ir pakrovimo - ji gali kainuoti $40, o j\u016bs\u0173 daikt\u0173 draudimas saugojimo metu kainuoja $20.<\/p>\r\n\r\n\r\n\r\n<p>Lygindami kainas, ap\u017evelgsime \u012fvairius \"pasidaryk pats\" transporto priemoni\u0173 nuomos ir sand\u0117liavimo \u012frengini\u0173 tiek\u0117jus, palyginsime ir palyginsime j\u0173 kainas, kad susidarytum\u0117te i\u0161sam\u0173 vaizd\u0105 apie tai, su kokiomis i\u0161laidomis susidursite nor\u0117dami samdyti perkraustymo paslaugas.<\/p>\r\n\r\n\r\n\r\n\n<table id=\"tablepress-359\" class=\"tablepress tablepress-id-359\">\n<thead>\n<tr class=\"row-1\">\n\t<th class=\"column-1\">Paslaug\u0173 teik\u0117jas<\/th><th class=\"column-2\">Vidutin\u0117 konteinerio \/ transporto priemon\u0117s nuomos kaina<\/th>\n<\/tr>\n<\/thead>\n<tbody class=\"row-striping row-hover\">\n<tr class=\"row-2\">\n\t<td class=\"column-1\">PODS<\/td><td class=\"column-2\">$6,100+<\/td>\n<\/tr>\n<tr class=\"row-3\">\n\t<td class=\"column-1\">U-Pack<\/td><td class=\"column-2\">$3,000+<\/td>\n<\/tr>\n<tr class=\"row-4\">\n\t<td class=\"column-1\">1-800-PACK-RAT<\/td><td class=\"column-2\">$3,000+<\/td>\n<\/tr>\n<tr class=\"row-5\">\n\t<td class=\"column-1\">zippyshell<\/td><td class=\"column-2\">$2,900+<\/td>\n<\/tr>\n<tr class=\"row-6\">\n\t<td class=\"column-1\">U-Haul<\/td><td class=\"column-2\">$3,500+<\/td>\n<\/tr>\n<tr class=\"row-7\">\n\t<td class=\"column-1\">SMARTBOX<\/td><td class=\"column-2\">$3,100+<\/td>\n<\/tr>\n<tr class=\"row-8\">\n\t<td class=\"column-1\">U-Box<\/td><td class=\"column-2\">$3 700+ (\u012fskaitant transporto priemon\u0117s nuom\u0105 ir d\u0117\u017e\u0119)<\/td>\n<\/tr>\n<\/tbody>\n<\/table>\n<!-- #tablepress-359 from cache -->\r\n\r\n\r\n\r\n<p>Kit\u0173 tiek\u0117j\u0173 kainos svyruoja nuo $2 900 (ma\u017eiausia kaina) iki $6 100+ (did\u017eiausia kaina).<\/p>\r\n\r\n\r\n\r\n<h2 class=\"wp-block-heading\"><span class=\"ez-toc-section\" id=\"What_Affects_the_Cost_of_U-Box\"><\/span><b>Kas turi \u012ftakos \"U-Box\" kainai?<\/b><span class=\"ez-toc-section-end\"><\/span><\/h2>\r\n\r\n\r\n\r\n<p>Yra keturi pagrindiniai veiksniai, galintys tur\u0117ti \u012ftakos \"U-Box\" saugyklos kainai - pa\u017evelkime \u012f juos atid\u017eiau:<\/p>\r\n\r\n\r\n\r\n<p><strong><a href=\"https:\/\/moverdb.com\/lt\/shipping-container-sizes-and-dimensions\/\" data-internallinksmanager029f6b8e52c=\"247\" title=\"Galutinis gabenimo konteineri\u0173 dyd\u017ei\u0173 ir matmen\u0173 vadovas\">Konteinerio dydis<\/a><\/strong><\/p>\r\n\r\n\r\n\r\n<p>Pasirinkto \"U-Box\" konteinerio dydis tur\u0117s tiesiogin\u0117s \u012ftakos kainai. Didesniuose konteineriuose yra daugiau vietos ir talpos, ta\u010diau j\u0173 kaina gali b\u016bti didesn\u0117, palyginti su ma\u017eesniais variantais.<\/p>\r\n\r\n\r\n\r\n<p>Nor\u0117dami gauti geriausi\u0105 kainos ir kokyb\u0117s santyk\u012f, \u012fsitikinkite, kad pasirinkote geriausiai j\u016bs\u0173 daiktams tinkant\u012f konteinerio dyd\u012f.<\/p>\r\n\r\n\r\n\r\n<p><strong>Saugojimo trukm\u0117<\/strong><\/p>\r\n\r\n\r\n\r\n<p>Kaina gali priklausyti nuo to, kiek laiko planuojate naudotis \"U-Box\" saugykla - u\u017e ilgesn\u012f saugojimo laikotarp\u012f mokama daugiau nei u\u017e trumpalaik\u0119 nuom\u0105. Nor\u0117dami kuo geriau pasinaudoti \u0161ia galimybe, pasirinkite plan\u0105, atitinkant\u012f j\u016bs\u0173 termin\u0105, ta\u010diau neb\u016bkite pernelyg optimisti\u0161ki, nes papildomi trukm\u0117s priedai gali b\u016bti brang\u016bs.<\/p>\r\n\r\n\r\n\r\n<p><strong>Pristatymo vieta<\/strong><\/p>\r\n\r\n\r\n\r\n<p>Atstumas nuo \"U-Box\" saugyklos iki pristatymo vietos gali tur\u0117ti \u012ftakos kainai, o priklausomai nuo atstumo pristatymo mokes\u010diai gali skirtis. Skai\u010diuodami bendr\u0105 nuomos kain\u0105, b\u016btinai atsi\u017evelkite \u012f \"U-Box\" saugyklos viet\u0105, palyginti su galutine paskirties vieta.\u00a0<\/p>\r\n\r\n\r\n\r\n<p><strong>Papildomos paslaugos<\/strong><\/p>\r\n\r\n\r\n\r\n<p>\"U-Box\" si\u016blo \u012fvairias papildomas paslaugas, pavyzd\u017eiui, profesionali\u0105 pagalb\u0105 pakraunant ir i\u0161kraunant, klimato kontroliuojam\u0105 saugojim\u0105 ir draudim\u0105. \u0160i\u0173 paslaug\u0173 pasirinkimas gali tur\u0117ti \u012ftakos bendrai \"U-Box\" sand\u0117liavimo kainai, tod\u0117l geriausia \u012fvertinti, kurios paslaugos yra b\u016btinos j\u016bs\u0173 poreikiams, ir atitinkamai planuoti biud\u017eet\u0105.<\/p>\r\n\r\n\r\n\r\n\r\n\r\n<h2 class=\"wp-block-heading\"><span class=\"ez-toc-section\" id=\"How_Can_I_Save_Money_on_U-Box\"><\/span><strong>Kaip galiu sutaupyti pinig\u0173 \"U-Box\"?<\/strong><span class=\"ez-toc-section-end\"><\/span><\/h2>\r\n\r\n\r\n\r\n<figure class=\"wp-block-image size-full\"><img loading=\"lazy\" decoding=\"async\" width=\"1000\" height=\"667\" class=\"wp-image-11038\" src=\"https:\/\/moverdb.com\/wp-content\/uploads\/u-box-moving-2.jpg\" alt=\"\" srcset=\"https:\/\/moverdb.com\/wp-content\/uploads\/u-box-moving-2.jpg 1000w, https:\/\/moverdb.com\/wp-content\/uploads\/u-box-moving-2-300x200.jpg 300w, https:\/\/moverdb.com\/wp-content\/uploads\/u-box-moving-2-18x12.jpg 18w, https:\/\/moverdb.com\/wp-content\/uploads\/u-box-moving-2-600x400.jpg 600w\" sizes=\"auto, (max-width: 1000px) 100vw, 1000px\" \/><\/figure>\r\n\r\n\r\n\r\n<p>Strateginis pasirinkimas ir \"U-Box\" pritaikymas pagal konkre\u010dius reikalavimus gali pad\u0117ti sutaupyti pinig\u0173. Pa\u017evelkime atid\u017eiau.<\/p>\r\n\r\n\r\n\r\n<p>Svarbiausias veiksnys, padedantis sutaupyti pinig\u0173, yra papras\u010diausiai pasirinkti \"U-Box\" konteinerio dyd\u012f, atitinkant\u012f j\u016bs\u0173 sand\u0117liavimo poreikius. Tai rei\u0161kia, kad tur\u0117tum\u0117te vengti i\u0161sinuomoti didesn\u012f konteiner\u012f nei reikia, nes tai gali sukelti nereikaling\u0173 i\u0161laid\u0173.\u00a0<\/p>\r\n\r\n\r\n\r\n<p>Jei \u012fmanoma, rinkit\u0117s kuo trumpesn\u012f saugojimo laikotarp\u012f, nes trumpesnis saugojimo laikotarpis gali pad\u0117ti i\u0161vengti papildom\u0173 mokes\u010di\u0173, susijusi\u0173 su ilgesne nuoma. Planuokite i\u0161 anksto ir numatykite, kiek laiko jums reik\u0117s saugoti, kad sutaupytum\u0117te l\u0117\u0161\u0173, ta\u010diau b\u016btinai nepervertinkite savo efektyvumo, nes papildomos nuomos dienos gali lengvai susikaupti.<\/p>\r\n\r\n\r\n\r\n<p>Jei \u012fmanoma, rinkit\u0117s \"U-Box\" saugykl\u0105, kuri yra patogioje vietoje, kad suma\u017eintum\u0117te pristatymo mokes\u010dius. Pasirink\u0119 netoli nam\u0173 ar paskirties vietos esan\u010di\u0105 saugykl\u0105, galite suma\u017einti transportavimo i\u0161laidas ir ekonomi\u0161kiau saugoti savo daiktus.<\/p>\r\n\r\n\r\n\r\n<p>Galiausiai, nors \"U-Box\" si\u016blo \u012fvairias papildomas paslaugas, atid\u017eiai apsvarstykite, kurios i\u0161 j\u0173 yra b\u016btinos j\u016bs\u0173 situacijoje. Pasirink\u0119 tik tas paslaugas, kuri\u0173 jums tikrai reikia, i\u0161vengsite nereikaling\u0173 i\u0161laid\u0173 ir kontroliuosite bendras i\u0161laidas.<\/p>\r\n\r\n\r\n\r\n<h2 class=\"wp-block-heading\"><span class=\"ez-toc-section\" id=\"Whats_Involved_in_Hiring_U-Box\"><\/span><strong>Kas susij\u0119 su \"U-Box\" samdymu?<\/strong><span class=\"ez-toc-section-end\"><\/span><\/h2>\r\n\r\n\r\n\r\n<p>Pirmiausia i\u0161sirinksite j\u016bs\u0173 poreikius atitinkant\u012f \"U-Box\" konteinerio dyd\u012f ir rezervuosite j\u012f internetu arba telefonu. Patvirtinus u\u017esakym\u0105, \"U-Haul\" pristatys \"U-Box\" konteiner\u012f tiesiai \u012f j\u016bs\u0173 buvimo viet\u0105.\u00a0<\/p>\r\n\r\n\r\n\r\n<p>Atvyk\u0119 \u012f namus, gal\u0117site neskub\u0117ti krauti daiktus \u012f konteiner\u012f jums patogiu metu. Kai pakrausite \"U-Box\" konteiner\u012f, \"U-Haul\" j\u012f paims ir nugabens \u012f pasirinkt\u0105 saugykl\u0105 arba j\u016bs\u0173 nurodyt\u0105 paskirties viet\u0105.\u00a0<\/p>\r\n\r\n\r\n\r\n<p>Jei reikia pagalbos pakraunant ir i\u0161kraunant krovin\u012f, \"U-Haul\" si\u016blo profesionali\u0173 darbuotoj\u0173 paslaugas, kad procesas vykt\u0173 skland\u017eiai. Visos kelion\u0117s metu j\u016bs\u0173 daiktai lieka saug\u016bs U-Box konteineryje.\u00a0<\/p>\r\n\r\n\r\n\r\n<h2 class=\"wp-block-heading\"><span class=\"ez-toc-section\" id=\"Is_U-Box_the_Best_Choice_for_Me\"><\/span><strong>Ar \"U-Box\" yra geriausias pasirinkimas man?<\/strong><span class=\"ez-toc-section-end\"><\/span><\/h2>\r\n\r\n\r\n\r\n<p>Perkraustymo ir saugojimo sprendim\u0173 rinkoje yra daugyb\u0117 variant\u0173, tod\u0117l gali b\u016bti sunku i\u0161sirinkti tinkamiausi\u0105. Ap\u017evelkime pagrindinius privalumus ir tr\u016bkumus, kai svarstote apie \"U-Box\" d\u0117\u017e\u0117s nuom\u0105.<\/p>\r\n\r\n\r\n\n<table id=\"tablepress-345\" class=\"tablepress tablepress-id-345\">\n<thead>\n<tr class=\"row-1\">\n\t<th class=\"column-1\">\"U-Box\" privalumai<\/th><th class=\"column-2\">\"U-Box\" tr\u016bkumai<\/th>\n<\/tr>\n<\/thead>\n<tbody class=\"row-striping row-hover\">\n<tr class=\"row-2\">\n\t<td class=\"column-1\">Lankstumas nustatant jud\u0117jimo laik\u0105 ir tvarkara\u0161t\u012f<\/td><td class=\"column-2\">Daug darbo j\u0117gos reikalaujantis darbas - turite patys krauti ir i\u0161krauti krovin\u012f, nebent pridedate darbo j\u0117gos pried\u0105.<\/td>\n<\/tr>\n<tr class=\"row-3\">\n\t<td class=\"column-1\">Pigiau nei tradicin\u0117s pilnai aptarnaujamos perkraustymo galimyb\u0117s<\/td><td class=\"column-2\">Prieinamumas - d\u0117l u\u017eimtumo laikotarpi\u0173 prieinamumas gali b\u016bti ma\u017eesnis <\/td>\n<\/tr>\n<tr class=\"row-4\">\n\t<td class=\"column-1\">Perkraustymo metu galite steb\u0117ti savo daiktus<\/td><td class=\"column-2\">Ilgesnis nuomos laikas gali brangiai kainuoti<\/td>\n<\/tr>\n<\/tbody>\n<\/table>\n<!-- #tablepress-345 from cache -->\n\r\n\r\n\r\n<p>Pagrindinis privalumas yra patogumas - su tradiciniais perkraustytojais jums reik\u0117s pakrauti ir i\u0161krauti t\u0105 pa\u010di\u0105 dien\u0105, o \"U-Box\" suteikia galimyb\u0119 lanks\u010diai pakuoti ir i\u0161pakuoti daiktus savo tempu.<\/p>\r\n\r\n\r\n\r\n<p>Ta\u010diau, atsi\u017evelgiant \u012f tai, kaip toli viena nuo kitos yra j\u016bs\u0173 saugojimo vietos, gali b\u016bti taikomi papildomi mokes\u010diai, o ilgesni saugojimo laikotarpiai gali greitai kainuoti daug brangiau, nei gal\u0117jote manyti i\u0161 prad\u017ei\u0173.<\/p>\r\n\r\n\r\n\r\n<h2 class=\"wp-block-heading\"><span class=\"ez-toc-section\" id=\"How_Do_I_Find_and_Hire_a_U-Box\"><\/span><strong>Kaip rasti ir i\u0161sinuomoti \"U-Box\"?<\/strong><span class=\"ez-toc-section-end\"><\/span><\/h2>\r\n\r\n\r\n\r\n<figure class=\"wp-block-image size-full\"><img loading=\"lazy\" decoding=\"async\" width=\"1000\" height=\"562\" class=\"wp-image-11039\" src=\"https:\/\/moverdb.com\/wp-content\/uploads\/u-box-moving-3.jpg\" alt=\"\" srcset=\"https:\/\/moverdb.com\/wp-content\/uploads\/u-box-moving-3.jpg 1000w, https:\/\/moverdb.com\/wp-content\/uploads\/u-box-moving-3-300x169.jpg 300w, https:\/\/moverdb.com\/wp-content\/uploads\/u-box-moving-3-18x10.jpg 18w, https:\/\/moverdb.com\/wp-content\/uploads\/u-box-moving-3-600x337.jpg 600w\" sizes=\"auto, (max-width: 1000px) 100vw, 1000px\" \/><\/figure>\r\n\r\n\r\n\r\n<p>Nor\u0117dami prad\u0117ti, apsilankykite \"U-Haul\" svetain\u0117je ir ie\u0161kokite \"U-Box\" viet\u0173 netoli j\u016bs\u0173, \u012fvesdami savo vietov\u0119 ir pageidaujamas saugojimo datas, kad per\u017ei\u016br\u0117tum\u0117te galimas parinktis. Taip pat galite paskambinti \u012f \"U-Haul\" klient\u0173 aptarnavimo skyri\u0173 ir pasiteirauti apie \"U-Box\" u\u017eimtum\u0105 bei atlikti u\u017esakym\u0105 telefonu.<\/p>\r\n\r\n\r\n\r\n<p>Pasirink\u0119 \"U-Box\" viet\u0105 ir patvirtin\u0119, kad yra laisv\u0173 viet\u0173, dabar turite pasirinkti j\u016bs\u0173 poreikius atitinkant\u012f konteinerio dyd\u012f. U\u017epildykite u\u017esakymo proces\u0105 nurodydami savo kontaktin\u0119 informacij\u0105, mok\u0117jimo duomenis ir visas reikalingas papildomas paslaugas.<\/p>\r\n\r\n\r\n\r\n<p>Kai tai bus atlikta, \"U-Haul\" atsi\u0173s jums patvirtinim\u0105 su \"U-Box\" u\u017esakymo informacija, o tada numatyt\u0105 pristatymo dien\u0105 \"U-Haul\" pristatys \"U-Box\" konteiner\u012f \u012f j\u016bs\u0173 nurodyt\u0105 viet\u0105. Tada gal\u0117site patogiai pakrauti savo daiktus.\u00a0<\/p>\r\n\r\n\r\n\r\n<p>Kai baigsite krauti, \"U-Haul\" paims \"U-Box\" d\u0117\u017e\u0119 ir nugabens j\u0105 \u012f nurodyt\u0105 saugykl\u0105 arba \u012f nauj\u0105j\u0105 paskirties viet\u0105.<\/p>\r\n\r\n\r\n\r\n<h2 class=\"wp-block-heading\"><span class=\"ez-toc-section\" id=\"Final_Checklist\"><\/span><strong>Galutinis kontrolinis s\u0105ra\u0161as<\/strong><span class=\"ez-toc-section-end\"><\/span><\/h2>\r\n\r\n\r\n\r\n<p>Jei manote, kad \"U-Box\" samdymas yra tinkamas sprendimas, b\u016btinai pasinaudokite m\u016bs\u0173 galutiniu kontroliniu s\u0105ra\u0161u, kad art\u0117jant did\u017eiajai dienai nieko nepraleistum\u0117te i\u0161 savo darb\u0173 s\u0105ra\u0161o.<\/p>\r\n\r\n\r\n\r\n<ul class=\"wp-block-list\">\r\n<li>Apsvarstykite \"U-Box\" privalumus ir tr\u016bkumus - ar patogumas vertas galimo laisv\u0173 dat\u0173 nelankstumo?<\/li>\r\n\r\n\r\n\r\n<li>Per\u017ei\u016br\u0117kite j\u0173 priedus ir nuspr\u0119skite, ar kuris nors i\u0161 j\u0173 jums tinka. Ar norite pagalbos dirbant rank\u0173 darb\u0105, pakraunant ir i\u0161kraunant krovinius?<\/li>\r\n\r\n\r\n\r\n<li>Patikrinkite, ar nepatiriama joki\u0173 papildom\u0173 i\u0161laid\u0173, susijusi\u0173 su dviem vietomis.<\/li>\r\n\r\n\r\n\r\n<li>Pasirinkite daiktams tinkamo dyd\u017eio konteiner\u012f<\/li>\r\n\r\n\r\n\r\n<li>U\u017esisakykite ir pasiruo\u0161kite visk\u0105 did\u017eiajai dienai!<\/li>\r\n<\/ul>\r\n\r\n\r\n\r\n<h2 class=\"wp-block-heading\"><span class=\"ez-toc-section\" id=\"Frequently_Asked_Questions\"><\/span><strong>Da\u017enai u\u017eduodami klausimai<\/strong><span class=\"ez-toc-section-end\"><\/span><\/h2>\r\n\r\n\r\n<div id=\"rank-math-faq\" class=\"rank-math-block\">\n<div class=\"rank-math-list\">\n<div id=\"faq-question-1692269790738\" class=\"rank-math-list-item\">\n<h3 class=\"rank-math-question\"><span class=\"ez-toc-section\" id=\"What_is_U-Box_and_How_Does_It_Work\"><\/span><strong>Kas yra \"U-Box\" ir kaip jis veikia?<\/strong><span class=\"ez-toc-section-end\"><\/span><\/h3>\n<div class=\"rank-math-answer\">\n\n<p>\"U-Box\" - tai kilnojamasis saugojimo sprendimas, si\u016blantis patog\u0173 pristatom\u0173 saugojimo konteineri\u0173 naudojim\u0105. Pasirenkate konteinerio dyd\u012f, \"U-Haul\" pristato j\u012f \u012f j\u016bs\u0173 viet\u0105 ir pakraunate savo daiktus. <\/p>\n<p>Tuomet \"U-Haul\" paima konteiner\u012f saugojimui arba transportavimui.<\/p>\n\n<\/div>\n<\/div>\n<div id=\"faq-question-1692269827309\" class=\"rank-math-list-item\">\n<h3 class=\"rank-math-question\"><span class=\"ez-toc-section\" id=\"How_Do_I_Reserve_a_U-Box_Container\"><\/span><strong>Kaip rezervuoti \"U-Box\" konteiner\u012f?<\/strong><span class=\"ez-toc-section-end\"><\/span><\/h3>\n<div class=\"rank-math-answer\">\n\n<p>Tai galite padaryti internetu per \"U-Haul\" svetain\u0119 arba program\u0117l\u0119, \u012fvesdami savo buvimo viet\u0105 ir pageidaujamas datas. Taip pat galite paskambinti \u012f \"U-Haul\" klient\u0173 aptarnavimo skyri\u0173 ir rezervuoti viet\u0105 telefonu.<\/p>\n\n<\/div>\n<\/div>\n<div id=\"faq-question-1692269843670\" class=\"rank-math-list-item\">\n<h3 class=\"rank-math-question\"><span class=\"ez-toc-section\" id=\"Can_U-Box_Containers_Be_Used_for_Long-Distance_Moves\"><\/span><strong>Ar galima naudoti \"U-Box\" konteinerius perve\u017eant didelius atstumus?<\/strong><span class=\"ez-toc-section-end\"><\/span><\/h3>\n<div class=\"rank-math-answer\">\n\n<p>Taip, \"U-Box\" konteineriai skirti tiek vietiniams, tiek tolimiems perve\u017eimams. Savo daiktus \u012f \"U-Box\" konteiner\u012f galite pakrauti savo dabartin\u0117je buvimo vietoje, o \"U-Haul\" j\u012f nugabens \u012f paskirties viet\u0105, nesvarbu, ar tai b\u016bt\u0173 kitas miestas, ar kita \u0161alies dalis.<\/p>\n\n<\/div>\n<\/div>\n<div id=\"faq-question-1692269860435\" class=\"rank-math-list-item\">\n<h3 class=\"rank-math-question\"><span class=\"ez-toc-section\" id=\"Can_I_Access_My_U-Box_While_Its_in_Storage\"><\/span><strong>Ar galiu pasiekti savo \"U-Box\" d\u0117\u017eut\u0119, kol ji saugoma?<\/strong><span class=\"ez-toc-section-end\"><\/span><\/h3>\n<div class=\"rank-math-answer\">\n\n<p>Taip, galite pasiekti savo \"U-Box\" d\u0117\u017eut\u0119, kai ji yra saugykloje. Tiesiog susisiekite su \"U-Box\" saugykla ir susitarkite d\u0117l prieigos. <\/p>\n<p>Atminkite, kad gali b\u016bti taikomos tam tikros proced\u016bros ir mokes\u010diai, susij\u0119 su prieiga prie konteinerio saugojimo metu.<\/p>\n\n<\/div>\n<\/div>\n<div id=\"faq-question-1692269875232\" class=\"rank-math-list-item\">\n<h3 class=\"rank-math-question\"><span class=\"ez-toc-section\" id=\"Can_U-Haul_Help_with_Loading_and_Unloading_My_U-Box\"><\/span><strong>Ar \"U-Haul\" gali pad\u0117ti pakrauti ir i\u0161krauti mano U-Box d\u0117\u017e\u0119?<\/strong><span class=\"ez-toc-section-end\"><\/span><\/h3>\n<div class=\"rank-math-answer\">\n\n<p>Taip, \"U-Haul\" si\u016blo \"U-Box\" konteineri\u0173 pakrovimo ir i\u0161krovimo paslaugas. Jei jums reikia pagalbos keliant sunkius daiktus ar pakuojant, \"U-Haul\" gali pasamdyti profesionalius darbuotojus, kad procesas vykt\u0173 skland\u017eiau.<\/p>\n\n<\/div>\n<\/div>\n<\/div>\n<\/div>","protected":false},"excerpt":{"rendered":"<p>U-Box is U-Haul&#8217;s versatile and convenient storage solution designed to simplify your moving and storage needs. With U-Box, you get the flexibility to store your belongings on your terms, whether you&#8217;re relocating, decluttering, or simply in need of temporary storage.\u00a0 Our guide will cover the following: U-Box containers are portable, secure, and delivered right to [&hellip;]<\/p>\n","protected":false},"author":1,"featured_media":0,"parent":0,"menu_order":0,"comment_status":"closed","ping_status":"closed","template":"","meta":{"_genesis_hide_title":false,"_genesis_hide_breadcrumbs":false,"_genesis_hide_singular_image":false,"_genesis_hide_footer_widgets":false,"_genesis_custom_body_class":"","_genesis_custom_post_class":"","_genesis_layout":"","footnotes":""},"class_list":{"0":"post-17400","1":"page","2":"type-page","3":"status-publish","5":"entry"},"_links":{"self":[{"href":"https:\/\/moverdb.com\/lt\/wp-json\/wp\/v2\/pages\/17400","targetHints":{"allow":["GET"]}}],"collection":[{"href":"https:\/\/moverdb.com\/lt\/wp-json\/wp\/v2\/pages"}],"about":[{"href":"https:\/\/moverdb.com\/lt\/wp-json\/wp\/v2\/types\/page"}],"author":[{"embeddable":true,"href":"https:\/\/moverdb.com\/lt\/wp-json\/wp\/v2\/users\/1"}],"replies":[{"embeddable":true,"href":"https:\/\/moverdb.com\/lt\/wp-json\/wp\/v2\/comments?post=17400"}],"version-history":[{"count":1,"href":"https:\/\/moverdb.com\/lt\/wp-json\/wp\/v2\/pages\/17400\/revisions"}],"predecessor-version":[{"id":17401,"href":"https:\/\/moverdb.com\/lt\/wp-json\/wp\/v2\/pages\/17400\/revisions\/17401"}],"wp:attachment":[{"href":"https:\/\/moverdb.com\/lt\/wp-json\/wp\/v2\/media?parent=17400"}],"curies":[{"name":"wp","href":"https:\/\/api.w.org\/{rel}","templated":true}]}}