{"id":17398,"date":"2024-07-03T09:10:49","date_gmt":"2024-07-03T09:10:49","guid":{"rendered":"https:\/\/moverdb.com\/?page_id=17398"},"modified":"2026-01-08T13:18:45","modified_gmt":"2026-01-08T13:18:45","slug":"u-haul-cost","status":"publish","type":"page","link":"https:\/\/moverdb.com\/lt\/u-haul-cost\/","title":{"rendered":"Kiek kainuoja \"U-Haul\"? 2024 m. taupymo vadovas"},"content":{"rendered":"<figure class=\"wp-block-image size-full\"><img loading=\"lazy\" decoding=\"async\" width=\"1000\" height=\"667\" src=\"https:\/\/moverdb.com\/wp-content\/uploads\/u-haul-moving-1.jpg\" alt=\"\" class=\"wp-image-11040\" srcset=\"https:\/\/moverdb.com\/wp-content\/uploads\/u-haul-moving-1.jpg 1000w, https:\/\/moverdb.com\/wp-content\/uploads\/u-haul-moving-1-300x200.jpg 300w, https:\/\/moverdb.com\/wp-content\/uploads\/u-haul-moving-1-18x12.jpg 18w, https:\/\/moverdb.com\/wp-content\/uploads\/u-haul-moving-1-600x400.jpg 600w\" sizes=\"auto, (max-width: 1000px) 100vw, 1000px\" \/><\/figure>\r\n\r\n\r\n\r\n<p>\"U-Haul\" i\u0161lieka populiarus \"pasidaryk pats\" perkraustytoj\u0173 pasirinkimas, ta\u010diau kiek i\u0161 tikr\u0173j\u0173 tai kainuoja? \u0160iame straipsnyje analizuosime \"U-Haul\" kainodaros modelius, ap\u017evelgsime \u012fvairius veiksnius, kurie lemia bendr\u0105 kain\u0105, ir pateiksime jums svarbi\u0173, ekonomi\u0161k\u0173 persikraustymo patarim\u0173.<\/p>\r\n\r\n\r\n\r\n<p>M\u016bs\u0173 vadove bus aptarti \u0161ie dalykai:<\/p>\r\n\r\n\r\n\r\n<ul class=\"wp-block-list\">\r\n<li>Kiek kainuoja \"U-Haul<\/li>\r\n\r\n\r\n\r\n<li>Kas turi \u012ftakos \"U-Haul\" kainai<\/li>\r\n\r\n\r\n\r\n<li>Kaip sutaupyti pinig\u0173 \"U-Haul<\/li>\r\n\r\n\r\n\r\n<li>Kas susij\u0119 su \"U-Haul\" naudojimu<\/li>\r\n\r\n\r\n\r\n<li>Kaip su\u017einoti, ar \"U-Haul\" yra geriausias j\u016bs\u0173 pasirinkimas<\/li>\r\n\r\n\r\n\r\n<li>Kaip rasti ir i\u0161sinuomoti \"U-Haul<\/li>\r\n<\/ul>\r\n\r\n\r\n\r\n<p>Jei norite suma\u017einti i\u0161laidas ir persikraustyti \u012f namus \"pasidaryk pats\" b\u016bdu, \"U-Haul\" naudojimas gali b\u016bti puiki i\u0161eitis. Prad\u0117kime.<\/p>\r\n\r\n\r\n\r\n<div id=\"ez-toc-container\" class=\"ez-toc-v2_0_82_2 ez-toc-wrap-left counter-hierarchy ez-toc-counter ez-toc-transparent ez-toc-container-direction\">\n<div class=\"ez-toc-title-container\">\n<p class=\"ez-toc-title\" style=\"cursor:inherit\">Skyriai<\/p>\n<span class=\"ez-toc-title-toggle\"><a href=\"#\" class=\"ez-toc-pull-right ez-toc-btn ez-toc-btn-xs ez-toc-btn-default ez-toc-toggle\" aria-label=\"Perjungti turinio lentel\u0119\"><span class=\"ez-toc-js-icon-con\"><span class=\"\"><span class=\"eztoc-hide\" style=\"display:none;\">Perjungti<\/span><span class=\"ez-toc-icon-toggle-span\"><svg style=\"fill: #999;color:#999\" xmlns=\"http:\/\/www.w3.org\/2000\/svg\" class=\"list-377408\" width=\"20px\" height=\"20px\" viewbox=\"0 0 24 24\" fill=\"none\"><path d=\"M6 6H4v2h2V6zm14 0H8v2h12V6zM4 11h2v2H4v-2zm16 0H8v2h12v-2zM4 16h2v2H4v-2zm16 0H8v2h12v-2z\" fill=\"currentColor\"><\/path><\/svg><svg style=\"fill: #999;color:#999\" class=\"arrow-unsorted-368013\" xmlns=\"http:\/\/www.w3.org\/2000\/svg\" width=\"10px\" height=\"10px\" viewbox=\"0 0 24 24\" version=\"1.2\" baseprofile=\"tiny\"><path d=\"M18.2 9.3l-6.2-6.3-6.2 6.3c-.2.2-.3.4-.3.7s.1.5.3.7c.2.2.4.3.7.3h11c.3 0 .5-.1.7-.3.2-.2.3-.5.3-.7s-.1-.5-.3-.7zM5.8 14.7l6.2 6.3 6.2-6.3c.2-.2.3-.5.3-.7s-.1-.5-.3-.7c-.2-.2-.4-.3-.7-.3h-11c-.3 0-.5.1-.7.3-.2.2-.3.5-.3.7s.1.5.3.7z\"\/><\/svg><\/span><\/span><\/span><\/a><\/span><\/div>\n<nav><ul class='ez-toc-list ez-toc-list-level-1 eztoc-toggle-hide-by-default' ><li class='ez-toc-page-1 ez-toc-heading-level-2'><a class=\"ez-toc-link ez-toc-heading-1\" href=\"https:\/\/moverdb.com\/lt\/u-haul-cost\/#How_Much_Does_U-Haul_Cost\" >Kiek kainuoja \"U-Haul\"?<\/a><\/li><li class='ez-toc-page-1 ez-toc-heading-level-2'><a class=\"ez-toc-link ez-toc-heading-2\" href=\"https:\/\/moverdb.com\/lt\/u-haul-cost\/#What_Affects_the_Cost_of_U-Haul\" >Kas turi \u012ftakos \"U-Haul\" kainai?<\/a><\/li><li class='ez-toc-page-1 ez-toc-heading-level-2'><a class=\"ez-toc-link ez-toc-heading-3\" href=\"https:\/\/moverdb.com\/lt\/u-haul-cost\/#How_Can_I_Save_Money_on_U-Haul\" >Kaip galiu sutaupyti pinig\u0173 \"U-Haul\"?<\/a><\/li><li class='ez-toc-page-1 ez-toc-heading-level-2'><a class=\"ez-toc-link ez-toc-heading-4\" href=\"https:\/\/moverdb.com\/lt\/u-haul-cost\/#Whats_Involved_in_Hiring_a_U-Haul\" >Kas susij\u0119 su \"U-Haul\" nuoma?<\/a><\/li><li class='ez-toc-page-1 ez-toc-heading-level-2'><a class=\"ez-toc-link ez-toc-heading-5\" href=\"https:\/\/moverdb.com\/lt\/u-haul-cost\/#Is_a_U-Haul_the_Best_Choice_for_Me\" >Ar U-Haul yra geriausias pasirinkimas?<\/a><\/li><li class='ez-toc-page-1 ez-toc-heading-level-2'><a class=\"ez-toc-link ez-toc-heading-6\" href=\"https:\/\/moverdb.com\/lt\/u-haul-cost\/#Final_Checklist\" >Galutinis kontrolinis s\u0105ra\u0161as<\/a><\/li><li class='ez-toc-page-1 ez-toc-heading-level-2'><a class=\"ez-toc-link ez-toc-heading-7\" href=\"https:\/\/moverdb.com\/lt\/u-haul-cost\/#Frequently_Asked_Questions\" >Da\u017enai u\u017eduodami klausimai<\/a><ul class='ez-toc-list-level-3' ><li class='ez-toc-heading-level-3'><a class=\"ez-toc-link ez-toc-heading-8\" href=\"https:\/\/moverdb.com\/lt\/u-haul-cost\/#How_Do_I_Reserve_a_U-Haul_Truck\" >Kaip rezervuoti \"U-Haul\" sunkve\u017eim\u012f?<\/a><\/li><li class='ez-toc-page-1 ez-toc-heading-level-3'><a class=\"ez-toc-link ez-toc-heading-9\" href=\"https:\/\/moverdb.com\/lt\/u-haul-cost\/#What_Do_I_Need_to_Bring_for_Pickup\" >K\u0105 reikia atsine\u0161ti atsiimant?<\/a><\/li><li class='ez-toc-page-1 ez-toc-heading-level-3'><a class=\"ez-toc-link ez-toc-heading-10\" href=\"https:\/\/moverdb.com\/lt\/u-haul-cost\/#Can_I_Extend_My_Rental_Period\" >Ar galiu prat\u0119sti nuomos laikotarp\u012f?<\/a><\/li><li class='ez-toc-page-1 ez-toc-heading-level-3'><a class=\"ez-toc-link ez-toc-heading-11\" href=\"https:\/\/moverdb.com\/lt\/u-haul-cost\/#What_Should_I_Do_if_I_Encounter_Issues_During_the_Rental\" >K\u0105 daryti, jei nuomos metu kyla problem\u0173?<\/a><\/li><\/ul><\/li><\/ul><\/nav><\/div>\n<h2 class=\"wp-block-heading\"><span class=\"ez-toc-section\" id=\"How_Much_Does_U-Haul_Cost\"><\/span><strong>Kiek kainuoja \"U-Haul\"?<\/strong><span class=\"ez-toc-section-end\"><\/span><\/h2>\r\n\r\n\r\n\r\n<p>\"U-Haul\", gerai \u017einomas vardas perkraustymo pramon\u0117je, si\u016blo konteineri\u0173 perkraustymo paslaugas ir transporto priemoni\u0173 nuom\u0105. Nors jie gali b\u016bti siejami su tradicine sunkve\u017eimi\u0173 nuoma, j\u0173 teikiamos konteineri\u0173 nuomos paslaugos yra alternatyvus persikraustymo sprendimas.<\/p>\r\n\r\n\r\n\r\n<p>\"U-Haul\" prek\u0117s \u017eenklo \u017einomumas ir prieinamumas visoje \u0161alyje lemia auk\u0161tesn\u0119 kain\u0105, palyginti su konkurentais. Pirmiausia ap\u017evelkime vidutin\u0119 \"U-Haul\" nuomos kain\u0105.<\/p>\r\n\r\n\r\n\n<table id=\"tablepress-360\" class=\"tablepress tablepress-id-360\">\n<thead>\n<tr class=\"row-1\">\n\t<th class=\"column-1\">Atstumas<\/th><th class=\"column-2\">Apskai\u010diuotos i\u0161laidos<\/th>\n<\/tr>\n<\/thead>\n<tbody class=\"row-striping row-hover\">\n<tr class=\"row-2\">\n\t<td class=\"column-1\">50 myli\u0173<\/td><td class=\"column-2\">$25 + $0,99 u\u017e myli\u0105<\/td>\n<\/tr>\n<tr class=\"row-3\">\n\t<td class=\"column-1\">450 myli\u0173<\/td><td class=\"column-2\">$600+<\/td>\n<\/tr>\n<tr class=\"row-4\">\n\t<td class=\"column-1\">Daugiau nei 1 000 myli\u0173<\/td><td class=\"column-2\">Nuo $1,600 iki $2,300+<\/td>\n<\/tr>\n<\/tbody>\n<\/table>\n<!-- #tablepress-360 from cache -->\n\r\n\r\n\r\n<p>Trumpa 50 myli\u0173 kelion\u0117 kainuoja apie $25 u\u017e nuom\u0105 ir $0,99 u\u017e myli\u0105. Didesni\u0173 kelioni\u0173, ilgesni\u0173 nei 1 000 myli\u0173, i\u0161laidos gali siekti nuo $1 600 iki $2 300, priklausomai nuo viso nuva\u017eiuoto atstumo.<\/p>\r\n\r\n\r\n\r\n<p>Lygindami kainas, ap\u017evelgsime \u012fvairius \"pasidaryk pats\" transporto priemoni\u0173 nuomos ir sand\u0117liavimo \u012frengini\u0173 tiek\u0117jus, palyginsime ir palyginsime j\u0173 kainas, kad susidarytum\u0117te i\u0161sam\u0173 vaizd\u0105 apie tai, su kokiomis i\u0161laidomis susidursite nor\u0117dami samdyti perkraustymo paslaugas.<\/p>\r\n\r\n\r\n\n<table id=\"tablepress-359\" class=\"tablepress tablepress-id-359\">\n<thead>\n<tr class=\"row-1\">\n\t<th class=\"column-1\">Paslaug\u0173 teik\u0117jas<\/th><th class=\"column-2\">Vidutin\u0117 konteinerio \/ transporto priemon\u0117s nuomos kaina<\/th>\n<\/tr>\n<\/thead>\n<tbody class=\"row-striping row-hover\">\n<tr class=\"row-2\">\n\t<td class=\"column-1\">PODS<\/td><td class=\"column-2\">$6,100+<\/td>\n<\/tr>\n<tr class=\"row-3\">\n\t<td class=\"column-1\">U-Pack<\/td><td class=\"column-2\">$3,000+<\/td>\n<\/tr>\n<tr class=\"row-4\">\n\t<td class=\"column-1\">1-800-PACK-RAT<\/td><td class=\"column-2\">$3,000+<\/td>\n<\/tr>\n<tr class=\"row-5\">\n\t<td class=\"column-1\">zippyshell<\/td><td class=\"column-2\">$2,900+<\/td>\n<\/tr>\n<tr class=\"row-6\">\n\t<td class=\"column-1\">U-Haul<\/td><td class=\"column-2\">$3,500+<\/td>\n<\/tr>\n<tr class=\"row-7\">\n\t<td class=\"column-1\">SMARTBOX<\/td><td class=\"column-2\">$3,100+<\/td>\n<\/tr>\n<tr class=\"row-8\">\n\t<td class=\"column-1\">U-Box<\/td><td class=\"column-2\">$3 700+ (\u012fskaitant transporto priemon\u0117s nuom\u0105 ir d\u0117\u017e\u0119)<\/td>\n<\/tr>\n<\/tbody>\n<\/table>\n<!-- #tablepress-359 from cache -->\n\r\n\r\n\r\n<p>Kit\u0173 tiek\u0117j\u0173 kainos svyruoja nuo $2 900 (ma\u017eiausia kaina) iki $6 100+ (didesn\u0117 kaina).<\/p>\r\n\r\n\r\n\r\n<h2 class=\"wp-block-heading\"><span class=\"ez-toc-section\" id=\"What_Affects_the_Cost_of_U-Haul\"><\/span><strong>Kas turi \u012ftakos \"U-Haul\" kainai?<\/strong><span class=\"ez-toc-section-end\"><\/span><\/h2>\r\n\r\n\r\n\r\n<p>Dabar \u017einome kai kurias su \"U-Haul\" nuoma susijusias kainas, tod\u0117l panagrin\u0117kime b\u016bdus, kaip galite paveikti i\u0161laidas, kad \u017einotum\u0117te faktus prie\u0161 prad\u0117dami krovin\u012f nuomoti.<\/p>\r\n\r\n\r\n\r\n<p><strong>Perk\u0117limo atstumas<\/strong><\/p>\r\n\r\n\r\n\r\n<p>Kaip ir tik\u0117jot\u0117s, atstumas, kur\u012f planuojate nuva\u017eiuoti i\u0161sinuomotu \"U-Haul\" sunkve\u017eimiu, daro didel\u0119 \u012ftak\u0105 kainai. D\u0117l didesnio degal\u0173 suvartojimo ir transporto priemon\u0117s nusid\u0117v\u0117jimo didesni atstumai paprastai lemia didesnes nuomos kainas.<\/p>\r\n\r\n\r\n\r\n<p><strong>Sunkve\u017eimio dydis ir tipas<\/strong><\/p>\r\n\r\n\r\n\r\n<p>Pasirinkto \"U-Haul\" sunkve\u017eimio dydis ir tipas tur\u0117s \u012ftakos nuomos kainai. Didesni\u0173 sunkve\u017eimi\u0173, kuriuose yra daugiau vietos kroviniams, nuomos kaina paprastai yra didesn\u0117 nei ma\u017eesni\u0173.<\/p>\r\n\r\n\r\n\r\n<p><strong>Nuomos trukm\u0117<\/strong><\/p>\r\n\r\n\r\n\r\n<p>Sunkve\u017eimio \"U-Haul\" nuomos trukm\u0117 turi \u012ftakos susijusioms i\u0161laidoms, nes ilgesnis nuomos laikotarpis lemia didesnius bendrus mokes\u010dius. \"U-Haul\" si\u016blo \u012fvairios trukm\u0117s nuomos variantus - nuo keli\u0173 valand\u0173 iki keli\u0173 dien\u0173, tod\u0117l gal\u0117site rasti paslaug\u0105, atitinkan\u010di\u0105 j\u016bs\u0173 individuali\u0105 situacij\u0105.<\/p>\r\n\r\n\r\n\r\n<p><strong>Perkraustymo priedai ir priedai<\/strong><\/p>\r\n\r\n\r\n\r\n<p>Papildom\u0173 paslaug\u0173 ir perkraustymo pried\u0173, toki\u0173 kaip pakavimo reikmenys, ve\u017eim\u0117liai ir bald\u0173 trinkel\u0117s, pasirinkimas gali padidinti nuomos kain\u0105. \u0160ie priedai gali pad\u0117ti supaprastinti j\u016bs\u0173 persikraustym\u0105, bet gali padidinti i\u0161laidas.<\/p>\r\n\r\n\r\n\r\n<p><strong>Pasi\u0117mimo ir i\u0161ve\u017eimo vietos<\/strong><\/p>\r\n\r\n\r\n\r\n<p>\"U-Haul\" nuomos pa\u0117mimo ir i\u0161ve\u017eimo vietos turi \u012ftakos kainai, nes nuomos \u012fkainiai gali skirtis priklausomai nuo paklausos ir sunkve\u017eimi\u0173 prieinamumo konkre\u010diose vietose. \u012ekainiai taip pat gali skirtis nuomojant \u012f vien\u0105 pus\u0119 ir vietoje, \u012f k\u0105 svarbu atsi\u017evelgti.<\/p>\r\n\r\n\r\n\r\n<h2 class=\"wp-block-heading\"><span class=\"ez-toc-section\" id=\"How_Can_I_Save_Money_on_U-Haul\"><\/span><strong>Kaip galiu sutaupyti pinig\u0173 \"U-Haul\"?<\/strong><span class=\"ez-toc-section-end\"><\/span><\/h2>\r\n\r\n\r\n\r\n<figure class=\"wp-block-image size-full\"><img loading=\"lazy\" decoding=\"async\" width=\"1000\" height=\"667\" src=\"https:\/\/moverdb.com\/wp-content\/uploads\/u-haul-moving-2.jpg\" alt=\"\" class=\"wp-image-11041\" srcset=\"https:\/\/moverdb.com\/wp-content\/uploads\/u-haul-moving-2.jpg 1000w, https:\/\/moverdb.com\/wp-content\/uploads\/u-haul-moving-2-300x200.jpg 300w, https:\/\/moverdb.com\/wp-content\/uploads\/u-haul-moving-2-18x12.jpg 18w, https:\/\/moverdb.com\/wp-content\/uploads\/u-haul-moving-2-600x400.jpg 600w\" sizes=\"auto, (max-width: 1000px) 100vw, 1000px\" \/><\/figure>\r\n\r\n\r\n\r\n<p>Dabar jau \u017einome, kaip \"U-Hauls\" gali pabrangti, tod\u0117l pasitelkime kelet\u0105 gudri\u0173 gudrybi\u0173, kad suvaldytum\u0117te savo i\u0161laidas.<\/p>\r\n\r\n\r\n\r\n<p>Jei \u012fmanoma, rinkit\u0117s ma\u017eesn\u012f sunkve\u017eim\u012f, nes pasirink\u0119 tokio dyd\u017eio sunkve\u017eim\u012f, kad jame tilpt\u0173 j\u016bs\u0173 daiktai ir u\u017eimt\u0173 nedaug vietos, galite suma\u017einti nuomos i\u0161laidas. U\u017e ma\u017eesni\u0173 sunkve\u017eimi\u0173 nuom\u0105 paprastai mokamos prieinamesn\u0117s nuomos kainos.<\/p>\r\n\r\n\r\n\r\n<p>Jei nuomojat\u0117s pagal nuva\u017eiuot\u0105 atstum\u0105, suplanuokite efektyviausi\u0105 mar\u0161rut\u0105 iki kelion\u0117s tikslo, kad kuo labiau suma\u017eintum\u0117te nuva\u017eiuojam\u0105 atstum\u0105. Venkite aplinkkeli\u0173 ir nereikaling\u0173 kilometr\u0173, kad i\u0161laikytum\u0117te i\u0161laidas.<\/p>\r\n\r\n\r\n\r\n<p>Taip pat pasirinkite savo poreikius atitinkan\u010di\u0105 nuomos trukm\u0119. Jei gal\u0117site persikraustyti per trumpesn\u012f laik\u0105, nuomos mokes\u010diai bus ma\u017eesni, ta\u010diau nepamir\u0161kite atsi\u017evelgti \u012f savo grafik\u0105 ir pernelyg didel\u012f optimizm\u0105, nes v\u0117lavimo mokes\u010diai gali b\u016bti tokie pat \u017ealingi kaip ir ilgesnis nuomos laikotarpis.<\/p>\r\n\r\n\r\n\r\n<p>Persikraustant ne piko metu arba darbo dienomis nuomos kainos gali b\u016bti ma\u017eesn\u0117s. Jei \u012fmanoma, stenkit\u0117s vengti savaitgali\u0173 ir persikraustymo piko m\u0117nesi\u0173, pavyzd\u017eiui, vasaros, kad pasinaudotum\u0117te galimomis nuolaidomis.<\/p>\r\n\r\n\r\n\r\n<p>Galiausiai, nors \"U-Haul\" si\u016blo \u012fvairius judan\u010dius priedus ir priedus, rinkit\u0117s tik tai, k\u0105 <em>tikrai<\/em> reikia. Jei atsisakysite nereikaling\u0173 pried\u0173, pvz., specialios \u012frangos, suma\u017einsite bendras i\u0161laidas.<\/p>\r\n\r\n\r\n\r\n<h2 class=\"wp-block-heading\"><span class=\"ez-toc-section\" id=\"Whats_Involved_in_Hiring_a_U-Haul\"><\/span><strong>Kas susij\u0119 su<\/strong> Nuomojate \"U-Haul\"?<span class=\"ez-toc-section-end\"><\/span><\/h2>\r\n\r\n\r\n\r\n<figure class=\"wp-block-image size-full\"><img loading=\"lazy\" decoding=\"async\" width=\"1000\" height=\"654\" src=\"https:\/\/moverdb.com\/wp-content\/uploads\/u-haul-moving-3.jpg\" alt=\"\" class=\"wp-image-11042\" srcset=\"https:\/\/moverdb.com\/wp-content\/uploads\/u-haul-moving-3.jpg 1000w, https:\/\/moverdb.com\/wp-content\/uploads\/u-haul-moving-3-300x196.jpg 300w, https:\/\/moverdb.com\/wp-content\/uploads\/u-haul-moving-3-18x12.jpg 18w, https:\/\/moverdb.com\/wp-content\/uploads\/u-haul-moving-3-600x392.jpg 600w\" sizes=\"auto, (max-width: 1000px) 100vw, 1000px\" \/><\/figure>\r\n\r\n\r\n\r\n<p>Pirmasis \"U-Haul\" nuomos \u017eingsnis yra bene sunkiausias - reikia nustatyti tinkam\u0105 sunkve\u017eimio dyd\u012f savo daiktams ir apskai\u010diuoti atstum\u0105, kur\u012f ketinate nuva\u017eiuoti.<\/p>\r\n\r\n\r\n\r\n<p>I\u0161sirink\u0119 sunkve\u017eim\u012f galite rezervuoti \"U-Haul\" sunkve\u017eim\u012f internetu arba telefonu, nurodydami pa\u0117mimo viet\u0105, nuomos trukm\u0119 ir i\u0161laipinimo viet\u0105.<\/p>\r\n\r\n\r\n\r\n<p>Numatyt\u0105 pa\u0117mimo dien\u0105 nuvykite \u012f pasirinkt\u0105 \"U-Haul\" viet\u0105 ir atsiimkite i\u0161sinuomot\u0105 sunkve\u017eim\u012f, b\u016btinai pasiimdami galiojant\u012f vairuotojo pa\u017eym\u0117jim\u0105 ir mok\u0117jimo b\u016bd\u0105, kur\u012f naudojote u\u017esakant. U\u017epild\u0119 dokumentus, gausite \"U-Haul\" sunkve\u017eimio raktelius.<\/p>\r\n\r\n\r\n\r\n<p>I\u0161 ten galite pakrauti daiktus, nuva\u017eiuoti \u012f paskirties viet\u0105 ir i\u0161krauti jums patogiu metu. Baig\u0119 naudotis sunkve\u017eimiu, tiesiog gr\u0105\u017einkite j\u012f \u012f nurodyt\u0105 i\u0161krovimo viet\u0105 per sutart\u0105 nuomos laikotarp\u012f.<\/p>\r\n\r\n\r\n\r\n<h2 class=\"wp-block-heading\"><span class=\"ez-toc-section\" id=\"Is_a_U-Haul_the_Best_Choice_for_Me\"><\/span><strong>Ar U-Haul yra geriausias pasirinkimas?<\/strong><span class=\"ez-toc-section-end\"><\/span><\/h2>\r\n\r\n\r\n\r\n<p>Gali b\u016bti viliojanti mintis imtis vis\u0173 veiksm\u0173 ir u\u017esisakyti perkraustym\u0105 su visomis paslaugomis, kad i\u0161vengtum\u0117te sunki\u0173j\u0173 krovini\u0173 k\u0117limo ir va\u017ein\u0117jimo \u012f naujus ir senus namus bei i\u0161 j\u0173, ta\u010diau jei norite b\u016bti labiau prakti\u0161ki, U-Haul nuoma gali b\u016bti puikus pasirinkimas.<\/p>\r\n\r\n\r\n\n<table id=\"tablepress-344\" class=\"tablepress tablepress-id-344\">\n<thead>\n<tr class=\"row-1\">\n\t<th class=\"column-1\">\"U-Haul\" privalumai<\/th><th class=\"column-2\">\"U-Haul\" tr\u016bkumai<\/th>\n<\/tr>\n<\/thead>\n<tbody class=\"row-striping row-hover\">\n<tr class=\"row-2\">\n\t<td class=\"column-1\">Lankstumas nustatant jud\u0117jimo laik\u0105 ir tvarkara\u0161t\u012f<\/td><td class=\"column-2\">Daug darbo reikalaujantis darbas - reikia va\u017eiuoti, krauti ir i\u0161krauti pa\u010diam.<\/td>\n<\/tr>\n<tr class=\"row-3\">\n\t<td class=\"column-1\">Pigiau nei tradicin\u0117s pilnai aptarnaujamos perkraustymo galimyb\u0117s<\/td><td class=\"column-2\">U\u017e draudim\u0105 kelion\u0117s metu atsakote j\u016bs.<\/td>\n<\/tr>\n<tr class=\"row-4\">\n\t<td class=\"column-1\">Perkraustymo metu galite steb\u0117ti savo daiktus<\/td><td class=\"column-2\">Perkraustymo metu transporto priemon\u0117 gali b\u016bti apgadinta ir j\u0105 reik\u0117s remontuoti.<\/td>\n<\/tr>\n<\/tbody>\n<\/table>\n<!-- #tablepress-344 from cache -->\n\r\n\r\n\r\n<p>Svarbiausias U-Haul nuomos privalumas yra tai, kad galite geriau kontroliuoti savo i\u0161laidas. Galite pasirinkti j\u016bs\u0173 daiktams tinkant\u012f sunkve\u017eimio dyd\u012f, pasirinkti nuomos trukm\u0119 ir nuspr\u0119sti, ar norite papildom\u0173 paslaug\u0173 ar pried\u0173.<\/p>\r\n\r\n\r\n\r\n<p>Ta\u010diau sunki\u0173 bald\u0173 ir daikt\u0173 pakrovimas ir i\u0161krovimas gali b\u016bti fizi\u0161kai sud\u0117tingas. Jei jums nepatogu kelti ir ne\u0161ti arba jei jums reikia profesionalios pagalbos, gali tekti samdyti papildom\u0105 pagalb\u0105.<\/p>\r\n\r\n\r\n\r\n<h2 class=\"wp-block-heading\"><span class=\"ez-toc-section\" id=\"Final_Checklist\"><\/span><strong>Galutinis kontrolinis s\u0105ra\u0161as<\/strong><span class=\"ez-toc-section-end\"><\/span><\/h2>\r\n\r\n\r\n\r\n<p>Jei manote, kad geriausia tai daryti patiems ir naudoti \"U-Haul\", b\u016btinai atkreipkite d\u0117mes\u012f \u012f m\u016bs\u0173 galutin\u012f kontrolin\u012f s\u0105ra\u0161\u0105, kad viskas b\u016bt\u0173 tvarkoje, kai reik\u0117s atlikti didel\u012f perkraustym\u0105.<\/p>\r\n\r\n\r\n\r\n<ul class=\"wp-block-list\">\r\n<li>Apsvarstykite, ar nor\u0117tum\u0117te visapusi\u0161kai aptarnaujan\u010dios perkraustymo komandos pagalbos, ar galite rinktis \"pasidaryk pats\" b\u016bd\u0105.<\/li>\r\n\r\n\r\n\r\n<li>Per\u017ei\u016br\u0117kite savo daiktus - ar galite suma\u017einti j\u0173 kiek\u012f prie\u0161 u\u017esisakydami \"U-Haul\" ir taip sutaupyti pinig\u0173?<\/li>\r\n\r\n\r\n\r\n<li>Per\u017ei\u016br\u0117kite transporto priemoni\u0173 asortiment\u0105 ir i\u0161sirinkite toki\u0105, kuri atitikt\u0173 j\u016bs\u0173 krovinio kiek\u012f ir poreikius.<\/li>\r\n\r\n\r\n\r\n<li>Ar jums reikia papildom\u0173 paslaug\u0173? Nepamir\u0161kite j\u0173 prid\u0117ti prie\u0161 u\u017esakydami<\/li>\r\n\r\n\r\n\r\n<li>Dukart patikrinkite savo datas ir u\u017esisakykite persikraustymo paslaug\u0105!<\/li>\r\n<\/ul>\r\n\r\n\r\n\r\n<h2 class=\"wp-block-heading\"><span class=\"ez-toc-section\" id=\"Frequently_Asked_Questions\"><\/span><strong>Da\u017enai u\u017eduodami klausimai<\/strong><span class=\"ez-toc-section-end\"><\/span><\/h2>\r\n\r\n\r\n<div id=\"rank-math-faq\" class=\"rank-math-block\">\n<div class=\"rank-math-list\">\n<div id=\"faq-question-1692200957678\" class=\"rank-math-list-item\">\n<h3 class=\"rank-math-question\"><span class=\"ez-toc-section\" id=\"How_Do_I_Reserve_a_U-Haul_Truck\"><\/span><strong>Kaip rezervuoti \"U-Haul\" sunkve\u017eim\u012f?<\/strong><span class=\"ez-toc-section-end\"><\/span><\/h3>\n<div class=\"rank-math-answer\">\n\n<p>\"U-Haul\" sunkve\u017eim\u012f galite lengvai rezervuoti internetu apsilank\u0119 \"U-Haul\" svetain\u0117je arba naudodamiesi j\u0173 program\u0117le. Nor\u0117dami prad\u0117ti, papras\u010diausiai \u012fveskite savo viet\u0105, nuomos dat\u0105 ir pageidaujam\u0105 sunkve\u017eimio dyd\u012f. <\/p>\n<p>Taip pat galite paskambinti \u012f \"U-Haul\" klient\u0173 aptarnavimo skyri\u0173 ir atlikti u\u017esakym\u0105 telefonu bei aptarti visus u\u017esakymo ypatumus.<\/p>\n\n<\/div>\n<\/div>\n<div id=\"faq-question-1692201036551\" class=\"rank-math-list-item\">\n<h3 class=\"rank-math-question\"><span class=\"ez-toc-section\" id=\"What_Do_I_Need_to_Bring_for_Pickup\"><\/span><strong>K\u0105 reikia atsine\u0161ti atsiimant?<\/strong><span class=\"ez-toc-section-end\"><\/span><\/h3>\n<div class=\"rank-math-answer\">\n\n<p>Atsiimdami \"U-Haul\" sunkve\u017eim\u012f, pateikite galiojant\u012f vairuotojo pa\u017eym\u0117jim\u0105 ir mok\u0117jimo b\u016bd\u0105, kuriuo buvo atliktas u\u017esakymas. J\u016bs\u0173 nuomojamam \u012frenginiui gali reik\u0117ti papildom\u0173 tapatyb\u0119 patvirtinan\u010di\u0173 dokument\u0173, tod\u0117l kiekvienu konkre\u010diu atveju geriausia pasitikslinti su paslaug\u0173 teik\u0117ju.<\/p>\n\n<\/div>\n<\/div>\n<div id=\"faq-question-1692201050762\" class=\"rank-math-list-item\">\n<h3 class=\"rank-math-question\"><span class=\"ez-toc-section\" id=\"Can_I_Extend_My_Rental_Period\"><\/span><strong>Ar galiu prat\u0119sti nuomos laikotarp\u012f?<\/strong><span class=\"ez-toc-section-end\"><\/span><\/h3>\n<div class=\"rank-math-answer\">\n\n<p>Taip, prireikus galite prat\u0119sti nuomos laikotarp\u012f. Susisiekite su \"U-Haul\" klient\u0173 aptarnavimo tarnyba arba apsilankykite vietin\u0117je nuomos vietoje, kad aptartum\u0117te prat\u0119sim\u0105 ir sudarytum\u0117te reikiamus susitarimus. <\/p>\n<p>Atminkite, kad u\u017e ilgesn\u012f laikotarp\u012f gali b\u016bti taikomi papildomi nuomos mokes\u010diai.<\/p>\n\n<\/div>\n<\/div>\n<div id=\"faq-question-1692201063702\" class=\"rank-math-list-item\">\n<h3 class=\"rank-math-question\"><span class=\"ez-toc-section\" id=\"What_Should_I_Do_if_I_Encounter_Issues_During_the_Rental\"><\/span><strong>K\u0105 daryti, jei nuomos metu kyla problem\u0173?<\/strong><span class=\"ez-toc-section-end\"><\/span><\/h3>\n<div class=\"rank-math-answer\">\n\n<p>Jei nuomos metu kyla problem\u0173 d\u0117l \"U-Haul\" sunkve\u017eimio, pvz., mechanini\u0173 problem\u0173 ar klausim\u0173 apie \u012frang\u0105, kreipkit\u0117s \u012f \"U-Haul\" pagalbos kelyje tarnyb\u0105 arba klient\u0173 aptarnavimo skyri\u0173, kad jums patart\u0173 ir pad\u0117t\u0173.<\/p>\n<p>Jie suteiks pagalb\u0105, kad pad\u0117t\u0173 i\u0161spr\u0119sti bet kokias problemas, kylan\u010dias naudojantis i\u0161sinuomotu sunkve\u017eimiu.<\/p>\n\n<\/div>\n<\/div>\n<\/div>\n<\/div>","protected":false},"excerpt":{"rendered":"<p>U-Haul remains a popular choice among DIY movers, but how much does it actually cost? In this article, we\u2019ll dissect the pricing models of U-Haul, looking at the various factors that contribute to the overall cost &#8211; and leave you with all-important, cost-effective moving tips. Our guide will cover the following: If you fancy keeping [&hellip;]<\/p>\n","protected":false},"author":1,"featured_media":0,"parent":0,"menu_order":0,"comment_status":"closed","ping_status":"closed","template":"","meta":{"_genesis_hide_title":false,"_genesis_hide_breadcrumbs":false,"_genesis_hide_singular_image":false,"_genesis_hide_footer_widgets":false,"_genesis_custom_body_class":"","_genesis_custom_post_class":"","_genesis_layout":"","footnotes":""},"class_list":{"0":"post-17398","1":"page","2":"type-page","3":"status-publish","5":"entry"},"_links":{"self":[{"href":"https:\/\/moverdb.com\/lt\/wp-json\/wp\/v2\/pages\/17398","targetHints":{"allow":["GET"]}}],"collection":[{"href":"https:\/\/moverdb.com\/lt\/wp-json\/wp\/v2\/pages"}],"about":[{"href":"https:\/\/moverdb.com\/lt\/wp-json\/wp\/v2\/types\/page"}],"author":[{"embeddable":true,"href":"https:\/\/moverdb.com\/lt\/wp-json\/wp\/v2\/users\/1"}],"replies":[{"embeddable":true,"href":"https:\/\/moverdb.com\/lt\/wp-json\/wp\/v2\/comments?post=17398"}],"version-history":[{"count":1,"href":"https:\/\/moverdb.com\/lt\/wp-json\/wp\/v2\/pages\/17398\/revisions"}],"predecessor-version":[{"id":17399,"href":"https:\/\/moverdb.com\/lt\/wp-json\/wp\/v2\/pages\/17398\/revisions\/17399"}],"wp:attachment":[{"href":"https:\/\/moverdb.com\/lt\/wp-json\/wp\/v2\/media?parent=17398"}],"curies":[{"name":"wp","href":"https:\/\/api.w.org\/{rel}","templated":true}]}}