{"id":1684,"date":"2017-02-23T19:16:05","date_gmt":"2017-02-23T19:16:05","guid":{"rendered":"http:\/\/moverdb.com\/?page_id=1684"},"modified":"2026-01-08T14:45:54","modified_gmt":"2026-01-08T14:45:54","slug":"1-800-pack-rat","status":"publish","type":"page","link":"https:\/\/moverdb.com\/lt\/1-800-pack-rat\/","title":{"rendered":"1-800-Pack-Rat - Tarptautinis perkraustymas Atsiliepimai"},"content":{"rendered":"<p>\"1-800-Pack-Rat\" savo klientams si\u016blo paprast\u0105 perkraustymo galimyb\u0119. Toliau pateikiama i\u0161sami informacija, \u012fmon\u0117s profilis ir atsiliepimai.<\/p>\n<p><strong>Tolim\u0173j\u0173 ir vietini\u0173 perkraustym\u0173<\/strong><\/p>\n<ul>\n<li> Pristatykite konteiner\u012f likus bent 30 dien\u0173 iki persikraustymo<\/li>\n<li> Savaranki\u0161kai supakuokite konteiner\u012f arba samdykite profesionalius pakuotojus<\/li>\n<li> Nemokamas konteinerio u\u017eraktas be pjovimo<\/li>\n<li> Nemokama $10,000 turinio apsauga<\/li>\n<li> Ilgo ir trumpo saugojimo galimyb\u0117<\/li>\n<li> Konteineri\u0173 surinkimas ir pristatymas \u012f paskirties viet\u0105<\/li>\n<\/ul>\n<p><strong>Kariniai judesiai<\/strong><\/p>\n<ul>\n<li> Kari\u0161kiai gali pasirinkti asmeni\u0161kai \u012fsigyt\u0105 persik\u0117lim\u0105 (PPM)<\/li>\n<li> Vyriausyb\u0117 kompensuos 95% profesin\u0117s <a href=\"https:\/\/moverdb.com\/lt\/persikraustymo-islaidos\/\">persikraustymo i\u0161laidos<\/a><\/li>\n<li> Konteineris pristatomas \u012f namus<\/li>\n<li> 30 ar daugiau dien\u0173 pakavimui<\/li>\n<li> <a href=\"https:\/\/moverdb.com\/lt\/konteineriu-kroviniu-gabenimas\/\">Konteineri\u0173 gabenimas<\/a> \u012f nauj\u0105 viet\u0105<\/li>\n<\/ul>\n<p><strong>Saugykla<\/strong><\/p>\n<ul>\n<li> 24\/7 vaizdo steb\u0117jimas<\/li>\n<li> Automatiniai purk\u0161tuvai<\/li>\n<li> Kontroliuojamas klimatas<\/li>\n<li> Lengva patekti \u012f svetain\u0119<\/li>\n<li> Pristatymas be r\u016bpes\u010di\u0173<\/li>\n<\/ul>\n<p><strong>Konteinerio naudojimas<\/strong><\/p>\n<ul>\n<li> Atk\u016brimas ir atk\u016brimas<\/li>\n<li> Rangovo paslaugos<\/li>\n<li> Sezoninis saugojimas<\/li>\n<li> Nekilnojamojo turto paslaugos<\/li>\n<li> Pagalba nelaim\u0117s atveju<\/li>\n<li> \u012evyki\u0173 saugykla<\/li>\n<li> Ma\u017emenin\u0117s ir komercin\u0117s paskirties sand\u0117liavimas<\/li>\n<li> Draudimo bendrov\u0117s<\/li>\n<li> \u012emon\u0117s arba kariuomen\u0117s perk\u0117limas<\/li>\n<li> Krovini\u0173 ve\u017eimo ir logistikos sprendimai<\/li>\n<\/ul>\n<h2>\"1-800-Pack-Rat\" \u012fmon\u0117s profilis<\/h2>\n<p>\"1-800-Pack-Rat\" turi daugyb\u0119 objekt\u0173 <a href=\"https:\/\/moverdb.com\/lt\/moving-to-the-united-states\/\" data-internallinksmanager029f6b8e52c=\"94\" title=\"Persik\u0117limas \u012f Jungtines Amerikos Valstijas? 2022 Gyvenimo i\u0161laidos ir persik\u0117limo patarimai\">Jungtin\u0117s Amerikos Valstijos<\/a> ir <a href=\"https:\/\/moverdb.com\/lt\/moving-to-canada\/\" data-internallinksmanager029f6b8e52c=\"265\" title=\"Persik\u0117limas \u012f Kanad\u0105? 2023 m. gyvenimo i\u0161laidos ir persik\u0117limo patarimai\">Kanada<\/a>. \u012emon\u0117 turi daugiau nei 10 met\u0173 patirt\u012f saugant ir perkraustant \u017emones bei \u012fmones vietiniu ir tolimuoju transportu.<\/p>\n<p>\"1-800-Pack-Rat\" turi \u0161ias akreditacijas ir s\u0105sajas:<\/p>\n<ul>\n<li> Tinklalapyje nenurodyta, nors <a href=\"https:\/\/moverdb.com\/lt\/esu\/\" target=\"_blank\" rel=\"noopener\">Tarptautin\u0117 perkraustytoj\u0173 asociacija<\/a> \u012ftraukia juos \u012f savo nari\u0173 katalog\u0105.<\/li>\n<\/ul>\n<h2>1-800-Pack-Rat Atsiliepimai<\/h2>\n<p><strong>Teigiamas:<\/strong><\/p>\n<ul>\n<li> <em>\"Buvo nuostabu, kad nereik\u0117jo r\u016bpintis \u0161iuo persik\u0117limo aspektu. Visa patirtis - nuo pirmojo skambu\u010dio, konkurencing\u0173 kain\u0173 gavimo, planavimo internetu, automatinio mok\u0117jimo ir bendravimo su kompetentingais ir draugi\u0161kais darbuotojais, kai man kilo klausim\u0173 - buvo be streso. Dar nebaigiau i\u0161pakuoti daikt\u0173, bet kol kas viskas gerai, nes mano daiktai atkeliavo saug\u016bs ir sveiki.\"<\/em> - Heather per <a href=\"https:\/\/www.1800packrat.com\/reviews\" target=\"_blank\" rel=\"noopener\">kliento atsiliepimas<\/a><\/li>\n<li> <em>\"Visus savo daiktus perk\u0117l\u0117me su \"1-800-PACK-RAT\" ir patirtis buvo puiki. Jie buvo pasireng\u0119 atsakyti \u012f klausimus net nakt\u012f, buvo mandag\u016bs ir draugi\u0161ki. Jie laik\u0117si vis\u0173 termin\u0173, leido mums patiems supakuoti savo daiktus per kelias dienas ir per 10 dien\u0173 nuve\u017e\u0117 juos \u012f nauj\u0105 viet\u0105.\"<\/em> - per <a href=\"https:\/\/uk.trustpilot.com\/reviews\/58acb46d883cc60a283ce37e\" target=\"_blank\" rel=\"noopener\">\"TrustPilot\"<\/a><\/li>\n<li> <em>\"Neseniai persik\u0117liau i\u0161 <a href=\"https:\/\/moverdb.com\/lt\/moving-to-the-united-states\/moving-to-california\/\" data-internallinksmanager029f6b8e52c=\"330\" title=\"Persik\u0117limas \u012f Kalifornij\u0105? 2023 m. gyvenimo i\u0161laidos ir persik\u0117limo patarimai\">Kalifornija<\/a> \u012f <a href=\"https:\/\/moverdb.com\/lt\/moving-to-the-united-states\/moving-to-florida\/\" data-internallinksmanager029f6b8e52c=\"331\" title=\"Persik\u0117limas \u012f Florid\u0105? 2023 m. gyvenimo i\u0161laidos ir persik\u0117limo patarimai\">Florida<\/a> naudojant \"Pack Rat\" saugykl\u0105. Ir a\u0161 v\u0117l jais pasinaudosiu, jie buvo laiku nuo i\u0161ve\u017eimo iki pristatymo, o \"Pack Rat\" buvo pigesni nei PODS.\"<\/em> - Paulius per <a href=\"https:\/\/www.yelp.co.uk\/biz\/1-800-pack-rat-tampa?hrid=sQKUV3MPkChipe8OJiZIcQ&#038;utm_campaign=www_review_share_popup&#038;utm_medium=copy_link&#038;utm_source=(direct)\" target=\"_blank\" rel=\"noopener\">\"Yelp\"<\/a><\/li>\n<\/ul>\n<p><strong>Neigiamas:<\/strong><\/p>\n<ul>\n<li> <em>\"Jie yra ko\u0161maras. Niekas ten ne\u017eino, k\u0105 daro kitas.\"<\/em> - Mia per <a href=\"https:\/\/www.yelp.com\/biz\/1-800-pack-rat-fremont?hrid=YhOaE8BWuhGeu6UpKuLVVQ&#038;utm_campaign=www_review_share_popup&#038;utm_medium=copy_link&#038;utm_source=(direct)\" target=\"_blank\" rel=\"noopener\">\"Yelp\"<\/a><\/li>\n<li> <em>\"Jie net negal\u0117jo ar veikiau nenor\u0117jo pristatyti kapsul\u0117s \u012f mano namus. Vairuotojas nieko nei\u0161matavo. Buvo ten 2 minutes ir i\u0161va\u017eiavo. Kai paskambinau \u012f klient\u0173 aptarnavimo skyri\u0173, jie buvo tokie ne\u012ftik\u0117tinai nemandag\u016bs!\"<\/em> - Leila per <a href=\"https:\/\/www.bbb.org\/boston\/business-reviews\/storage-units-household-and-commercial\/1-800-pack-rat-in-foxboro-ma-116673\/reviews-and-complaints\" target=\"_blank\" rel=\"noopener\">BBB.org<\/a><\/li>\n<li> <em>\"Labai pykstu su 1-800-PackRat\"<\/em> - per <a href=\"https:\/\/www.pissedconsumer.com\/company\/1800-pack-rat\/so-angry-with-1-800-packrat-20161024942159.html\" target=\"_blank\" rel=\"noopener\">\u012esiut\u0119s vartotojas<\/a><\/li>\n<\/ul>\n<div itemprop=\"review\" itemscope itemtype=\"http:\/\/schema.org\/Review\">\n<span itemprop=\"author\" itemscope=\"\" itemtype=\"http:\/\/schema.org\/Organization\"><span itemprop=\"name\">MoverDB.com<\/span><\/span> Internetin\u0117s svetain\u0117s ap\u017evalga <span itemprop=\"itemreviewed\" itemscope=\"\" itemtype=\"http:\/\/schema.org\/Brand\"><span itemprop=\"name\">1-800-Pack-Rat<\/span><\/span>:<\/p>\n<ol>\n<li> Ai\u0161ki kontaktin\u0117 informacija svetain\u0117je (\u012fskaitant telefono numer\u012f): <strong>Taip<\/strong><\/li>\n<li> Lengva gauti <a href=\"https:\/\/moverdb.com\/lt\/citatos\/\">judan\u010dios citatos<\/a>? (internetin\u0117 s\u0105matos u\u017eklausos forma): <strong>Taip<\/strong><\/li>\n<li> Ai\u0161ki informacija svetain\u0117je: <strong>Taip,<\/strong> Svetain\u0117je ai\u0161kiai nurodytos visos \u012fmon\u0117s teikiamos paslaugos.<\/li>\n<li> Naryst\u0117 tarptautin\u0117se pripa\u017eintose jud\u0117jimo organizacijose: <strong>Taip<\/strong>, bet svetain\u0117je nenurodytas.<\/li>\n<li> Klient\u0173 s\u0105ra\u0161as ir (arba) ankstesni\u0173 klient\u0173 atsiliepimai: <strong>Taip,<\/strong> ta\u010diau kit\u0173 interneto vartotoj\u0173 atsiliepimai yra labai nevienareik\u0161miai.<\/li>\n<\/ol>\n<div itemprop=\"reviewRating\" itemscope itemtype=\"http:\/\/schema.org\/Rating\"><meta itemprop=\"worstRating\" content = \"0\" \/><meta itemprop=\"bestRating\" content=\"5\" \/><meta itemprop=\"ratingValue\" content=\"4\"><\/div>\n<p><strong>Bendras \u012fvertinimas: 4\/5<\/strong><br \/>\n<strong>Per\u017ei\u016bros data:<\/strong> <span itemprop=\"datePublished\" content=\"2017-02-23\">23\/02\/2017<\/span>\n<\/div>\n<p>Skaitykite daugiau apie <a href=\"https:\/\/moverdb.com\/lt\/juda-imones\/\">tarptautiniai perkraustytojai<\/a> ir m\u016bs\u0173 <a href=\"https:\/\/moverdb.com\/lt\/atsiliepimai\/\">per\u017ei\u016bros procesas<\/a>.<\/p>\n<p><strong>Interneto svetain\u0117:<\/strong> <a href=\"https:\/\/www.1800packrat.com\/\" target=\"_blank\" rel=\"noopener\">https:\/\/www.1800packrat.com\/<\/a><\/p>","protected":false},"excerpt":{"rendered":"<p>1-800-Pack-Rat offers its customers an easy option when it comes to moving. The details are listed below, together with a company profile and reviews. Long Distance and Local Moves Deliver container at least 30 days prior to moving Self-pack container or employ professional packers Complimentary no-cut container lock Complimentary $10,000 contents protection Long and short [&hellip;]<\/p>\n","protected":false},"author":1,"featured_media":0,"parent":0,"menu_order":0,"comment_status":"closed","ping_status":"closed","template":"","meta":{"_genesis_hide_title":false,"_genesis_hide_breadcrumbs":false,"_genesis_hide_singular_image":false,"_genesis_hide_footer_widgets":false,"_genesis_custom_body_class":"","_genesis_custom_post_class":"","_genesis_layout":"","footnotes":""},"class_list":{"0":"post-1684","1":"page","2":"type-page","3":"status-publish","5":"entry"},"_links":{"self":[{"href":"https:\/\/moverdb.com\/lt\/wp-json\/wp\/v2\/pages\/1684","targetHints":{"allow":["GET"]}}],"collection":[{"href":"https:\/\/moverdb.com\/lt\/wp-json\/wp\/v2\/pages"}],"about":[{"href":"https:\/\/moverdb.com\/lt\/wp-json\/wp\/v2\/types\/page"}],"author":[{"embeddable":true,"href":"https:\/\/moverdb.com\/lt\/wp-json\/wp\/v2\/users\/1"}],"replies":[{"embeddable":true,"href":"https:\/\/moverdb.com\/lt\/wp-json\/wp\/v2\/comments?post=1684"}],"version-history":[{"count":3,"href":"https:\/\/moverdb.com\/lt\/wp-json\/wp\/v2\/pages\/1684\/revisions"}],"predecessor-version":[{"id":6165,"href":"https:\/\/moverdb.com\/lt\/wp-json\/wp\/v2\/pages\/1684\/revisions\/6165"}],"wp:attachment":[{"href":"https:\/\/moverdb.com\/lt\/wp-json\/wp\/v2\/media?parent=1684"}],"curies":[{"name":"wp","href":"https:\/\/api.w.org\/{rel}","templated":true}]}}