{"id":1678,"date":"2017-01-25T12:00:23","date_gmt":"2017-01-25T12:00:23","guid":{"rendered":"http:\/\/moverdb.com\/?page_id=1678"},"modified":"2026-01-08T14:47:27","modified_gmt":"2026-01-08T14:47:27","slug":"aires","status":"publish","type":"page","link":"https:\/\/moverdb.com\/lt\/aires\/","title":{"rendered":"Aires - Tarptautiniai perkraustymai ir perkraustymo ap\u017evalgos"},"content":{"rendered":"<p>\"Aires\" savo klientams, tiek individualiems, tiek verslo klientams, si\u016blo \u012fvairias perkraustymo paslaugas. Jos i\u0161vardytos toliau kartu su \u012fmon\u0117s profiliu ir atsiliepimais.<\/p>\n<p><strong>Tarptautiniai perkraustymai<\/strong><\/p>\n<ul>\n<li> Pilnas vis\u0173 nam\u0173 apyvokos daikt\u0173 ir asmenini\u0173 daikt\u0173 pakavimas ir supakavimas.<\/li>\n<li> Nuo dur\u0173 iki dur\u0173<\/li>\n<li> Tiesioginis nam\u0173 apyvokos daikt\u0173 pakrovimas \u012f atitinkam\u0105 konteiner\u012f arba furgon\u0105<\/li>\n<li> Vis\u0173 dokument\u0173 rengimas<\/li>\n<li> \u012eprastas, tiesioginis pristatymas \u012f gyvenam\u0105j\u0105 viet\u0105 ir \u0161iuk\u0161li\u0173 i\u0161ve\u017eimas<\/li>\n<li> Tu\u0161\u010di\u0173 konteineri\u0173 gr\u0105\u017einimas tarptautin\u0117je paskirties vietoje<\/li>\n<li> I\u0161samus siuntos b\u016bkl\u0117s steb\u0117jimas ir informavimas apie j\u0105<\/li>\n<li> Automobiliai<\/li>\n<li> Ilgalaikis ir trumpalaikis saugojimas<\/li>\n<li> Gyv\u016bno augintinio perk\u0117limas<\/li>\n<\/ul>\n<p><strong>Paskirties ir \u012fsik\u016brimo paslaugos<\/strong><\/p>\n<ul>\n<li> Susitikimas ir pasisveikinimas<\/li>\n<li> Orientacija \u012f vietov\u0119<\/li>\n<li> Mokykl\u0173 paie\u0161ka ir registracija<\/li>\n<li> Pagalba ie\u0161kant nuomos nam\u0173<\/li>\n<li> Pagalba derantis d\u0117l nuomos<\/li>\n<li> \u012esik\u016brimo paslaugos<\/li>\n<li> Pagalba sutuoktiniui \/ partneriui<\/li>\n<li> Laikino apgyvendinimo paslauga<\/li>\n<li> Pagalba viz\u0173, pas\u0173 ir imigracijos klausimais<\/li>\n<li> Kult\u016brinio ir kalbinio mokymo paslaugos<\/li>\n<li> Repatriacijos pagalba<\/li>\n<\/ul>\n<p><strong>\u012emoni\u0173 aptarnavimas<\/strong><\/p>\n<ul>\n<li> Perkraustymo valdymo paslaugos<\/li>\n<li> Perk\u0117limo programos valdymas<\/li>\n<li> \"ReloNet\" \u017einiatinklio paslaug\u0173 svetain\u0117 - \u012emon\u0117s \u012frankiai<\/li>\n<li> Politikos per\u017ei\u016bra ir k\u016brimas<\/li>\n<li> Nekilnojamojo turto paslaugos<\/li>\n<li> Nekilnojamojo turto ir nuomos valdymas<\/li>\n<li> Tikrinimo paslaugos<\/li>\n<li> Pragyvenimo i\u0161laid\u0173 prognoz\u0117s<\/li>\n<li> I\u0161laid\u0173 valdymas<\/li>\n<li> Draudimas ir rizikos valdymas<\/li>\n<li> Grup\u0117s perkraustymo paslaugos<\/li>\n<li> Tarptautin\u0117s kompensacijos ir duomen\u0173 rinkimo paslaugos<\/li>\n<li> Tiekimo grandin\u0117s valdymas<\/li>\n<\/ul>\n<h2>\"Aires\" \u012fmon\u0117s profilis<\/h2>\n<p>\"Aires\", arba \"American International Relocation Solutions LLC\", 1981 m. \u012fk\u016br\u0117 D\u017eimas Puttas. \u012emon\u0117 daugiausia d\u0117mesio skyr\u0117 tarptautiniams \u012fmoni\u0173 ir j\u0173 darbuotoj\u0173 perkraustymams ir sand\u0117liavimui. Dabar \u0161i veikla i\u0161sipl\u0117t\u0117 ir apima visas persikraustymo paslaugas, padedan\u010dias darbuotojams greitai \u012fsikurti naujoje aplinkoje. \"Aires\" vis dar yra \u0161eimos valdoma privati \u012fmon\u0117.<\/p>\n<p>\"Aires\" labai rimtai prisiima atsakomyb\u0119 u\u017e aplinkosaug\u0105 ir \"sprend\u017eia ekologi\u0161kus klausimus visais aspektais\". Visi\u0161kai automatizuotos sistemos gerokai suma\u017eina popierizmo poreik\u012f, o visuose biuruose ir vietose taupoma energija ir tausojama aplinka.<\/p>\n<p>\"Aires\" turi \u0161ias akreditacijas ir naryst\u0119:<\/p>\n<ul>\n<li> <a href=\"https:\/\/moverdb.com\/lt\/darbuotoju-perkelimo-taryba\/\">Pasaulin\u0117 ERC<\/a><\/li>\n<li> CERC (Kanados darbuotoj\u0173 perk\u0117limo taryba)<\/li>\n<li> SHRM (\u017dmogi\u0161k\u0173j\u0173 i\u0161tekli\u0173 valdymo draugija)<\/li>\n<li> <a href=\"https:\/\/moverdb.com\/lt\/esu\/\">IAM<\/a> (<a href=\"https:\/\/moverdb.com\/lt\/iam\/\" data-internallinksmanager029f6b8e52c=\"23\" title=\"Tarptautin\u0117s perkraustytoj\u0173 asociacijos (IAM) paai\u0161kinimai\">Tarptautin\u0117 perkraustytoj\u0173 asociacija<\/a>)<\/li>\n<li> OSA (U\u017ej\u016brio krovini\u0173 siunt\u0117j\u0173 asociacija)<\/li>\n<li> <a href=\"https:\/\/moverdb.com\/lt\/fidi-faim\/\">FIDI<\/a> (Tarptautin\u0117 bald\u0173 perkraustymo federacija)<\/li>\n<li> <a href=\"https:\/\/moverdb.com\/lt\/eura\/\">EuRA<\/a> (<a href=\"https:\/\/moverdb.com\/lt\/eura\/\" data-internallinksmanager029f6b8e52c=\"13\" title=\"Europos persik\u0117limo asociacijos (EuRA) paai\u0161kinimai\">EuRA<\/a> Perk\u0117limas)<\/li>\n<li> PAIMA (Panamerikos tarptautin\u0117 perve\u017e\u0117j\u0173 asociacija)<\/li>\n<li> <a href=\"https:\/\/moverdb.com\/lt\/lacma\/\">LACMA<\/a> (Lotyn\u0173 Amerikos ir Karib\u0173 j\u016bros regiono jud\u0117jimo asociacija)<\/li>\n<li> OMNI (Tarptautinis u\u017ej\u016brio judriojo ry\u0161io tinklas)<\/li>\n<\/ul>\n<h2>Aires Atsiliepimai<\/h2>\n<p><em>Ra\u0161ymo metu neradome joki\u0173 atsiliepim\u0173 apie \"Aires\" internete.<\/em><\/p>\n<div itemprop=\"review\" itemscope itemtype=\"http:\/\/schema.org\/Review\">\n<span itemprop=\"author\" itemscope=\"\" itemtype=\"http:\/\/schema.org\/Organization\"><span itemprop=\"name\">MoverDB.com<\/span><\/span> Internetin\u0117s svetain\u0117s ap\u017evalga <span itemprop=\"itemreviewed\" itemscope=\"\" itemtype=\"http:\/\/schema.org\/Brand\"><span itemprop=\"name\">Aires<\/span><\/span>:<\/p>\n<ol>\n<li> Ai\u0161ki kontaktin\u0117 informacija svetain\u0117je (\u012fskaitant telefono numer\u012f): <strong>Taip<\/strong><\/li>\n<li> Lengva gauti <a href=\"https:\/\/moverdb.com\/lt\/citatos\/\">tarptautin\u0117s judan\u010dios citatos<\/a>? (internetin\u0117 s\u0105matos u\u017eklausos forma): <strong>Taip<\/strong><\/li>\n<li> Ai\u0161ki informacija svetain\u0117je: <strong>Taip,<\/strong> pateikiama daug labai i\u0161samios informacijos apie \u012fmon\u0117s teikiamas paslaugas.<\/li>\n<li> Naryst\u0117 tarptautin\u0117se pripa\u017eintose jud\u0117jimo organizacijose: <strong>Taip<\/strong>, (\u017er. pirmiau)<\/li>\n<li> Klient\u0173 s\u0105ra\u0161as ir (arba) ankstesni\u0173 klient\u0173 atsiliepimai. <strong>Ne,<\/strong> nors jie turi apdovanojim\u0173 skyri\u0173.<\/li>\n<\/ol>\n<div itemprop=\"reviewRating\" itemscope itemtype=\"http:\/\/schema.org\/Rating\"><meta itemprop=\"worstRating\" content = \"0\" \/><meta itemprop=\"bestRating\" content=\"5\" \/><meta itemprop=\"ratingValue\" content=\"4\"><\/div>\n<p><strong>Bendras \u012fvertinimas: 4\/5<\/strong><br \/>\n<strong>Per\u017ei\u016bros data:<\/strong> <span itemprop=\"datePublished\" content=\"2017-01-25\">25\/01\/2017<\/span>\n<\/div>\n<p>Skaitykite daugiau apie <a href=\"https:\/\/moverdb.com\/lt\/juda-imones\/\">tarptautin\u0117s perkraustymo \u012fmon\u0117s<\/a> ir m\u016bs\u0173 <a href=\"https:\/\/moverdb.com\/lt\/atsiliepimai\/\">per\u017ei\u016bros procesas<\/a>.<\/p>\n<p><strong>Interneto svetain\u0117s:<\/strong> <a href=\"https:\/\/www.aires.com\/\" target=\"_blank\" rel=\"noopener\">https:\/\/www.aires.com\/<\/a><\/p>","protected":false},"excerpt":{"rendered":"<p>Aires offers its clients, both individual and corporate, a variety of moving services. These are listed below together with a company profile and reviews. International Moves Complete packing and wrapping of all household goods and personal effects Door to door Direct loading of household goods into appropriate container or van Preparation of all documentation Normal, [&hellip;]<\/p>\n","protected":false},"author":1,"featured_media":0,"parent":0,"menu_order":0,"comment_status":"closed","ping_status":"closed","template":"","meta":{"_genesis_hide_title":false,"_genesis_hide_breadcrumbs":false,"_genesis_hide_singular_image":false,"_genesis_hide_footer_widgets":false,"_genesis_custom_body_class":"","_genesis_custom_post_class":"","_genesis_layout":"","footnotes":""},"class_list":{"0":"post-1678","1":"page","2":"type-page","3":"status-publish","5":"entry"},"_links":{"self":[{"href":"https:\/\/moverdb.com\/lt\/wp-json\/wp\/v2\/pages\/1678","targetHints":{"allow":["GET"]}}],"collection":[{"href":"https:\/\/moverdb.com\/lt\/wp-json\/wp\/v2\/pages"}],"about":[{"href":"https:\/\/moverdb.com\/lt\/wp-json\/wp\/v2\/types\/page"}],"author":[{"embeddable":true,"href":"https:\/\/moverdb.com\/lt\/wp-json\/wp\/v2\/users\/1"}],"replies":[{"embeddable":true,"href":"https:\/\/moverdb.com\/lt\/wp-json\/wp\/v2\/comments?post=1678"}],"version-history":[{"count":3,"href":"https:\/\/moverdb.com\/lt\/wp-json\/wp\/v2\/pages\/1678\/revisions"}],"predecessor-version":[{"id":6168,"href":"https:\/\/moverdb.com\/lt\/wp-json\/wp\/v2\/pages\/1678\/revisions\/6168"}],"wp:attachment":[{"href":"https:\/\/moverdb.com\/lt\/wp-json\/wp\/v2\/media?parent=1678"}],"curies":[{"name":"wp","href":"https:\/\/api.w.org\/{rel}","templated":true}]}}