{"id":1662,"date":"2017-02-23T10:26:07","date_gmt":"2017-02-23T10:26:07","guid":{"rendered":"http:\/\/moverdb.com\/?page_id=1662"},"modified":"2026-01-08T14:47:48","modified_gmt":"2026-01-08T14:47:48","slug":"bolliger","status":"publish","type":"page","link":"https:\/\/moverdb.com\/lt\/bolliger\/","title":{"rendered":"Bolliger - Tarptautinis perkraustymas ir perkraustymas Atsiliepimai"},"content":{"rendered":"<p>\"Bolliger\" savo klientams si\u016blo \u012fvairias perkraustymo paslaugas. Jos i\u0161vardytos toliau kartu su \u012fmon\u0117s profiliu ir atsiliepimais.<\/p>\n<p><strong>Tarptautinis perkraustymas<\/strong><\/p>\n<ul>\n<li> Pasaulinis judan\u010di\u0173 i\u0161tekli\u0173 tinklas<\/li>\n<li> Nuo dur\u0173 iki dur\u0173<\/li>\n<li> Perkraustymo vadybininkas, turintis bent 5 met\u0173 patirt\u012f<\/li>\n<li> Sekite savo siunt\u0105 24 valandas per par\u0105, 7 dienas per savait\u0119<\/li>\n<li> Namo ap\u017ei\u016bra siekiant nustatyti pakavimo reikalavimus ir kt.<\/li>\n<li> Sutvarkytas draudimas<\/li>\n<li> Asmeninis koordinatorius pad\u0117s parengti reikiamus dokumentus<\/li>\n<li> Pakavimas ir krovimas<\/li>\n<li> Muitinis \u012fforminimas<\/li>\n<li> Pristatymas ir i\u0161pakavimas<\/li>\n<li> Visi daiktai bus kruop\u0161\u010diai i\u0161krauti, sutikrinti su j\u016bs\u0173 inventoriaus s\u0105ra\u0161u ir sud\u0117ti \u012f reikiamus kambarius.<\/li>\n<li> Trap\u016bs daiktai, pvz., stiklas ir <a href=\"https:\/\/moverdb.com\/lt\/moving-to-china\/\" data-internallinksmanager029f6b8e52c=\"357\" title=\"Persik\u0117limas \u012f Kinij\u0105? 2023 m. pragyvenimo i\u0161laidos ir persik\u0117limo patarimai\">Kinija<\/a>, bus i\u0161pakuoti ant lygaus pavir\u0161iaus<\/li>\n<li> Visos pakavimo med\u017eiagos ir \u0161iuk\u0161l\u0117s bus greitai pa\u0161alintos i\u0161 j\u016bs\u0173 nam\u0173.<\/li>\n<\/ul>\n<p><strong>\u012emoni\u0173 perk\u0117limo paslaugos<\/strong><\/p>\n<ul>\n<li> \u012esik\u016brimo paslaugos<\/li>\n<li> Mokykl\u0173 ir nam\u0173 paie\u0161ka<\/li>\n<li> Kult\u016brin\u0117 informacija<\/li>\n<li> Pagalba partneriui \/ sutuoktiniui<\/li>\n<li> Trumpalaikis apgyvendinimas<\/li>\n<li> Bald\u0173 nuoma<\/li>\n<\/ul>\n<p><strong>Perkraustymo paslaugos<\/strong><\/p>\n<ul>\n<li> pakavimo med\u017eiag\u0173 tiekimas<\/li>\n<li> Visos pakavimo paslaugos<\/li>\n<li> Specializuotas pakavimas<\/li>\n<li> Pritaikytos d\u0117\u017e\u0117s<\/li>\n<li> Pianin\u0173 ir seif\u0173 tvarkymas<\/li>\n<li> Motorizuotos kop\u0117\u010dios<\/li>\n<li> Gabenimas keliais, oru ir j\u016bra<\/li>\n<li> Muitin\u0117s operacijos<\/li>\n<li> Agentai visame pasaulyje.<\/li>\n<\/ul>\n<p><strong>Biuro perkraustymas<\/strong><\/p>\n<ul>\n<li> Judesi\u0173 projektavimas ir planavimas<\/li>\n<li> Specializuotas personalas ir \u012franga<\/li>\n<li> Motorizuotos kop\u0117\u010dios ir kranai<\/li>\n<li> Biur\u0173 steigimas<\/li>\n<li> Atliek\u0173 perdirbimas ir \u0161alinimas<\/li>\n<li> Dienos ir nakties operacijos<\/li>\n<\/ul>\n<p><strong>Vaizduojamasis menas<\/strong><\/p>\n<ul>\n<li> Pagal u\u017esakym\u0105 pagamint\u0173 d\u0117\u017ei\u0173 ir d\u0117\u017ei\u0173 projektavimas ir gamyba<\/li>\n<li> \u0160iuolaikini\u0173 ir antikvarini\u0173 meno k\u016brini\u0173 importo ir (arba) eksporto formalumai<\/li>\n<li> Gabenimas keliais \/ j\u016bra \/ oru<\/li>\n<li> Specializuoti agentai visame pasaulyje<\/li>\n<li> Parod\u0173 erdvi\u0173 \u012frengimas<\/li>\n<\/ul>\n<p><strong>Saugykla<\/strong><\/p>\n<ul>\n<li> Trumpalaikis ir ilgalaikis saugojimas<\/li>\n<li> Metaliniai konteineriai, d\u0117\u017e\u0117s arba pad\u0117klai<\/li>\n<li> 24\/7 apsauga<\/li>\n<li> D\u016bm\u0173 signalizatoriai<\/li>\n<li> Kontroliuojama temperat\u016bra ir dr\u0117gm\u0117<\/li>\n<li> Dokument\u0173 archyvai<\/li>\n<\/ul>\n<h2>\"Bolliger\" \u012fmon\u0117s profilis<\/h2>\n<p>1909 m. Arthuras Bolligeris Romoje atidar\u0117 pirm\u0105j\u012f \"Bolliger\" biur\u0105. Dabar \u012fmonei vadovauja jau ketvirtoji Bolliger'i\u0173 karta ir ji turi biurus Milane, Lugane ir Florencijoje, taip pat <a href=\"https:\/\/moverdb.com\/lt\/moving-to-switzerland\/\" data-internallinksmanager029f6b8e52c=\"327\" title=\"Persik\u0117limas \u012f \u0160veicarij\u0105? 2023 Gyvenimo i\u0161laidos ir persik\u0117limo patarimai\">\u0160veicarija<\/a>... <a href=\"https:\/\/moverdb.com\/lt\/moving-to-the-uk\/\" data-internallinksmanager029f6b8e52c=\"93\" title=\"Persik\u0117limas \u012f Jungtin\u0119 Karalyst\u0119? 2022 Gyvenimo i\u0161laidos ir persikraustymo patarimai\">JK<\/a>... <a href=\"https:\/\/moverdb.com\/lt\/moving-to-the-united-states\/\" data-internallinksmanager029f6b8e52c=\"94\" title=\"Persik\u0117limas \u012f Jungtines Amerikos Valstijas? 2022 Gyvenimo i\u0161laidos ir persik\u0117limo patarimai\">JAV<\/a> ir <a href=\"https:\/\/moverdb.com\/lt\/moving-to-spain\/\" data-internallinksmanager029f6b8e52c=\"266\" title=\"Persik\u0117limas \u012f Ispanij\u0105? 2023 m. pragyvenimo i\u0161laidos ir persik\u0117limo patarimai\">Ispanija<\/a>.<\/p>\n<p>Pirmieji bendrov\u0117s sunkve\u017eimiai buvo nupirkti 1919 m. ir buvo naudojami Pirmojo pasaulinio karo metu.Dabar bendrov\u0117 valdo daugiau kaip 200 perkraustymo transporto priemoni\u0173 ir gabena krovinius privatiems asmenims bei bendrov\u0117ms visame pasaulyje. Bolliger buvo vienas i\u0161 \u012fk\u016br\u0117j\u0173 <a href=\"https:\/\/moverdb.com\/lt\/fidi-faim\/\" data-internallinksmanager029f6b8e52c=\"16\" title=\"FIDI ir FAIM (FIDI akredituotas tarptautinis perve\u017e\u0117jas) paai\u0161kinimai\">FIDI<\/a>. \u0160iandien FIDI yra did\u017eiausia tokio pob\u016bd\u017eio asociacija pasaulyje, vienijanti 600 atstov\u0173 100 \u0161ali\u0173. <\/p>\n<p>1982 m. \"Bolliger\" tapo vieninteliu \"Allied International\" atstovu Italijoje.<\/p>\n<p>1985 m. Bolligeris tapo vienu i\u0161 Tarptautinio u\u017ej\u016brio jud\u0117jimo tinklo (OMNI) steig\u0117j\u0173. 2002 m. \u012fmon\u0117s patirtis buvo \u012fvertinta ISO 9001 sertifikatu - pirmuoju <a href=\"https:\/\/moverdb.com\/lt\/moving-companies\/\" data-internallinksmanager029f6b8e52c=\"79\" title=\"Top 25 Tarptautin\u0117s perkraustymo \u012fmon\u0117s internete\">perkraustymo \u012fmon\u0117<\/a> in <a href=\"https:\/\/moverdb.com\/lt\/moving-to-italy\/\" data-internallinksmanager029f6b8e52c=\"346\" title=\"Persik\u0117limas \u012f Italij\u0105? 2023 m. pragyvenimo i\u0161laidos ir persik\u0117limo patarimai\">Italija<\/a> j\u012f pasiekti.<\/p>\n<p>\"Bollinger\" nuolat stengiasi ma\u017einti bendrov\u0117s poveik\u012f aplinkai, ypating\u0105 d\u0117mes\u012f skirdama naudojamoms pakavimo med\u017eiagoms, eksploatuojamoms transporto priemon\u0117ms ir stengdamasi kuo daugiau perdirbti. Jie taip pat vykdo labdaros programas nei\u0161sivys\u010diusiose Piet\u0173 Amerikos ir Afrikos \u0161alyse.<\/p>\n<p>\"Bolliger\" turi \u0161ias akreditacijas ir naryst\u0119:<\/p>\n<ul>\n<li> <a href=\"https:\/\/moverdb.com\/lt\/allied-van-lines\/\">\"Allied International<\/a><\/li>\n<li> ISO 9001<\/li>\n<li> <a href=\"https:\/\/moverdb.com\/lt\/fidi-faim\/\">Tarptautini\u0173 perve\u017e\u0117j\u0173 federacija<\/a> (FIDI)<\/li>\n<li> Tarptautinis u\u017ej\u016brio jud\u0117jimo tinklas (OMNI)<\/li>\n<li> <a href=\"https:\/\/moverdb.com\/lt\/fidi-faim\/\">FIDI akredituotas tarptautinis perkraustymas<\/a> (FAIM)<\/li>\n<li> <a href=\"https:\/\/moverdb.com\/lt\/esu\/\">Tarptautin\u0117 perkraustytoj\u0173 asociacija<\/a> (<a href=\"https:\/\/moverdb.com\/lt\/iam\/\" data-internallinksmanager029f6b8e52c=\"23\" title=\"Tarptautin\u0117s perkraustytoj\u0173 asociacijos (IAM) paai\u0161kinimai\">IAM<\/a>)<\/li>\n<li> <a href=\"https:\/\/moverdb.com\/lt\/iata\/\">Tarptautin\u0117 oro transporto asociacija<\/a> (<a href=\"https:\/\/moverdb.com\/lt\/iata\/\" data-internallinksmanager029f6b8e52c=\"22\" title=\"Tarptautin\u0117s oro transporto asociacijos (IATA) paai\u0161kinimai\">IATA<\/a>)<\/li>\n<li> <a href=\"https:\/\/moverdb.com\/lt\/fedemac\/\">Europos perkraustytoj\u0173 federacija<\/a> (<a href=\"https:\/\/moverdb.com\/lt\/fedemac\/\" data-internallinksmanager029f6b8e52c=\"15\" title=\"Europos perve\u017e\u0117j\u0173 asociacijos federacijos (FEDEMAC) paai\u0161kinimai\">FEDEMAC<\/a>)<\/li>\n<\/ul>\n<h2>Bolliger Atsiliepimai<\/h2>\n<p><strong>Teigiamas:<\/strong><\/p>\n<ul>\n<li> \"M\u016bs\u0173 koordinatorius buvo labai profesionalus ir paslaugus. Ji atsak\u0117 \u012f visus m\u016bs\u0173 klausimus ir pad\u0117jo mums persikelti i\u0161 Romos \u012f <a href=\"https:\/\/moverdb.com\/lt\/moving-to-london\/\">Londonas<\/a> jaustis lengvai ir saugiai. Ji pasir\u016bpino absoliu\u010diai viskuo. Kit\u0105 kart\u0105 persikraustydami tikrai v\u0117l naudosim\u0117s \"Bolliger\" paslaugomis ir galime juos rekomenduoti visiems.\" - \"Bolliger\" klientas <a href=\"http:\/\/www.bolliger.co.uk\/testimonials.html\" target=\"_blank\" rel=\"noopener\">Liudijimas<\/a><\/li>\n<li> <em>\"Apskritai labai d\u017eiaugiuosi \u0161ia perkraustymo patirtimi. Tai buvo b\u016bgnai ir l\u0117k\u0161t\u0117s, taigi gana subtil\u016bs daiktai. Viskas atvyko saugiai ir laiku. Kontaktai ir bendravimas buvo nepriekai\u0161tingi ir savalaikiai.\"<\/em> - Andrea per <a href=\"http:\/\/www.removalreviews.co.uk\/movers\/bolliger-352#2761  Read more: http:\/\/www.removalreviews.co.uk\/movers\/bolliger-352\" target=\"_blank\" rel=\"noopener\">Perkraustymo ap\u017evalgos<\/a><\/li>\n<li> <em>\"Neda\u017enai ra\u0161au tokio pob\u016bd\u017eio rekomendacijas ar atsiliepimus, bet tiesiog tur\u0117jau skirti kelet\u0105 minu\u010di\u0173 ir pad\u0117koti \"Bolliger\" u\u017e puik\u0173 darb\u0105 neseniai mane perve\u017eant i\u0161 Londono \u012f Berlyn\u0105.\"<\/em> - davelucas per <a href=\"https:\/\/www.yell.com\/biz\/bolliger-uk-ltd-west-drayton-7150125\/\" target=\"_blank\" rel=\"noopener\">Skambutis<\/a><\/li>\n<\/ul>\n<p><strong>Neigiamas:<\/strong><\/p>\n<ul>\n<li> <em>\"Neapsigaukite d\u0117l \"Bolliger Sales Pitch\" ir pretenzij\u0173 d\u0117l kompetencijos...\"<\/em> - D. Bruce per <a href=\"http:\/\/www.removalreviews.co.uk\/movers\/bolliger-352#10617  Read more: http:\/\/www.removalreviews.co.uk\/movers\/bolliger-352\" target=\"_blank\" rel=\"noopener\">Perkraustymo ap\u017evalgos<\/a><\/li>\n<li> <em>\"Bolliger UK buvo visi\u0161kai bais\u016bs...... Nepatyrusi foul mouthed agent\u016bros \u012fgula atvyko v\u0117lai, be jokios judan\u010dios \u012frangos, nors m\u016bs\u0173 u\u017esakytame perve\u017eime buvo m\u016bs\u0173 fortepijonas.\"<\/em> - Don.Br per <a href=\"http:\/\/www.reviewcentre.com\/Removal-Companies\/Bolliger-www-bolliger-co-uk-reviews_2387554\" target=\"_blank\" rel=\"noopener\">Per\u017ei\u016bros centras<\/a><\/li>\n<\/ul>\n<div itemprop=\"review\" itemscope itemtype=\"http:\/\/schema.org\/Review\">\n<span itemprop=\"author\" itemscope=\"\" itemtype=\"http:\/\/schema.org\/Organization\"><span itemprop=\"name\">MoverDB.com<\/span><\/span> Internetin\u0117s svetain\u0117s ap\u017evalga <span itemprop=\"itemreviewed\" itemscope=\"\" itemtype=\"http:\/\/schema.org\/Brand\"><span itemprop=\"name\">Bolliger<\/span><\/span>:<\/p>\n<ol>\n<li> Ai\u0161ki kontaktin\u0117 informacija svetain\u0117je (\u012fskaitant telefono numer\u012f): <strong>Taip<\/strong><\/li>\n<li> Lengva gauti <a href=\"https:\/\/moverdb.com\/lt\/citatos\/\">tarptautin\u0117s judan\u010dios citatos<\/a>? (internetin\u0117 s\u0105matos u\u017eklausos forma): <strong>Taip<\/strong><\/li>\n<li> Ai\u0161ki informacija svetain\u0117je: <strong>Taip,<\/strong> bet ne visada labai i\u0161sam\u016bs.<\/li>\n<li> Naryst\u0117 tarptautin\u0117se pripa\u017eintose jud\u0117jimo organizacijose: <strong>Taip<\/strong>, (\u017er. pirmiau)<\/li>\n<li> Klient\u0173 s\u0105ra\u0161as ir (arba) ankstesni\u0173 klient\u0173 atsiliepimai: <strong>Taip,<\/strong> daug teigiam\u0173 klient\u0173 atsiliepim\u0173 ir apskritai ger\u0173 atsiliepim\u0173 i\u0161 kit\u0173 interneto svetaini\u0173.<\/li>\n<\/ol>\n<div itemprop=\"reviewRating\" itemscope itemtype=\"http:\/\/schema.org\/Rating\"><meta itemprop=\"worstRating\" content = \"0\" \/><meta itemprop=\"bestRating\" content=\"5\" \/><meta itemprop=\"ratingValue\" content=\"4.5\"><\/div>\n<p><strong>Bendras \u012fvertinimas: 4,5\/5<\/strong><br \/>\n<strong>Per\u017ei\u016bros data:<\/strong> <span itemprop=\"datePublished\" content=\"2017-02-23\">23\/02\/2017<\/span>\n<\/div>\n<p>Skaitykite daugiau apie <a href=\"https:\/\/moverdb.com\/lt\/juda-imones\/\">tarptautin\u0117s perkraustymo \u012fmon\u0117s<\/a> ir m\u016bs\u0173 <a href=\"https:\/\/moverdb.com\/lt\/atsiliepimai\/\">per\u017ei\u016bros procesas<\/a>.<\/p>\n<p><strong>Interneto svetain\u0117s:<\/strong> IT: <a href=\"http:\/\/www.bolliger.it\/\" target=\"_blank\" rel=\"noopener\">http:\/\/www.bolliger.it\/<\/a> JUNGTIN\u0116 KARALYST\u0116: <a href=\"http:\/\/www.bolliger.co.uk\/\" target=\"_blank\" rel=\"noopener\">http:\/\/www.bolliger.co.uk\/<\/a><\/p>","protected":false},"excerpt":{"rendered":"<p>Bolliger offers its customers a wide variety of moving services. These are listed below together with a company profile and reviews. International Moving Worldwide network of moving resources Door to door Move Manager with at least 5 years&#8217; experience Track your shipment 24\/7 House survey to ascertain packing requirements etc Insurance arranged Personal coordinator will [&hellip;]<\/p>\n","protected":false},"author":1,"featured_media":0,"parent":0,"menu_order":0,"comment_status":"closed","ping_status":"closed","template":"","meta":{"_genesis_hide_title":false,"_genesis_hide_breadcrumbs":false,"_genesis_hide_singular_image":false,"_genesis_hide_footer_widgets":false,"_genesis_custom_body_class":"","_genesis_custom_post_class":"","_genesis_layout":"","footnotes":""},"class_list":{"0":"post-1662","1":"page","2":"type-page","3":"status-publish","5":"entry"},"_links":{"self":[{"href":"https:\/\/moverdb.com\/lt\/wp-json\/wp\/v2\/pages\/1662","targetHints":{"allow":["GET"]}}],"collection":[{"href":"https:\/\/moverdb.com\/lt\/wp-json\/wp\/v2\/pages"}],"about":[{"href":"https:\/\/moverdb.com\/lt\/wp-json\/wp\/v2\/types\/page"}],"author":[{"embeddable":true,"href":"https:\/\/moverdb.com\/lt\/wp-json\/wp\/v2\/users\/1"}],"replies":[{"embeddable":true,"href":"https:\/\/moverdb.com\/lt\/wp-json\/wp\/v2\/comments?post=1662"}],"version-history":[{"count":5,"href":"https:\/\/moverdb.com\/lt\/wp-json\/wp\/v2\/pages\/1662\/revisions"}],"predecessor-version":[{"id":6184,"href":"https:\/\/moverdb.com\/lt\/wp-json\/wp\/v2\/pages\/1662\/revisions\/6184"}],"wp:attachment":[{"href":"https:\/\/moverdb.com\/lt\/wp-json\/wp\/v2\/media?parent=1662"}],"curies":[{"name":"wp","href":"https:\/\/api.w.org\/{rel}","templated":true}]}}