{"id":1650,"date":"2017-04-24T10:40:56","date_gmt":"2017-04-24T10:40:56","guid":{"rendered":"http:\/\/moverdb.com\/?page_id=1650"},"modified":"2026-01-08T14:48:05","modified_gmt":"2026-01-08T14:48:05","slug":"cosco-shipping","status":"publish","type":"page","link":"https:\/\/moverdb.com\/lt\/cosco-shipping\/","title":{"rendered":"\"COSCO Shipping Lines\" - Tarptautin\u0117s paslaugos ir ap\u017evalgos"},"content":{"rendered":"<p>COSCO Shipping Lines (<a href=\"https:\/\/moverdb.com\/lt\/moving-to-china\/\" data-internallinksmanager029f6b8e52c=\"357\" title=\"Persik\u0117limas \u012f Kinij\u0105? 2023 m. pragyvenimo i\u0161laidos ir persik\u0117limo patarimai\">Kinija<\/a> \"Ocean Shipping (Group) Company\") savo klientams si\u016blo plat\u0173 paslaug\u0173 spektr\u0105. Jos i\u0161vardytos toliau kartu su \u012fmon\u0117s profiliu ir atsiliepimais.<\/p>\n<p><strong><a href=\"https:\/\/moverdb.com\/lt\/container-shipping\/\" data-internallinksmanager029f6b8e52c=\"3\" title=\"Tarptautini\u0173 konteineri\u0173 gabenimo tarif\u0173 diagrama: 2026 m. baland\u017eio m\u0117n.\">Konteineri\u0173 gabenimas<\/a><\/strong><\/p>\n<ul>\n<li> Laiv\u0173 laivynas - 170 moderni\u0173 konteinerve\u017ei\u0173<\/li>\n<li> Paslaug\u0173 mar\u0161rutai - 84 tarptautiniai laivybos mar\u0161rutai ir 23 vidaus mar\u0161rutai.<\/li>\n<li> Pasaulinis tinklas<\/li>\n<li> 22 000 \u0161aldytuv\u0173<\/li>\n<\/ul>\n<p><strong>Saus\u0173 biri\u0173 krovini\u0173 gabenimas<\/strong><\/p>\n<ul>\n<li> Laiv\u0173 laivynas - 380 laiv\u0173, kuri\u0173 keliamoji galia 34 mln. DWT<\/li>\n<li> Gele\u017eies r\u016bda<\/li>\n<li> Anglis<\/li>\n<li> Gr\u016bdai<\/li>\n<li> Plieno<\/li>\n<li> Kiti bir\u016bs kroviniai<\/li>\n<li> 1,000 <a href=\"https:\/\/moverdb.com\/lt\/top-49-container-ports\/\" data-internallinksmanager029f6b8e52c=\"80\" title=\"49 did\u017eiausi ir labiausiai apkrauti konteineri\u0173 uostai 2025 m.\">prievadai<\/a> daugiau nei 100 \u0161ali\u0173<\/li>\n<li> Laivo ir kranto sinchronizavimo sistema<\/li>\n<\/ul>\n<p><strong>Naftos ir duj\u0173 laivyba<\/strong><\/p>\n<ul>\n<li> Laivuokite \u012f daugiau nei 300 pasaulio uost\u0173<\/li>\n<li> \u017dalia nafta<\/li>\n<li> Produkto alyva<\/li>\n<li> SND ir SGD<\/li>\n<\/ul>\n<p><strong>Specializuot\u0173 ir bendr\u0173j\u0173 krovini\u0173 ve\u017eimas<\/strong><\/p>\n<ul>\n<li> Daugiafunkciniai sunkiasvoriai k\u0117limo laivai<\/li>\n<li> Pusiau povandeniniai laivai<\/li>\n<li> Asfalto laivai<\/li>\n<li> Medienos ve\u017e\u0117jai<\/li>\n<li> Automobili\u0173 ve\u017e\u0117jai<\/li>\n<\/ul>\n<p><strong>Laivybos finansavimo sektorius<\/strong><\/p>\n<ul>\n<li> Laiv\u0173 frachtavimas<\/li>\n<li> Konteineri\u0173 nuoma<\/li>\n<li> Terminalo saugyklos<\/li>\n<li> Siuntimo draudimas<\/li>\n<\/ul>\n<p><strong>Keleivi\u0173 ve\u017eimo linijomis paslaugos<\/strong><\/p>\n<ul>\n<li> Kinijos vidaus pakrant\u0117<\/li>\n<li> Kinija - <a href=\"https:\/\/moverdb.com\/lt\/moving-to-japan\/\" data-internallinksmanager029f6b8e52c=\"342\" title=\"Persik\u0117limas \u012f Japonij\u0105? 2023 m. pragyvenimo i\u0161laidos ir persik\u0117limo patarimai\">Japonija<\/a><\/li>\n<li> Kinija - Kor\u0117ja<\/li>\n<li> \u017demynin\u0117 Taivano dalis<\/li>\n<\/ul>\n<h2>\"COSCO Shipping Lines\" \u012fmon\u0117s profilis<\/h2>\n<p>\"China Ocean Shipping (Group) Company\" priklauso Kinijos vyriausybei, o jos b\u016bstin\u0117 yra \u0160anchajuje. COSCO yra did\u017eiausia sausakr\u016bvi\u0173 krovini\u0173 ve\u017e\u0117ja Kinijoje ir viena did\u017eiausi\u0173 pasaulyje. I\u0161 viso ji turi 1 114 laiv\u0173, kuri\u0173 talpa - 85,32 mln. DWT. Jai taip pat priklauso 46 konteineri\u0173 terminalai visame pasaulyje, kuriuose yra 190 krantini\u0173.<\/p>\n<p>2016 m. vasario m\u0117n. \"COSCO Group\" susijung\u0117 su \"China Shipping Group\", taip suformuodama \"China COSCO Shipping Corporation\". Tai \u012fvairialyp\u0117 bendrov\u0117, teikianti laivybos, laiv\u0173 statybos ir remonto, terminal\u0173 eksploatavimo ir konteineri\u0173 gamybos paslaugas, ir tai tik kelios i\u0161 j\u0173 interes\u0173 sri\u010di\u0173.<\/p>\n<p>\"China COSCO Shipping Corporation Ltd\" turi \u0161ias akreditacijas ir s\u0105sajas:<\/p>\n<ul>\n<li> Tarptautinis laivo apsaugos sertifikatas<\/li>\n<li> Saugos valdymo sertifikatas<\/li>\n<li> Vadybos sistemos akreditacijos sertifikatas<\/li>\n<li> Aplinkosaugos vadybos sistemos akreditacija<\/li>\n<li> Darbuotoj\u0173 saugos ir sveikatos vadybos sistemos akreditacija<\/li>\n<li> \u012emon\u0117s energijos vartojimo efektyvumo vadybos sertifikatas<\/li>\n<\/ul>\n<h2>COSCO Shipping Lines atsiliepimai<\/h2>\n<p>Publikavimo metu nepavyko rasti joki\u0173 teigiam\u0173 ar neigiam\u0173 atsiliepim\u0173 apie \"COSCO Shipping Lines\" paslaugas.<\/p>\n<div itemprop=\"review\" itemscope itemtype=\"http:\/\/schema.org\/Review\">\n<strong><span itemprop=\"author\" itemscope=\"\" itemtype=\"http:\/\/schema.org\/Organization\"><span itemprop=\"name\">MoverDB.com<\/span><\/span> Internetin\u0117s svetain\u0117s ap\u017evalga <span itemprop=\"itemreviewed\" itemscope=\"\" itemtype=\"http:\/\/schema.org\/Brand\"><span itemprop=\"name\">COSCO Shipping Lines<\/span><\/span>:<\/strong><\/p>\n<ol>\n<li> Ai\u0161ki kontaktin\u0117 informacija svetain\u0117je (\u012fskaitant telefono numer\u012f): <strong>Taip<\/strong><\/li>\n<li> Lengva gauti tarptautinio krovini\u0173 gabenimo kainas? (internetin\u0117 s\u0105matos u\u017eklausos forma): <strong>Taip<\/strong>, jie si\u016blo internetin\u0119 pasi\u016blym\u0173 teikimo paslaug\u0105 ir e. verslo paslaug\u0105, kad gal\u0117tum\u0117te sekti savo siuntas.<\/li>\n<li> Ai\u0161ki informacija svetain\u0117je: <strong>I\u0161 dalies,<\/strong> svetain\u0117je pateikiama daug informacijos, ta\u010diau ji n\u0117ra pati patogiausia.<\/li>\n<li> Naryst\u0117 tarptautin\u0117se pripa\u017eintose laivybos organizacijose: <strong>Taip<\/strong><\/li>\n<li> Klient\u0173 s\u0105ra\u0161as ir (arba) ankstesni\u0173 klient\u0173 atsiliepimai. <strong>Ne,<\/strong> skelbimo metu j\u0173 neradome.<\/li>\n<\/ol>\n<div itemprop=\"reviewRating\" itemscope itemtype=\"http:\/\/schema.org\/Rating\"><meta itemprop=\"worstRating\" content = \"0\" \/><meta itemprop=\"bestRating\" content=\"5\" \/><meta itemprop=\"ratingValue\" content=\"3.5\"><\/div>\n<p><strong>Bendras \u012fvertinimas: 3,5\/5<\/strong><br \/>\n<strong>Per\u017ei\u016bros data:<\/strong> <span itemprop=\"datePublished\" content=\"2017-04-24\">24\/04\/2017<\/span>\n<\/div>\n<p>Daugiau apie kitus <a href=\"https:\/\/moverdb.com\/lt\/laivybos-bendroves\/\">tarptautin\u0117s laivybos \u012fmon\u0117s<\/a>, <a href=\"https:\/\/moverdb.com\/lt\/konteineriu-kroviniu-gabenimas\/\">konteineri\u0173 gabenimo tarifai<\/a> ir m\u016bs\u0173 <a href=\"https:\/\/moverdb.com\/lt\/atsiliepimai\/\">per\u017ei\u016bros procesas<\/a>.<\/p>\n<p><strong>Interneto svetain\u0117:<\/strong> <a href=\"http:\/\/lines.coscoshipping.com\/home.do\" target=\"_blank\" rel=\"noopener\">http:\/\/lines.coscoshipping.com\/home.do<\/a><\/p>","protected":false},"excerpt":{"rendered":"<p>COSCO Shipping Lines (China Ocean Shipping (Group) Company) offers its clients a wide array of services. These are listed below together with a company profile and reviews. Container Shipping Vessel fleet &#8211; 170 modern container vessels Service routes &#8211; 84 international shipping routes and 23 domestic Global network 22,000 refrigerated containers Dry Bulk Cargo Shipping [&hellip;]<\/p>\n","protected":false},"author":1,"featured_media":0,"parent":0,"menu_order":0,"comment_status":"closed","ping_status":"closed","template":"","meta":{"_genesis_hide_title":false,"_genesis_hide_breadcrumbs":false,"_genesis_hide_singular_image":false,"_genesis_hide_footer_widgets":false,"_genesis_custom_body_class":"","_genesis_custom_post_class":"","_genesis_layout":"","footnotes":""},"class_list":{"0":"post-1650","1":"page","2":"type-page","3":"status-publish","5":"entry"},"_links":{"self":[{"href":"https:\/\/moverdb.com\/lt\/wp-json\/wp\/v2\/pages\/1650","targetHints":{"allow":["GET"]}}],"collection":[{"href":"https:\/\/moverdb.com\/lt\/wp-json\/wp\/v2\/pages"}],"about":[{"href":"https:\/\/moverdb.com\/lt\/wp-json\/wp\/v2\/types\/page"}],"author":[{"embeddable":true,"href":"https:\/\/moverdb.com\/lt\/wp-json\/wp\/v2\/users\/1"}],"replies":[{"embeddable":true,"href":"https:\/\/moverdb.com\/lt\/wp-json\/wp\/v2\/comments?post=1650"}],"version-history":[{"count":3,"href":"https:\/\/moverdb.com\/lt\/wp-json\/wp\/v2\/pages\/1650\/revisions"}],"predecessor-version":[{"id":6196,"href":"https:\/\/moverdb.com\/lt\/wp-json\/wp\/v2\/pages\/1650\/revisions\/6196"}],"wp:attachment":[{"href":"https:\/\/moverdb.com\/lt\/wp-json\/wp\/v2\/media?parent=1650"}],"curies":[{"name":"wp","href":"https:\/\/api.w.org\/{rel}","templated":true}]}}