{"id":1648,"date":"2017-04-21T14:26:25","date_gmt":"2017-04-21T14:26:25","guid":{"rendered":"http:\/\/moverdb.com\/?page_id=1648"},"modified":"2026-01-08T14:47:58","modified_gmt":"2026-01-08T14:47:58","slug":"cma-cgm","status":"publish","type":"page","link":"https:\/\/moverdb.com\/lt\/cma-cgm\/","title":{"rendered":"CMA CGM Group - Tarptautin\u0117s laivybos paslaugos ir ap\u017evalgos"},"content":{"rendered":"<p>\"CMA CGM Group\" savo klientams si\u016blo plat\u0173 laivybos ir logistikos sprendim\u0173 spektr\u0105. Jie i\u0161vardyti toliau kartu su \u012fmon\u0117s profiliu ir ap\u017evalgomis.<\/p>\n<h3>Tarptautinis pristatymas<\/h3>\n<p><strong>Sausieji konteineriai<\/strong><\/p>\n<ul>\n<li> Bendrojo naudojimo konteineriai (20'\/40'\/40\u2032 HC\/45\u2032 HC);<\/li>\n<li> Pad\u0117kl\u0173 plo\u010dio konteineriai (40\u2032 HC PW\/45\u2032 HC PW);<\/li>\n<li> Specializuoti konteineriai (plok\u0161ti, atviri, atviri \u0161oniniai, platforminiai, cisterniniai ir t. t.)<\/li>\n<li> Individualus aptarnavimas<\/li>\n<\/ul>\n<p><strong>Refri\u017eeratoriniai konteineriai<\/strong><\/p>\n<ul>\n<li> 20\u2032 RE\/40\u2032 RH refri\u017eeratoriniai konteineriai,<\/li>\n<li> Did\u017eiausias rinkoje 45\u2032 RH Pallet plo\u010dio konteineri\u0173 parkas, skirtas prekybai Europos viduje.<\/li>\n<li> Specializuotas skyrius<\/li>\n<\/ul>\n<p><strong>XXL Cargo<\/strong><\/p>\n<ul>\n<li> Krovini\u0173, kuri\u0173 matmenys ir svoris nestandartiniai, gabenimas.<\/li>\n<li> Prabang\u016bs automobiliai<\/li>\n<li> Sraigtasparniai<\/li>\n<li> Didel\u0117s ma\u0161inos<\/li>\n<li> Gele\u017einkelio vagonai<\/li>\n<li> Per didel\u0117s turbinos ir generatoriai<\/li>\n<li> Ekspertiz\u0117 gabenant birius krovinius<\/li>\n<\/ul>\n<p><strong>Vidaus - intermodalinio ve\u017eimo paslaugos - visuose \u017eemynuose<\/strong><\/p>\n<ul>\n<li> I\u0161samios paslaugos nuo dur\u0173 iki dur\u0173<\/li>\n<li> Individual\u016bs vidaus vanden\u0173 (gele\u017einkeli\u0173, keli\u0173 ir upi\u0173) sprendimai<\/li>\n<li> Optimizuokite tiekimo grandin\u0119, naudodami s\u0105naudas taupan\u010dias \"nuo dur\u0173 iki dur\u0173\" galimybes<\/li>\n<li> Patrauklus specifinis sulaikymas ir prastova<\/li>\n<li> Tiksli steb\u0117sena, kad prek\u0117s b\u016bt\u0173 pristatytos laiku<\/li>\n<li> Lengvas u\u017esakymas ir tolesni veiksmai per<a>e. verslo platforma<\/a><\/li>\n<\/ul>\n<p><strong>AQUAVIVA - Gyv\u0173 omar\u0173 gabenimas<\/strong><\/p>\n<ul>\n<li> Paslauga \"nuo dur\u0173 iki dur\u0173<\/li>\n<li> Nauja alternatyva \u0161aldymui ir brangiam krovini\u0173 gabenimui oru<\/li>\n<li> I\u0161laikoma nat\u016brali omar\u0173 buvein\u0117<\/li>\n<li> Garantuoja pirmos dienos \u0161vie\u017eum\u0105 ir kokyb\u0119 net ir ilgai saugant<\/li>\n<li> tausojanti aplink\u0105<\/li>\n<\/ul>\n<p><strong>RORO (Roll on Roll off)<\/strong><\/p>\n<ul>\n<li> <strong><a href=\"https:\/\/moverdb.com\/lt\/moving-companies\/algeria\/\" data-internallinksmanager029f6b8e52c=\"166\" title=\"3 Geriausios tarptautin\u0117s perkraustymo \u012fmon\u0117s Al\u017eyre\">Al\u017eyras<\/a><\/strong>: paslauga \u012f Mostaganem\u0105 ir Oran\u0105 bei paslauga \u012f B\u0117j\u0105<\/li>\n<li> <strong><a href=\"https:\/\/moverdb.com\/lt\/moving-companies\/moving-companies-morocco\/\" data-internallinksmanager029f6b8e52c=\"287\" title=\"4 Geriausios tarptautin\u0117s perkraustymo \u012fmon\u0117s Maroke\">Marokas<\/a><\/strong>: paslauga \u012f Kasablank\u0105<\/li>\n<li> <strong>Tunisas<\/strong>: paslauga \u012f Rades ir La Goulette<\/li>\n<\/ul>\n<p><strong>Krovininiai kruizai<\/strong><\/p>\n<ul>\n<li> Dalykit\u0117s kasdieniu gyvenimu su \u012fgula<\/li>\n<li> 170 j\u016br\u0173 linij\u0173, 450 <a href=\"https:\/\/moverdb.com\/lt\/top-49-container-ports\/\" data-internallinksmanager029f6b8e52c=\"80\" title=\"49 did\u017eiausi ir labiausiai apkrauti konteineri\u0173 uostai 2025 m.\">prievadai<\/a> ir 150 \u0161ali\u0173<\/li>\n<li> U\u017esisakykite kelioms dienoms arba keliems m\u0117nesiams<\/li>\n<li> I\u0161lipkite \u012f krant\u0105 vienai dienai ar savaitei ir sulaukite kito laivo<\/li>\n<\/ul>\n<h2>\"CMA CGM Group\" \u012fmon\u0117s profilis<\/h2>\n<p>CMA CGM grup\u0119 1978 m. Marselyje \u012fk\u016br\u0117 Jacques R. Saad\u00e9, \u012fsteig\u0119s \"Compagnie Maritime d'Affr\u00e8tement\" (CMA). CMA tur\u0117jo vien\u0105 laiv\u0105 ir keturis darbuotojus, kurie dirbo vienoje laivybos linijoje tarp Beiruto, Latakijos, Marselio ir Livorno. <\/p>\n<p>1980 m. CMA turi du laivus, 65 darbuotojus ir atidaro biurus Europoje. 1983 m. CMA prad\u0117jo teikti daugiar\u016b\u0161io krovini\u0173 ve\u017eimo paslaug\u0105, leid\u017eian\u010di\u0105 gabenti prekes nuo dur\u0173 iki dur\u0173.<\/p>\n<p>1999 m. CGM ir CMA susijung\u0117 ir tapo 12-\u0105ja bendrove pasaulyje. Iki 2003 m. bendrov\u0117 pakilo iki 5<sup>th<\/sup> pozicija. 2006 m. CMA CGM tapo tre\u010dia did\u017eiausia pasaulyje<sup>rd<\/sup> did\u017eiausias <a href=\"https:\/\/moverdb.com\/lt\/laivybos-bendroves\/\" target=\"_blank\" rel=\"noopener\">konteineri\u0173 gabenimo ir transportavimo \u012fmon\u0117<\/a>, kuri i\u0161liko iki \u0161iol.<\/p>\n<p>\u0160iuo metu CMA CGM grup\u0117je dirba beveik 25 000 \u017emoni\u0173 visame pasaulyje, ji turi 64 biurus ir atstovybes visame pasaulyje. Ji turi dvi pagrindines b\u016bstines: vien\u0105 Marselyje, kit\u0105 - Norfolke, <a href=\"https:\/\/moverdb.com\/lt\/moving-to-the-united-states\/moving-to-virginia\/\" data-internallinksmanager029f6b8e52c=\"442\" title=\"Persik\u0117limas \u012f Vird\u017einij\u0105? 2023 m. gyvenimo i\u0161laidos ir persik\u0117limo patarimai\">Vird\u017einija<\/a>. Bendrov\u0117 vykdo 170 j\u016br\u0173 linij\u0173 ir \u012fplaukia \u012f 450 uost\u0173 150 \u0161ali\u0173. \u0160iuo metu ji yra tre\u010dia pagal dyd\u012f <a href=\"https:\/\/moverdb.com\/lt\/shipping-companies\/\" data-internallinksmanager029f6b8e52c=\"4\" title=\"10 geriausi\u0173 tarptautini\u0173 konteineri\u0173 gabenimo bendrovi\u0173\">laivybos \u012fmon\u0117<\/a> pasaulyje ir turi 428 laivyn\u0105.<\/p>\n<p>\"CMA CGM\" turi \u0161ias akreditacijas ir naryst\u0119:<\/p>\n<ul>\n<li> Tarptautinis laivo apsaugos sertifikatas (ISSC)<\/li>\n<li> Saugos valdymo sertifikatas (SMC)<\/li>\n<li> Darbo j\u016broje konvencija (MLC)<\/li>\n<li> <a href=\"https:\/\/moverdb.com\/lt\/world-shipping-council\/\">Pasaulio laivybos taryba<\/a> (<a href=\"https:\/\/moverdb.com\/lt\/world-shipping-council\/\" data-internallinksmanager029f6b8e52c=\"82\" title=\"Pasaulio laivybos tarybos (WSC) paai\u0161kinimai\">WSC<\/a>)<\/li>\n<\/ul>\n<h2>CMA CGM grup\u0117s ap\u017evalgos<\/h2>\n<p><em>\u0160iuo metu neradome joki\u0173 atsiliepim\u0173 apie \"CMA CGM Group\" laivybos paslaugas internete.<\/em><\/p>\n<div itemprop=\"review\" itemscope itemtype=\"http:\/\/schema.org\/Review\">\n<strong><span itemprop=\"author\" itemscope=\"\" itemtype=\"http:\/\/schema.org\/Organization\"><span itemprop=\"name\">MoverDB.com<\/span><\/span> Internetin\u0117s svetain\u0117s ap\u017evalga <span itemprop=\"itemreviewed\" itemscope=\"\" itemtype=\"http:\/\/schema.org\/Brand\"><span itemprop=\"name\">CMA CGM grup\u0117<\/span><\/span>:<\/strong><\/p>\n<ol>\n<li> Ai\u0161ki kontaktin\u0117 informacija svetain\u0117je (\u012fskaitant telefono numer\u012f): <strong>Taip<\/strong><\/li>\n<li> Lengva gauti <a href=\"https:\/\/moverdb.com\/lt\/container-shipping\/\" data-internallinksmanager029f6b8e52c=\"3\" title=\"Tarptautini\u0173 konteineri\u0173 gabenimo tarif\u0173 diagrama: 2026 m. baland\u017eio m\u0117n.\">tarptautinis pristatymas<\/a> citatos? (internetin\u0117 s\u0105matos u\u017eklausos forma): <strong>Ne<\/strong>, atrodo, kad norint gauti citatas reikia u\u017esiregistruoti.<\/li>\n<li> Ai\u0161ki informacija svetain\u0117je: <strong>Taip,<\/strong> svetain\u0117je pateikiama i\u0161sami informacija apie visas j\u0173 teikiamas paslaugas.<\/li>\n<li> Naryst\u0117 tarptautin\u0117se pripa\u017eintose laivybos organizacijose: <strong>Taip<\/strong><\/li>\n<li> Klient\u0173 s\u0105ra\u0161as ir (arba) ankstesni\u0173 klient\u0173 atsiliepimai. <strong>Ne,<\/strong> j\u0173 interneto svetain\u0117je n\u0117ra n\u0117 vieno s\u0105ra\u0161o.<\/li>\n<\/ol>\n<div itemprop=\"reviewRating\" itemscope itemtype=\"http:\/\/schema.org\/Rating\"><meta itemprop=\"worstRating\" content = \"0\" \/><meta itemprop=\"bestRating\" content=\"5\" \/><meta itemprop=\"ratingValue\" content=\"3.5\"><\/div>\n<p><strong>Bendras \u012fvertinimas: 3,5\/5<\/strong><br \/>\n<strong>Per\u017ei\u016bros data:<\/strong> <span itemprop=\"datePublished\" content=\"2017-04-21\">21\/04\/2017<\/span>\n<\/div>\n<p>Daugiau apie kitus <a href=\"https:\/\/moverdb.com\/lt\/laivybos-bendroves\/\">tarptautin\u0117s laivybos \u012fmon\u0117s<\/a>, <a href=\"https:\/\/moverdb.com\/lt\/konteineriu-kroviniu-gabenimas\/\">konteineri\u0173 gabenimo tarifai<\/a> ir m\u016bs\u0173 <a href=\"https:\/\/moverdb.com\/lt\/atsiliepimai\/\">per\u017ei\u016bros procesas<\/a>.<\/p>\n<p><strong>Interneto svetain\u0117:<\/strong> <a href=\"http:\/\/www.cma-cgm.com\/\" target=\"_blank\" rel=\"noopener\">http:\/\/www.cma-cgm.com\/<\/a><\/p>","protected":false},"excerpt":{"rendered":"<p>CMA CGM Group offers its clients a wide range of shipping and logistics solutions. These are listed below together with a company profile and reviews. International Shipping Dry Containers General-use containers (20&#8217;\/40&#8217;\/40&#8242; HC\/45&#8242; HC); Pallet wide containers (40&#8242; HC PW\/45&#8242; HC PW); Specialised containers (flat-rack, open-top, open-side, platform, tank, etc.) Personalised service Reefer Containers 20&#8242; [&hellip;]<\/p>\n","protected":false},"author":1,"featured_media":0,"parent":0,"menu_order":0,"comment_status":"closed","ping_status":"closed","template":"","meta":{"_genesis_hide_title":false,"_genesis_hide_breadcrumbs":false,"_genesis_hide_singular_image":false,"_genesis_hide_footer_widgets":false,"_genesis_custom_body_class":"","_genesis_custom_post_class":"","_genesis_layout":"","footnotes":""},"class_list":{"0":"post-1648","1":"page","2":"type-page","3":"status-publish","5":"entry"},"_links":{"self":[{"href":"https:\/\/moverdb.com\/lt\/wp-json\/wp\/v2\/pages\/1648","targetHints":{"allow":["GET"]}}],"collection":[{"href":"https:\/\/moverdb.com\/lt\/wp-json\/wp\/v2\/pages"}],"about":[{"href":"https:\/\/moverdb.com\/lt\/wp-json\/wp\/v2\/types\/page"}],"author":[{"embeddable":true,"href":"https:\/\/moverdb.com\/lt\/wp-json\/wp\/v2\/users\/1"}],"replies":[{"embeddable":true,"href":"https:\/\/moverdb.com\/lt\/wp-json\/wp\/v2\/comments?post=1648"}],"version-history":[{"count":5,"href":"https:\/\/moverdb.com\/lt\/wp-json\/wp\/v2\/pages\/1648\/revisions"}],"predecessor-version":[{"id":6192,"href":"https:\/\/moverdb.com\/lt\/wp-json\/wp\/v2\/pages\/1648\/revisions\/6192"}],"wp:attachment":[{"href":"https:\/\/moverdb.com\/lt\/wp-json\/wp\/v2\/media?parent=1648"}],"curies":[{"name":"wp","href":"https:\/\/api.w.org\/{rel}","templated":true}]}}