{"id":1644,"date":"2017-02-23T09:28:26","date_gmt":"2017-02-23T09:28:26","guid":{"rendered":"http:\/\/moverdb.com\/?page_id=1644"},"modified":"2026-01-08T14:48:02","modified_gmt":"2026-01-08T14:48:02","slug":"conroy-removals","status":"publish","type":"page","link":"https:\/\/moverdb.com\/lt\/conroy-removals\/","title":{"rendered":"\"Conroy Removals\" - Tarptautinio perkraustymo ap\u017evalgos"},"content":{"rendered":"<p>\"Conroy Removals\" savo klientams si\u016blo \u012fvairias perkraustymo paslaugas tiek <a href=\"https:\/\/moverdb.com\/lt\/moving-to-australia\/living-in-australia\/\" data-internallinksmanager029f6b8e52c=\"240\" title=\"21 paslap\u010di\u0173 apie gyvenim\u0105 Australijoje, kurias reikia \u017einoti prie\u0161 persikeliant\">Australija<\/a> ir <a href=\"https:\/\/moverdb.com\/lt\/moving-to-new-zealand\/\" data-internallinksmanager029f6b8e52c=\"324\" title=\"Persik\u0117limas \u012f Nauj\u0105j\u0105 Zelandij\u0105? 2023 Gyvenimo i\u0161laidos ir persik\u0117limo patarimai\">Naujoji Zelandija<\/a>. Toliau pateikiamas j\u0173 s\u0105ra\u0161as, \u012fmon\u0117s profilis ir atsiliepimai.<\/p>\n<p><strong><a href=\"https:\/\/moverdb.com\/lt\/international-removals\/\" data-internallinksmanager029f6b8e52c=\"27\" title=\"36 geriausios tarptautinio perkraustymo \u012fmon\u0117s Jungtin\u0117je Karalyst\u0117je\">Tarptautinis perkraustymas<\/a><\/strong><\/p>\n<ul>\n<li> Asmeninis jud\u0117jimo koordinatorius<\/li>\n<li> Nuo dur\u0173 iki dur\u0173<\/li>\n<li> Pilnas pakavimo paslaug\u0173 teikimas, dalinis pakavimas ir \"pasidaryk pats\" pakavimas<\/li>\n<li> Bald\u0173 i\u0161montavimas ir surinkimas<\/li>\n<li> <a href=\"https:\/\/moverdb.com\/lt\/automobiliu-transportas-siuntimas\/\">Automobili\u0173 gabenimas<\/a>, motociklai, valtys ir priekabos<\/li>\n<li> Krovini\u0173 gabenimas j\u016bra - <a href=\"https:\/\/moverdb.com\/lt\/konteineriu-kroviniu-gabenimas\/\">FCL\/LCL konteineri\u0173 gabenimas<\/a><\/li>\n<li> Krovini\u0173 gabenimas oro transportu<\/li>\n<li> Galimas ilgalaikis ir trumpalaikis saugojimas<\/li>\n<li> Galimos visos i\u0161pakavimo paslaugos<\/li>\n<li> Nuolau\u017e\u0173 \u0161alinimas<\/li>\n<li> Muitinis \u012fforminimas ir pagalba tvarkant reikiamus dokumentus<\/li>\n<li> Organizuojamas draudimas<\/li>\n<li> U\u017esienio valiutos keitimo paslaugos<\/li>\n<\/ul>\n<p><strong>Tarpvalstybiniai, tolimieji ir vietiniai perkraustymai<\/strong><\/p>\n<ul>\n<li> Specialus pa\u0161alinimo ekspertas<\/li>\n<li> Nuo dur\u0173 iki dur\u0173<\/li>\n<li> Galimi \u012fvair\u016bs paketai<\/li>\n<li> Visos pakavimo paslaugos, trapi\u0173 daikt\u0173 pakavimas arba \"pasidaryk pats\" pakavimas<\/li>\n<li> Bald\u0173 i\u0161ardymas ir surinkimas<\/li>\n<li> Galimas ilgalaikis ir trumpalaikis saugojimas<\/li>\n<li> I\u0161pakavimo paslauga<\/li>\n<li> Sutvarkytas draudimas<\/li>\n<\/ul>\n<p><strong>\u012emoni\u0173 perk\u0117limas<\/strong><\/p>\n<ul>\n<li> Nam\u0173 apyvokos daikt\u0173 perkraustymas<\/li>\n<li> Prad\u017eia paie\u0161ka<\/li>\n<li> Mokykl\u0173 paie\u0161ka<\/li>\n<li> Orientavimasis<\/li>\n<li> Kalb\u0173 mokymas<\/li>\n<li> Trumpalaikis apgyvendinimas<\/li>\n<li> <a href=\"https:\/\/moverdb.com\/lt\/automobiliu-transportas-siuntimas\/\">Variklini\u0173 transporto priemoni\u0173 ve\u017eimas ir gabenimas<\/a><\/li>\n<li> Gyv\u016bn\u0173 augintini\u0173 ve\u017eimas<\/li>\n<li> Nam\u0173 valymas<\/li>\n<li> Valet i\u0161pakavimas<\/li>\n<li> U\u017esienio valiuta<\/li>\n<\/ul>\n<h2>\"Conroy Removals\" \u012fmon\u0117s profilis<\/h2>\n<p>\"Conroy Removals of Australia and New Zealand\" veikl\u0105 prad\u0117jo 1972 m. Jie turi filialus visoje Australijoje ir Naujojoje Zelandijoje ir mano, kad yra geriausia perkraustymo bendrov\u0117 regione. \"Conroy\" turi plat\u0173 nacionalini\u0173 ir tarptautini\u0173 partneri\u0173 bei filial\u0173 tinkl\u0105, tod\u0117l vien tarptautini\u0173 partneri\u0173 skai\u010dius vir\u0161ija 350.<\/p>\n<p>\u012emon\u0117 stengiasi ma\u017einti anglies dioksido p\u0117dsak\u0105 ma\u017eindama, pakartotinai naudodama ir perdirbdama gaminius. Ji taip pat \u012fsitikinusi, kad jos darbuotojai yra gerai apmokyti ir \u012fsitikin\u0119 savo geb\u0117jimais teikti puikias paslaugas.<\/p>\n<p>\"Conroy Removals\" (Australija ir Naujoji Zelandija) turi \u0161ias akreditacijas ir naryst\u0119:<\/p>\n<ul>\n<li> <a href=\"https:\/\/moverdb.com\/lt\/esu\/\">Tarptautin\u0117 perkraustytoj\u0173 asociacija<\/a> (<a href=\"https:\/\/moverdb.com\/lt\/iam\/\" data-internallinksmanager029f6b8e52c=\"23\" title=\"Tarptautin\u0117s perkraustytoj\u0173 asociacijos (IAM) paai\u0161kinimai\">IAM<\/a>)<\/li>\n<li> <a href=\"https:\/\/moverdb.com\/lt\/britu-salintoju-asociacija\/\">Did\u017eiosios Britanijos perkraustytoj\u0173 asociacija<\/a> (<a href=\"https:\/\/moverdb.com\/lt\/british-association-of-removers\/\" data-internallinksmanager029f6b8e52c=\"9\" title=\"Britanijos perkraustymo \u012fmoni\u0173 asociacijos (BAR) paai\u0161kinimai\">BAR<\/a>)<\/li>\n<li> <a href=\"https:\/\/moverdb.com\/lt\/afra\/\">Australijos bald\u0173 perkraustytoj\u0173 asociacija<\/a> (<a href=\"https:\/\/moverdb.com\/lt\/afra\/\" data-internallinksmanager029f6b8e52c=\"7\" title=\"Australijos bald\u0173 perkraustytoj\u0173 asociacijos (AFRA) paai\u0161kinimai\">AFRA<\/a>)<\/li>\n<li> <a href=\"https:\/\/moverdb.com\/lt\/aima\/\">Australijos tarptautini\u0173 perkraustytoj\u0173 asociacija<\/a> (<a href=\"https:\/\/moverdb.com\/lt\/aima\/\" data-internallinksmanager029f6b8e52c=\"8\" title=\"Australijos tarptautini\u0173 perkraustytoj\u0173 asociacijos (AIMA) paai\u0161kinimai\">AIMA<\/a>)<\/li>\n<li> Piet\u0173 Afrikos tarptautini\u0173 perkraustytoj\u0173 asociacija (SAIMA)<\/li>\n<li> Panamerikos tarptautini\u0173 perve\u017e\u0117j\u0173 asociacija (PAIMA)<\/li>\n<li> Naujosios Zelandijos u\u017ej\u016brio jud\u0117jimo asociacija (NZOMA)<\/li>\n<li> <a href=\"https:\/\/moverdb.com\/lt\/fidi-faim\/\">FIDI pasaulinis aljansas<\/a><\/li>\n<\/ul>\n<p>J\u0173 biurai Australijoje yra:<\/p>\n<ul>\n<li> <a href=\"https:\/\/moverdb.com\/lt\/moving-to-brisbane\/\" data-internallinksmanager029f6b8e52c=\"255\" title=\"Persik\u0117limas \u012f Brisban\u0105? 2023 m. pragyvenimo i\u0161laidos ir persik\u0117limo patarimai\">Brisbanas<\/a><\/li>\n<li> <a href=\"https:\/\/moverdb.com\/lt\/persikelimas-i-sidneju\/\">Sidn\u0117jus<\/a><\/li>\n<li> Melburnas<\/li>\n<li> Perth<\/li>\n<li> Townsville<\/li>\n<\/ul>\n<p>Naujosios Zelandijos biurai:<\/p>\n<ul>\n<li> Napier<\/li>\n<li> Oklendas<\/li>\n<li> Tauranga<\/li>\n<li> Velingtonas<\/li>\n<li> Christchurch<\/li>\n<li> Nelsonas<\/li>\n<\/ul>\n<h2>\"Conroy Removals\" atsiliepimai<\/h2>\n<p><strong>Teigiamas:<\/strong><\/p>\n<ul>\n<li> <em>\"Mano namo pakavimas buvo atliktas puikiai, labai r\u016bpinantis visais mano daiktais ir per labai trump\u0105 laik\u0105. Viskas buvo ai\u0161kiai sura\u0161yta, o i\u0161pakuoti daiktus buvo lengva, nes visus daiktus buvo lengva surasti, o d\u0117\u017e\u0117s buvo gerai pavadintos pagal kiekvien\u0105 kambar\u012f. Buvo i\u0161ve\u017etos visos \u0161iuk\u0161l\u0117s ir net kelios senos d\u0117\u017e\u0117s, o tai labai pad\u0117jo tvarkant tu\u0161\u010dius namus.\"<\/em> - Kliento atsiliepimas <a href=\"https:\/\/www.conroy.co.nz\/customer-reviews\/nz-to-overseas\" target=\"_blank\" rel=\"noopener\">per NZ svetain\u0119<\/a><\/li>\n<li> <em>\"Puikus bendravimas prie\u0161 pristatym\u0105 ir du vyrai, kurie pristat\u0117 m\u016bs\u0173 prekes, buvo mandag\u016bs, draugi\u0161ki, greiti ir labai efektyv\u016bs.\"<\/em> - Kliento atsiliepimas per <a href=\"https:\/\/www.conroyremovals.com.au\/customer-reviews\/overseas-to-australia\" target=\"_blank\" rel=\"noopener\">AU svetain\u0117<\/a><\/li>\n<li> <em>\"Persik\u0117liau 25 kartus ir tai buvo pati geriausia persikraustymo patirtis. A\u010di\u016b Conroys!\"<\/em> - Jackie per <a href=\"http:\/\/www.productreview.com.au\/p\/conroy-removals.html?rating=5#reviews\" target=\"_blank\" rel=\"noopener\">Produkto ap\u017evalga<\/a><\/li>\n<li> <em>\"Dideli\u0173 daikt\u0173 perve\u017eimas po Nz ir \u012f Australij\u0105 gali b\u016bti sunkus, ta\u010diau \u0161ie vaikinai tikrai palengvino.\"<\/em> - Dave'as per <a href=\"https:\/\/yellow.co.nz\/y\/conroy-removals-airpark-drive#detailsRatingsReviews\" target=\"_blank\" rel=\"noopener\">Geltona<\/a><\/li>\n<\/ul>\n<p><strong>Neigiamas:<\/strong><\/p>\n<ul>\n<li> <em>\"Nepaisant daugkartini\u0173 skambu\u010di\u0173 (visi buvo i\u0161si\u0173sti \u012f balso pa\u0161t\u0105) ir el. lai\u0161k\u0173, dvi savaites nuo tada, kai mano prek\u0117s buvo i\u0161muitintos, iki tada, kai paskambino siunt\u0173 gabentojai, nieko negird\u0117jau.\"<\/em> - Kliento atsiliepimas per <a href=\"https:\/\/www.conroy.co.nz\/customer-reviews\/overseas-to-nz\" target=\"_blank\" rel=\"noopener\">NZ svetain\u0117<\/a><\/li>\n<li> <em>\"Prek\u0117s i\u0161muitintos prie\u0161 2 savaites. I\u0161skyrus reikalavim\u0105 sumok\u0117ti GST + muito mokest\u012f (tai padariau kit\u0105 dien\u0105), negird\u0117jau nieko apie tai, kada mano prek\u0117s bus pristatytos. Palikau balso pa\u0161t\u0105, elektroninius lai\u0161kus ir vis dar nieko. Esu beveik susitaik\u0119s su tuo, kad savo preki\u0173 daugiau nebematysiu.\"<\/em> - kliento ap\u017evalga per <a href=\"https:\/\/www.conroyremovals.com.au\/customer-reviews\/australia-to-overseas\" target=\"_blank\" rel=\"noopener\">AU svetain\u0117<\/a><\/li>\n<li> <em>\"Deja, mums nepasisek\u0117 persikraustant, prek\u0117s buvo sugadintos d\u0117l netinkamo pakavimo, o \"Conroy\" nenori prisiimti jokios atsakomyb\u0117s.\"<\/em> - Karen per <a href=\"https:\/\/www.mymovingreviews.com\/movers\/conroy-removals-1807#58945\" target=\"_blank\" rel=\"noopener\">Mano jud\u0117jimo ap\u017evalgos<\/a><\/li>\n<li> <em>\"Labai v\u0117lai, buvo nusivyl\u0119s tuo, bet jie palaik\u0117 ry\u0161\u012f, tod\u0117l u\u017e tai jiems d\u0117koju. Be to, u\u017e priimtin\u0105 kain\u0105.\"<\/em> - Jonas per <a href=\"https:\/\/www.nocowboys.co.nz\/businesses\/conroy-removals-\" target=\"_blank\" rel=\"noopener\">NoCowboys<\/a><\/li>\n<\/ul>\n<div itemprop=\"review\" itemscope itemtype=\"http:\/\/schema.org\/Review\">\n<span itemprop=\"author\" itemscope=\"\" itemtype=\"http:\/\/schema.org\/Organization\"><span itemprop=\"name\">MoverDB.com<\/span><\/span> Internetin\u0117s svetain\u0117s ap\u017evalga <span itemprop=\"itemreviewed\" itemscope=\"\" itemtype=\"http:\/\/schema.org\/Brand\"><span itemprop=\"name\">\"Conroy Removals<\/span><\/span>:<\/p>\n<ol>\n<li> Ai\u0161ki kontaktin\u0117 informacija svetain\u0117je (\u012fskaitant telefono numer\u012f): <strong>Taip<\/strong><\/li>\n<li> Lengva gauti <a href=\"https:\/\/moverdb.com\/lt\/citatos\/\">tarptautin\u0117s judan\u010dios citatos<\/a>? (internetin\u0117 s\u0105matos u\u017eklausos forma): <strong>Taip<\/strong><\/li>\n<li> Ai\u0161ki informacija svetain\u0117je: <strong>Taip,<\/strong> svetain\u0117je pateikiama daug labai i\u0161samios informacijos.<\/li>\n<li> Naryst\u0117 tarptautin\u0117se pripa\u017eintose jud\u0117jimo organizacijose: <strong>Taip<\/strong>, (daug, \u017er. pirmiau)<\/li>\n<li> Klient\u0173 s\u0105ra\u0161as ir (arba) ankstesni\u0173 klient\u0173 atsiliepimai: <strong>Taip,<\/strong> \u012emon\u0117s svetain\u0117je yra ir teigiam\u0173, ir neigiam\u0173 klient\u0173 atsiliepim\u0173, kuriuos galite suskirstyti pagal \u017evaig\u017edu\u010di\u0173 skai\u010di\u0173 ir jud\u0117jimo tip\u0105.<\/li>\n<\/ol>\n<div itemprop=\"reviewRating\" itemscope itemtype=\"http:\/\/schema.org\/Rating\"><meta itemprop=\"worstRating\" content = \"0\" \/><meta itemprop=\"bestRating\" content=\"5\" \/><meta itemprop=\"ratingValue\" content=\"5\"><\/div>\n<p><strong>Bendras \u012fvertinimas: 5\/5<\/strong><br \/>\n<strong>Per\u017ei\u016bros data:<\/strong> <span itemprop=\"datePublished\" content=\"2017-02-23\">23\/02\/2017<\/span>\n<\/div>\n<p>Skaitykite daugiau apie <a href=\"https:\/\/moverdb.com\/lt\/juda-imones\/\">tarptautin\u0117s perkraustymo \u012fmon\u0117s<\/a> ir m\u016bs\u0173 <a href=\"https:\/\/moverdb.com\/lt\/atsiliepimai\/\">per\u017ei\u016bros procesas<\/a>.<\/p>\n<p><strong>Interneto svetain\u0117s:<\/strong> AU: <a href=\"https:\/\/www.conroyremovals.com.au\/\" target=\"_blank\" rel=\"noopener\">https:\/\/www.conroyremovals.com.au\/<\/a>, NZ: <a href=\"https:\/\/www.conroy.co.nz\/\" target=\"_blank\" rel=\"noopener\">https:\/\/www.conroy.co.nz\/<\/a><\/p>","protected":false},"excerpt":{"rendered":"<p>Conroy Removals offers its customers a wide variety of removal services in both Australia and New Zealand. These are listed below, together with a company profile and reviews. International Removals Personal moving coordinator Door to door Full service packing, partial packing and DIY packing Dismantling and reassembly of furniture Shipping of cars, motorbikes, boats and [&hellip;]<\/p>\n","protected":false},"author":1,"featured_media":0,"parent":0,"menu_order":0,"comment_status":"closed","ping_status":"closed","template":"","meta":{"_genesis_hide_title":false,"_genesis_hide_breadcrumbs":false,"_genesis_hide_singular_image":false,"_genesis_hide_footer_widgets":false,"_genesis_custom_body_class":"","_genesis_custom_post_class":"","_genesis_layout":"","footnotes":""},"class_list":{"0":"post-1644","1":"page","2":"type-page","3":"status-publish","5":"entry"},"_links":{"self":[{"href":"https:\/\/moverdb.com\/lt\/wp-json\/wp\/v2\/pages\/1644","targetHints":{"allow":["GET"]}}],"collection":[{"href":"https:\/\/moverdb.com\/lt\/wp-json\/wp\/v2\/pages"}],"about":[{"href":"https:\/\/moverdb.com\/lt\/wp-json\/wp\/v2\/types\/page"}],"author":[{"embeddable":true,"href":"https:\/\/moverdb.com\/lt\/wp-json\/wp\/v2\/users\/1"}],"replies":[{"embeddable":true,"href":"https:\/\/moverdb.com\/lt\/wp-json\/wp\/v2\/comments?post=1644"}],"version-history":[{"count":10,"href":"https:\/\/moverdb.com\/lt\/wp-json\/wp\/v2\/pages\/1644\/revisions"}],"predecessor-version":[{"id":6194,"href":"https:\/\/moverdb.com\/lt\/wp-json\/wp\/v2\/pages\/1644\/revisions\/6194"}],"wp:attachment":[{"href":"https:\/\/moverdb.com\/lt\/wp-json\/wp\/v2\/media?parent=1644"}],"curies":[{"name":"wp","href":"https:\/\/api.w.org\/{rel}","templated":true}]}}