{"id":1642,"date":"2017-07-04T10:17:22","date_gmt":"2017-07-04T10:17:22","guid":{"rendered":"http:\/\/moverdb.com\/?page_id=1642"},"modified":"2026-01-08T14:48:07","modified_gmt":"2026-01-08T14:48:07","slug":"karunos-judinimo","status":"publish","type":"page","link":"https:\/\/moverdb.com\/lt\/crown-moving\/","title":{"rendered":"\"Crown Moving Co Inc\" - Tarptautinio perkraustymo ap\u017evalgos"},"content":{"rendered":"<p>\"Crown Moving Co Inc\" buvo \u012fsik\u016brusi <a href=\"https:\/\/moverdb.com\/lt\/persikelimas-i-atlanta\/\">Sietlas<\/a> ir si\u016bl\u0117 klientams \u012fvairi\u0173 paslaug\u0173. Jos i\u0161vardytos toliau kartu su \u012fmon\u0117s profiliu ir atsiliepimais.<\/p>\n<p><strong>Tarptautiniai perkraustymai<\/strong><\/p>\n<p>Paslaugos prie\u0161 paskyrim\u0105<\/p>\n<ul>\n<li> Viz\u0173 ir imigracijos paslaugos<\/li>\n<li> I\u0161ankstin\u0117 kelion\u0117 ir orientavimasis vietov\u0117je<\/li>\n<li> Informacija apie \u0161al\u012f ir kult\u016br\u0105<\/li>\n<\/ul>\n<p>Perkraustymo paslaugos<\/p>\n<ul>\n<li> Planavimas prie\u0161 persikraustym\u0105<\/li>\n<li> Daikt\u0173 gabenimas<\/li>\n<li> Perkraustymo valdymas<\/li>\n<li> Siuntos steb\u0117jimas<\/li>\n<\/ul>\n<p>Tarptautin\u0117s paskirties paslaugos<\/p>\n<ul>\n<li> Kult\u016bros ir kalbos mokymas<\/li>\n<li> Pagalba mokyklai<\/li>\n<li> Partnerio \/ sutuoktinio parama<\/li>\n<li> \u012esitvirtinimas tarnyboje<\/li>\n<li> Pagalba i\u0161vykstant<\/li>\n<\/ul>\n<p>Apsaugos paslaugos<\/p>\n<ul>\n<li> Svorio daugiklis<\/li>\n<li> Didel\u0117s vert\u0117s atsargos<\/li>\n<li> \u012ekainotas inventorius<\/li>\n<\/ul>\n<p>Pagalba b\u016bstui<\/p>\n<ul>\n<li> Nam\u0173 paie\u0161kos paslaugos<\/li>\n<li> Laikinas apgyvendinimas<\/li>\n<li> Nekilnojamojo turto ir nuomos valdymas<\/li>\n<\/ul>\n<p><strong>Vietiniai ir tolimieji perkraustymai<\/strong><\/p>\n<ul>\n<li> Asmeninio jud\u0117jimo vadybininkas<\/li>\n<li> Paslaugos nuo dur\u0173 iki dur\u0173<\/li>\n<li> Visapusi\u0161kas pakavimo paslaugos, trapi\u0173 daikt\u0173 pakavimas arba savaranki\u0161kas pakavimas<\/li>\n<li> Bald\u0173 i\u0161ardymas ir surinkimas<\/li>\n<li> I\u0161pakavimo paslauga<\/li>\n<li> Sutvarkytas draudimas<\/li>\n<li> Trumpalaikis ir ilgalaikis saugojimas<\/li>\n<\/ul>\n<p><strong>Biuro, pramon\u0117s ir prekybos parodos<\/strong><\/p>\n<ul>\n<li> Asmeninis judantis konsultantas<\/li>\n<li> Tikslus planavimas<\/li>\n<li> Nuo dur\u0173 iki dur\u0173<\/li>\n<li> Pakavimas<\/li>\n<li> Po darbo valand\u0173 ir savaitgaliais<\/li>\n<li> Bald\u0173 i\u0161ardymas ir surinkimas<\/li>\n<li> i\u0161pakavimas<\/li>\n<li> IT pa\u0161alinimas ir \u012fdiegimas<\/li>\n<li> Ilgalaikis ir trumpalaikis saugojimas<\/li>\n<\/ul>\n<p><strong>Saugykla<\/strong><\/p>\n<ul>\n<li> Ilgalaikis ir trumpalaikis<\/li>\n<li> \u012era\u0161\u0173 saugojimas kontroliuojamoje temperat\u016broje<\/li>\n<li> 24 VALANDAS PER PAR\u0104, 7 DIENAS PER SAVAIT\u0118 VEIKIANTI VAIZDO STEB\u0116JIMO SISTEMA<\/li>\n<li> Prie\u0161gaisrin\u0117 apsauga<\/li>\n<\/ul>\n<h2>\"Crown Moving Co Inc\" \u012fmon\u0117s profilis<\/h2>\n<p><em><strong>Atkreipkite d\u0117mes\u012f<\/strong>: \"Crown Moving Co Inc\" dabar yra u\u017edaryta. Jie rekomenduoja savo klientams naudotis: <a href=\"https:\/\/moverdb.com\/lt\/bekins-van-lines\/\">\"Bekins Northwest<\/a> vietoj to.<\/em><\/p>\n<p>\"Crown Moving Co Inc\" buvo prad\u0117ta 1967 m. ir buvo \u012fsik\u016brusi <a href=\"https:\/\/moverdb.com\/lt\/moving-to-seattle\/\" data-internallinksmanager029f6b8e52c=\"65\" title=\"Persikraustote \u012f Sietl\u0105? 2023 m. gyvenimo i\u0161laidos ir persik\u0117limo patarimai\">Sietlas<\/a>, Va\u0161ingtonas. 1978 m. bendrov\u0117 buvo nupirkta ir atidaryti nauji biurai Moses Lake ir Spokane. <\/p>\n<p>\"Crown Moving\" tapo agentais <a href=\"https:\/\/moverdb.com\/lt\/mayflower-transit\/\">Mayflower<\/a> 1982 m., tod\u0117l turi vis\u0105 \"Mayflower\" patirt\u012f ir savo patirt\u012f. Bendrov\u0117 buvo did\u017eiausias \"Mayflower\" atstovas Va\u0161ingtone.<\/p>\n<p>\"Crown Moving Co Inc\" tur\u0117jo \u0161ias akreditacijas ir s\u0105sajas:<\/p>\n<ul>\n<li> <a href=\"https:\/\/moverdb.com\/lt\/amsa\/\">Amerikos perkraustytoj\u0173 asociacija<\/a> (<a href=\"https:\/\/moverdb.com\/lt\/amsa\/\" data-internallinksmanager029f6b8e52c=\"5\" title=\"Amerikos jud\u0117jimo ir saugojimo asociacijos (AMSA) paai\u0161kinimai\">AMSA<\/a>)<\/li>\n<li> Geresnio verslo biuras (BBB)<\/li>\n<\/ul>\n<p><strong>\"Crown Moving Co Inc\" ap\u017evalgos<\/strong><\/p>\n<p><strong>Teigiamas:<\/strong><\/p>\n<ul>\n<li> <em>\"Jis pasirod\u0117 laiku, buvo nuostabus ir mes i\u0161 karto prad\u0117jome kalb\u0117ti apie svarbiausius daiktus, kuriuos man reik\u0117jo perkelti itin atsargiai.\"<\/em> Jackie R per <a href=\"https:\/\/www.yelp.com\/biz\/crown-moving-co-seattle-2?hrid=jSdhPA7gxsSt8Syf1zSn4w&#038;utm_campaign=www_review_share_popup&#038;utm_medium=copy_link&#038;utm_source=(direct)\" target=\"_blank\" rel=\"noopener\">\"Yelp\"<\/a><\/li>\n<li> <em>\"Kar\u016bna baig\u0117 kariuomen\u0117s nurodymu pakeist\u0105 tarnybos viet\u0105.\" <\/em> Timothy M per <a href=\"https:\/\/www.bbb.org\/\" target=\"_blank\" rel=\"noopener\">BBB<\/a><\/li>\n<\/ul>\n<p><strong>Neigiamas:<\/strong><\/p>\n<ul>\n<li> <em>\"Mano patirtis su \"Crown Moving\" buvo tokia, koki\u0105, tikiuosi, greitai pamir\u0161iu.\"<\/em> - Robas D. per <a href=\"https:\/\/www.yelp.com\/biz\/crown-moving-co-seattle-2?hrid=i13sBXhBe0pzOXO2FJYCQQ&#038;utm_campaign=www_review_share_popup&#038;utm_medium=copy_link&#038;utm_source=(direct)\" target=\"_blank\" rel=\"noopener\">\"Yelp\"<\/a><\/li>\n<\/ul>\n<div itemprop=\"review\" itemscope itemtype=\"http:\/\/schema.org\/Review\">\n<span itemprop=\"author\" itemscope=\"\" itemtype=\"http:\/\/schema.org\/Organization\"><span itemprop=\"name\">MoverDB.com<\/span><\/span> Internetin\u0117s svetain\u0117s ap\u017evalga <span itemprop=\"itemreviewed\" itemscope=\"\" itemtype=\"http:\/\/schema.org\/Brand\"><span itemprop=\"name\">\"Crown Moving Co Inc<\/span><\/span>:<\/p>\n<ol>\n<li> Ai\u0161ki kontaktin\u0117 informacija svetain\u0117je (\u012fskaitant telefono numer\u012f): <strong>Taip<\/strong><\/li>\n<li> Lengva gauti <a href=\"https:\/\/moverdb.com\/lt\/citatos\/\">tarptautin\u0117s judan\u010dios citatos<\/a>? (internetin\u0117 s\u0105matos u\u017eklausos forma): <strong>Taip<\/strong><\/li>\n<li> Ai\u0161ki informacija svetain\u0117je: <strong>Ne<\/strong><\/li>\n<li> Naryst\u0117 tarptautin\u0117se pripa\u017eintose jud\u0117jimo organizacijose: <strong>Taip<\/strong>, (\u017er. pirmiau)<\/li>\n<li> Klient\u0173 s\u0105ra\u0161as ir (arba) ankstesni\u0173 klient\u0173 atsiliepimai. <strong>Netaikytina,<\/strong> nes bendrov\u0117 nebevykdo veiklos.<\/li>\n<\/ol>\n<div itemprop=\"reviewRating\" itemscope itemtype=\"http:\/\/schema.org\/Rating\"><meta itemprop=\"worstRating\" content = \"0\" \/><meta itemprop=\"bestRating\" content=\"5\" \/><meta itemprop=\"ratingValue\" content=\"4\"><\/div>\n<p><strong>Bendras \u012fvertinimas: 4\/5<\/strong><br \/>\n<strong>Per\u017ei\u016bros data:<\/strong> <span itemprop=\"datePublished\" content=\"2017-07-04\">04\/07\/2017<\/span>\n<\/div>\n<p>Skaitykite daugiau apie <a href=\"https:\/\/moverdb.com\/lt\/juda-imones\/\">tarptautin\u0117s perkraustymo \u012fmon\u0117s<\/a>, <a href=\"https:\/\/moverdb.com\/lt\/us-kanada-persikraustymo-paslaugos\/\">vidaus jud\u0117jimo \u012fmon\u0117s<\/a> ir m\u016bs\u0173 <a href=\"https:\/\/moverdb.com\/lt\/atsiliepimai\/\">paai\u0161kintas per\u017ei\u016bros procesas<\/a>.<\/p>\n<p><strong>Interneto svetain\u0117:<\/strong> <a href=\"http:\/\/www.crownmoving.com\/\" target=\"_blank\" rel=\"noopener\">http:\/\/www.crownmoving.com\/<\/a><\/p>","protected":false},"excerpt":{"rendered":"<p>Crown Moving Co Inc was based in Seattle and offered its customers a variety of services. These are listed below together with a company profile and reviews. International Moves Pre-assignment Services Visa and immigration services Preview trip and area orientation Country and culture information Moving Services Pre-move planning Transportation of belongings Managing the move Shipment [&hellip;]<\/p>\n","protected":false},"author":1,"featured_media":0,"parent":0,"menu_order":0,"comment_status":"closed","ping_status":"closed","template":"","meta":{"_genesis_hide_title":false,"_genesis_hide_breadcrumbs":false,"_genesis_hide_singular_image":false,"_genesis_hide_footer_widgets":false,"_genesis_custom_body_class":"","_genesis_custom_post_class":"","_genesis_layout":"","footnotes":""},"class_list":{"0":"post-1642","1":"page","2":"type-page","3":"status-publish","5":"entry"},"_links":{"self":[{"href":"https:\/\/moverdb.com\/lt\/wp-json\/wp\/v2\/pages\/1642","targetHints":{"allow":["GET"]}}],"collection":[{"href":"https:\/\/moverdb.com\/lt\/wp-json\/wp\/v2\/pages"}],"about":[{"href":"https:\/\/moverdb.com\/lt\/wp-json\/wp\/v2\/types\/page"}],"author":[{"embeddable":true,"href":"https:\/\/moverdb.com\/lt\/wp-json\/wp\/v2\/users\/1"}],"replies":[{"embeddable":true,"href":"https:\/\/moverdb.com\/lt\/wp-json\/wp\/v2\/comments?post=1642"}],"version-history":[{"count":5,"href":"https:\/\/moverdb.com\/lt\/wp-json\/wp\/v2\/pages\/1642\/revisions"}],"predecessor-version":[{"id":6198,"href":"https:\/\/moverdb.com\/lt\/wp-json\/wp\/v2\/pages\/1642\/revisions\/6198"}],"wp:attachment":[{"href":"https:\/\/moverdb.com\/lt\/wp-json\/wp\/v2\/media?parent=1642"}],"curies":[{"name":"wp","href":"https:\/\/api.w.org\/{rel}","templated":true}]}}