{"id":1640,"date":"2017-02-01T15:26:12","date_gmt":"2017-02-01T15:26:12","guid":{"rendered":"http:\/\/moverdb.com\/?page_id=1640"},"modified":"2026-01-08T14:48:08","modified_gmt":"2026-01-08T14:48:08","slug":"karunos-perkelimas","status":"publish","type":"page","link":"https:\/\/moverdb.com\/lt\/crown-relocations\/","title":{"rendered":"\"Crown Relocations\" - Tarptautinio perkraustymo ap\u017evalgos"},"content":{"rendered":"<p>\"Crown Relocations\" b\u016bstin\u0117 yra <a href=\"https:\/\/moverdb.com\/lt\/moving-to-hong-kong\/\" data-internallinksmanager029f6b8e52c=\"350\" title=\"Persikraustote \u012f Honkong\u0105? 2023 Gyvenimo i\u0161laidos ir persik\u0117limo patarimai\">Honkongas<\/a>. Ji si\u016blo klientams \u012fvairias perk\u0117limo ir perkraustymo paslaugas, kurios kartu su \u012fmon\u0117s profiliu ir atsiliepimais i\u0161vardytos toliau.<\/p>\n<p><strong>Tarptautinis perk\u0117limas<\/strong><\/p>\n<ul>\n<li> Individualus aptarnavimas<\/li>\n<li> Paslaugos nuo dur\u0173 iki dur\u0173<\/li>\n<li> Pakavimas - pasidaryk pats, pasirinktos prek\u0117s arba visos paslaugos<\/li>\n<li> Trumpalaikis ir ilgalaikis saugojimas<\/li>\n<li> Internetin\u0117s steb\u0117jimo priemon\u0117s<\/li>\n<li> Gyv\u016bno augintinio perk\u0117limas<\/li>\n<li> Imigracijos paslaugos<\/li>\n<li> Tarpkult\u016brinis mokymas<\/li>\n<li> Kalb\u0173 mokymas<\/li>\n<li> Nam\u0173 pardavimo paslaugos<\/li>\n<li> Nekilnojamojo turto valdymas<\/li>\n<li> Kelioni\u0173 per\u017ei\u016bros paslaugos<\/li>\n<li> Pagalba ie\u0161kant nam\u0173<\/li>\n<li> Mokykl\u0173 paie\u0161ka<\/li>\n<li> Orientavimas po atvykimo<\/li>\n<li> Partneri\u0173 karjeros parama<\/li>\n<li> \u016akved\u017eio ir nam\u0173 ruo\u0161os paslaugos<\/li>\n<li> Bald\u0173 nuoma<\/li>\n<li> Pagalba u\u017eduoties metu<\/li>\n<\/ul>\n<p><strong>Vietinis ir tolim\u0173j\u0173 perkraustymas<\/strong><\/p>\n<ul>\n<li> Individualus aptarnavimas<\/li>\n<li> Paslaugos nuo dur\u0173 iki dur\u0173<\/li>\n<li> Visos pakavimo paslaugos, trapi\u0173 daikt\u0173 pakavimas arba \"pasidaryk pats\" pakavimas<\/li>\n<li> I\u0161pakavimo paslauga<\/li>\n<li> Atliek\u0173 \u0161alinimas<\/li>\n<li> Gyv\u016bno augintinio perk\u0117limas<\/li>\n<li> Ilgalaikis ir trumpalaikis sand\u0117liavimas<\/li>\n<li> Draudimas<\/li>\n<\/ul>\n<h2>\"Crown Relocations\" \u012fmon\u0117s profilis<\/h2>\n<p>\"Crown Relocations\" yra \"Crown Worldwide Group\", kurios pagrindin\u0117 b\u016bstin\u0117 yra Honkonge, dalis. Jamesas E. Thompsonas grup\u0119 \u012fk\u016br\u0117 1965 m. gyvendamas Jokohamoje, <a href=\"https:\/\/moverdb.com\/lt\/moving-to-japan\/\" data-internallinksmanager029f6b8e52c=\"342\" title=\"Persik\u0117limas \u012f Japonij\u0105? 2023 m. pragyvenimo i\u0161laidos ir persik\u0117limo patarimai\">Japonija<\/a>. Jis prad\u0117jo nuo $1,000 ir gavo sutart\u012f su <a href=\"https:\/\/moverdb.com\/lt\/moving-to-the-united-states\/\" data-internallinksmanager029f6b8e52c=\"94\" title=\"Persik\u0117limas \u012f Jungtines Amerikos Valstijas? 2022 Gyvenimo i\u0161laidos ir persik\u0117limo patarimai\">JAV<\/a> kariuomenei perkelti personal\u0105 \u012f Japonij\u0105 ir i\u0161 jos. <\/p>\n<p>Thompsonas teb\u0117ra grup\u0117s generalinis direktorius, o 1978 m. jis pats ir bendrov\u0117s b\u016bstin\u0117 persik\u0117l\u0117 \u012f Honkong\u0105. Dabar bendrov\u0117 turi daugiau kaip 265 biurus 58 pasaulio \u0161alyse ir joje dirba daugiau kaip 3 100 \u017emoni\u0173, priklausan\u010di\u0173 70 skirting\u0173 tautybi\u0173. Kasmet \"Crown Relocations\" vidutini\u0161kai atlieka 120 000 perk\u0117lim\u0173 ir turi apie 3,4 mln. kvadratini\u0173 p\u0117d\u0173 sand\u0117liavimo patalp\u0173.<\/p>\n<p>\"Crown Relocations\", remdamasi didele \"Crown\" grup\u0117s patirtimi, perkelia \u017emones visame pasaulyje ir padeda jiems kiekviename \u017eingsnyje. Taip siekiama suma\u017einti sukr\u0117timus ir sudaryti s\u0105lygas \u012fmon\u0117s darbuotojams ir asmenims greitai prisitaikyti prie naujo gyvenimo.<\/p>\n<p>\"Crown Relocation Services\" turi \u0161ias akreditacijas ir naryst\u0119: -<\/p>\n<ul>\n<li> ISO 9001:2008<\/li>\n<li> <a href=\"https:\/\/moverdb.com\/lt\/esu\/\">Tarptautin\u0117 perkraustytoj\u0173 asociacija<\/a> (<a href=\"https:\/\/moverdb.com\/lt\/iam\/\" data-internallinksmanager029f6b8e52c=\"23\" title=\"Tarptautin\u0117s perkraustytoj\u0173 asociacijos (IAM) paai\u0161kinimai\">IAM<\/a>)<\/li>\n<\/ul>\n<h2>Kar\u016bnos perk\u0117limai Atsiliepimai<\/h2>\n<p><strong>Teigiamas:<\/strong><\/p>\n<ul>\n<li> <em>\"Mes buvome visi\u0161kai priblok\u0161ti profesionalaus, draugi\u0161ko ir kompetentingo viso proceso, kuris mums buvo visi\u0161kai puikus nuo prad\u017eios iki pabaigos!\"<\/em> - Ponas G. ir ponia. J. Webb per <a href=\"https:\/\/www.crownrelo.com\/intl\/en-gb\/page\/testimonials\" target=\"_blank\" rel=\"noopener\">\u012fmon\u0117s atsiliepim\u0173 puslapis<\/a><\/li>\n<li> <em>\"Esame labai patenkinti \"Crown\" paslaugomis ir rekomenduotume j\u0105 visiems.\"<\/em> - Phuc Do per <a href=\"http:\/\/www.productreview.com.au\/p\/crown-relocations-australia.html?rating=5#reviews\" target=\"_blank\" rel=\"noopener\">ProductReview.com.au<\/a><\/li>\n<li> <em>\"Draugas rekomendavo \"Crown\" m\u016bs\u0173 persikraustymui i\u0161 Dohos, paslaugos buvo puikios.\"<\/em> - Hilary per <a href=\"https:\/\/www.facebook.com\/pg\/CrownRelocations\/reviews\/\" target=\"_blank\" rel=\"noopener\">\"Facebook\" puslapis<\/a><\/li>\n<li> <em>\"\u0160ie vaikinai buvo puik\u016bs. Jie atvyko laiku ir nustebau, kaip greitai jie atva\u017eiavo.\"<\/em> - Yana per <a href=\"https:\/\/www.yelp.com\/biz\/crown-relocations-mililani?hrid=gPhaBuTV20YimRwN7q4Wyw&#038;utm_campaign=www_review_share_popup&#038;utm_medium=copy_link&#038;utm_source=(direct)\" target=\"_blank\" rel=\"noopener\">\"Yelp\"<\/a><\/li>\n<\/ul>\n<p><strong>Neigiamas:<\/strong><\/p>\n<ul>\n<li> <em>\"Blogiausia bendrov\u0117, su kuria man teko susidurti. Jie neturi jokio s\u0105\u017einingumo ir neprisiima atsakomyb\u0117s u\u017e \u017eal\u0105, kuri\u0105 padar\u0117 mano namui.\"<\/em> - Benjaminas per <a href=\"https:\/\/www.yelp.com\/biz\/crown-relocations-mililani?hrid=R9s-xC375R-HSBYSZZI_ag&#038;utm_campaign=www_review_share_popup&#038;utm_medium=copy_link&#038;utm_source=(direct)\" target=\"_blank\" rel=\"noopener\">\"Yelp\"<\/a><\/li>\n<li> <em>\"Did\u017eiul\u0117 \u017eala padaryta vien d\u0117l neatsargaus pakavimo. Prireik\u0117 keli\u0173 savai\u010di\u0173, kol jie atsak\u0117 \u012f daugyb\u0119 m\u016bs\u0173 elektronini\u0173 lai\u0161k\u0173 ir pripa\u017eino, kad tai \u012fvyko d\u0117l neatsargaus pakavimo\".<\/em> - Elizabeth per <a href=\"https:\/\/www.facebook.com\/pg\/CrownRelocations\/reviews\/\" target=\"_blank\" rel=\"noopener\">\"Facebook\" puslapis<\/a><\/li>\n<li> \"Baisu. Brangus ir ner\u016bpestingas. Darbuotojai greitai nereaguoja \u012f u\u017eklausas\" - LillithQ via <a href=\"http:\/\/www.productreview.com.au\/p\/crown-relocations-australia.html?rating=1#reviews\" target=\"_blank\" rel=\"noopener\">ProductReview.com.au<\/a><\/li>\n<\/ul>\n<div itemprop=\"review\" itemscope itemtype=\"http:\/\/schema.org\/Review\">\n<span itemprop=\"author\" itemscope=\"\" itemtype=\"http:\/\/schema.org\/Organization\"><span itemprop=\"name\">MoverDB.com<\/span><\/span> Internetin\u0117s svetain\u0117s ap\u017evalga <span itemprop=\"itemreviewed\" itemscope=\"\" itemtype=\"http:\/\/schema.org\/Brand\"><span itemprop=\"name\">Kar\u016bnos perk\u0117limai<\/span><\/span>:<\/p>\n<ol>\n<li> Ai\u0161ki kontaktin\u0117 informacija svetain\u0117je (\u012fskaitant telefono numer\u012f): <strong>Taip<\/strong><\/li>\n<li> Lengva gauti <a href=\"https:\/\/moverdb.com\/lt\/citatos\/\">tarptautin\u0117s judan\u010dios citatos<\/a>? (internetin\u0117 s\u0105matos u\u017eklausos forma): <strong>Taip<\/strong><\/li>\n<li> Ai\u0161ki informacija svetain\u0117je: <strong>Taip.<\/strong> Svetain\u0117je ai\u0161kiai apra\u0161ytos visos si\u016blomos paslaugos ir pateikiami vietovi\u0173 vadovai.<\/li>\n<li> Naryst\u0117 tarptautin\u0117se pripa\u017eintose jud\u0117jimo organizacijose: <strong>Taip<\/strong>, (\u017er. pirmiau)<\/li>\n<li> Klient\u0173 s\u0105ra\u0161as ir (arba) ankstesni\u0173 klient\u0173 atsiliepimai. <strong>Taip,<\/strong> Jie turi atsiliepim\u0173 puslap\u012f, o atsiliepimai i\u0161 viso interneto paprastai atrodo teigiami.<\/li>\n<\/ol>\n<div itemprop=\"reviewRating\" itemscope itemtype=\"http:\/\/schema.org\/Rating\"><meta itemprop=\"worstRating\" content = \"0\" \/><meta itemprop=\"bestRating\" content=\"5\" \/><meta itemprop=\"ratingValue\" content=\"5\"><\/div>\n<p><strong>Bendras \u012fvertinimas: 5\/5<\/strong><br \/>\n<strong>Per\u017ei\u016bros data:<\/strong> <span itemprop=\"datePublished\" content=\"2017-02-01\">01\/02\/2017<\/span>\n<\/div>\n<p>Skaitykite daugiau apie <a href=\"https:\/\/moverdb.com\/lt\/juda-imones\/\">tarptautin\u0117s perkraustymo \u012fmon\u0117s<\/a> ir m\u016bs\u0173 <a href=\"https:\/\/moverdb.com\/lt\/atsiliepimai\/\">per\u017ei\u016bros procesas<\/a>.<\/p>\n<p><strong>Interneto svetain\u0117s:<\/strong> <a href=\"https:\/\/www.crownrelo.com\/\" target=\"_blank\" rel=\"noopener\">https:\/\/www.crownrelo.com\/<\/a>; JAV: <a href=\"https:\/\/www.crownworldwide.com\/en-us\" rel=\"noopener\" target=\"_blank\">https:\/\/www.crownworldwide.com\/en-us<\/a><\/p>","protected":false},"excerpt":{"rendered":"<p>Crown Relocations has its headquarters in Hong Kong. It offers its customers a range of relocation and moving services and these are listed below, together with a company profile and reviews. International Relocation Personalised service Door to door service Packing &#8211; do it yourself, selected items or full service Storage &#8211; short and long term [&hellip;]<\/p>\n","protected":false},"author":1,"featured_media":0,"parent":0,"menu_order":0,"comment_status":"closed","ping_status":"closed","template":"","meta":{"_genesis_hide_title":false,"_genesis_hide_breadcrumbs":false,"_genesis_hide_singular_image":false,"_genesis_hide_footer_widgets":false,"_genesis_custom_body_class":"","_genesis_custom_post_class":"","_genesis_layout":"","footnotes":""},"class_list":{"0":"post-1640","1":"page","2":"type-page","3":"status-publish","5":"entry"},"_links":{"self":[{"href":"https:\/\/moverdb.com\/lt\/wp-json\/wp\/v2\/pages\/1640","targetHints":{"allow":["GET"]}}],"collection":[{"href":"https:\/\/moverdb.com\/lt\/wp-json\/wp\/v2\/pages"}],"about":[{"href":"https:\/\/moverdb.com\/lt\/wp-json\/wp\/v2\/types\/page"}],"author":[{"embeddable":true,"href":"https:\/\/moverdb.com\/lt\/wp-json\/wp\/v2\/users\/1"}],"replies":[{"embeddable":true,"href":"https:\/\/moverdb.com\/lt\/wp-json\/wp\/v2\/comments?post=1640"}],"version-history":[{"count":6,"href":"https:\/\/moverdb.com\/lt\/wp-json\/wp\/v2\/pages\/1640\/revisions"}],"predecessor-version":[{"id":6199,"href":"https:\/\/moverdb.com\/lt\/wp-json\/wp\/v2\/pages\/1640\/revisions\/6199"}],"wp:attachment":[{"href":"https:\/\/moverdb.com\/lt\/wp-json\/wp\/v2\/media?parent=1640"}],"curies":[{"name":"wp","href":"https:\/\/api.w.org\/{rel}","templated":true}]}}