{"id":1624,"date":"2017-02-24T09:47:42","date_gmt":"2017-02-24T09:47:42","guid":{"rendered":"http:\/\/moverdb.com\/?page_id=1624"},"modified":"2026-01-08T13:18:22","modified_gmt":"2026-01-08T13:18:22","slug":"gil-stauffer","status":"publish","type":"page","link":"https:\/\/moverdb.com\/lt\/gil-stauffer\/","title":{"rendered":"Gil Stauffer - Tarptautiniai perkraustymai ir perkraustymo ap\u017evalgos"},"content":{"rendered":"<p>Gil Stauffer yra ispan\u0173 kalbos <a href=\"https:\/\/moverdb.com\/lt\/international-removals\/\" data-internallinksmanager029f6b8e52c=\"27\" title=\"36 geriausios tarptautinio perkraustymo \u012fmon\u0117s Jungtin\u0117je Karalyst\u0117je\">perkraustymo \u012fmon\u0117<\/a> kurios b\u016bstin\u0117 yra <a href=\"https:\/\/moverdb.com\/lt\/moving-to-spain\/moving-to-madrid\/\" data-internallinksmanager029f6b8e52c=\"413\" title=\"Persik\u0117limas \u012f Madrid\u0105? 2023 Gyvenimo i\u0161laidos ir persik\u0117limo patarimai\">Madridas<\/a>. \u012emon\u0117 savo klientams gali pasi\u016blyti daugyb\u0119 paslaug\u0173, kurios i\u0161vardytos toliau kartu su \u012fmon\u0117s profiliu ir atsiliepimais.<\/p>\n<p><strong>Tarptautiniai perkraustymai<\/strong><\/p>\n<ul>\n<li> Individualus persik\u0117limo planas<\/li>\n<li> Nuo dur\u0173 iki dur\u0173<\/li>\n<li> Krovini\u0173 gabenimas j\u016bra arba oru<\/li>\n<li> Visi\u0161ko pakavimo paslauga, dalinis pakavimas arba savaranki\u0161kas pakavimas<\/li>\n<li> Bald\u0173 i\u0161ardymas ir surinkimas<\/li>\n<li> I\u0161pakavimo paslauga<\/li>\n<li> Muitinis \u012fforminimas ir pagalba tvarkant dokumentus<\/li>\n<li> Sutvarkytas draudimas<\/li>\n<li> Galimas trumpalaikis ir ilgalaikis saugojimas<\/li>\n<\/ul>\n<p><strong>Nacionaliniai ir vietiniai perkraustymai<\/strong><\/p>\n<ul>\n<li> Individualus persik\u0117limo planas<\/li>\n<li> Nuo dur\u0173 iki dur\u0173<\/li>\n<li> Visi\u0161ko pakavimo paslauga, dalinis pakavimas arba savaranki\u0161kas pakavimas<\/li>\n<li> I\u0161pakavimo paslauga<\/li>\n<li> Bald\u0173 i\u0161ardymas ir surinkimas<\/li>\n<li> Nuolau\u017e\u0173 valymas<\/li>\n<li> Sutvarkytas draudimas<\/li>\n<li> Galimas trumpalaikis ir ilgalaikis saugojimas<\/li>\n<\/ul>\n<p><strong>Komerciniai perkraustymai<\/strong><\/p>\n<ul>\n<li> Logistinis planas<\/li>\n<li> Po darbo valand\u0173 juda<\/li>\n<li> Nuo dur\u0173 iki dur\u0173<\/li>\n<li> Vis\u0173 bald\u0173 i\u0161montavimas ir surinkimas<\/li>\n<li> Kompiuterio pa\u0161alinimas ir pakartotinis \u012fdiegimas<\/li>\n<li> Nuolau\u017e\u0173 valymas<\/li>\n<li> Personalo perk\u0117limas<\/li>\n<\/ul>\n<p><strong>Darbuotoj\u0173 perk\u0117limas<\/strong><\/p>\n<ul>\n<li> Darbo leidimai<\/li>\n<li> Nam\u0173 med\u017eiokl\u0117<\/li>\n<li> Kalb\u0173 pamokos<\/li>\n<li> Laikinas apgyvendinimas<\/li>\n<li> Bald\u0173 nuoma<\/li>\n<li> Mokykl\u0173 paie\u0161ka<\/li>\n<li> Vie\u0161bu\u010di\u0173 u\u017esakymai<\/li>\n<li> Banko s\u0105skaitos<\/li>\n<li> Lizingo ir nuomos sutartys<\/li>\n<li> Pagrindini\u0173 paslaug\u0173 susitarimai<\/li>\n<li> Kult\u016bros ir papro\u010di\u0173 kursai<\/li>\n<\/ul>\n<p><strong>Konteineriai ir saugyklos<\/strong><\/p>\n<ul>\n<li> Prek\u0117s, laikomos sandariai u\u017edarytose medin\u0117se talpyklose<\/li>\n<li> 24\/7 apsauga<\/li>\n<li> Kontroliuojamas klimatas<\/li>\n<li> Kenk\u0117j\u0173 kontrolei apdorotos talpyklos<\/li>\n<li> Prie\u0161gaisrin\u0117s atsargumo priemon\u0117s<\/li>\n<\/ul>\n<p><strong>Dokument\u0173 skyrius<\/strong><\/p>\n<ul>\n<li> Dokument\u0173 archyvai<\/li>\n<li> Konfidenciali\u0173 dokument\u0173 saugykla<\/li>\n<li> Galimyb\u0117 saugoti archyvus elektroniniu b\u016bdu<\/li>\n<li> Auk\u0161to lygio saugumas<\/li>\n<li> Kontroliuojamas klimatas<\/li>\n<\/ul>\n<p><strong>Meno k\u016brini\u0173 gabenimas<\/strong><\/p>\n<ul>\n<li> Judan\u010dios parodos<\/li>\n<li> Auk\u0161to lygio technin\u0117 kompetencija<\/li>\n<li> Special\u016bs tvarkymo b\u016bdai<\/li>\n<li> Perkraustymo transporto priemon\u0117s yra kontroliuojamo klimato.<\/li>\n<\/ul>\n<p><strong>Kurjeri\u0173 tarnyba<\/strong><\/p>\n<ul>\n<li> Vietiniai ir tarptautiniai<\/li>\n<li> Siuntiniai arba dokumentai<\/li>\n<li> Sekti internetu<\/li>\n<li> Svorio apribojimo n\u0117ra<\/li>\n<li> Krovini\u0173 gabenimas oru, j\u016bra arba sausuma<\/li>\n<\/ul>\n<h2>Gil Stauffer \u012emon\u0117s profilis<\/h2>\n<p>\"Gil Stauffer\" yra Ispanijos perkraustymo \u012fmon\u0117, \u012fkurta 1905 m. Jos pagrindin\u0117 b\u016bstin\u0117 yra Madride, o 33 biurai i\u0161sibarst\u0119 po vis\u0105 \u0161al\u012f. <a href=\"https:\/\/moverdb.com\/lt\/moving-to-spain\/\" data-internallinksmanager029f6b8e52c=\"266\" title=\"Persik\u0117limas \u012f Ispanij\u0105? 2023 m. pragyvenimo i\u0161laidos ir persik\u0117limo patarimai\">Ispanija<\/a> ir Balear\u0173 salose. Ji gali pasigirti, kad perve\u0161 klientus bet kur ir bet kuri\u0105 met\u0173 dien\u0105. Ji turi biurus Europoje, <a href=\"https:\/\/moverdb.com\/lt\/moving-to-the-united-states\/\" data-internallinksmanager029f6b8e52c=\"94\" title=\"Persik\u0117limas \u012f Jungtines Amerikos Valstijas? 2022 Gyvenimo i\u0161laidos ir persik\u0117limo patarimai\">Jungtin\u0117s Amerikos Valstijos<\/a>, Okeanijoje, Azijoje ir Afrikoje.<\/p>\n<p>\"Gil Stauffer\" did\u017eiuojasi savo novatori\u0161ka dvasia. XX a. \u0161e\u0161tajame de\u0161imtmetyje bendrov\u0117 sukonstravo vienintel\u012f Ispanijoje sunkve\u017eim\u012f, kuris gal\u0117jo gabenti iki 200 ton\u0173 sverian\u010dius pavienius krovinius. Be to, prie\u0161 70 met\u0173 ji viena pirm\u0173j\u0173 prad\u0117jo naudoti greit\u0173j\u0173 konteineri\u0173 traukini\u0173 sistem\u0105 (TECO).<\/p>\n<p>Bendrov\u0117 vykdo specializuotas mokymo programas ir reikalauja, kad jos tarptautinio padalinio darbuotojai puikiai mok\u0117t\u0173 angl\u0173 ir kitas kalbas. \u012emon\u0117 turi \u012fsp\u016bding\u0105 transporto priemoni\u0173 park\u0105, atitinkant\u012f visus \u012fmanomus klient\u0173 poreikius.<\/p>\n<p>\u012emon\u0117 teikia klientams tarptautinio ir vietinio perkraustymo, \u012fmoni\u0173 ir biur\u0173 perkraustymo bei darbuotoj\u0173 perk\u0117limo paslaugas.<br \/>\nGil Stauffer turi \u0161ias akreditacijas ir naryst\u0119:<\/p>\n<ul>\n<li> <a href=\"https:\/\/moverdb.com\/lt\/fidi-faim\/\">FIDI<\/a><\/li>\n<li> <a href=\"https:\/\/moverdb.com\/lt\/esu\/\">IAM<\/a><\/li>\n<li> <a href=\"https:\/\/moverdb.com\/lt\/amsa\/\">AMSA<\/a><\/li>\n<li> <a href=\"https:\/\/moverdb.com\/lt\/fedemac\/\">FEDEMAC<\/a><\/li>\n<li> <a href=\"https:\/\/moverdb.com\/lt\/lacma\/\">LACMA<\/a><\/li>\n<li> PAIMA<\/li>\n<\/ul>\n<h2>Gil Stauffer Company Atsiliepimai<\/h2>\n<p><strong>Teigiamas:<\/strong><\/p>\n<ul>\n<li> J\u0173 n\u0117ra, o atsiliepim\u0173 svetain\u0117je rasti nepavyko<\/li>\n<\/ul>\n<p><strong>Neigiamas:<\/strong><\/p>\n<ul>\n<li> <em>\"Nesinaudokite D\u017eil Stauferio paslaugomis savo daiktams perve\u017eti. Pasigail\u0117site.\"<\/em> - Craigas Bugdenas per <a href=\"https:\/\/uk.trustpilot.com\/reviews\/56ec28640000ff00094734c0\" target=\"_blank\" rel=\"noopener\">\"Trustpilot\"<\/a><\/li>\n<\/ul>\n<div itemprop=\"review\" itemscope itemtype=\"http:\/\/schema.org\/Review\">\n<span itemprop=\"author\" itemscope=\"\" itemtype=\"http:\/\/schema.org\/Organization\"><span itemprop=\"name\">MoverDB.com<\/span><\/span> Internetin\u0117s svetain\u0117s ap\u017evalga <span itemprop=\"itemreviewed\" itemscope=\"\" itemtype=\"http:\/\/schema.org\/Brand\"><span itemprop=\"name\">Gil Stauffer<\/span><\/span>:<\/p>\n<ol>\n<li> Ai\u0161ki kontaktin\u0117 informacija svetain\u0117je (\u012fskaitant telefono numer\u012f): <strong>Taip<\/strong><\/li>\n<li> Lengva gauti <a href=\"https:\/\/moverdb.com\/lt\/citatos\/\">tarptautin\u0117s judan\u010dios citatos<\/a>? (internetin\u0117 s\u0105matos u\u017eklausos forma): <strong>Taip<\/strong>, bet tik el. pa\u0161tu (be formos)<\/li>\n<li> Ai\u0161ki informacija svetain\u0117je: <strong>Kai kurie,<\/strong> Svetain\u0117je pateikiama pakankamai informacijos apie j\u0173 paslaugas, ta\u010diau ji n\u0117ra labai i\u0161sami.<\/li>\n<li> Naryst\u0117 tarptautin\u0117se pripa\u017eintose jud\u0117jimo organizacijose: <strong>Taip<\/strong>, ta\u010diau jie n\u0117ra i\u0161vardyti j\u0173 interneto svetain\u0117je<\/li>\n<li> Klient\u0173 s\u0105ra\u0161as ir (arba) ankstesni\u0173 klient\u0173 atsiliepimai: <strong>Ne,<\/strong> ir vienintelis atsiliepimas apie juos angl\u0173 kalba, kur\u012f pavyko rasti, buvo neigiamas.<\/li>\n<\/ol>\n<div itemprop=\"reviewRating\" itemscope itemtype=\"http:\/\/schema.org\/Rating\"><meta itemprop=\"worstRating\" content = \"0\" \/><meta itemprop=\"bestRating\" content=\"5\" \/><meta itemprop=\"ratingValue\" content=\"3.5\"><\/div>\n<p><strong>Bendras \u012fvertinimas: 3,5\/5<\/strong><br \/>\n<strong>Per\u017ei\u016bros data:<\/strong> <span itemprop=\"datePublished\" content=\"2017-02-24\">24\/02\/2017<\/span>\n<\/div>\n<p>Skaitykite daugiau apie <a href=\"https:\/\/moverdb.com\/lt\/juda-imones\/\">tarptautin\u0117s perkraustymo \u012fmon\u0117s<\/a> ir m\u016bs\u0173 <a href=\"https:\/\/moverdb.com\/lt\/atsiliepimai\/\">per\u017ei\u016bros procesas<\/a>.<\/p>\n<p><strong>Interneto svetain\u0117:<\/strong> <a href=\"http:\/\/www.gil-stauffer.com\/?lang=en\" target=\"_blank\" rel=\"noopener\">http:\/\/www.gil-stauffer.com\/<\/a><\/p>","protected":false},"excerpt":{"rendered":"<p>Gil Stauffer is a Spanish removal company with its headquarters in Madrid. The company has many services to offer its customers and these are listed below together with a company profile and reviews. International Moves Personalised moving plan Door to door Sea freight or air freight Full packing service, partial packing or self-packing Disassembly and [&hellip;]<\/p>\n","protected":false},"author":1,"featured_media":0,"parent":0,"menu_order":0,"comment_status":"closed","ping_status":"closed","template":"","meta":{"_genesis_hide_title":false,"_genesis_hide_breadcrumbs":false,"_genesis_hide_singular_image":false,"_genesis_hide_footer_widgets":false,"_genesis_custom_body_class":"","_genesis_custom_post_class":"","_genesis_layout":"","footnotes":""},"class_list":{"0":"post-1624","1":"page","2":"type-page","3":"status-publish","5":"entry"},"_links":{"self":[{"href":"https:\/\/moverdb.com\/lt\/wp-json\/wp\/v2\/pages\/1624","targetHints":{"allow":["GET"]}}],"collection":[{"href":"https:\/\/moverdb.com\/lt\/wp-json\/wp\/v2\/pages"}],"about":[{"href":"https:\/\/moverdb.com\/lt\/wp-json\/wp\/v2\/types\/page"}],"author":[{"embeddable":true,"href":"https:\/\/moverdb.com\/lt\/wp-json\/wp\/v2\/users\/1"}],"replies":[{"embeddable":true,"href":"https:\/\/moverdb.com\/lt\/wp-json\/wp\/v2\/comments?post=1624"}],"version-history":[{"count":3,"href":"https:\/\/moverdb.com\/lt\/wp-json\/wp\/v2\/pages\/1624\/revisions"}],"predecessor-version":[{"id":6215,"href":"https:\/\/moverdb.com\/lt\/wp-json\/wp\/v2\/pages\/1624\/revisions\/6215"}],"wp:attachment":[{"href":"https:\/\/moverdb.com\/lt\/wp-json\/wp\/v2\/media?parent=1624"}],"curies":[{"name":"wp","href":"https:\/\/api.w.org\/{rel}","templated":true}]}}