{"id":1614,"date":"2017-04-27T14:28:26","date_gmt":"2017-04-27T14:28:26","guid":{"rendered":"http:\/\/moverdb.com\/?page_id=1614"},"modified":"2026-01-08T13:18:27","modified_gmt":"2026-01-08T13:18:27","slug":"hamburgo-pietu-krastas","status":"publish","type":"page","link":"https:\/\/moverdb.com\/lt\/hamburg-sud\/","title":{"rendered":"\"Hamburg S\u00fcd Group\" - Tarptautin\u0117s laivybos paslaugos ir ap\u017evalgos"},"content":{"rendered":"<p>\"Hamburg S\u00fcd\" - Vokietijos <a href=\"https:\/\/moverdb.com\/lt\/shipping-companies\/\" data-internallinksmanager029f6b8e52c=\"4\" title=\"10 geriausi\u0173 tarptautini\u0173 konteineri\u0173 gabenimo bendrovi\u0173\">laivybos \u012fmon\u0117<\/a> kuri savo klientams si\u016blo \u012fvairias paslaugas. Toliau pateikiamas j\u0173 s\u0105ra\u0161as, \u012fmon\u0117s profilis ir atsiliepimai. (<em><strong>Pastaba:<\/strong> <a href=\"https:\/\/moverdb.com\/lt\/maersk\/\" target=\"_blank\" rel=\"noopener\">\"Maersk Line<\/a> perka bendrov\u0119<\/em>).<\/p>\n<h3>Tarptautin\u0117 konteineri\u0173 laivyba<\/h3>\n<ul>\n<li> Ekspert\u0173 atliekamas planavimas<\/li>\n<li> Nuo dur\u0173 iki dur\u0173<\/li>\n<li> Galimos \u012fvairiar\u016b\u0161io krovini\u0173 ve\u017eimo paslaugos<\/li>\n<\/ul>\n<p><strong>Sausieji kroviniai<\/strong><\/p>\n<p><strong>Pavojingi kroviniai<\/strong><\/p>\n<ul>\n<li> Kiekvien\u0105 pra\u0161ym\u0105 nagrin\u0117ja ekspertai<\/li>\n<li> Turi atitikti teis\u0117s akt\u0173 reikalavimus<\/li>\n<li> Sertifikuotas pavojing\u0173 krovini\u0173 saugos patar\u0117jas (DGSA) konsultuoja d\u0117l vis\u0173 siunt\u0173<\/li>\n<li> \u0160iuolaikiniai laivai pavojingiems kroviniams gabenti<\/li>\n<li> Grie\u017etas d\u0117mesys krovini\u0173 laikymuisi<\/li>\n<\/ul>\n<p><strong>Krovini\u0173 ve\u017eimas refri\u017eeratoriais<\/strong><\/p>\n<ul>\n<li> Vaisiai, dar\u017eov\u0117s, g\u0117l\u0117s, augalai<\/li>\n<li> M\u0117sa, \u017euvis ir j\u016bros g\u0117ryb\u0117s<\/li>\n<li> Vaistai, fotografijos med\u017eiagos ir chemikalai<\/li>\n<li> Pieno produktai ir sultys<\/li>\n<li> <a href=\"https:\/\/moverdb.com\/lt\/konteineriu-kroviniu-gabenimas\/\">20\u2032 ir 40\u2032 konteineriai<\/a><\/li>\n<li> Nepertraukiama \u0161al\u010dio tiekimo grandin\u0117<\/li>\n<li> Nuskint\u0173 vaisi\u0173 ir dar\u017eovi\u0173 atmosferos valdymas<\/li>\n<li> Keli\u0173 temperat\u016br\u0173 re\u017eimas<\/li>\n<li> Lemput\u0117s re\u017eimas<\/li>\n<\/ul>\n<p><strong>Specialusis krovinys<\/strong><\/p>\n<ul>\n<li> Didelis kiekis pertraukos<\/li>\n<li> Ne pagal matmenis<\/li>\n<li> Didelio tankio<\/li>\n<\/ul>\n<p><strong>Kitos siuntimo paslaugos<\/strong><\/p>\n<ul>\n<li> tvarkyti visus atitinkamus importo ir eksporto dokumentus.<\/li>\n<li> Laikinas saugojimas<\/li>\n<li> Didesni\u0173 siunt\u0173 skaidymas \u012f atskiras siuntas<\/li>\n<li> \u017denklinimas<\/li>\n<li> Importo ir eksporto muitinis \u012fforminimas<\/li>\n<\/ul>\n<p><strong>Laivai<\/strong><\/p>\n<ul>\n<li> \u0160iuolaikinis laivynas<\/li>\n<li> <a href=\"https:\/\/moverdb.com\/lt\/laivybos-bendroves\/\">Konteineri\u0173 laivai<\/a><\/li>\n<li> Biri\u0173 krovini\u0173 ve\u017e\u0117jai<\/li>\n<li> Produkt\u0173 cisternos<\/li>\n<\/ul>\n<p><strong>Naudot\u0173 konteineri\u0173 pardavimas<\/strong><\/p>\n<ul>\n<li> \u012evairi\u0173 tip\u0173 talpykl\u0173 \u012fvairov\u0117<\/li>\n<li> Galimyb\u0117 naudotis naudotais konteineriais visame pasaulyje<\/li>\n<li> Auk\u0161tos kokyb\u0117s konteineriai<\/li>\n<li> Patyr\u0119 darbuotojai<\/li>\n<li> Vietin\u0117s kalbos palaikymas<\/li>\n<\/ul>\n<p><strong>Elektronin\u0117 prekyba<\/strong><\/p>\n<ul>\n<li> Tvarkara\u0161\u010diai minu\u010di\u0173 tikslumu<\/li>\n<li> \"Track &amp; Trace\" (konteineri\u0173 steb\u0117jimas)<\/li>\n<li> U\u017esakym\u0173 ap\u017evalgos<\/li>\n<li> U\u017esakym\u0173 atk\u016brimas<\/li>\n<li> Siuntimo instrukcij\u0173 ap\u017evalga<\/li>\n<li> Nauj\u0173 siuntimo instrukcij\u0173 pateikimas<\/li>\n<li> B\/L juodra\u0161\u010di\u0173 tikrinimas<\/li>\n<li> Standartizuot\u0173 siuntos ataskait\u0173 k\u016brimas<\/li>\n<li> Krovini\u0173 steb\u0117jimas ir atsekimas<\/li>\n<\/ul>\n<h2>\"Hamburg S\u00fcd\" \u012fmon\u0117s profilis<\/h2>\n<p>1871 m. vienuolika Hamburgo pirkli\u0173 nam\u0173 \u012fsteig\u0117 bendrov\u0119 \"Hamburg S\u00fcd\", kuri vadinosi \"Hamburg S\u00fcdamerikanische Dampfschifffahrts-Gesellschaft\". Iki 1914 m. bendrov\u0117 tur\u0117jo 50 garlaivi\u0173, visi jie buvo sunaikinti per Pirm\u0105j\u012f pasaulin\u012f kar\u0105. <\/p>\n<p>1920 m. bendrov\u0117 pradedama atstatyti ir \u012fkuriama kruizini\u0173 laiv\u0173 kompanija. 1939 m. \"Hamburg S\u00fcd\" turi did\u017eiausi\u0105 pasaulyje laivyn\u0105 - i\u0161 viso 52 laivus.<\/p>\n<p>Antrojo pasaulinio karo metais bendrov\u0117s laivynas v\u0117l buvo visi\u0161kai prarastas. \"Hamburg S\u00fcd\" pama\u017eu atnaujino kruizini\u0173 laiv\u0173 versl\u0105 ir \u0117m\u0117si trampin\u0117s laivybos. Ji prad\u0117jo tanklaivi\u0173 ir refri\u017eeratori\u0173 laivyb\u0105, o 1971 m. prad\u0117jo <a href=\"https:\/\/moverdb.com\/lt\/container-shipping\/\" data-internallinksmanager029f6b8e52c=\"3\" title=\"Tarptautini\u0173 konteineri\u0173 gabenimo tarif\u0173 diagrama: 2026 m. baland\u017eio m\u0117n.\">konteineri\u0173 gabenimas<\/a>.<\/p>\n<p>\u0160iuo metu bendrov\u0117 patenka \u012f geriausi\u0173 konteineri\u0173 gabenimo bendrovi\u0173 pasaulyje de\u0161imtuk\u0105. Ji turi 127 <a href=\"https:\/\/moverdb.com\/lt\/top-10-largest-container-ships-in-2022\/\" data-internallinksmanager029f6b8e52c=\"84\" title=\"10 did\u017eiausi\u0173 konteinerini\u0173 laiv\u0173 2026 m.\">konteineri\u0173 laivai<\/a> su daugiau kaip 600 000 TEU talpa ir 50 linijini\u0173 laiv\u0173 paslaugomis. \"Hamburg S\u00fcd\" 250 biur\u0173 visame pasaulyje dirba daugiau kaip 6 000 darbuotoj\u0173.<\/p>\n<p>\"Hamburg S\u00fcd\" turi \u0161ias akreditacijas ir naryst\u0119:<\/p>\n<ul>\n<li> <a href=\"https:\/\/moverdb.com\/lt\/world-shipping-council\/\">Pasaulio laivybos taryba<\/a> (<a href=\"https:\/\/moverdb.com\/lt\/world-shipping-council\/\" data-internallinksmanager029f6b8e52c=\"82\" title=\"Pasaulio laivybos tarybos (WSC) paai\u0161kinimai\">WSC<\/a>)<\/li>\n<li> \u0160vari\u0173 krovini\u0173 darbo grup\u0117 (CCWG)<\/li>\n<li> <a href=\"https:\/\/moverdb.com\/lt\/moving-to-the-united-states\/\" data-internallinksmanager029f6b8e52c=\"94\" title=\"Persik\u0117limas \u012f Jungtines Amerikos Valstijas? 2022 Gyvenimo i\u0161laidos ir persik\u0117limo patarimai\">JAV<\/a> Aplinkos apsaugos agent\u016bra (EPA)<\/li>\n<li> Vokietijos reideri\u0173 s\u0105junga (VDR)<\/li>\n<li> Tarptautinis laivybos saugumo sertifikatas (ISSC)<\/li>\n<li> EIPP standart\u0173 patariamoji taryba<\/li>\n<\/ul>\n<p><strong>Hamburg S\u00fcd Group Atsiliepimai<\/strong><\/p>\n<p><em>Ra\u0161ymo metu internete neradome joki\u0173 teigiam\u0173 ar neigiam\u0173 atsiliepim\u0173 apie \"Hamburg S\u00fcd\" laivybos paslaugas.<\/em><\/p>\n<p><strong><\/p>\n<div itemprop=\"review\" itemscope itemtype=\"http:\/\/schema.org\/Review\">\n<span itemprop=\"author\" itemscope=\"\" itemtype=\"http:\/\/schema.org\/Organization\"><span itemprop=\"name\">MoverDB.com<\/span><\/span> Internetin\u0117s svetain\u0117s ap\u017evalga <span itemprop=\"itemreviewed\" itemscope=\"\" itemtype=\"http:\/\/schema.org\/Brand\"><span itemprop=\"name\">Hamburg S\u00fcd<\/span><\/span>:<\/strong><\/p>\n<ol>\n<li> Ai\u0161ki kontaktin\u0117 informacija svetain\u0117je (\u012fskaitant telefono numer\u012f): <strong>Taip<\/strong><\/li>\n<li> Lengva gauti tarptautinio krovini\u0173 gabenimo kainas? (internetin\u0117 s\u0105matos u\u017eklausos forma): <strong>Tam tikra prasme<\/strong>, norint atlikti nauj\u0105 u\u017esakym\u0105, reikia u\u017esiregistruoti.<\/li>\n<li> Ai\u0161ki informacija svetain\u0117je: <strong>Taip,<\/strong> Svetain\u0117je ai\u0161kiai i\u0161d\u0117stytos visos \u012fmon\u0117s teikiamos paslaugos.<\/li>\n<li> Naryst\u0117 tarptautin\u0117se pripa\u017eintose laivybos organizacijose: <strong>Taip<\/strong>, \u017er. pirmiau.<\/li>\n<li> Klient\u0173 s\u0105ra\u0161as ir (arba) ankstesni\u0173 klient\u0173 atsiliepimai. <strong>Ne,<\/strong> ta\u010diau jie i\u0161vardija daugyb\u0119 laim\u0117t\u0173 apdovanojim\u0173.<\/li>\n<\/ol>\n<div itemprop=\"reviewRating\" itemscope itemtype=\"http:\/\/schema.org\/Rating\"><meta itemprop=\"worstRating\" content = \"0\" \/><meta itemprop=\"bestRating\" content=\"5\" \/><meta itemprop=\"ratingValue\" content=\"4\"><\/div>\n<p><strong>Bendras \u012fvertinimas: 4\/5<\/strong><br \/>\n<strong>Per\u017ei\u016bros data:<\/strong> <span itemprop=\"datePublished\" content=\"2017-04-27\">27\/04\/2017<\/span>\n<\/div>\n<p>Daugiau apie kitus <a href=\"https:\/\/moverdb.com\/lt\/laivybos-bendroves\/\">tarptautin\u0117s laivybos \u012fmon\u0117s<\/a>, <a href=\"https:\/\/moverdb.com\/lt\/konteineriu-kroviniu-gabenimas\/\">konteineri\u0173 gabenimo tarifai<\/a> ir m\u016bs\u0173 <a href=\"https:\/\/moverdb.com\/lt\/atsiliepimai\/\">per\u017ei\u016bros procesas<\/a>.<\/p>\n<p><strong>Interneto svetain\u0117:<\/strong> <a href=\"http:\/\/www.hamburgsud.com\" target=\"_blank\" rel=\"noopener\">http:\/\/www.hamburgsud.com<\/a><\/p>","protected":false},"excerpt":{"rendered":"<p>Hamburg S\u00fcd is a German shipping company which offers its customers a range of services. These are listed below together with a company profile and reviews. (Note: Maersk Line is in the process of buying the company). International Container Shipping Planning by experts Door to door Intermodal services available Dry Cargo Hazardous Cargo Each request [&hellip;]<\/p>\n","protected":false},"author":1,"featured_media":0,"parent":0,"menu_order":0,"comment_status":"closed","ping_status":"closed","template":"","meta":{"_genesis_hide_title":false,"_genesis_hide_breadcrumbs":false,"_genesis_hide_singular_image":false,"_genesis_hide_footer_widgets":false,"_genesis_custom_body_class":"","_genesis_custom_post_class":"","_genesis_layout":"","footnotes":""},"class_list":{"0":"post-1614","1":"page","2":"type-page","3":"status-publish","5":"entry"},"_links":{"self":[{"href":"https:\/\/moverdb.com\/lt\/wp-json\/wp\/v2\/pages\/1614","targetHints":{"allow":["GET"]}}],"collection":[{"href":"https:\/\/moverdb.com\/lt\/wp-json\/wp\/v2\/pages"}],"about":[{"href":"https:\/\/moverdb.com\/lt\/wp-json\/wp\/v2\/types\/page"}],"author":[{"embeddable":true,"href":"https:\/\/moverdb.com\/lt\/wp-json\/wp\/v2\/users\/1"}],"replies":[{"embeddable":true,"href":"https:\/\/moverdb.com\/lt\/wp-json\/wp\/v2\/comments?post=1614"}],"version-history":[{"count":4,"href":"https:\/\/moverdb.com\/lt\/wp-json\/wp\/v2\/pages\/1614\/revisions"}],"predecessor-version":[{"id":6217,"href":"https:\/\/moverdb.com\/lt\/wp-json\/wp\/v2\/pages\/1614\/revisions\/6217"}],"wp:attachment":[{"href":"https:\/\/moverdb.com\/lt\/wp-json\/wp\/v2\/media?parent=1614"}],"curies":[{"name":"wp","href":"https:\/\/api.w.org\/{rel}","templated":true}]}}