{"id":1610,"date":"2017-04-24T11:17:52","date_gmt":"2017-04-24T11:17:52","guid":{"rendered":"http:\/\/moverdb.com\/?page_id=1610"},"modified":"2026-01-08T13:18:28","modified_gmt":"2026-01-08T13:18:28","slug":"hapag-lloyd","status":"publish","type":"page","link":"https:\/\/moverdb.com\/lt\/hapag-lloyd\/","title":{"rendered":"\"Hapag-Lloyd\" - Tarptautin\u0117s laivybos paslaugos ir ap\u017evalgos"},"content":{"rendered":"<p>\"Hapag-Lloyd\" yra pasaulin\u0117 <a href=\"https:\/\/moverdb.com\/lt\/shipping-companies\/\" data-internallinksmanager029f6b8e52c=\"4\" title=\"10 geriausi\u0173 tarptautini\u0173 konteineri\u0173 gabenimo bendrovi\u0173\">laivybos \u012fmon\u0117<\/a> kurios pagrindin\u0117 b\u016bstin\u0117 yra Hamburge, <a href=\"https:\/\/moverdb.com\/lt\/moving-to-germany\/\" data-internallinksmanager029f6b8e52c=\"321\" title=\"Persik\u0117limas \u012f Vokietij\u0105? 2023 m. pragyvenimo i\u0161laidos ir persik\u0117limo patarimai\">Vokietija<\/a>. Savo klientams ji si\u016blo \u012fvairius laivybos ir logistikos sprendimus. Jie i\u0161vardyti toliau kartu su \u012fmon\u0117s profiliu ir atsiliepimais.<\/p>\n<h3>Tarptautinis pristatymas<\/h3>\n<p><strong>Sausieji kroviniai<\/strong><\/p>\n<ul>\n<li> Platus konteineri\u0173 sprendim\u0173 asortimentas<\/li>\n<li> Greitas tranzito laikas<\/li>\n<li> Tvarkara\u0161\u010dio patikimumas<\/li>\n<li> Si\u016blomos \"nuo dur\u0173 iki dur\u0173\" paslaugos<\/li>\n<li> Chemini\u0173 med\u017eiag\u0173 siuntos, laikomasi taisykli\u0173<\/li>\n<\/ul>\n<p><strong>Krovini\u0173 ve\u017eimas refri\u017eeratoriais<\/strong><\/p>\n<ul>\n<li> Vaisiai, dar\u017eov\u0117s, m\u0117sa, \u017euvis, g\u0117l\u0117s<\/li>\n<li> Didel\u0117s vert\u0117s farmacijos produktai<\/li>\n<li> Kontroliuojama atmosfera<\/li>\n<li> \"ExtraFresh\" ir \"EverFresh\" technologijos, naudojamos kondensatui ma\u017einti<\/li>\n<li> Profesional\u016bs tvarkytojai<\/li>\n<\/ul>\n<p><strong>Pavojingos prek\u0117s<\/strong><\/p>\n<ul>\n<li> Individual\u016bs sprendimai kiekvienam sud\u0117tingam pavojing\u0173 krovini\u0173 ve\u017eimui<\/li>\n<li> 24 valandas per par\u0105, 7 dienas per savait\u0119 teikiamos pavojing\u0173 krovini\u0173 ekspert\u0173 paslaugos visuose regioniniuose biuruose (Hamburge, Valparaiso, Piskataujuje ir <a href=\"https:\/\/moverdb.com\/lt\/moving-to-singapore\/\" data-internallinksmanager029f6b8e52c=\"68\" title=\"Persik\u0117limas \u012f Singap\u016br\u0105? 2023 m. Gyvenimo i\u0161laidos ir persik\u0117limo patarimai\">Singap\u016bras<\/a>)<\/li>\n<li> Keli pavojing\u0173 krovini\u0173 ekspertai, budintys savaitgaliais<\/li>\n<li> Greitas ir patikimas u\u017esakymo patikrinimas, siekiant u\u017etikrinti tarptautinius teisinius reikalavimus ir skland\u0173 preki\u0173 ve\u017eim\u0105.<\/li>\n<li> Tinkamas krovini\u0173 i\u0161d\u0117stymas ir atskyrimas laive, kad b\u016bt\u0173 u\u017etikrinta saugi vis\u0173 krovini\u0173 kelion\u0117.<\/li>\n<li> Jei reikia, naudokite saugaus gabenimo priemones, kurios net vir\u0161ija IMDG kodekso reikalavimus.<\/li>\n<\/ul>\n<p><strong>Specialusis krovinys<\/strong><\/p>\n<ul>\n<li> Specializuota komanda<\/li>\n<li> \"Breakbulk\" - ekspertai planuoja negabaritinius projektus<\/li>\n<\/ul>\n<p><strong>Konteineriai<\/strong><\/p>\n<ul>\n<li> Atitinka ISO reikalavimus<\/li>\n<li> Sausas krovinys - standartinis, standartinis \"High Cube\", standartinis kietas stogas, standartinis \"High Cube\" kietas stogas<\/li>\n<li> Krovini\u0173 perve\u017eimas refri\u017eeratoriais - temperat\u016bros palaikymas nuo -35 \u00b0C iki +30 \u00b0C<\/li>\n<li> Ma\u017eas taros svoris = didel\u0117 naudingoji apkrova<\/li>\n<li> Specialusis krovinys - \"Flatrack\/Platform\", \"Flatrack High Cube\", \"Open Top\/Hard Top\", \"Open Top High Cube\", \"Hardtop High Cube\".<\/li>\n<\/ul>\n<p><strong>Kruizai<\/strong><\/p>\n<ul>\n<li> 125 met\u0173 patirtis<\/li>\n<li> Pasauliniai kruizai<\/li>\n<\/ul>\n<h2>\"Hapag-Lloyd\" bendrov\u0117s profilis<\/h2>\n<p>\"Hapag-Lloyd\" buvo \u012fkurta 1970 m. susijungus bendrov\u0117ms \"Hamburg-Amerikanische Packetfahrt-Actien-Gesellschaft\" (Hapag) ir \"Norddeutscher Lloyd\". Abi \u0161ios bendrov\u0117s savo veikl\u0105 prad\u0117jo XIX a. viduryje, kai emigracija i\u0161 Europos \u012f <a href=\"https:\/\/moverdb.com\/lt\/moving-to-the-united-states\/\" data-internallinksmanager029f6b8e52c=\"94\" title=\"Persik\u0117limas \u012f Jungtines Amerikos Valstijas? 2022 Gyvenimo i\u0161laidos ir persik\u0117limo patarimai\">Jungtin\u0117s Amerikos Valstijos<\/a> prasid\u0117jo rimtai.<\/p>\n<p>\u0160iandien \"Hapag-Lloyd\" aptarnauja rinkas ir klientus visame pasaulyje ir turi plat\u0173 linijin\u0117s laivybos paslaug\u0173 tinkl\u0105, jungiant\u012f vis\u0105 pasaul\u012f. Bendrov\u0117 turi daugiau kaip 190 laiv\u0173, kurie kasmet perve\u017ea vidutini\u0161kai 7,4 TEU. \u012emon\u0117je dirba apie 9 300 darbuotoj\u0173, o jos daugiau kaip 600 biur\u0173 yra \u012fsik\u016br\u0119 120 pasaulio \u0161ali\u0173. <\/p>\n<p>\"Hapag-Lloyd\" laivyno bendras paj\u0117gumas - 955 000 TEU, o konteineri\u0173 atsargos - 1,5 milijono TEU. Tai vienas did\u017eiausi\u0173 ir moderniausi\u0173 pasaulyje refri\u017eeratorini\u0173 konteineri\u0173 laivyn\u0173.<\/p>\n<p>\"Hapag-Lloyd\" turi \u0161ias akreditacijas ir naryst\u0119:<\/p>\n<ul>\n<li> Tarptautinis laivo apsaugos sertifikatas (ISSC)<\/li>\n<li> Saugos valdymo sertifikatas (SMC)<\/li>\n<li> Darbo j\u016broje konvencija (MLC)<\/li>\n<li> <a href=\"https:\/\/moverdb.com\/lt\/world-shipping-council\/\">Pasaulio laivybos taryba<\/a> (<a href=\"https:\/\/moverdb.com\/lt\/world-shipping-council\/\" data-internallinksmanager029f6b8e52c=\"82\" title=\"Pasaulio laivybos tarybos (WSC) paai\u0161kinimai\">WSC<\/a>)<\/li>\n<\/ul>\n<h2>\"Hapag-Lloyd\" laivybos ap\u017evalgos<\/h2>\n<p><em>Ra\u0161ymo metu neradome joki\u0173 atsiliepim\u0173 apie \"Hapag-Lloyd\" laivybos paslaugas internete.<\/em>  <\/p>\n<p><strong><\/p>\n<div itemprop=\"review\" itemscope itemtype=\"http:\/\/schema.org\/Review\">\n<span itemprop=\"author\" itemscope=\"\" itemtype=\"http:\/\/schema.org\/Organization\"><span itemprop=\"name\">MoverDB.com<\/span><\/span> Internetin\u0117s svetain\u0117s ap\u017evalga <span itemprop=\"itemreviewed\" itemscope=\"\" itemtype=\"http:\/\/schema.org\/Brand\"><span itemprop=\"name\">\"Hapag-Lloyd\"<\/span><\/span>:<\/strong><\/p>\n<ol>\n<li> Ai\u0161ki kontaktin\u0117 informacija svetain\u0117je (\u012fskaitant telefono numer\u012f): <strong>Taip<\/strong><\/li>\n<li> Lengva gauti <a href=\"https:\/\/moverdb.com\/lt\/container-shipping\/\" data-internallinksmanager029f6b8e52c=\"3\" title=\"Tarptautini\u0173 konteineri\u0173 gabenimo tarif\u0173 diagrama: 2026 m. baland\u017eio m\u0117n.\">tarptautinis pristatymas<\/a> citatos? (internetin\u0117 s\u0105matos u\u017eklausos forma): <strong>Taip<\/strong><\/li>\n<li> Ai\u0161ki informacija svetain\u0117je: <strong>Taip,<\/strong> Svetain\u0117 yra labai i\u0161sami ir gerai suprojektuota.<\/li>\n<li> Naryst\u0117 tarptautin\u0117se pripa\u017eintose laivybos organizacijose: <strong>Taip<\/strong>(\u017er. pirmiau).<\/li>\n<li> Klient\u0173 s\u0105ra\u0161as ir (arba) ankstesni\u0173 klient\u0173 atsiliepimai. <strong>Ne,<\/strong> ta\u010diau jie i\u0161vardija apdovanojimus ir sertifikatus.<\/li>\n<\/ol>\n<div itemprop=\"reviewRating\" itemscope itemtype=\"http:\/\/schema.org\/Rating\"><meta itemprop=\"worstRating\" content = \"0\" \/><meta itemprop=\"bestRating\" content=\"5\" \/><meta itemprop=\"ratingValue\" content=\"4.5\"><\/div>\n<p><strong>Bendras \u012fvertinimas: 4,5\/5<\/strong><br \/>\n<strong>Per\u017ei\u016bros data:<\/strong> <span itemprop=\"datePublished\" content=\"2017-04-24\">24\/04\/2017<\/span>\n<\/div>\n<p>Daugiau apie kitus <a href=\"https:\/\/moverdb.com\/lt\/laivybos-bendroves\/\">tarptautin\u0117s laivybos \u012fmon\u0117s<\/a>, <a href=\"https:\/\/moverdb.com\/lt\/konteineriu-kroviniu-gabenimas\/\">konteineri\u0173 gabenimo i\u0161laidos<\/a> ir m\u016bs\u0173 <a href=\"https:\/\/moverdb.com\/lt\/atsiliepimai\/\">per\u017ei\u016bros procesas<\/a>.<\/p>\n<p><strong>Interneto svetain\u0117:<\/strong> <a href=\"https:\/\/www.hapag-lloyd.com\/en\/home.html\" target=\"_blank\" rel=\"noopener\">https:\/\/www.hapag-lloyd.com\/en\/home.html<\/a><\/p>","protected":false},"excerpt":{"rendered":"<p>Hapag-Lloyd is a global shipping company with its head office in Hamburg, Germany. It offers its clients a wide range of shipping and logistics solutions. These are listed below together with a company profile and reviews. International Shipping Dry Cargo Broad range of container solutions Fast transit times On point schedule reliability Door to door [&hellip;]<\/p>\n","protected":false},"author":1,"featured_media":0,"parent":0,"menu_order":0,"comment_status":"closed","ping_status":"closed","template":"","meta":{"_genesis_hide_title":false,"_genesis_hide_breadcrumbs":false,"_genesis_hide_singular_image":false,"_genesis_hide_footer_widgets":false,"_genesis_custom_body_class":"","_genesis_custom_post_class":"","_genesis_layout":"","footnotes":""},"class_list":{"0":"post-1610","1":"page","2":"type-page","3":"status-publish","5":"entry"},"_links":{"self":[{"href":"https:\/\/moverdb.com\/lt\/wp-json\/wp\/v2\/pages\/1610","targetHints":{"allow":["GET"]}}],"collection":[{"href":"https:\/\/moverdb.com\/lt\/wp-json\/wp\/v2\/pages"}],"about":[{"href":"https:\/\/moverdb.com\/lt\/wp-json\/wp\/v2\/types\/page"}],"author":[{"embeddable":true,"href":"https:\/\/moverdb.com\/lt\/wp-json\/wp\/v2\/users\/1"}],"replies":[{"embeddable":true,"href":"https:\/\/moverdb.com\/lt\/wp-json\/wp\/v2\/comments?post=1610"}],"version-history":[{"count":3,"href":"https:\/\/moverdb.com\/lt\/wp-json\/wp\/v2\/pages\/1610\/revisions"}],"predecessor-version":[{"id":6218,"href":"https:\/\/moverdb.com\/lt\/wp-json\/wp\/v2\/pages\/1610\/revisions\/6218"}],"wp:attachment":[{"href":"https:\/\/moverdb.com\/lt\/wp-json\/wp\/v2\/media?parent=1610"}],"curies":[{"name":"wp","href":"https:\/\/api.w.org\/{rel}","templated":true}]}}