{"id":1590,"date":"2017-01-25T12:24:31","date_gmt":"2017-01-25T12:24:31","guid":{"rendered":"http:\/\/moverdb.com\/?page_id=1590"},"modified":"2026-01-08T15:20:28","modified_gmt":"2026-01-08T15:20:28","slug":"nippon-express","status":"publish","type":"page","link":"https:\/\/moverdb.com\/lt\/nippon-express\/","title":{"rendered":"\"Nippon Express\" - Tarptautinis perk\u0117limas ir perkraustymas Atsiliepimai"},"content":{"rendered":"<p>\"Nippon Express\" yra \u012fsik\u016brusi Tokijuje, <a href=\"https:\/\/moverdb.com\/lt\/moving-to-japan\/\" data-internallinksmanager029f6b8e52c=\"342\" title=\"Persik\u0117limas \u012f Japonij\u0105? 2023 m. pragyvenimo i\u0161laidos ir persik\u0117limo patarimai\">Japonija<\/a>. Ji si\u016blo klientams \u012fvairias perkraustymo paslaugas. Jos i\u0161vardytos toliau kartu su \u012fmon\u0117s profiliu ir atsiliepimais.<\/p>\n<p><strong>Tarptautiniai perkraustymai<\/strong><\/p>\n<ul>\n<li> Asmeninio jud\u0117jimo vadybininkas<\/li>\n<li> Paslaugos nuo dur\u0173 iki dur\u0173<\/li>\n<li> Pagalba tvarkant muitus ir dokumentus<\/li>\n<li> Pilnos pakavimo paslaugos, tik trapi\u0173 daikt\u0173 pakavimas arba pakavimas savo j\u0117gomis<\/li>\n<li> Bald\u0173 i\u0161ardymas ir surinkimas<\/li>\n<li> I\u0161pakavimo paslauga<\/li>\n<li> Nuolau\u017e\u0173 \u0161alinimas<\/li>\n<li> Ilgalaikis ir trumpalaikis saugojimas<\/li>\n<li> Automobili\u0173 jud\u0117jimas<\/li>\n<li> Motociklai<\/li>\n<li> Pianinai<\/li>\n<\/ul>\n<p><strong>Perk\u0117limo paslaugos - \u012f Japonij\u0105<\/strong><\/p>\n<ul>\n<li> Perk\u0117limo konsultacijos<\/li>\n<li> Orientavimasis<\/li>\n<li> Prad\u017eia paie\u0161ka<\/li>\n<li> Tarptautinis vidaus jud\u0117jimas<\/li>\n<li> Mokykl\u0173 paie\u0161ka<\/li>\n<li> i\u0161vykimo paslauga, t. y. nuomos sutarties nutraukimas, telefono ir komunalini\u0173 paslaug\u0173 atjungimas, pa\u0161to persiuntimas<\/li>\n<\/ul>\n<p><strong>Perkraustymai \u0161alies viduje - Japonijoje<\/strong><\/p>\n<ul>\n<li> Paslaugos nuo dur\u0173 iki dur\u0173<\/li>\n<li> Pilnas pakavimas, dalinis pakavimas arba \"pasidaryk pats\" pakavimas<\/li>\n<li> Bald\u0173 i\u0161ardymas ir surinkimas<\/li>\n<li> I\u0161pakavimo paslauga<\/li>\n<li> Nuolau\u017e\u0173 \u0161alinimas<\/li>\n<li> Galimas ilgalaikis ir trumpalaikis saugojimas<\/li>\n<li> Sutvarkytas draudimas<\/li>\n<\/ul>\n<p><strong>Krovini\u0173 ekspedijavimas<\/strong><\/p>\n<ul>\n<li> Bendrosios prek\u0117s ir komponentai<\/li>\n<li> Daili\u0173j\u0173 men\u0173 ir antikvarini\u0173 daikt\u0173<\/li>\n<li> Prekybos mug\u0117s ir parodos<\/li>\n<\/ul>\n<h2>Bendrov\u0117s \"Nippon Express\" profilis<\/h2>\n<p>\"Nippon Express\" yra viena i\u0161 pirmaujan\u010di\u0173 <a href=\"https:\/\/moverdb.com\/lt\/moving-companies\/\" data-internallinksmanager029f6b8e52c=\"79\" title=\"Top 25 Tarptautin\u0117s perkraustymo \u012fmon\u0117s internete\">perkraustymo \u012fmon\u0117s<\/a> asmen\u0173 ir \u012fmoni\u0173 perk\u0117limui \u012f Japonij\u0105 ir aplink j\u0105. Ji specializuojasi \u012fmoni\u0173 ir vyriausybini\u0173 \u012fstaig\u0173 darbuotoj\u0173 bei j\u0173 \u0161eim\u0173, atvykstan\u010di\u0173 \u012f Japonij\u0105 ir i\u0161vykstan\u010di\u0173 i\u0161 jos, perkraustymo srityje. \"Nippon Express\" taip pat \u017einoma d\u0117l savo pasaulin\u0117s <a href=\"https:\/\/moverdb.com\/lt\/ekspeditorius\/\">krovini\u0173 ekspedijavimas<\/a> kompetencija, preki\u0173 gabenimas visame pasaulyje.<\/p>\n<p>\"Nippon Express\" prad\u0117jo veikti 1937 m., nes buvo 53%, priklausantis vyriausybei. Po Antrojo pasaulinio karo bendrov\u0117 buvo privatizuota. 1949 m. bendrov\u0117 prad\u0117jo tarptautin\u012f krovini\u0173 gabenim\u0105, veikdama kaip \u012fvairi\u0173 tarptautini\u0173 oro linij\u0173 agent\u0117. Iki 1958 m. \"Nippon Express\" atidar\u0117 savo pirm\u0105j\u012f u\u017esienio biur\u0105 <a href=\"https:\/\/moverdb.com\/lt\/persikelimas-i-niujorka\/\">Niujorkas<\/a>, 1991 m. buvo 97 biurai <a href=\"https:\/\/moverdb.com\/lt\/moving-to-the-united-states\/\" data-internallinksmanager029f6b8e52c=\"94\" title=\"Persik\u0117limas \u012f Jungtines Amerikos Valstijas? 2022 Gyvenimo i\u0161laidos ir persik\u0117limo patarimai\">Jungtin\u0117s Amerikos Valstijos<\/a>. <\/p>\n<p>1973 m. bendrov\u0117 nusipirko pirm\u0105j\u012f <a href=\"https:\/\/moverdb.com\/lt\/laivybos-bendroves\/\">konteinerinis laivas<\/a> ir prad\u0117jo teikti krovini\u0173 ve\u017eimo paslaugas tarp Tokijo ir Tomakomai.<\/p>\n<p>\u0160iuo metu \"Nippon Express\" turi biurus ir gamyklas 260 miest\u0173 42 \u0161alyse, juose dirba 36 700 \u017emoni\u0173 Japonijoje ir dar 16 000 u\u017esienyje.<\/p>\n<p>\"Nippon Express\" turi \u0161ias akreditacijas ir naryst\u0119:<\/p>\n<ul>\n<li> <a href=\"https:\/\/moverdb.com\/lt\/fidi-faim\/\">FIDI<\/a><\/li>\n<li> <a href=\"https:\/\/moverdb.com\/lt\/esu\/\">Tarptautin\u0117 perkraustytoj\u0173 asociacija<\/a> (<a href=\"https:\/\/moverdb.com\/lt\/iam\/\" data-internallinksmanager029f6b8e52c=\"23\" title=\"Tarptautin\u0117s perkraustytoj\u0173 asociacijos (IAM) paai\u0161kinimai\">IAM<\/a>)<\/li>\n<li> ISO 9001<\/li>\n<li> <a href=\"https:\/\/moverdb.com\/lt\/iata\/\">IATA<\/a><\/li>\n<\/ul>\n<h2>Nippon Express Atsiliepimai<\/h2>\n<p><strong>Teigiamas:<\/strong><\/p>\n<ul>\n<li> <em>\"Tikri japonai yra mandag\u016bs ir pagarb\u016bs - net nusiauna batus, kad \u012fne\u0161t\u0173 j\u016bs\u0173 daiktus \u012f namus! Joki\u0173 nes\u0105moni\u0173 - jie dirba iki i\u0161nakt\u0173, sustoja laiko pertraukai, paskui v\u0117l gr\u012f\u017eta prie darbo ir nesustoja, kol darbas nebaigtas.\"<\/em> - KK W per <a href=\"https:\/\/www.yelp.co.uk\/biz\/nippon-express-usa-el-segundo?hrid=ilixQzfFmyj3IAX32d0E-A&#038;utm_campaign=www_review_share_popup&#038;utm_medium=copy_link&#038;utm_source=(direct)\" target=\"_blank\" rel=\"noopener\">\"Yelp\"<\/a><\/li>\n<\/ul>\n<p><strong>Neigiamas:<\/strong><\/p>\n<p><em>Internete neradome joki\u0173 neigiam\u0173 atsiliepim\u0173 apie \"Nippon Express\".<\/em><\/p>\n<div itemprop=\"review\" itemscope itemtype=\"http:\/\/schema.org\/Review\">\n<span itemprop=\"author\" itemscope=\"\" itemtype=\"http:\/\/schema.org\/Organization\"><span itemprop=\"name\">MoverDB.com<\/span><\/span> Internetin\u0117s svetain\u0117s ap\u017evalga <span itemprop=\"itemreviewed\" itemscope=\"\" itemtype=\"http:\/\/schema.org\/Brand\"><span itemprop=\"name\">\"Nippon Express<\/span><\/span>:<\/p>\n<ol>\n<li> Ai\u0161ki kontaktin\u0117 informacija svetain\u0117je (\u012fskaitant telefono numer\u012f): <strong>Taip<\/strong><\/li>\n<li> Lengva gauti <a href=\"https:\/\/moverdb.com\/lt\/citatos\/\">tarptautin\u0117s judan\u010dios citatos<\/a>? (internetin\u0117 s\u0105matos u\u017eklausos forma): <strong>Taip<\/strong><\/li>\n<li> Ai\u0161ki informacija svetain\u0117je: <strong>Taip,<\/strong> nors j\u0173 svetain\u0117s atrodo \u0161iek tiek pasenusios, jose nurodytos visos j\u0173 paslaugos.<\/li>\n<li> Naryst\u0117 tarptautin\u0117se pripa\u017eintose jud\u0117jimo organizacijose: <strong>Taip<\/strong>, (\u017er. pirmiau)<\/li>\n<li> Klient\u0173 s\u0105ra\u0161as ir (arba) ankstesni\u0173 klient\u0173 atsiliepimai. <strong>Ne,<\/strong> ta\u010diau, remiantis atsiliepimais internete, jie turi labai ger\u0105 reputacij\u0105.<\/li>\n<\/ol>\n<div itemprop=\"reviewRating\" itemscope itemtype=\"http:\/\/schema.org\/Rating\"><meta itemprop=\"worstRating\" content = \"0\" \/><meta itemprop=\"bestRating\" content=\"5\" \/><meta itemprop=\"ratingValue\" content=\"4.5\"><\/div>\n<p><strong>Bendras \u012fvertinimas: 4,5\/5<\/strong><br \/>\n<strong>Per\u017ei\u016bros data:<\/strong> <span itemprop=\"datePublished\" content=\"2017-01-25\">25\/01\/2017<\/span>\n<\/div>\n<p>Skaitykite daugiau apie <a href=\"https:\/\/moverdb.com\/lt\/juda-imones\/\">tarptautin\u0117s perkraustymo \u012fmon\u0117s<\/a>ir m\u016bs\u0173 <a href=\"https:\/\/moverdb.com\/lt\/atsiliepimai\/\">per\u017ei\u016bros procesas<\/a>.<\/p>\n<p><strong>Interneto svetain\u0117s:<\/strong> Visuotinis: <a href=\"http:\/\/www.nipponexpress.com\/\" target=\"_blank\" rel=\"noopener\">http:\/\/www.nipponexpress.com\/<\/a>, JAV: <a href=\"https:\/\/nipponexpressusa.com\/\" target=\"_blank\" rel=\"noopener\">https:\/\/nipponexpressusa.com\/<\/a> ir <a href=\"https:\/\/moverdb.com\/lt\/moving-to-the-uk\/\" data-internallinksmanager029f6b8e52c=\"93\" title=\"Persik\u0117limas \u012f Jungtin\u0119 Karalyst\u0119? 2022 Gyvenimo i\u0161laidos ir persikraustymo patarimai\">JK<\/a>: <a href=\"http:\/\/www.nipponexpress.co.uk\/\" target=\"_blank\" rel=\"noopener\">http:\/\/www.nipponexpress.co.uk\/<\/a><\/p>","protected":false},"excerpt":{"rendered":"<p>Nippon Express is based in Tokyo, Japan. It offers its clients a variety of moving services. These are listed below together with a company profile and reviews. International Moves Personal move manager Door to door service Assistance with customs and documentation Full packing service, fragile items only or do-it-yourself packing Disassembly and reassembly of furniture [&hellip;]<\/p>\n","protected":false},"author":1,"featured_media":0,"parent":0,"menu_order":0,"comment_status":"closed","ping_status":"closed","template":"","meta":{"_genesis_hide_title":false,"_genesis_hide_breadcrumbs":false,"_genesis_hide_singular_image":false,"_genesis_hide_footer_widgets":false,"_genesis_custom_body_class":"","_genesis_custom_post_class":"","_genesis_layout":"","footnotes":""},"class_list":{"0":"post-1590","1":"page","2":"type-page","3":"status-publish","5":"entry"},"_links":{"self":[{"href":"https:\/\/moverdb.com\/lt\/wp-json\/wp\/v2\/pages\/1590","targetHints":{"allow":["GET"]}}],"collection":[{"href":"https:\/\/moverdb.com\/lt\/wp-json\/wp\/v2\/pages"}],"about":[{"href":"https:\/\/moverdb.com\/lt\/wp-json\/wp\/v2\/types\/page"}],"author":[{"embeddable":true,"href":"https:\/\/moverdb.com\/lt\/wp-json\/wp\/v2\/users\/1"}],"replies":[{"embeddable":true,"href":"https:\/\/moverdb.com\/lt\/wp-json\/wp\/v2\/comments?post=1590"}],"version-history":[{"count":4,"href":"https:\/\/moverdb.com\/lt\/wp-json\/wp\/v2\/pages\/1590\/revisions"}],"predecessor-version":[{"id":6226,"href":"https:\/\/moverdb.com\/lt\/wp-json\/wp\/v2\/pages\/1590\/revisions\/6226"}],"wp:attachment":[{"href":"https:\/\/moverdb.com\/lt\/wp-json\/wp\/v2\/media?parent=1590"}],"curies":[{"name":"wp","href":"https:\/\/api.w.org\/{rel}","templated":true}]}}