{"id":1578,"date":"2017-04-21T14:09:10","date_gmt":"2017-04-21T14:09:10","guid":{"rendered":"http:\/\/moverdb.com\/?page_id=1578"},"modified":"2026-01-08T14:40:13","modified_gmt":"2026-01-08T14:40:13","slug":"mediterranean-shipping-company","status":"publish","type":"page","link":"https:\/\/moverdb.com\/lt\/mediterranean-shipping-company\/","title":{"rendered":"Vidur\u017eemio j\u016bros laivybos kompanija - Tarptautin\u0117s paslaugos ir ap\u017evalgos"},"content":{"rendered":"<p>Vidur\u017eemio j\u016bros regiono <a href=\"https:\/\/moverdb.com\/lt\/shipping-companies\/\" data-internallinksmanager029f6b8e52c=\"4\" title=\"10 geriausi\u0173 tarptautini\u0173 konteineri\u0173 gabenimo bendrovi\u0173\">Siunt\u0173 gabenimo bendrov\u0117<\/a> (MSC) savo klientams si\u016blo plat\u0173 laivybos ir kit\u0173 paslaug\u0173 spektr\u0105. Jos i\u0161vardytos toliau, kartu su \u012fmon\u0117s profiliu ir atsiliepimais.<\/p>\n<h3>Tarptautinis pristatymas<\/h3>\n<p><strong>Sausieji kroviniai<\/strong><\/p>\n<ul>\n<li> Standartiniai 20 p\u0117d\u0173, 40 p\u0117d\u0173 arba 40 p\u0117d\u0173 auk\u0161\u010dio kubiniai konteineriai<\/li>\n<li> Negabaritiniai ir negabaritiniai kroviniai<\/li>\n<li> Savaitin\u0117s ir reguliarios laivybos paslaugos \u012f \u012fvairias pasaulio \u0161alis<\/li>\n<li> Muitinis \u012fforminimas ir dokument\u0173 tvarkymas<\/li>\n<\/ul>\n<p><strong>Krovini\u0173 ve\u017eimas refri\u017eeratoriais<\/strong><\/p>\n<ul>\n<li> Individual\u016bs kompleksiniai transporto sprendimai<\/li>\n<li> Savaitin\u0117s ir reguliarios laivybos paslaugos \u012f \u012fvairias pasaulio \u0161alis<\/li>\n<li> at\u0161aldyt\u0173 ir u\u017e\u0161aldyt\u0173 preki\u0173 gabenimo patirtis<\/li>\n<li> Patikrinimas prie\u0161 kelion\u0119: <\/li>\n<li> U\u017etikrinkite, kad talpykla b\u016bt\u0173 i\u0161valyta nuo purvo ir kvap\u0173.<\/li>\n<li> Patikrinama, ar talpyklos vidus atitinka maisto produktams keliamus reikalavimus.<\/li>\n<li> Tikrina, ar ma\u0161inos veikia pagal pramon\u0117s standartus.<\/li>\n<li> \u012esitikinkite, kad talpyklos temperat\u016bra suma\u017einta iki reikiamo pasirinkto ta\u0161ko.<\/li>\n<li> Muitinis \u012fforminimas ir dokument\u0173 tvarkymas<\/li>\n<\/ul>\n<p><strong>I\u0161orinio gabarito ir krovini\u0173 gabenimo paslaugos<\/strong><\/p>\n<ul>\n<li> Projekto krovini\u0173 logistikos ekspert\u0173 komanda<\/li>\n<li> Krovinio pakrovimas, tvirtinimas ir tvirtinimas i\u0161vykimo vietoje. <a href=\"https:\/\/moverdb.com\/lt\/top-49-container-ports\/\" data-internallinksmanager029f6b8e52c=\"80\" title=\"49 did\u017eiausi ir labiausiai apkrauti konteineri\u0173 uostai 2025 m.\">uostas<\/a> arba netoliese esan\u010diame depe<\/li>\n<li> Surinkimas ir pristatymas vidaus vandenyse naudojant \u012fvairi\u0105 \u012frang\u0105<\/li>\n<li> Policijos ir (arba) vidaus transporto prane\u0161im\u0173, jei reikia, organizavimas<\/li>\n<li> Krovos darbai, uosto tvirtinimo ir uosto sand\u0117liavimo \u012frenginiai<\/li>\n<li> Speciali \u012franga<\/li>\n<li> Konkurencingi tarifai<\/li>\n<li> Muitinis \u012fforminimas ir dokument\u0173 tvarkymas<\/li>\n<\/ul>\n<p><strong>Intermodalinis transportas<\/strong><\/p>\n<ul>\n<li> Nuo dur\u0173 iki dur\u0173<\/li>\n<li> Gamykla vartotojui<\/li>\n<li> Transporto priemoni\u0173, kuriomis galima \u012fvykdyti pristatymo \u012fsipareigojimus, derinys<\/li>\n<\/ul>\n<p><strong>Konteineri\u0173 ir krovini\u0173 saugykla<\/strong><\/p>\n<ul>\n<li> Pasaulinis tinklas, sand\u0117liavimas ir saugojimas<\/li>\n<li> Pagalba kuriant platinimo tinkl\u0105<\/li>\n<li> Visapusi\u0161kos komplektavimo ir (arba) pakavimo, i\u0161kraustymo ir (arba) paletavimo bei biri\u0173 krovini\u0173 sand\u0117liavimo paslaugos ir \u012frenginiai<\/li>\n<\/ul>\n<p><strong>Kry\u017emin\u0117 prekyba<\/strong><\/p>\n<ul>\n<li> Si\u0173skite i\u0161 bet kurios kilm\u0117s vietos \u012f bet kuri\u0105 paskirties viet\u0105<\/li>\n<li> Sausas krovinys<\/li>\n<li> Ekspediciniai kroviniai<\/li>\n<li> Ne pagal matmenis<\/li>\n<li> Brang\u016bs ir pavojingi kroviniai<\/li>\n<li> Dokument\u0173 tvarkymas<\/li>\n<li> Steb\u0117jimas<\/li>\n<li> Muitinis \u012fforminimas<\/li>\n<\/ul>\n<p><strong>Krovinin\u0117s priekabos<\/strong><\/p>\n<ul>\n<li> Tvirtas<\/li>\n<li> Plok\u0161\u010dia platforma<\/li>\n<li> Savivartis<\/li>\n<li> \u017demas krautuvas<\/li>\n<li> Konteineri\u0173 k\u0117limo priekaba<\/li>\n<li> J\u0117gain\u0117s priekaba<\/li>\n<\/ul>\n<p><strong>Konteineri\u0173 \u012franga<\/strong><\/p>\n<ul>\n<li> 20 p\u0117d\u0173 \/ 40 p\u0117d\u0173 standartiniai ir dideli kubiniai konteineriai<\/li>\n<li> 20 p\u0117d\u0173 \/ 40 p\u0117d\u0173 atviri konteineriai<\/li>\n<li> 20 p\u0117d\u0173 \/ 40 p\u0117d\u0173 ir dideli\u0173 kub\u0173 refri\u017eeratoriniai konteineriai<\/li>\n<li> 20 p\u0117d\u0173 \/ 40 p\u0117d\u0173 plok\u0161\u010diapad\u017eiai<\/li>\n<li> 20 p\u0117d\u0173 \/ 40 p\u0117d\u0173 platformos<\/li>\n<li> 20 p\u0117d\u0173 \/ 40 p\u0117d\u0173 atviri konteineriai<\/li>\n<\/ul>\n<h2>Vidur\u017eemio j\u016bros laivybos kompanija (MSC)<\/h2>\n<p>\"Mediterranean Shipping Company\" yra privati pasaulin\u0117 <a href=\"https:\/\/moverdb.com\/lt\/laivybos-bendroves\/\">tarptautin\u0117 laivybos \u012fmon\u0117<\/a> kuri veikia jau daugiau nei 40 met\u0173. J\u0105 Neapolyje \u012fk\u016br\u0117 Gianluigi Aponte ir iki \u0161iol valdo Apont\u0117s \u0161eima. Jos pagrindin\u0117 b\u016bstin\u0117 yra <a href=\"https:\/\/moverdb.com\/lt\/moving-to-switzerland\/moving-to-geneva\/\" data-internallinksmanager029f6b8e52c=\"416\" title=\"Persik\u0117limas \u012f \u017denev\u0105? 2023 Gyvenimo i\u0161laidos ir persik\u0117limo patarimai\">\u017deneva<\/a> ir turi 480 biur\u0173 150 \u0161ali\u0173, kuriuose dirba daugiau kaip 60 000 \u017emoni\u0173 visame pasaulyje.<\/p>\n<p>MSC laivyn\u0105 sudaro 500 konteinerve\u017ei\u0173, kuri\u0173 talpa siekia apie 3,0 mln. TEU. Kasmet bendrov\u0117 sustoja 315 uost\u0173 visame pasaulyje ir pristato \u012fvairaus pob\u016bd\u017eio krovinius.<\/p>\n<p>\"Mediterranean Shipping Company\" turi \u0161ias akreditacijas ir naryst\u0119:<\/p>\n<ul>\n<li> Gyvyb\u0117s sauga j\u016broje (SOLAS)<\/li>\n<li> Tarptautin\u0117 oro ir laivybos asociacija (IASA)<\/li>\n<li> <a href=\"https:\/\/moverdb.com\/lt\/tarptautiniai-laivybos-rumai\/\">Tarptautiniai laivybos r\u016bmai<\/a> (<a href=\"https:\/\/moverdb.com\/lt\/international-chamber-shipping\/\" data-internallinksmanager029f6b8e52c=\"78\" title=\"Tarptautini\u0173 laivybos r\u016bm\u0173 (TKS) paai\u0161kinimai\">ICS<\/a>)<\/li>\n<li> Nacionalini\u0173 laiv\u0173 brokeri\u0173 ir agent\u0173 asociacij\u0173 federacija (FONASBA)<\/li>\n<\/ul>\n<p><strong>Vidur\u017eemio j\u016bros laivybos bendrov\u0117s ap\u017evalgos<\/strong><\/p>\n<p><em>Ra\u0161ymo metu neradome joki\u0173 atsiliepim\u0173 apie \"Mediterranean Shipping Company\" laivybos paslaugas internete.<\/em> <\/p>\n<div itemprop=\"review\" itemscope itemtype=\"http:\/\/schema.org\/Review\">\n<strong><span itemprop=\"author\" itemscope=\"\" itemtype=\"http:\/\/schema.org\/Organization\"><span itemprop=\"name\">MoverDB.com<\/span><\/span> Internetin\u0117s svetain\u0117s ap\u017evalga <span itemprop=\"itemreviewed\" itemscope=\"\" itemtype=\"http:\/\/schema.org\/Brand\"><span itemprop=\"name\">Vidur\u017eemio j\u016bros laivybos bendrov\u0117<\/span><\/span>:<\/strong><\/p>\n<ol>\n<li> Ai\u0161ki kontaktin\u0117 informacija svetain\u0117je (\u012fskaitant telefono numer\u012f): <strong>Taip<\/strong><\/li>\n<li> Lengva gauti <a href=\"https:\/\/moverdb.com\/lt\/container-shipping\/\" data-internallinksmanager029f6b8e52c=\"3\" title=\"Tarptautini\u0173 konteineri\u0173 gabenimo tarif\u0173 diagrama: 2026 m. baland\u017eio m\u0117n.\">tarptautinis pristatymas<\/a> citatos? (internetin\u0117 s\u0105matos u\u017eklausos forma): <strong>Taip<\/strong><\/li>\n<li> Ai\u0161ki informacija svetain\u0117je: <strong>Taip,<\/strong> Svetain\u0117je pateikiama daug informacijos apie tarptautin\u012f siuntim\u0105.<\/li>\n<li> Naryst\u0117 tarptautin\u0117se pripa\u017eintose laivybos organizacijose: <strong>Taip<\/strong>.<\/li>\n<li> Klient\u0173 s\u0105ra\u0161as ir (arba) ankstesni\u0173 klient\u0173 atsiliepimai. <strong>Taip,<\/strong> j\u0173 tinklalapyje yra ribotas atvej\u0173 tyrim\u0173 skai\u010dius.<\/li>\n<\/ol>\n<div itemprop=\"reviewRating\" itemscope itemtype=\"http:\/\/schema.org\/Rating\"><meta itemprop=\"worstRating\" content = \"0\" \/><meta itemprop=\"bestRating\" content=\"5\" \/><meta itemprop=\"ratingValue\" content=\"5\"><\/div>\n<p><strong>Bendras \u012fvertinimas: 5\/5<\/strong><br \/>\n<strong>Per\u017ei\u016bros data:<\/strong> <span itemprop=\"datePublished\" content=\"2017-04-21\">21\/04\/2017<\/span>\n<\/div>\n<p>Daugiau apie kitus <a href=\"https:\/\/moverdb.com\/lt\/laivybos-bendroves\/\">tarptautin\u0117s laivybos \u012fmon\u0117s<\/a>, <a href=\"https:\/\/moverdb.com\/lt\/konteineriu-kroviniu-gabenimas\/\">konteineri\u0173 gabenimo tarifai<\/a> ir m\u016bs\u0173 <a href=\"https:\/\/moverdb.com\/lt\/atsiliepimai\/\">per\u017ei\u016bros procesas<\/a>.<\/p>\n<p><strong>Interneto svetain\u0117:<\/strong> <a href=\"https:\/\/www.msc.com\/\" target=\"_blank\" rel=\"noopener\">https:\/\/www.msc.com\/<\/a><\/p>","protected":false},"excerpt":{"rendered":"<p>Mediterranean Shipping Company (MSC) offers its customers a wide range of shipping and other services. These are listed below, together with a company profile and reviews. International Shipping Dry Cargo Standard 20ft, 40ft or 40ft high cube containers Oversized and breakbulk cargo Weekly and regular shipping services to global destinations Customs clearance and documentation Reefer [&hellip;]<\/p>\n","protected":false},"author":1,"featured_media":0,"parent":0,"menu_order":0,"comment_status":"closed","ping_status":"closed","template":"","meta":{"_genesis_hide_title":false,"_genesis_hide_breadcrumbs":false,"_genesis_hide_singular_image":false,"_genesis_hide_footer_widgets":false,"_genesis_custom_body_class":"","_genesis_custom_post_class":"","_genesis_layout":"","footnotes":""},"class_list":{"0":"post-1578","1":"page","2":"type-page","3":"status-publish","5":"entry"},"_links":{"self":[{"href":"https:\/\/moverdb.com\/lt\/wp-json\/wp\/v2\/pages\/1578","targetHints":{"allow":["GET"]}}],"collection":[{"href":"https:\/\/moverdb.com\/lt\/wp-json\/wp\/v2\/pages"}],"about":[{"href":"https:\/\/moverdb.com\/lt\/wp-json\/wp\/v2\/types\/page"}],"author":[{"embeddable":true,"href":"https:\/\/moverdb.com\/lt\/wp-json\/wp\/v2\/users\/1"}],"replies":[{"embeddable":true,"href":"https:\/\/moverdb.com\/lt\/wp-json\/wp\/v2\/comments?post=1578"}],"version-history":[{"count":6,"href":"https:\/\/moverdb.com\/lt\/wp-json\/wp\/v2\/pages\/1578\/revisions"}],"predecessor-version":[{"id":13177,"href":"https:\/\/moverdb.com\/lt\/wp-json\/wp\/v2\/pages\/1578\/revisions\/13177"}],"wp:attachment":[{"href":"https:\/\/moverdb.com\/lt\/wp-json\/wp\/v2\/media?parent=1578"}],"curies":[{"name":"wp","href":"https:\/\/api.w.org\/{rel}","templated":true}]}}