{"id":1570,"date":"2017-02-24T09:05:40","date_gmt":"2017-02-24T09:05:40","guid":{"rendered":"http:\/\/moverdb.com\/?page_id=1570"},"modified":"2026-01-08T15:20:24","modified_gmt":"2026-01-08T15:20:24","slug":"mudanzas-gou","status":"publish","type":"page","link":"https:\/\/moverdb.com\/lt\/mudanzas-gou\/","title":{"rendered":"Mudanzas Gou - Atsiliepimai apie tarptautin\u012f perkraustym\u0105"},"content":{"rendered":"<p>Mudanzas Gou - meksikie\u010di\u0173 <a href=\"https:\/\/moverdb.com\/lt\/moving-companies\/\" data-internallinksmanager029f6b8e52c=\"79\" title=\"Top 25 Tarptautin\u0117s perkraustymo \u012fmon\u0117s internete\">perkraustymo \u012fmon\u0117<\/a> kuri savo klientams si\u016blo plat\u0173 paslaug\u0173 spektr\u0105, kuris i\u0161vardytas toliau, kartu su \u012fmon\u0117s profiliu ir atsiliepimais.<\/p>\n<p><strong>Tarptautiniai perkraustymai<\/strong><\/p>\n<ul>\n<li> Nuo dur\u0173 iki dur\u0173<\/li>\n<li> Visapusi\u0161kos pakavimo paslaugos, trapios pakuot\u0117s arba \"pasidaryk pats\" pakavimo paslaugos<\/li>\n<li> Bald\u0173 i\u0161ardymas ir surinkimas<\/li>\n<li> Muitinis \u012fforminimas ir pagalba tvarkant dokumentus<\/li>\n<li> Sutvarkytas draudimas<\/li>\n<li> I\u0161pakavimo paslauga<\/li>\n<li> Galimas trumpalaikis ir ilgalaikis saugojimas<\/li>\n<\/ul>\n<p><strong>Vietiniai ir tolimieji perkraustymai<\/strong><\/p>\n<ul>\n<li> Nuo dur\u0173 iki dur\u0173<\/li>\n<li> Visapusi\u0161kos pakavimo paslaugos, trapios pakuot\u0117s arba \"pasidaryk pats\" pakavimo paslaugos<\/li>\n<li> Bald\u0173 i\u0161ardymas ir surinkimas<\/li>\n<li> Sutvarkytas draudimas<\/li>\n<li> I\u0161pakavimo paslauga<\/li>\n<li> Galimas ilgalaikis ir trumpalaikis saugojimas<\/li>\n<\/ul>\n<p><strong>Komerciniai perkraustymai<\/strong><\/p>\n<ul>\n<li> Po darbo valand\u0173 juda<\/li>\n<li> Logistikos planas<\/li>\n<li> IT persik\u0117limas<\/li>\n<li> Vis\u0173 bald\u0173 i\u0161ardymas ir surinkimas<\/li>\n<\/ul>\n<p><strong>Specialus transportavimas ir gabenimas<\/strong><\/p>\n<ul>\n<li> <a href=\"https:\/\/moverdb.com\/lt\/automobiliu-transportas-siuntimas\/\">Automobiliai<\/a><\/li>\n<li> Vans<\/li>\n<li> Motociklai<\/li>\n<li> \u0160arvuotos transporto priemon\u0117s<\/li>\n<li> Surinkimo transporto priemon\u0117s<\/li>\n<li> \u012evairios ma\u0161inos<\/li>\n<li> Motorin\u0117s valtys<\/li>\n<li> Burin\u0117s valtys<\/li>\n<li> Medicinos reikmenys ir ligonin\u0117s<\/li>\n<li> \u0160vietimo \u012fstaigos<\/li>\n<li> Menas ir antikvariniai daiktai<\/li>\n<li> Specializuota \u012franga<\/li>\n<\/ul>\n<p><strong>Saugykla<\/strong><\/p>\n<ul>\n<li> Ilgalaikis ir trumpalaikis<\/li>\n<li> 24\/7 apsauga<\/li>\n<li> Inventorizacijos sistema<\/li>\n<li> Galima naudoti klimato kontrol\u0117s sistem\u0105<\/li>\n<li> Kenk\u0117j\u0173 kontrol\u0117<\/li>\n<li> Prie\u0161gaisrin\u0117 sistema<\/li>\n<li> Archyvo saugykla<\/li>\n<\/ul>\n<h2>Mudanzas Gou \u012emon\u0117s profilis<\/h2>\n<p>Mudanzas Gou yra vienas seniausi\u0173 <a href=\"https:\/\/moverdb.com\/lt\/moving-companies\/moving-companies-mexico\/\" data-internallinksmanager029f6b8e52c=\"288\" title=\"18 Geriausios tarptautin\u0117s perkraustymo \u012fmon\u0117s Meksikoje\">perkraustymo \u012fmon\u0117s Meksikoje<\/a>, kur ji prasid\u0117jo 1900 m. \u0160iuo metu ji turi 10 biur\u0173 Meksikoje ir palaiko ry\u0161ius su agentais visame pasaulyje. Gou buvo vienas i\u0161 steig\u0117j\u0173 <a href=\"https:\/\/moverdb.com\/lt\/fidi-faim\/\" data-internallinksmanager029f6b8e52c=\"16\" title=\"FIDI ir FAIM (FIDI akredituotas tarptautinis perve\u017e\u0117jas) paai\u0161kinimai\">FIDI<\/a>, OMNI, <a href=\"https:\/\/moverdb.com\/lt\/lacma\/\" data-internallinksmanager029f6b8e52c=\"28\" title=\"Lotyn\u0173 Amerikos ir Karib\u0173 j\u016bros regiono tarptautini\u0173 perkraustytoj\u0173 asociacija (LACMA)\">LACMA<\/a>, AMI ir <a href=\"https:\/\/moverdb.com\/lt\/amsa\/\" data-internallinksmanager029f6b8e52c=\"5\" title=\"Amerikos jud\u0117jimo ir saugojimo asociacijos (AMSA) paai\u0161kinimai\">AMSA<\/a>.<\/p>\n<p>\"Gou\" did\u017eiuojasi asmeniniu aptarnavimu ir primygtinai reikalauja kalb\u0117tis su kiekvienu klientu akis \u012f ak\u012f, kad suteikt\u0173 jam kuo geresn\u012f aptarnavim\u0105. Visos jos transporto priemon\u0117s yra stebimos per palydov\u0105, jas pakrauna ir vairuoja jos darbuotojai.<\/p>\n<p>Mudanzas Gou turi \u0161ias akreditacijas ir naryst\u0119:<\/p>\n<ul>\n<li> <a href=\"https:\/\/moverdb.com\/lt\/fidi-faim\/\">Tarptautin\u0117 tarptautini\u0173 keleivi\u0173 ve\u017e\u0117j\u0173 federacija (F\u00e9d\u00e9ration Internationale des D\u00e9m\u00e9nageurs Internationaux)<\/a> (FIDI)<\/li>\n<li> Tarptautinis u\u017ej\u016brio jud\u0117jimo tinklas (OMNI)<\/li>\n<li> <a href=\"https:\/\/moverdb.com\/lt\/lacma\/\">Lotyn\u0173 Amerikos ir Karib\u0173 j\u016bros regiono tarptautini\u0173 perkraustytoj\u0173 asociacija<\/a> (LACMA)<\/li>\n<li> <a href=\"https:\/\/moverdb.com\/lt\/hgfaa\/\">Amerikos buitini\u0173 preki\u0173 ekspeditori\u0173 asociacija<\/a> (HHGFA)<\/li>\n<li> <a href=\"https:\/\/moverdb.com\/lt\/amsa\/\" target=\"_blank\" rel=\"noopener\">Amerikos perkraustymo ir saugojimo asociacija<\/a> (AMSA)<\/li>\n<li> Panamerikos tarptautini\u0173 perve\u017e\u0117j\u0173 asociacija (PAIMA)<\/li>\n<li> <a href=\"https:\/\/moverdb.com\/lt\/fidi-faim\/\">FAIM<\/a><\/li>\n<li> Muitin\u0117s ir prekybos partneryst\u0117 prie\u0161 terorizm\u0105 (C-PAT)<\/li>\n<\/ul>\n<h2>Mudanzas Gou Atsiliepimai<\/h2>\n<p>Nepavyko rasti joki\u0173 atsiliepim\u0173 angl\u0173 kalba apie \"Mudanzas Gou\" internete, taip pat neatrodo, kad svetain\u0117je b\u016bt\u0173 klient\u0173 atsiliepim\u0173.<\/p>\n<div itemprop=\"review\" itemscope itemtype=\"http:\/\/schema.org\/Review\">\n<span itemprop=\"author\" itemscope=\"\" itemtype=\"http:\/\/schema.org\/Organization\"><span itemprop=\"name\">MoverDB.com<\/span><\/span> Internetin\u0117s svetain\u0117s ap\u017evalga <span itemprop=\"itemreviewed\" itemscope=\"\" itemtype=\"http:\/\/schema.org\/Brand\"><span itemprop=\"name\">Mudanzas Gou<\/span><\/span>:<\/p>\n<ol>\n<li> Ai\u0161ki kontaktin\u0117 informacija svetain\u0117je (\u012fskaitant telefono numer\u012f): <strong>Taip<\/strong><\/li>\n<li> Lengva gauti <a href=\"https:\/\/moverdb.com\/lt\/citatos\/\">judan\u010dios citatos<\/a>? (internetin\u0117 s\u0105matos u\u017eklausos forma): <strong>Taip<\/strong><\/li>\n<li> Ai\u0161ki informacija svetain\u0117je: <strong>Taip,<\/strong> nors ir pagrindin\u0117, ta\u010diau joje paslaugos apra\u0161ytos angl\u0173 ir ispan\u0173 kalbomis.<\/li>\n<li> Naryst\u0117 tarptautin\u0117se pripa\u017eintose jud\u0117jimo organizacijose: <strong>Taip<\/strong>, (daugelis \u017er. pirmiau)<\/li>\n<li> Klient\u0173 s\u0105ra\u0161as ir (arba) ankstesni\u0173 klient\u0173 atsiliepimai: <strong>Ne,<\/strong> neradome joki\u0173 atsiliepim\u0173 ar klient\u0173 atsiliepim\u0173.<\/li>\n<\/ol>\n<div itemprop=\"reviewRating\" itemscope itemtype=\"http:\/\/schema.org\/Rating\"><meta itemprop=\"worstRating\" content = \"0\" \/><meta itemprop=\"bestRating\" content=\"5\" \/><meta itemprop=\"ratingValue\" content=\"4\"><\/div>\n<p><strong>Bendras \u012fvertinimas: 4\/5<\/strong><br \/>\n<strong>Per\u017ei\u016bros data:<\/strong> <span itemprop=\"datePublished\" content=\"2017-02-24\">24\/02\/2017<\/span>\n<\/div>\n<p>Skaitykite daugiau apie <a href=\"https:\/\/moverdb.com\/lt\/juda-imones\/\">tarptautin\u0117s perkraustymo \u012fmon\u0117s<\/a> ir m\u016bs\u0173 <a href=\"https:\/\/moverdb.com\/lt\/atsiliepimai\/\">per\u017ei\u016bros procesas<\/a>.<\/p>\n<p><strong>Interneto svetain\u0117s:<\/strong> Ispan\u0173 kalba: <a href=\"http:\/\/www.mudanzasgou.com.mx\/\" target=\"_blank\" rel=\"noopener\">http:\/\/www.mudanzasgou.com.mx\/<\/a> Angl\u0173 kalba: <a href=\"http:\/\/www.mudanzasgou.com\/\" target=\"_blank\" rel=\"noopener\">http:\/\/www.mudanzasgou.com\/<\/a><\/p>","protected":false},"excerpt":{"rendered":"<p>Mudanzas Gou is a Mexican moving company which offers its clients a wide range of services which are listed below, together with a company profile and reviews. International Moves Door to door Full packing service, fragile packing or DIY packing Disassembly and reassembly of furniture Customs clearance and assistance with documentation Insurance arranged Unpacking service [&hellip;]<\/p>\n","protected":false},"author":1,"featured_media":0,"parent":0,"menu_order":0,"comment_status":"closed","ping_status":"closed","template":"","meta":{"_genesis_hide_title":false,"_genesis_hide_breadcrumbs":false,"_genesis_hide_singular_image":false,"_genesis_hide_footer_widgets":false,"_genesis_custom_body_class":"","_genesis_custom_post_class":"","_genesis_layout":"","footnotes":""},"class_list":{"0":"post-1570","1":"page","2":"type-page","3":"status-publish","5":"entry"},"_links":{"self":[{"href":"https:\/\/moverdb.com\/lt\/wp-json\/wp\/v2\/pages\/1570","targetHints":{"allow":["GET"]}}],"collection":[{"href":"https:\/\/moverdb.com\/lt\/wp-json\/wp\/v2\/pages"}],"about":[{"href":"https:\/\/moverdb.com\/lt\/wp-json\/wp\/v2\/types\/page"}],"author":[{"embeddable":true,"href":"https:\/\/moverdb.com\/lt\/wp-json\/wp\/v2\/users\/1"}],"replies":[{"embeddable":true,"href":"https:\/\/moverdb.com\/lt\/wp-json\/wp\/v2\/comments?post=1570"}],"version-history":[{"count":4,"href":"https:\/\/moverdb.com\/lt\/wp-json\/wp\/v2\/pages\/1570\/revisions"}],"predecessor-version":[{"id":6222,"href":"https:\/\/moverdb.com\/lt\/wp-json\/wp\/v2\/pages\/1570\/revisions\/6222"}],"wp:attachment":[{"href":"https:\/\/moverdb.com\/lt\/wp-json\/wp\/v2\/media?parent=1570"}],"curies":[{"name":"wp","href":"https:\/\/api.w.org\/{rel}","templated":true}]}}