{"id":1568,"date":"2017-02-01T16:22:03","date_gmt":"2017-02-01T16:22:03","guid":{"rendered":"http:\/\/moverdb.com\/?page_id=1568"},"modified":"2026-01-08T14:40:03","modified_gmt":"2026-01-08T14:40:03","slug":"leo-packers-movers","status":"publish","type":"page","link":"https:\/\/moverdb.com\/lt\/leo-packers-movers\/","title":{"rendered":"Leo Packers and Movers - Tarptautinis perkraustymas Atsiliepimai"},"content":{"rendered":"<p>\"Leo Packers and Movers\" \u012fsik\u016brusi Bangalore, <a href=\"https:\/\/moverdb.com\/lt\/moving-to-india\/\" data-internallinksmanager029f6b8e52c=\"356\" title=\"Persik\u0117limas \u012f Indij\u0105? 2023 m. pragyvenimo i\u0161laidos ir persik\u0117limo patarimai\">Indija<\/a>. \u012emon\u0117 savo klientams si\u016blo plat\u0173 paslaug\u0173 spektr\u0105, kuris i\u0161vardytas toliau, kartu su \u012fmon\u0117s profiliu ir atsiliepimais.<\/p>\n<p><strong>Tarptautiniai perkraustymai<\/strong><\/p>\n<ul>\n<li> Nuo dur\u0173 iki dur\u0173<\/li>\n<li> Durys \u012f terminal\u0105<\/li>\n<li> Visos pakavimo paslaugos, trapi\u0173 daikt\u0173 pakavimas arba \"pasidaryk pats\" pakavimas<\/li>\n<li> Bald\u0173 i\u0161montavimas ir surinkimas<\/li>\n<li> Galimos visos i\u0161pakavimo paslaugos<\/li>\n<li> Nuolau\u017e\u0173 \u0161alinimas<\/li>\n<li> Galimas ilgalaikis ir trumpalaikis saugojimas<\/li>\n<li> Muitinis \u012fforminimas ir pagalba tvarkant dokumentus<\/li>\n<li> Krovini\u0173 gabenimas oro transportu<\/li>\n<li> Krovini\u0173 gabenimas j\u016bra<\/li>\n<li> Sutvarkytas draudimas<\/li>\n<\/ul>\n<p><strong>Gyvenam\u0173j\u0173 nam\u0173 perkraustymai<\/strong><\/p>\n<ul>\n<li> Nuo dur\u0173 iki dur\u0173<\/li>\n<li> Galimos visos pakavimo paslaugos<\/li>\n<li> Bald\u0173 i\u0161montavimas ir surinkimas<\/li>\n<li> I\u0161pakavimo paslauga<\/li>\n<li> Nuolau\u017e\u0173 \u0161alinimas<\/li>\n<li> Pagal u\u017esakym\u0105 pagamintos konteinerin\u0117s transporto priemon\u0117s<\/li>\n<li> Ilgalaikis ir trumpalaikis saugojimas<\/li>\n<li> Sutvarkytas draudimas<\/li>\n<\/ul>\n<p><strong>\u012emoni\u0173 perk\u0117limas<\/strong><\/p>\n<ul>\n<li> Paslaugos nuo dur\u0173 iki dur\u0173<\/li>\n<li> Bald\u0173 i\u0161montavimas ir surinkimas<\/li>\n<li> Visos pakavimo paslaugos<\/li>\n<li> Tinkamas \u017eenklinimas<\/li>\n<li> Darbo viet\u0173 \u012frengimas<\/li>\n<li> Po darbo valand\u0173 ir savaitgaliais<\/li>\n<li> Nuolau\u017e\u0173 \u0161alinimas<\/li>\n<\/ul>\n<p><strong>Saugykla<\/strong><\/p>\n<ul>\n<li> Pagal u\u017esakym\u0105 pagamintos individualios kajut\u0117s<\/li>\n<li> Be dulki\u0173, be termit\u0173, be kvap\u0173 (kontroliuojami kenk\u0117jai)<\/li>\n<li> RCC pastatas su pirmo auk\u0161to patalpomis<\/li>\n<li> Savaranki\u0161kai valdomi sand\u0117liai<\/li>\n<li> Apsauga vis\u0105 par\u0105<\/li>\n<li> Steb\u0117jimas<\/li>\n<\/ul>\n<h2>\"Leo\" pakuo\u010di\u0173 ir perkraustymo \u012fmon\u0117s profilis<\/h2>\n<p>\"Leo Packers and Movers\" duris atv\u0117r\u0117 1975 m. Bangalore, Indijoje. \u012emonei iki \u0161iol vadovauja jos \u012fk\u016br\u0117j\u0173 \u0161eima \u0160achai, o dabar joje dirba jau trys kartos. \u012emon\u0117 yra nepriklausoma perkraustymo bendrov\u0117 ir Indijoje \u017einoma kaip viena i\u0161 geriausi\u0173 nam\u0173 \u016bki\u0173 ir \u012fmoni\u0173 perkraustymo bendrovi\u0173 tiek vietos, tiek regiono, tiek tarptautiniu mastu.<\/p>\n<p>Bendrov\u0117 tiki, kad reikia puosel\u0117ti ir palaikyti gerus santykius su klientais. Jie \u017eino, kad kaina yra svarbus veiksnys, tod\u0117l stengiasi i\u0161laikyti \u017eemas kainas, ta\u010diau tuo pat metu teikia puikias paslaugas. Leo Packers and Movers teigia, kad kiekvienas persikraustymas yra skirtingas, tod\u0117l kiekvienas persikraustymas pritaikomas pagal kliento poreikius.<\/p>\n<p>\"Leo Packers and Movers\" turi \u0161ias akreditacijas ir priklausomyb\u0119: -<\/p>\n<ul>\n<li> Bendrov\u0117s interneto svetain\u0117je nepamin\u0117ta<\/li>\n<\/ul>\n<h2>Leo Pakuotojai ir Movers Atsiliepimai<\/h2>\n<p><strong>Teigiamas:<\/strong><\/p>\n<ul>\n<li> <em>\"Komandos nariai ne tik gerai elg\u0117si, bet ir laik\u0117si savo u\u017eduo\u010di\u0173, buvo susikaup\u0119 ir kantriai atliko savo darb\u0105.\"<\/em> rarami20000 per <a href=\"http:\/\/www.mouthshut.com\/review\/Leo-Packers-and-Movers-Hyderabad-review-mmqtqrslsnm\" target=\"_blank\" rel=\"noopener\">MouthShut.com<\/a>\n<\/ul>\n<p><strong>Neigiamas:<\/strong><\/p>\n<ul>\n<li> <em>\"\u0160ie \u017emon\u0117s yra blogiausi, pirmiausia jie i\u0161 j\u016bs\u0173 paims pinigus, o paskui niekada j\u016bs\u0173 nei\u0161klausys.\"<\/em> subbu2001978 per <a href=\"http:\/\/www.mouthshut.com\/review\/Leo-Packers-and-Movers-Hyderabad-review-sqtrrrmoqqm\" target=\"_blank\" rel=\"noopener\">MouthShut.com<\/a><\/li>\n<\/ul>\n<div itemprop=\"review\" itemscope itemtype=\"http:\/\/schema.org\/Review\">\n<span itemprop=\"author\" itemscope=\"\" itemtype=\"http:\/\/schema.org\/Organization\"><span itemprop=\"name\">MoverDB.com<\/span><\/span> Internetin\u0117s svetain\u0117s ap\u017evalga <span itemprop=\"itemreviewed\" itemscope=\"\" itemtype=\"http:\/\/schema.org\/Brand\"><span itemprop=\"name\">Leo Pakuo\u010di\u0173 ir Movers<\/span><\/span>:<\/p>\n<ol>\n<li> Ai\u0161ki kontaktin\u0117 informacija svetain\u0117je (\u012fskaitant telefono numer\u012f): <strong>Taip<\/strong><\/li>\n<li> Lengva gauti <a href=\"https:\/\/moverdb.com\/lt\/citatos\/\">tarptautin\u0117s judan\u010dios citatos<\/a>? (internetin\u0117 s\u0105matos u\u017eklausos forma): <strong>Taip<\/strong><\/li>\n<li> Ai\u0161ki informacija svetain\u0117je: <strong>Ribotas<\/strong> svetain\u0117je pateikiama tik ribota informacija apie j\u0173 paslaugas.<\/li>\n<li> Naryst\u0117 tarptautin\u0117se pripa\u017eintose jud\u0117jimo organizacijose: <strong>Ne\u012ftraukta \u012f s\u0105ra\u0161\u0105<\/strong><\/li>\n<li> Klient\u0173 s\u0105ra\u0161as ir (arba) ankstesni\u0173 klient\u0173 atsiliepimai. <strong>Ne,<\/strong> ta\u010diau jie turi nuotrauk\u0173 galerij\u0105.<\/li>\n<\/ol>\n<div itemprop=\"reviewRating\" itemscope itemtype=\"http:\/\/schema.org\/Rating\"><meta itemprop=\"worstRating\" content = \"0\" \/><meta itemprop=\"bestRating\" content=\"5\" \/><meta itemprop=\"ratingValue\" content=\"3\"><\/div>\n<p><strong>Bendras \u012fvertinimas: 3\/5<\/strong><br \/>\n<strong>Per\u017ei\u016bros data:<\/strong> <span itemprop=\"datePublished\" content=\"2017-02-01\">01\/02\/2017<\/span>\n<\/div>\n<p>Skaitykite daugiau apie <a href=\"https:\/\/moverdb.com\/lt\/juda-imones\/\">tarptautin\u0117s perkraustymo \u012fmon\u0117s<\/a> ir m\u016bs\u0173 <a href=\"https:\/\/moverdb.com\/lt\/atsiliepimai\/\">per\u017ei\u016bros procesas<\/a>.<\/p>\n<p><strong>Interneto svetain\u0117:<\/strong> <a href=\"http:\/\/www.leopackersindia.com\/\" target=\"_blank\" rel=\"noopener\">http:\/\/www.leopackersindia.com\/<\/a><\/p>","protected":false},"excerpt":{"rendered":"<p>Leo Packers and Movers is based in Bangalore, India. The company offers its customers a wide range of services which are listed below, together with a company profile and reviews. International Moves Door to door Door to terminal Full packing service, fragile items or DIY packing Dismantling and reassembly of furniture Full unpacking service available [&hellip;]<\/p>\n","protected":false},"author":1,"featured_media":0,"parent":0,"menu_order":0,"comment_status":"closed","ping_status":"closed","template":"","meta":{"_genesis_hide_title":false,"_genesis_hide_breadcrumbs":false,"_genesis_hide_singular_image":false,"_genesis_hide_footer_widgets":false,"_genesis_custom_body_class":"","_genesis_custom_post_class":"","_genesis_layout":"","footnotes":""},"class_list":{"0":"post-1568","1":"page","2":"type-page","3":"status-publish","5":"entry"},"_links":{"self":[{"href":"https:\/\/moverdb.com\/lt\/wp-json\/wp\/v2\/pages\/1568","targetHints":{"allow":["GET"]}}],"collection":[{"href":"https:\/\/moverdb.com\/lt\/wp-json\/wp\/v2\/pages"}],"about":[{"href":"https:\/\/moverdb.com\/lt\/wp-json\/wp\/v2\/types\/page"}],"author":[{"embeddable":true,"href":"https:\/\/moverdb.com\/lt\/wp-json\/wp\/v2\/users\/1"}],"replies":[{"embeddable":true,"href":"https:\/\/moverdb.com\/lt\/wp-json\/wp\/v2\/comments?post=1568"}],"version-history":[{"count":3,"href":"https:\/\/moverdb.com\/lt\/wp-json\/wp\/v2\/pages\/1568\/revisions"}],"predecessor-version":[{"id":13170,"href":"https:\/\/moverdb.com\/lt\/wp-json\/wp\/v2\/pages\/1568\/revisions\/13170"}],"wp:attachment":[{"href":"https:\/\/moverdb.com\/lt\/wp-json\/wp\/v2\/media?parent=1568"}],"curies":[{"name":"wp","href":"https:\/\/api.w.org\/{rel}","templated":true}]}}