{"id":1558,"date":"2017-07-10T10:38:01","date_gmt":"2017-07-10T10:38:01","guid":{"rendered":"http:\/\/moverdb.com\/?page_id=1558"},"modified":"2026-01-08T15:20:30","modified_gmt":"2026-01-08T15:20:30","slug":"packimpex","status":"publish","type":"page","link":"https:\/\/moverdb.com\/lt\/packimpex\/","title":{"rendered":"\"Packimpex\" - Tarptautinis perk\u0117limas ir perkraustymas Atsiliepimai"},"content":{"rendered":"<p>\"Packimpex\" yra perk\u0117limo ir <a href=\"https:\/\/moverdb.com\/lt\/international-removals\/\" data-internallinksmanager029f6b8e52c=\"27\" title=\"36 geriausios tarptautinio perkraustymo \u012fmon\u0117s Jungtin\u0117je Karalyst\u0117je\">perkraustymo \u012fmon\u0117<\/a> \u012fsik\u016br\u0119s <a href=\"https:\/\/moverdb.com\/lt\/moving-to-bern\/\" data-internallinksmanager029f6b8e52c=\"262\" title=\"Persik\u0117limas \u012f Bern\u0105? 2023 Gyvenimo i\u0161laidos ir persik\u0117limo patarimai\">Bernas<\/a>, <a href=\"https:\/\/moverdb.com\/lt\/moving-to-switzerland\/\" data-internallinksmanager029f6b8e52c=\"327\" title=\"Persik\u0117limas \u012f \u0160veicarij\u0105? 2023 Gyvenimo i\u0161laidos ir persik\u0117limo patarimai\">\u0160veicarija<\/a>. Ji si\u016blo klientams \u012fvairias paslaugas, kurios i\u0161vardytos toliau kartu su \u012fmon\u0117s profiliu ir atsiliepimais.<\/p>\n<p><strong>Tarptautiniai perkraustymai<\/strong><\/p>\n<ul>\n<li> Specialus perkraustymo vadybininkas<\/li>\n<li> Visi\u0161ko pakavimo paslauga, dalinis pakavimas arba \"pasidaryk pats\" pakavimas<\/li>\n<li> Daugiakalbiai pakuotojai<\/li>\n<li> Daugkartinio naudojimo ir, jei \u012fmanoma, perdirbamos pakuot\u0117s.<\/li>\n<li> Gabenimas oro, keli\u0173 arba j\u016br\u0173 transportu<\/li>\n<li> Gyv\u016bno augintinio perk\u0117limas<\/li>\n<li> <a href=\"https:\/\/moverdb.com\/lt\/automobiliu-transportas-siuntimas\/\">Automobiliai<\/a><\/li>\n<li> Ilgalaikis ir trumpalaikis saugojimas<\/li>\n<li> Pagalba i\u0161muitinant ir tvarkant dokumentus<\/li>\n<li> Galimos visos i\u0161pakavimo paslaugos<\/li>\n<li> Sutvarkytas draudimas<\/li>\n<\/ul>\n<p><strong>Paskirties paslaugos - \u0160veicarija<\/strong><\/p>\n<ul>\n<li> Konsultacijos<\/li>\n<li> Imigracijos paslaugos<\/li>\n<li> Orientacin\u0117 kelion\u0117<\/li>\n<li> Atvykimo paslauga<\/li>\n<li> Suteiktas laikinas apgyvendinimas<\/li>\n<li> Prad\u017eia paie\u0161ka<\/li>\n<li> Pagalba \u0161vietimui ir vaik\u0173 prie\u017ei\u016brai<\/li>\n<li> \u012esik\u016brimo paslaugos<\/li>\n<li> Integracijos paramos programa<\/li>\n<li> Automobiliai - importuoti ar pirkti<\/li>\n<li> Grup\u0117s jud\u0117jimas<\/li>\n<li> I\u0161vykimo paslaugos<\/li>\n<\/ul>\n<p><strong>Korporatyvin\u0117s b\u016bsto paslaugos<\/strong><\/p>\n<ul>\n<li> Rezervacij\u0173 valdymas<\/li>\n<li> But\u0173 valdymas<\/li>\n<li> I\u0161laid\u0173 valdymas<\/li>\n<li> Pagalba kei\u010diant nuominink\u0105<\/li>\n<li> \u012emoni\u0173 but\u0173 sujungimas<\/li>\n<li> Bald\u0173 nuoma<\/li>\n<li> Bald\u0173 valdymas<\/li>\n<li> \u012erengti apartamentai i\u0161 \"Packimpex<\/li>\n<\/ul>\n<p><strong>Vietiniai perkraustymai<\/strong><\/p>\n<ul>\n<li> Nuo dur\u0173 iki dur\u0173<\/li>\n<li> Visapusi\u0161kos perkraustymo paslaugos<\/li>\n<li> Ribotas paslaug\u0173 perk\u0117limas<\/li>\n<li> Ilgalaikis ir trumpalaikis saugojimas<\/li>\n<li> I\u0161pakavimo paslauga<\/li>\n<li> Suteiktas draudimas<\/li>\n<li> Nuolau\u017e\u0173 \u0161alinimas<\/li>\n<\/ul>\n<h2>\"Packimpex\" \u012fmon\u0117s profilis<\/h2>\n<p>\"Packimpex\" 1977 m. prad\u0117jo u\u017esiimti tarptautiniais perkraustymais ir dabar yra tarptautinio perkraustymo ir perk\u0117limo \u0160veicarijoje lyder\u0117. \u012emon\u0117 turi de\u0161imt biur\u0173 \u012fvairiose \u0160veicarijos vietose ir vien\u0105 biur\u0105 <a href=\"https:\/\/moverdb.com\/lt\/moving-to-germany\/\" data-internallinksmanager029f6b8e52c=\"321\" title=\"Persik\u0117limas \u012f Vokietij\u0105? 2023 m. pragyvenimo i\u0161laidos ir persik\u0117limo patarimai\">Vokietija<\/a>. \"Packimpex\" dirba daugiau kaip 300 darbuotoj\u0173, kurie, kaip teigiama, yra savo srities specialistai. \u012emon\u0117 turi savo mokym\u0173 akademij\u0105, kad neatsilikt\u0173 nuo naujausi\u0173 perk\u0117limo ir perkraustymo pramon\u0117s naujovi\u0173.<\/p>\n<p>Daugiau nei 60% i\u0161 100 did\u017eiausi\u0173 \u0160veicarijos \u012fmoni\u0173 naudojasi \"Packimpex\" paslaugomis vietiniams perkraustymams ir darbuotoj\u0173 perk\u0117limui. \"Packimpex\" priklauso \"UniGroup Relocation Network\" tinklui, kuris suteikia prieig\u0105 prie persikraustymo paslaug\u0173 teik\u0117j\u0173 63 \u0161alyse ir 1200 vietovi\u0173. \u012emonei taip pat priklauso 40 \u012frengt\u0173 but\u0173 did\u017eiuosiuose \u0160veicarijos miestuose, kurie nuomojami \u012fmon\u0117ms ir j\u0173 u\u017esienyje dirbantiems darbuotojams.<\/p>\n<p>\"Packimpex\" did\u017eiuojasi savo aplinkai draugi\u0161ku verslo modeliu ir, kai \u012fmanoma, savo pakuotes perdirba. Ji nuolat vykdo \u012fvairius anglies dioksido kompensavimo projektus, kad suma\u017eint\u0173 \u012fmon\u0117s anglies dioksido p\u0117dsak\u0105.<\/p>\n<p>\"Packimpex\" turi \u0161ias akreditacijas ir naryst\u0119:<\/p>\n<ul>\n<li> <a href=\"https:\/\/moverdb.com\/lt\/fidi-faim\/\">FIDI<\/a><\/li>\n<li> <a href=\"https:\/\/moverdb.com\/lt\/fidi-faim\/\" data-internallinksmanager029f6b8e52c=\"16\" title=\"FIDI ir FAIM (FIDI akredituotas tarptautinis perve\u017e\u0117jas) paai\u0161kinimai\">FAIM<\/a>-ISO<\/li>\n<li> \"UniGroup\" perk\u0117limo tinklas<\/li>\n<li> OMNI<\/li>\n<li> <a href=\"https:\/\/moverdb.com\/lt\/darbuotoju-perkelimo-taryba\/\">\u012edarbinimo perk\u0117limo taryba<\/a> (<a href=\"https:\/\/moverdb.com\/lt\/employee-relocation-council\/\" data-internallinksmanager029f6b8e52c=\"83\" title=\"Pasaulin\u0117s darbuotoj\u0173 perk\u0117limo tarybos (ERC) paai\u0161kinimai\">ERC<\/a>)<\/li>\n<li> <a href=\"https:\/\/moverdb.com\/lt\/eura\/\">Europos persik\u0117limo asociacija<\/a> (<a href=\"https:\/\/moverdb.com\/lt\/eura\/\" data-internallinksmanager029f6b8e52c=\"13\" title=\"Europos persik\u0117limo asociacijos (EuRA) paai\u0161kinimai\">EURA<\/a>)<\/li>\n<li> ISO 9001<\/li>\n<li> ISO 14001<\/li>\n<li> ISO 27001<\/li>\n<\/ul>\n<h2>\"Packimpex\" atsiliepimai<\/h2>\n<p><strong>Teigiamas:<\/strong><\/p>\n<p><em>\"\u0160ie vaikinai buvo puik\u016bs. Neturiu supratimo apie <a href=\"https:\/\/moverdb.com\/lt\/persikraustymo-islaidos\/\" target=\"_blank\" rel=\"noopener\">i\u0161laidos<\/a> nes bendrov\u0117 tuo pasir\u016bpino, ta\u010diau r\u016bpestis, kurio jie \u0117m\u0117si pakuodami mano nam\u0105 <a href=\"https:\/\/moverdb.com\/lt\/moving-to-london\/\" target=\"_blank\" rel=\"noopener\">Londonas<\/a> ir tai, kaip kruop\u0161\u010diai jie visk\u0105 i\u0161 naujo sumontavo \u0161ioje pus\u0117je, buvo labai svarbu.\"<\/em> - per <a href=\"https:\/\/www.englishforum.ch\/housing-general\/131431-packimpex-review.html\" target=\"_blank\" rel=\"noopener\">Angl\u0173 kalbos forumas \u0160veicarija<\/a><\/p>\n<p><strong>Neigiamas: <\/strong><\/p>\n<p><em>\"Itin prastas i\u0161vykimo susitarim\u0173 tvarkymas\"<\/em> - Anu per <a href=\"https:\/\/www.facebook.com\/pg\/packimpex\/reviews\/?ref=page_internal\" target=\"_blank\" rel=\"noopener\">\"Facebook\"<\/a><\/p>\n<div itemprop=\"review\" itemscope itemtype=\"http:\/\/schema.org\/Review\">\n<span itemprop=\"author\" itemscope=\"\" itemtype=\"http:\/\/schema.org\/Organization\"><span itemprop=\"name\">MoverDB.com<\/span><\/span> Internetin\u0117s svetain\u0117s ap\u017evalga <span itemprop=\"itemreviewed\" itemscope=\"\" itemtype=\"http:\/\/schema.org\/Brand\"><span itemprop=\"name\">\"Packimpex\"<\/span><\/span>:<\/p>\n<ol>\n<li> Ai\u0161ki kontaktin\u0117 informacija svetain\u0117je (\u012fskaitant telefono numer\u012f): <strong>Taip<\/strong><\/li>\n<li> Lengva gauti <a href=\"https:\/\/moverdb.com\/lt\/citatos\/\">tarptautin\u0117s judan\u010dios citatos<\/a>? (internetin\u0117 s\u0105matos u\u017eklausos forma): <strong>Taip<\/strong><\/li>\n<li> Ai\u0161ki informacija svetain\u0117je: <strong>Taip,<\/strong> Svetain\u0117je ai\u0161kiai i\u0161d\u0117stytos visos j\u0173 si\u016blomos paslaugos.<\/li>\n<li> Naryst\u0117 tarptautin\u0117se pripa\u017eintose jud\u0117jimo organizacijose: <strong>Taip<\/strong>, (\u017er. pirmiau)<\/li>\n<li> Klient\u0173 s\u0105ra\u0161as ir (arba) ankstesni\u0173 klient\u0173 atsiliepimai. <strong>Ne,<\/strong> ta\u010diau dauguma internetini\u0173 atsiliepim\u0173 apie bendrov\u0119 atrodo teigiami.<\/li>\n<\/ol>\n<div itemprop=\"reviewRating\" itemscope itemtype=\"http:\/\/schema.org\/Rating\"><meta itemprop=\"worstRating\" content = \"0\" \/><meta itemprop=\"bestRating\" content=\"5\" \/><meta itemprop=\"ratingValue\" content=\"4.5\"><\/div>\n<p><strong>Bendras \u012fvertinimas: 4,5\/5<\/strong><br \/>\n<strong>Per\u017ei\u016bros data:<\/strong> <span itemprop=\"datePublished\" content=\"2017-07-10\">10\/07\/2017<\/span>\n<\/div>\n<p>Skaitykite daugiau apie <a href=\"https:\/\/moverdb.com\/lt\/juda-imones\/\">tarptautin\u0117s perkraustymo \u012fmon\u0117s<\/a> ir m\u016bs\u0173 <a href=\"https:\/\/moverdb.com\/lt\/atsiliepimai\/\">paai\u0161kintas per\u017ei\u016bros procesas<\/a>.<\/p>\n<p><strong>Interneto svetain\u0117:<\/strong> <a href=\"http:\/\/www.packimpex.ch\/\" target=\"_blank\" rel=\"noopener\">http:\/\/www.packimpex.ch\/<\/a><\/p>","protected":false},"excerpt":{"rendered":"<p>Packimpex is a relocation and removal company based in Bern, Switzerland. It offers its clients a range of services which are listed below, together with a company profile and reviews. International Moves Dedicated move manager Full packing service, partial packing or DIY packing Multilingual packers Reusable and recyclable packing where possible Air, road or sea [&hellip;]<\/p>\n","protected":false},"author":1,"featured_media":0,"parent":0,"menu_order":0,"comment_status":"closed","ping_status":"closed","template":"","meta":{"_genesis_hide_title":false,"_genesis_hide_breadcrumbs":false,"_genesis_hide_singular_image":false,"_genesis_hide_footer_widgets":false,"_genesis_custom_body_class":"","_genesis_custom_post_class":"","_genesis_layout":"","footnotes":""},"class_list":{"0":"post-1558","1":"page","2":"type-page","3":"status-publish","5":"entry"},"_links":{"self":[{"href":"https:\/\/moverdb.com\/lt\/wp-json\/wp\/v2\/pages\/1558","targetHints":{"allow":["GET"]}}],"collection":[{"href":"https:\/\/moverdb.com\/lt\/wp-json\/wp\/v2\/pages"}],"about":[{"href":"https:\/\/moverdb.com\/lt\/wp-json\/wp\/v2\/types\/page"}],"author":[{"embeddable":true,"href":"https:\/\/moverdb.com\/lt\/wp-json\/wp\/v2\/users\/1"}],"replies":[{"embeddable":true,"href":"https:\/\/moverdb.com\/lt\/wp-json\/wp\/v2\/comments?post=1558"}],"version-history":[{"count":4,"href":"https:\/\/moverdb.com\/lt\/wp-json\/wp\/v2\/pages\/1558\/revisions"}],"predecessor-version":[{"id":6228,"href":"https:\/\/moverdb.com\/lt\/wp-json\/wp\/v2\/pages\/1558\/revisions\/6228"}],"wp:attachment":[{"href":"https:\/\/moverdb.com\/lt\/wp-json\/wp\/v2\/media?parent=1558"}],"curies":[{"name":"wp","href":"https:\/\/api.w.org\/{rel}","templated":true}]}}