{"id":1548,"date":"2017-02-01T15:00:53","date_gmt":"2017-02-01T15:00:53","guid":{"rendered":"http:\/\/moverdb.com\/?page_id=1548"},"modified":"2026-01-08T15:20:43","modified_gmt":"2026-01-08T15:20:43","slug":"sirva","status":"publish","type":"page","link":"https:\/\/moverdb.com\/lt\/sirva\/","title":{"rendered":"SIRVA - Tarptautinis perkraustymas ir perk\u0117limas Atsiliepimai"},"content":{"rendered":"<p>SIRVA yra pasaulin\u0117 perkraustymo bendrov\u0117, kurios pagrindin\u0117 b\u016bstin\u0117 yra <a href=\"https:\/\/moverdb.com\/lt\/moving-to-the-united-states\/moving-to-illinois\/\" data-internallinksmanager029f6b8e52c=\"401\" title=\"Persik\u0117limas \u012f Ilinoj\u0173? 2023 m. gyvenimo i\u0161laidos ir persik\u0117limo patarimai\">Ilinojus<\/a>. \u012emon\u0117ms ir individualiems klientams ji si\u016blo \u012fvairias perkraustymo paslaugas. Jos i\u0161vardytos toliau, kartu su \u012fmon\u0117s profiliu ir atsiliepimais.<\/p>\n<p><strong>Tarptautinis perkraustymas<\/strong><\/p>\n<ul>\n<li> Pasaulinis judan\u010di\u0173 i\u0161tekli\u0173 tinklas<\/li>\n<li> Sekite savo siunt\u0105 24 valandas per par\u0105, 7 dienas per savait\u0119<\/li>\n<li> Namo ap\u017ei\u016bra siekiant nustatyti pakavimo reikalavimus ir kt.<\/li>\n<li> Sutvarkytas draudimas<\/li>\n<li> Asmeninis koordinatorius pad\u0117s parengti reikiamus dokumentus<\/li>\n<li> Pakavimas ir krovimas<\/li>\n<li> Muitinis \u012fforminimas<\/li>\n<li> Pristatymas ir i\u0161pakavimas<\/li>\n<li> Pristatymo metu jums pad\u0117s angli\u0161kai kalbantys \u012fgulos vadovai<\/li>\n<li> Visi daiktai bus kruop\u0161\u010diai i\u0161krauti, sutikrinti su j\u016bs\u0173 inventoriaus s\u0105ra\u0161u ir sud\u0117ti \u012f reikiamus kambarius.<\/li>\n<li> Trap\u016bs daiktai, pvz., stiklas ir <a href=\"https:\/\/moverdb.com\/lt\/moving-to-china\/\" data-internallinksmanager029f6b8e52c=\"357\" title=\"Persik\u0117limas \u012f Kinij\u0105? 2023 m. pragyvenimo i\u0161laidos ir persik\u0117limo patarimai\">Kinija<\/a>, bus i\u0161pakuoti ant lygaus pavir\u0161iaus<\/li>\n<li> Visos pakavimo med\u017eiagos ir \u0161iuk\u0161l\u0117s bus greitai pa\u0161alintos i\u0161 j\u016bs\u0173 nam\u0173.<\/li>\n<\/ul>\n<p><strong>\u012emoni\u0173 perk\u0117limo paslaugos<\/strong><\/p>\n<ul>\n<li> \u012esik\u016brimo paslaugos<\/li>\n<li> Vizos ir darbo leidimai<\/li>\n<li> Mokykl\u0173 ir nam\u0173 paie\u0161ka<\/li>\n<li> Kult\u016brin\u0117 informacija<\/li>\n<li> Pagalba partneriui \/ sutuoktiniui<\/li>\n<li> Specializuotas pakavimas<\/li>\n<\/ul>\n<p><strong>Perkraustymo paslaugos<\/strong><\/p>\n<ul>\n<li> Nam\u0173 \u016bkio perk\u0117limas<\/li>\n<li> \u012emon\u0117s \u017eingsnis<\/li>\n<li> Vietinis perk\u0117limas<\/li>\n<li> Tarpvalstybinis jud\u0117jimas<\/li>\n<li> Tarptautinis perkraustymas<\/li>\n<li> Asmeninis jud\u0117jimo planas<\/li>\n<\/ul>\n<h2>SIRVA \u012fmon\u0117s profilis<\/h2>\n<p>\"Sirva Inc\" buvo \u012fsteigta 1997 m. ir yra \u012fmon\u0117, teikianti persikraustymo ir perk\u0117limo paslaugas \u012fmon\u0117ms ir privatiems asmenims. Ji veikia daugiau nei 170 \u0161ali\u0173, daugiau nei 1400 miest\u0173, o jos \u0160iaur\u0117s Amerikos prek\u0117s \u017eenklai yra \u0161ie <a href=\"https:\/\/moverdb.com\/lt\/allied-van-lines\/\">\"Allied Van Lines<\/a> ir <a href=\"https:\/\/moverdb.com\/lt\/north-american-van-lines\/\">\"North American Van Lines<\/a>.<\/p>\n<p>Per metus \"Sirva\" atlieka apie 385 000 perk\u0117lim\u0173 43 pasaulio \u0161alyse. Tarp j\u0173 yra verslo klient\u0173, taip pat kariuomen\u0117s ir vyriausyb\u0117s darbuotoj\u0173.<\/p>\n<p>\"Sirva\" turi \u0161ias akreditacijas ir naryst\u0119:<\/p>\n<ul>\n<li> <a href=\"https:\/\/moverdb.com\/lt\/esu\/\">Tarptautin\u0117 perkraustytoj\u0173 asociacija<\/a> (<a href=\"https:\/\/moverdb.com\/lt\/iam\/\" data-internallinksmanager029f6b8e52c=\"23\" title=\"Tarptautin\u0117s perkraustytoj\u0173 asociacijos (IAM) paai\u0161kinimai\">IAM<\/a>)<\/li>\n<\/ul>\n<h2>SIRVA atsiliepimai<\/h2>\n<p><strong>Teigiamas:<\/strong><\/p>\n<ul>\n<li> <em>\"Mano vyras ir a\u0161 tur\u0117jome puiki\u0105 patirt\u012f naudodamiesi \"Sirva\" hipoteka m\u016bs\u0173 neseniai \u012fvykusio persikraustymo metu.\"<\/em> Karlee per <a href=\"https:\/\/www.reputada.com\/company\/sirva.com\" target=\"_blank\" rel=\"noopener\">Reputacija<\/a>.\n<\/ul>\n<p><strong>Neigiamas:<\/strong><\/p>\n<ul>\n<li> <em>\"Visi kartu mano atsakym\u0105, kad neb\u016bt\u0173 vertinamas kaip bet kokios r\u016b\u0161ies \"\u0161mei\u017eto\", A\u0161 stengsiuosi mano sunkiausia tiesiog pavaizduoti, kas \u012fvyko, bando naudoti kaip pora entuziasting\u0173 \u017eod\u017ei\u0173, kaip galima pagr\u012fstai tik\u0117tis\" <\/em> - Lilaora per <a href=\"https:\/\/www.trulia.com\/voices\/Home_Selling\/Has_anyone_dealt_with_a_relocation_firm_called_SIR-29232\" target=\"_blank\" rel=\"noopener\">Trulia<\/a>.\n<\/ul>\n<p>Apie SIRVA prek\u0117s \u017eenklus taip pat tur\u0117tum\u0117te skaityti <a href=\"https:\/\/moverdb.com\/lt\/allied-van-lines\/\">\"Allied Van Lines\" atsiliepimai<\/a> ir <a href=\"https:\/\/moverdb.com\/lt\/north-american-van-lines\/\">\"North American Van Lines\" atsiliepimai<\/a>.<\/p>\n<div itemprop=\"review\" itemscope itemtype=\"http:\/\/schema.org\/Review\">\n<span itemprop=\"author\" itemscope=\"\" itemtype=\"http:\/\/schema.org\/Organization\"><span itemprop=\"name\">MoverDB.com<\/span><\/span> Internetin\u0117s svetain\u0117s ap\u017evalga <span itemprop=\"itemreviewed\" itemscope=\"\" itemtype=\"http:\/\/schema.org\/Brand\"><span itemprop=\"name\">SIRVA<\/span><\/span>:<\/p>\n<ol>\n<li> Ai\u0161ki kontaktin\u0117 informacija svetain\u0117je (\u012fskaitant telefono numer\u012f): <strong>Taip<\/strong><\/li>\n<li> Lengva gauti <a href=\"https:\/\/moverdb.com\/lt\/citatos\/\">tarptautin\u0117s judan\u010dios citatos<\/a>? (internetin\u0117 s\u0105matos u\u017eklausos forma): <strong>Taip<\/strong><\/li>\n<li> Ai\u0161ki informacija svetain\u0117je: <strong>Taip,<\/strong> Svetain\u0117je ai\u0161kiai i\u0161d\u0117stytos visos j\u0173 si\u016blomos paslaugos.<\/li>\n<li> Naryst\u0117 tarptautin\u0117se pripa\u017eintose jud\u0117jimo organizacijose: <strong>Taip<\/strong>, (nors tik IAM)<\/li>\n<li> Klient\u0173 s\u0105ra\u0161as ir (arba) ankstesni\u0173 klient\u0173 atsiliepimai. <strong>Taip,<\/strong> j\u0173 svetain\u0117je yra atvej\u0173 analiz\u0117s skyrius. Ta\u010diau internete yra nedaug atsiliepim\u0173, kuri\u0173 dauguma yra neutral\u016bs arba neigiami.<\/li>\n<\/ol>\n<div itemprop=\"reviewRating\" itemscope itemtype=\"http:\/\/schema.org\/Rating\"><meta itemprop=\"worstRating\" content = \"0\" \/><meta itemprop=\"bestRating\" content=\"5\" \/><meta itemprop=\"ratingValue\" content=\"4.5\"><\/div>\n<p><strong>Bendras \u012fvertinimas: 4,5\/5<\/strong><br \/>\n<strong>Per\u017ei\u016bros data:<\/strong> <span itemprop=\"datePublished\" content=\"2016-02-01\">01\/02\/2017<\/span>\n<\/div>\n<p>Skaitykite daugiau apie <a href=\"https:\/\/moverdb.com\/lt\/juda-imones\/\">tarptautiniai perkraustytojai<\/a> ir m\u016bs\u0173 <a href=\"https:\/\/moverdb.com\/lt\/atsiliepimai\/\">per\u017ei\u016bros procesas<\/a>.<\/p>\n<p><strong>Interneto svetain\u0117:<\/strong> <a href=\"https:\/\/www.sirva.com\/\" target=\"_blank\" rel=\"noopener\">https:\/\/www.sirva.com\/<\/a> <\/p>","protected":false},"excerpt":{"rendered":"<p>SIRVA is a global relocation company with its head office in Illinois. It offers its corporate and individual clients a variety of moving services. These are listed below together with a company profile and reviews. International Moving Worldwide network of moving resources Track your shipment 24\/7 House survey to ascertain packing requirements etc Insurance arranged [&hellip;]<\/p>\n","protected":false},"author":1,"featured_media":0,"parent":0,"menu_order":0,"comment_status":"closed","ping_status":"closed","template":"","meta":{"_genesis_hide_title":false,"_genesis_hide_breadcrumbs":false,"_genesis_hide_singular_image":false,"_genesis_hide_footer_widgets":false,"_genesis_custom_body_class":"","_genesis_custom_post_class":"","_genesis_layout":"","footnotes":""},"class_list":{"0":"post-1548","1":"page","2":"type-page","3":"status-publish","5":"entry"},"_links":{"self":[{"href":"https:\/\/moverdb.com\/lt\/wp-json\/wp\/v2\/pages\/1548","targetHints":{"allow":["GET"]}}],"collection":[{"href":"https:\/\/moverdb.com\/lt\/wp-json\/wp\/v2\/pages"}],"about":[{"href":"https:\/\/moverdb.com\/lt\/wp-json\/wp\/v2\/types\/page"}],"author":[{"embeddable":true,"href":"https:\/\/moverdb.com\/lt\/wp-json\/wp\/v2\/users\/1"}],"replies":[{"embeddable":true,"href":"https:\/\/moverdb.com\/lt\/wp-json\/wp\/v2\/comments?post=1548"}],"version-history":[{"count":5,"href":"https:\/\/moverdb.com\/lt\/wp-json\/wp\/v2\/pages\/1548\/revisions"}],"predecessor-version":[{"id":6239,"href":"https:\/\/moverdb.com\/lt\/wp-json\/wp\/v2\/pages\/1548\/revisions\/6239"}],"wp:attachment":[{"href":"https:\/\/moverdb.com\/lt\/wp-json\/wp\/v2\/media?parent=1548"}],"curies":[{"name":"wp","href":"https:\/\/api.w.org\/{rel}","templated":true}]}}