{"id":1542,"date":"2017-02-01T16:45:14","date_gmt":"2017-02-01T16:45:14","guid":{"rendered":"http:\/\/moverdb.com\/?page_id=1542"},"modified":"2026-05-15T15:00:55","modified_gmt":"2026-05-15T15:00:55","slug":"vip-transport","status":"publish","type":"page","link":"https:\/\/moverdb.com\/lt\/vip-transport\/","title":{"rendered":"\"VIP Transport\" - Tarptautinio perkraustymo ap\u017evalgos"},"content":{"rendered":"<p>\"VIP Transport\" pagrindin\u0117 b\u016bstin\u0117 yra Corona, Kalifornijoje. \u012emon\u0117 savo klientams si\u016blo \u012fvairias perkraustymo paslaugas, kurios i\u0161vardytos toliau kartu su \u012fmon\u0117s profiliu ir atsiliepimais.<\/p>\n<p><strong>Tarptautiniai perkraustymai<\/strong><\/p>\n<p>Paslaugos prie\u0161 paskyrim\u0105<\/p>\n<ul>\n<li>Viz\u0173 ir imigracijos paslaugos<\/li>\n<li>I\u0161ankstin\u0117 kelion\u0117 ir orientavimasis vietov\u0117je<\/li>\n<li>Informacija apie \u0161al\u012f ir kult\u016br\u0105<\/li>\n<\/ul>\n<p>Perkraustymo paslaugos<\/p>\n<ul>\n<li>Planavimas prie\u0161 persikraustym\u0105<\/li>\n<li>Daikt\u0173 gabenimas<\/li>\n<li>Perkraustymo valdymas<\/li>\n<li>Siuntos steb\u0117jimas<\/li>\n<\/ul>\n<p>Tarptautin\u0117s paskirties paslaugos<\/p>\n<ul>\n<li>Kult\u016bros ir kalbos mokymas<\/li>\n<li>Pagalba mokyklai<\/li>\n<li>Partnerio \/ sutuoktinio parama<\/li>\n<li>\u012esitvirtinimas tarnyboje<\/li>\n<li>Pagalba i\u0161vykstant<\/li>\n<\/ul>\n<p>Apsaugos paslaugos<\/p>\n<ul>\n<li>Svorio daugiklis<\/li>\n<li>Didel\u0117s vert\u0117s atsargos<\/li>\n<li>\u012ekainotas inventorius<\/li>\n<\/ul>\n<p>Pagalba b\u016bstui<\/p>\n<ul>\n<li>Nam\u0173 paie\u0161kos paslaugos<\/li>\n<li>Laikinas apgyvendinimas<\/li>\n<li>Nekilnojamojo turto ir nuomos valdymas<\/li>\n<\/ul>\n<p><strong>Nam\u0173 perk\u0117limas<\/strong><\/p>\n<ul>\n<li>Vietinis, tolimojo ir tarptautinio jud\u0117jimo<\/li>\n<li>Sand\u0117liavimas ir klimato kontroliuojamas sand\u0117liavimas<\/li>\n<li>Individualus \u012fpakavimas<\/li>\n<li>Pakavimo ir i\u0161pakavimo paslaugos<\/li>\n<li>Automobili\u0173 transportas<\/li>\n<li>Tinklo, kompiuterio ir kino teatro prijungimas<\/li>\n<li>Nekilnojamojo turto paslaugos<\/li>\n<li>Balt\u0173j\u0173 pir\u0161tini\u0173 paslaugos<\/li>\n<\/ul>\n<p><strong>\u012emoni\u0173 perk\u0117limas<\/strong><\/p>\n<ul>\n<li>Asmeninis koordinatorius<\/li>\n<li>Nuo dur\u0173 iki dur\u0173<\/li>\n<li>Visos pakavimo ir i\u0161pakavimo paslaugos<\/li>\n<li>Ilgalaikis ir trumpalaikis saugojimas<\/li>\n<li>I\u0161samios ataskaitos ir i\u0161laid\u0173 steb\u0117jimas<\/li>\n<li>Daugiapakopiai paslaug\u0173 pasi\u016blymai<\/li>\n<li>Lanks\u010dios paslaugos, skirtos i\u0161laidoms, pagr\u012fstoms dienpinigiais<\/li>\n<li>Individualizuotos sveikinimo skrajut\u0117s<\/li>\n<li>Sekimas internetu<\/li>\n<li>Tik darbuotojams skirtas paskyros vadybininkas<\/li>\n<li>Laikinas apgyvendinimas<\/li>\n<\/ul>\n<p><strong>Specializuotos paslaugos<\/strong><\/p>\n<ul>\n<li>Vyno perve\u017eimo ir gabenimo paslaugos<\/li>\n<li>Individualizuotas krovini\u0173 gabenimas<\/li>\n<li>Balt\u0173j\u0173 pir\u0161tini\u0173 paslaugos<\/li>\n<li>Didel\u0117s vert\u0117s kolekciniai daiktai<\/li>\n<li>Medicinin\u0117s \u012frangos transportavimas<\/li>\n<li>Elektronika ir robotika<\/li>\n<li>Svetingumas ir sveikatos prie\u017ei\u016bra<\/li>\n<li>Muzikiniai ir pramoginiai renginiai<\/li>\n<li>Aviacijos ir kosmoso logistika<\/li>\n<li>Sportinink\u0173 ir sporto komand\u0173 perk\u0117limas<\/li>\n<li>Paslaugos Havaj\u0173 salose<\/li>\n<li>Laboratorija juda<\/li>\n<li>Daili\u0173j\u0173 men\u0173 ir antikvarini\u0173 daikt\u0173<\/li>\n<li>Kariuomen\u0117 ir GSA<\/li>\n<li>Universitet\u0173 ir akademini\u0173 \u012fstaig\u0173 perk\u0117limai<\/li>\n<\/ul>\n<p><strong>Logistika<\/strong><\/p>\n<ul>\n<li>Logistika \/ LTL \/ sunkve\u017eimi\u0173 kroviniai<\/li>\n<li>Sand\u0117liavimas ir platinimas<\/li>\n<li>Laivyno paj\u0117gumai<\/li>\n<li>Prekybos parod\u0173 paslaugos<\/li>\n<li>Komercini\u0173 patalp\u0173 perk\u0117limas<\/li>\n<li>Plok\u0161\u010di\u0173j\u0173 platform\u0173 paslaugos<\/li>\n<li>Tvirtinimo paslaugos<\/li>\n<li><a href=\"https:\/\/moverdb.com\/lt\/container-shipping\/\" data-internallinksmanager029f6b8e52c=\"3\" title=\"Tarptautini\u0173 konteineri\u0173 gabenimo tarif\u0173 diagrama: 2026 m. gegu\u017e\u0117s m\u0117n.\">Tarptautinis pristatymas<\/a><\/li>\n<\/ul>\n<p><strong>Saugykla<\/strong><\/p>\n<ul>\n<li>Ilgalaikis ir trumpalaikis<\/li>\n<li>Klimato kontrol\u0117 su minimaliu UV ap\u0161vietimu<\/li>\n<li>Privati vyno saugykla<\/li>\n<li>24 val. apsauga<\/li>\n<li>Grie\u017etas prie\u0161gaisrinis, signalizacijos ir apsaugos testavimas<\/li>\n<li>Privat\u016bs klimato kontrol\u0117s kambariai su saugiomis \u012f\u0117jimo kod\u0173 sistemomis<\/li>\n<\/ul>\n<h2>\"VIP Transport\" \u012fmon\u0117s profilis<\/h2>\n<p>\"VIP Transport\" priklauso \"UniGroup\", kuri yra patronuojan\u010dioji bendrov\u0117 <a href=\"https:\/\/moverdb.com\/lt\/mayflower-transit\/\">\"Mayflower Transit<\/a> ir <a href=\"https:\/\/moverdb.com\/lt\/united-van-lines\/\">\"United Van Lines<\/a>. 1982 m. veikl\u0105 prad\u0117jusi bendrov\u0117, remdamasi \"UniGroup\" agent\u016br\u0173 tinklu, ve\u017ea \u017emones ir prekes visame pasaulyje. <\/p>\n<p>\u012e <a href=\"https:\/\/moverdb.com\/lt\/moving-to-the-united-states\/\" data-internallinksmanager029f6b8e52c=\"94\" title=\"Persik\u0117limas \u012f Jungtines Amerikos Valstijas? 2022 Gyvenimo i\u0161laidos ir persik\u0117limo patarimai\">Jungtin\u0117s Amerikos Valstijos<\/a> vien tik Lietuvoje yra 1 100 agent\u0173, o tarptautiniu mastu - daugiau nei 1 350 agent\u0173. \"VIP Transport\" taip pat turi galimyb\u0119 naudotis 46 mln. kvadratini\u0173 p\u0117d\u0173 sand\u0117liavimo patalpomis, i\u0161 kuri\u0173 7 mln. p\u0117d\u0173 yra kontroliuojamos klimato kaitos.<\/p>\n<p>\"VIP Transport\" valdo specializuot\u0105 transporto priemoni\u0173 park\u0105, kur\u012f sudaro priekabos su klimato kontrol\u0117s sistema, generatoriais varomi laboratoriniai mikroautobusai ir plok\u0161\u010diaauk\u0161t\u0117s platformos su specialiomis krovos galimyb\u0117mis. \u012emon\u0117 laikosi grie\u017etos ekologi\u0161kos programos, kad kuo labiau suma\u017eint\u0173 anglies dioksido p\u0117dsak\u0105.<br \/>\n\"VIP Transport\" turi \u0161ias akreditacijas ir naryst\u0119:<\/p>\n<ul>\n<li> <a href=\"https:\/\/moverdb.com\/lt\/amsa\/\">Amerikos perkraustymo ir saugojimo asociacija<\/a> (<a href=\"https:\/\/moverdb.com\/lt\/amsa\/\" data-internallinksmanager029f6b8e52c=\"5\" title=\"Amerikos jud\u0117jimo ir saugojimo asociacijos (AMSA) paai\u0161kinimai\">AMSA<\/a>)<\/li>\n<li> <a href=\"https:\/\/moverdb.com\/lt\/ratlankio-remelis\/\">\"ProMover\"<\/a><\/li>\n<li> Geresnio verslo biuras (BBB) A+<\/li>\n<li> WBENC sertifikuota<\/li>\n<li> ISO 9001<\/li>\n<\/ul>\n<h2>\"VIP Transport\" ap\u017evalgos<\/h2>\n<p><strong>Teigiamas:<\/strong><\/p>\n<ul>\n<li> <em>\"The <a href=\"https:\/\/moverdb.com\/lt\/persikelimas-i-los-andzela\/\">Los And\u017eelas<\/a> \"Clippers\" ir \"VIP Transport\" ilgus metus palaik\u0117 puikius santykius. Jie visada buvo pasireng\u0119 pad\u0117ti mums perve\u017eti kelis pagrindinius \u017eaid\u0117jus ir tai dar\u0117 be joki\u0173 \u017eaid\u0117j\u0173 nusiskundim\u0173.\"<\/em> - per <a href=\"http:\/\/www.viptransport.com\/testimonials\/\" target=\"_blank\" rel=\"noopener\">\u012fmon\u0117s atsiliepimas<\/a> puslapis.<\/li>\n<li> <em>\"\u0160ie vaikinai gauna 10 bal\u0173 i\u0161 10.  Nuo pirmojo kontakto iki darbo pabaigos gavome \"A-1\" paslaugas.  \"<\/em> - Robertas per <a href=\"https:\/\/www.yelp.com\/biz\/vip-transport-corona-6?hrid=nuC3r_2wy6HRLOm4owqitg&#038;utm_campaign=www_review_share_popup&#038;utm_medium=copy_link&#038;utm_source=(direct)\" target=\"_blank\" rel=\"noopener\">\"Yelp\"<\/a><\/li>\n<li> <em>\"Su \"VIP\" tur\u0117jau puikios patirties!\"<\/em> - Michelle per <a href=\"https:\/\/www.mymovingreviews.com\/movers\/vip-transport-781#53376\" target=\"_blank\" rel=\"noopener\">MyMovingReviews<\/a><\/li>\n<\/ul>\n<p><strong>Neigiamas:<\/strong><\/p>\n<ul>\n<li><em>\"Nor\u0117\u010diau, kad jiems gal\u0117\u010diau skirti nul\u012f \u017evaig\u017edu\u010di\u0173.\"<\/em> - Nancy T per <a href=\"https:\/\/www.yelp.com\/biz\/vip-transport-corona-6?hrid=DvJSu2LKWnFvj2WuqZXtoQ&#038;utm_campaign=www_review_share_popup&#038;utm_medium=copy_link&#038;utm_source=(direct)\" target=\"_blank\" rel=\"noopener\">\"Yelp\"<\/a><\/li>\n<li> <em>\"Pasirinkau \"Mayflower\/VIP Transport\" d\u0117l atstovo, kuris atvyko atlikti s\u0105mat\u0105 vietoje. Jo paai\u0161kinimai man buvo prasmingiausi i\u0161 kit\u0173 s\u0105mat\u0173. Ta\u010diau, kaip paai\u0161k\u0117jo, jo apskai\u010diuotas svoris buvo 6 000 svar\u0173 didesnis nei mano tikrasis svoris.\"<\/em> - Ruthie per <a href=\"https:\/\/www.mymovingreviews.com\/movers\/vip-transport-781#50382\" target=\"_blank\" rel=\"noopener\">MyMovingReviews<\/a><\/li>\n<\/ul>\n<div itemprop=\"review\" itemscope itemtype=\"http:\/\/schema.org\/Review\">\n<span itemprop=\"author\" itemscope=\"\" itemtype=\"http:\/\/schema.org\/Organization\"><span itemprop=\"name\">MoverDB.com<\/span><\/span> Internetin\u0117s svetain\u0117s ap\u017evalga <span itemprop=\"itemreviewed\" itemscope=\"\" itemtype=\"http:\/\/schema.org\/Brand\"><span itemprop=\"name\">VIP transportas<\/span><\/span>:<\/p>\n<ol>\n<li> Ai\u0161ki kontaktin\u0117 informacija svetain\u0117je (\u012fskaitant telefono numer\u012f): <strong>Taip<\/strong><\/li>\n<li> Lengva gauti <a href=\"https:\/\/moverdb.com\/lt\/citatos\/\">tarptautin\u0117s judan\u010dios citatos<\/a>? (internetin\u0117 s\u0105matos u\u017eklausos forma): <strong>Taip<\/strong><\/li>\n<li> Ai\u0161ki informacija svetain\u0117je: <strong>Taip,<\/strong> svetain\u0117je pateikiama daug i\u0161samios informacijos apie jud\u0117jim\u0105.<\/li>\n<li> Naryst\u0117 tarptautin\u0117se pripa\u017eintose jud\u0117jimo organizacijose: <strong>Taip<\/strong>, (\u017er. pirmiau)<\/li>\n<li> Klient\u0173 s\u0105ra\u0161as ir (arba) ankstesni\u0173 klient\u0173 atsiliepimai. <strong>Taip,<\/strong> daug teigiam\u0173 klient\u0173 atsiliepim\u0173 galima rasti j\u0173 svetain\u0117je, o kitur \u017einiatinklyje jie daugiausia teigiamai atsiliepia.<\/li>\n<\/ol>\n<div itemprop=\"reviewRating\" itemscope itemtype=\"http:\/\/schema.org\/Rating\"><meta itemprop=\"worstRating\" content = \"0\" \/><meta itemprop=\"bestRating\" content=\"5\" \/><meta itemprop=\"ratingValue\" content=\"5\"><\/div>\n<p><strong>Bendras \u012fvertinimas: 5\/5<\/strong><br \/>\n<strong>Per\u017ei\u016bros data:<\/strong> <span itemprop=\"datePublished\" content=\"2017-02-01\">01\/02\/2017<\/span>\n<\/div>\n<p>Skaitykite daugiau apie <a href=\"https:\/\/moverdb.com\/lt\/juda-imones\/\">tarptautin\u0117s perkraustymo \u012fmon\u0117s<\/a> ir m\u016bs\u0173 <a href=\"https:\/\/moverdb.com\/lt\/atsiliepimai\/\">per\u017ei\u016bros procesas<\/a>.<\/p>\n<p><strong>Interneto svetain\u0117s:<\/strong> <a href=\"http:\/\/www.viptransport.com\/\" target=\"_blank\" rel=\"noopener\">http:\/\/www.viptransport.com\/<\/a><\/p>","protected":false},"excerpt":{"rendered":"<p>VIP Transport&#8217;s head office is in Corona, CA. The company offers its clients a variety of moving services which are listed below, together with a company profile and reviews. International Moves Pre-assignment Services Visa and immigration services Preview trip and area orientation Country and culture information Moving Services Pre-move planning Transportation of belongings Managing the [&hellip;]<\/p>\n","protected":false},"author":1,"featured_media":0,"parent":0,"menu_order":0,"comment_status":"closed","ping_status":"closed","template":"","meta":{"_genesis_hide_title":false,"_genesis_hide_breadcrumbs":false,"_genesis_hide_singular_image":false,"_genesis_hide_footer_widgets":false,"_genesis_custom_body_class":"","_genesis_custom_post_class":"","_genesis_layout":"","footnotes":""},"class_list":{"0":"post-1542","1":"page","2":"type-page","3":"status-publish","5":"entry"},"_links":{"self":[{"href":"https:\/\/moverdb.com\/lt\/wp-json\/wp\/v2\/pages\/1542","targetHints":{"allow":["GET"]}}],"collection":[{"href":"https:\/\/moverdb.com\/lt\/wp-json\/wp\/v2\/pages"}],"about":[{"href":"https:\/\/moverdb.com\/lt\/wp-json\/wp\/v2\/types\/page"}],"author":[{"embeddable":true,"href":"https:\/\/moverdb.com\/lt\/wp-json\/wp\/v2\/users\/1"}],"replies":[{"embeddable":true,"href":"https:\/\/moverdb.com\/lt\/wp-json\/wp\/v2\/comments?post=1542"}],"version-history":[{"count":5,"href":"https:\/\/moverdb.com\/lt\/wp-json\/wp\/v2\/pages\/1542\/revisions"}],"predecessor-version":[{"id":6250,"href":"https:\/\/moverdb.com\/lt\/wp-json\/wp\/v2\/pages\/1542\/revisions\/6250"}],"wp:attachment":[{"href":"https:\/\/moverdb.com\/lt\/wp-json\/wp\/v2\/media?parent=1542"}],"curies":[{"name":"wp","href":"https:\/\/api.w.org\/{rel}","templated":true}]}}