{"id":1540,"date":"2017-02-26T17:21:37","date_gmt":"2017-02-26T17:21:37","guid":{"rendered":"http:\/\/moverdb.com\/?page_id=1540"},"modified":"2026-01-08T15:20:37","modified_gmt":"2026-01-08T15:20:37","slug":"royal-hawaiian-movers","status":"publish","type":"page","link":"https:\/\/moverdb.com\/lt\/royal-hawaiian-movers\/","title":{"rendered":"\"Royal Hawaiian Movers\" - Tarptautinio perkraustymo ap\u017evalgos"},"content":{"rendered":"<p>\"Royal Hawaiian Movers\" savo klientams si\u016blo \u012fvairius vietinius, tarp sal\u0173 ir \u017eemynin\u0117s dalies perve\u017eimus. Toliau pateikiamas j\u0173 paslaug\u0173 s\u0105ra\u0161as, \u012fmon\u0117s profilis ir atsiliepimai.<\/p>\n<p><strong>Tarptautiniai, \u017eemynin\u0117s dalies ir tarp sal\u0173 perkraustymai<\/strong><\/p>\n<ul>\n<li> Nuo dur\u0173 iki dur\u0173<\/li>\n<li >Visi\u0161ko pakavimo paslauga, tik trapi\u0173 daikt\u0173 pakavimas arba \"pasidaryk pats\" pakavimas<\/li>\n<li> Bald\u0173 i\u0161ardymas ir surinkimas<\/li>\n<li> IT pa\u0161alinimas ir s\u0105ranka<\/li>\n<li> I\u0161pakavimo paslauga<\/li>\n<li> Ilgalaikis ir trumpalaikis sand\u0117liavimas<\/li>\n<li> Krovini\u0173 gabenimas oru arba j\u016bra<\/li>\n<li> Sutvarkytas draudimas<\/li>\n<\/ul>\n<p><strong>Vietiniai ir kariniai perkraustymai<\/strong><\/p>\n<ul>\n<li> Nuo dur\u0173 iki dur\u0173<\/li>\n<li> Pateiktos pakavimo med\u017eiagos<\/li>\n<li> Ilgalaikis ir trumpalaikis saugojimas<\/li>\n<li> Galimas pilnas pakavimo paslaug\u0173 teikimas arba \"pasidaryk pats\" pakavimas<\/li>\n<li> Bald\u0173 i\u0161ardymas ir surinkimas<\/li>\n<li> I\u0161pakavimo paslauga<\/li>\n<li> Sutvarkytas draudimas<\/li>\n<\/ul>\n<p><strong>Specializuotos perkraustymo paslaugos<\/strong><\/p>\n<ul>\n<li> Sunkioji technika<\/li>\n<li> Medicinin\u0117s perkraustymo paslaugos<\/li>\n<li> Negabaritin\u0117 \u012franga<\/li>\n<\/ul>\n<p><strong>\u012erengimas<\/strong><\/p>\n<ul>\n<li> Vie\u0161butis<\/li>\n<li> FF&amp;E (baldai, \u012frenginiai ir \u012franga)<\/li>\n<li> Biuras<\/li>\n<li> Specialyb\u0117<\/li>\n<\/ul>\n<h2>\"Royal Hawaiian Movers\" \u012fmon\u0117s profilis<\/h2>\n<p>\"Royal Hawaiian Movers\" 1982 m. \u012fk\u016br\u0117 Richardas L DeWittas. \u012emon\u0117 prad\u0117jo savo veikl\u0105 Honolulu mieste, kur aptarnavo kari\u0161kius Oahu saloje. Net ir \u0161iandien kari\u0161kiai yra \"Royal Hawaiian Movers\" pagrindas. Devintojo de\u0161imtme\u010dio pabaigoje bendrov\u0117 nusprend\u0117 pl\u0117stis ir imtis sunkve\u017eimi\u0173 ir krovini\u0173 gabenimo veiklos. Dabar \u012fmon\u0117 turi daugiau kaip 60 perkraustymo transporto priemoni\u0173 park\u0105.<\/p>\n<p>Nuo to laiko \"Royal Hawaiian Movers\" i\u0161pl\u0117t\u0117 savo versl\u0105, apimant\u012f gyvenamosios, komercin\u0117s ir karin\u0117s paskirties perve\u017eimus vietoje, tarp sal\u0173 ir tarptautiniu mastu. \"DeWitt\" \u012fmoni\u0173 grup\u0117 jau daugiau kaip 80 met\u0173 perve\u017ea \u017emones ir \u012fmones visame pasaulyje, o \"Royal Hawaiian Movers\" d\u017eiaugiasi per de\u0161imtme\u010dius sukaupta patirtimi. <\/p>\n<p>J\u0173 etosas - u\u017emegzti pasitik\u0117jimu gr\u012fstus santykius su klientais, kad jie sugr\u012f\u017et\u0173 kiekvien\u0105 kart\u0105.<\/p>\n<p>\"Royal Hawaiian Movers\" turi \u0161ias akreditacijas ir priklausomyb\u0119:<\/p>\n<ul>\n<li> <a href=\"https:\/\/moverdb.com\/lt\/ratlankio-remelis\/\">AMSA Pro Movers<\/a><\/li>\n<li> Sertifikuoti perkraustymo konsultantai<\/li>\n<li> Sertifikuoti pavojing\u0173 med\u017eiag\u0173 vairuotojai<\/li>\n<li> Transporto darbuotoj\u0173 identifikavimo kortel\u0117<\/li>\n<li> Geresnio verslo biuras (BBB)<\/li>\n<li> \"DeWitt Move Worldwide\" - \"DeWitt Move Worldwide\" nar\u0117 <a href=\"https:\/\/moverdb.com\/lt\/esu\/\">IAM<\/a><\/li>\n<li> DOT licencija #227698<\/li>\n<li> DOT motorini\u0173 transporto priemoni\u0173 ve\u017e\u0117jo licencija #165352<\/li>\n<li> DOT <a href=\"https:\/\/moverdb.com\/lt\/freight-forwarder\/\" data-internallinksmanager029f6b8e52c=\"17\" title=\"Tarptautini\u0173 ekspeditori\u0173 ir NVOCC s\u0105naud\u0173 ir \u012fmoni\u0173 vadovas\">Krovini\u0173 ekspeditorius<\/a> Licencija #003549<\/li>\n<\/ul>\n<h2>Karali\u0161kieji Havaj\u0173 Movers Atsiliepimai<\/h2>\n<p><strong>Teigiamas:<\/strong><\/p>\n<ul>\n<li> <em>\"Persik\u0117limas i\u0161 Honolulu \u012f <a href=\"https:\/\/moverdb.com\/lt\/moving-to-the-united-states\/moving-to-california\/\" data-internallinksmanager029f6b8e52c=\"330\" title=\"Persik\u0117limas \u012f Kalifornij\u0105? 2023 m. gyvenimo i\u0161laidos ir persik\u0117limo patarimai\">Kalifornija<\/a>, karinis rinkinys <a href=\"https:\/\/moverdb.com\/lt\/moving-to-the-united-states\/\" data-internallinksmanager029f6b8e52c=\"94\" title=\"Persik\u0117limas \u012f Jungtines Amerikos Valstijas? 2022 Gyvenimo i\u0161laidos ir persik\u0117limo patarimai\">mus<\/a> su \"Royal Hawaiian Movers\"... ***AMAZING*** klient\u0173 aptarnavimas.... Jie buvo informatyv\u016bs, mandag\u016bs, tvarkingi ir efektyv\u016bs. Royal Hawaiian Movers yra viskas, ko reikia j\u016bs\u0173 persikraustymo ir siuntimo problemoms spr\u0119sti!!!\"<\/em> - Kelly G <a href=\"http:\/\/royalhawaiianmovers.com\/our-difference\/what-customers-say\/\" target=\"_blank\" rel=\"noopener\">kliento atsiliepimas<\/a><\/li>\n<li> <em>\"Profesionalus ir puikiai pasir\u016bpino mano daiktais. Persik\u0117liau \u012f \u017eemyn\u0105... bet jie man palengvino i\u0161vykim\u0105 <a href=\"https:\/\/moverdb.com\/lt\/moving-to-the-united-states\/moving-to-hawaii\/\" data-internallinksmanager029f6b8e52c=\"403\" title=\"Persik\u0117limas \u012f Havajus? 2023 m. pragyvenimo i\u0161laidos ir persik\u0117limo patarimai\">Havajai<\/a>.\"<\/em> - Robin per <a href=\"https:\/\/www.facebook.com\/pg\/RoyalHawaiianMV\/reviews\/\" target=\"_blank\" rel=\"noopener\">\"Facebook\"<\/a><\/li>\n<li> <em>\"Apskritai, rekomenduo\u010diau juos pagal kain\u0105 ir paslaug\u0173 kokyb\u0119.\"<\/em> - Ryanas per <a href=\"https:\/\/www.yelp.com\/biz\/royal-hawaiian-movers-honolulu-2?hrid=ClTUD764MZQoXt6f0DBLoA&#038;utm_campaign=www_review_share_popup&#038;utm_medium=copy_link&#038;utm_source=(direct)\" target=\"_blank\" rel=\"noopener\">\"Yelp\"<\/a><\/li>\n<\/ul>\n<p><strong>Neigiamas:<\/strong><\/p>\n<ul>\n<li> <em>\"Apgailestauju, kad turiu pasakyti, jog \"Royal Hawaiian\" perkraustytojai yra siaubingi perkraustytojai! Jie sulau\u017e\u0117 m\u016bs\u0173 daiktus, dingo kai kurie mano seneli\u0173 daiktai.\"<\/em> - Sharon per <a href=\"https:\/\/www.facebook.com\/pg\/RoyalHawaiianMV\/reviews\/\" target=\"_blank\" rel=\"noopener\">\"Facebook\"<\/a><\/li>\n<li> <em>\"Jie skub\u0117jo mus supakuoti ir atliko siaubing\u0105 darb\u0105. Daugyb\u0117 m\u016bs\u0173 daikt\u0173 buvo sulau\u017eyti ir visi\u0161kai sugadinti.\"<\/em> - Meghan per <a href=\"https:\/\/www.yelp.com\/biz\/royal-hawaiian-movers-honolulu-2?hrid=2GCVIxDDbA41_6OusJ2KIQ&#038;utm_campaign=www_review_share_popup&#038;utm_medium=copy_link&#038;utm_source=(direct)\" target=\"_blank\" rel=\"noopener\">\"Yelp\"<\/a><\/li>\n<\/ul>\n<div itemprop=\"review\" itemscope itemtype=\"http:\/\/schema.org\/Review\">\n<span itemprop=\"author\" itemscope=\"\" itemtype=\"http:\/\/schema.org\/Organization\"><span itemprop=\"name\">MoverDB.com<\/span><\/span> Internetin\u0117s svetain\u0117s ap\u017evalga <span itemprop=\"itemreviewed\" itemscope=\"\" itemtype=\"http:\/\/schema.org\/Brand\"><span itemprop=\"name\">Karali\u0161kieji Havaj\u0173 Movers<\/span><\/span>:<\/p>\n<ol>\n<li> Ai\u0161ki kontaktin\u0117 informacija svetain\u0117je (\u012fskaitant telefono numer\u012f): <strong>Taip<\/strong><\/li>\n<li> Lengva gauti <a href=\"https:\/\/moverdb.com\/lt\/citatos\/\">tarptautin\u0117s judan\u010dios citatos<\/a>? (internetin\u0117 s\u0105matos u\u017eklausos forma): <strong>Taip<\/strong><\/li>\n<li> Ai\u0161ki informacija svetain\u0117je: <strong>Taip,<\/strong> apra\u0161omos visos paslaugos, ta\u010diau nesileid\u017eiant \u012f pernelyg dideles detales.<\/li>\n<li> Naryst\u0117 tarptautin\u0117se pripa\u017eintose jud\u0117jimo organizacijose: <strong>Taip<\/strong>, (\u017er. pirmiau)<\/li>\n<li> Klient\u0173 s\u0105ra\u0161as ir (arba) ankstesni\u0173 klient\u0173 atsiliepimai: <strong>Taip,<\/strong> ir nors internete yra keletas neigiam\u0173 atsiliepim\u0173, naujausi atsiliepimai da\u017eniausiai yra teigiami.<\/li>\n<\/ol>\n<div itemprop=\"reviewRating\" itemscope itemtype=\"http:\/\/schema.org\/Rating\"><meta itemprop=\"worstRating\" content = \"0\" \/><meta itemprop=\"bestRating\" content=\"5\" \/><meta itemprop=\"ratingValue\" content=\"4.5\"><\/div>\n<p><strong>Bendras \u012fvertinimas: 4,5\/5<\/strong><br \/>\n<strong>Per\u017ei\u016bros data:<\/strong> <span itemprop=\"datePublished\" content=\"2017-02-26\">26\/02\/2017<\/span>\n<\/div>\n<p>Skaitykite daugiau apie <a href=\"https:\/\/moverdb.com\/lt\/juda-imones\/\">tarptautin\u0117s perkraustymo \u012fmon\u0117s<\/a> ir m\u016bs\u0173 <a href=\"https:\/\/moverdb.com\/lt\/atsiliepimai\/\">per\u017ei\u016bros procesas<\/a>.<\/p>\n<p><strong>Interneto svetain\u0117:<\/strong> <a href=\"http:\/\/royalhawaiianmovers.com\/\" target=\"_blank\" rel=\"noopener\">http:\/\/royalhawaiianmovers.com\/<\/a><\/p>","protected":false},"excerpt":{"rendered":"<p>Royal Hawaiian Movers offers its customers various local, inter island and mainland moves. Their services are listed below, together with a company profile and reviews. International, Mainland and Inter Island Moves Door to door Full packing service, fragile items only or DIY packing Disassembly and reassembly of furniture IT removal and set up Unpacking service [&hellip;]<\/p>\n","protected":false},"author":1,"featured_media":0,"parent":0,"menu_order":0,"comment_status":"closed","ping_status":"closed","template":"","meta":{"_genesis_hide_title":false,"_genesis_hide_breadcrumbs":false,"_genesis_hide_singular_image":false,"_genesis_hide_footer_widgets":false,"_genesis_custom_body_class":"","_genesis_custom_post_class":"","_genesis_layout":"","footnotes":""},"class_list":{"0":"post-1540","1":"page","2":"type-page","3":"status-publish","5":"entry"},"_links":{"self":[{"href":"https:\/\/moverdb.com\/lt\/wp-json\/wp\/v2\/pages\/1540","targetHints":{"allow":["GET"]}}],"collection":[{"href":"https:\/\/moverdb.com\/lt\/wp-json\/wp\/v2\/pages"}],"about":[{"href":"https:\/\/moverdb.com\/lt\/wp-json\/wp\/v2\/types\/page"}],"author":[{"embeddable":true,"href":"https:\/\/moverdb.com\/lt\/wp-json\/wp\/v2\/users\/1"}],"replies":[{"embeddable":true,"href":"https:\/\/moverdb.com\/lt\/wp-json\/wp\/v2\/comments?post=1540"}],"version-history":[{"count":7,"href":"https:\/\/moverdb.com\/lt\/wp-json\/wp\/v2\/pages\/1540\/revisions"}],"predecessor-version":[{"id":6234,"href":"https:\/\/moverdb.com\/lt\/wp-json\/wp\/v2\/pages\/1540\/revisions\/6234"}],"wp:attachment":[{"href":"https:\/\/moverdb.com\/lt\/wp-json\/wp\/v2\/media?parent=1540"}],"curies":[{"name":"wp","href":"https:\/\/api.w.org\/{rel}","templated":true}]}}