{"id":1538,"date":"2017-02-23T08:47:51","date_gmt":"2017-02-23T08:47:51","guid":{"rendered":"http:\/\/moverdb.com\/?page_id=1538"},"modified":"2026-01-08T15:20:39","modified_gmt":"2026-01-08T15:20:39","slug":"nustatyti","status":"publish","type":"page","link":"https:\/\/moverdb.com\/lt\/settelen\/","title":{"rendered":"Settelen - Tarptautinis perkraustymas ir persikraustymas Atsiliepimai"},"content":{"rendered":"<p>\"Settelen\" yra \u0160veicarijos \u012fmon\u0117, \u012fsik\u016brusi <a href=\"https:\/\/moverdb.com\/lt\/moving-to-basel\/\" data-internallinksmanager029f6b8e52c=\"263\" title=\"Persik\u0117limas \u012f Bazel\u012f? 2023 Gyvenimo i\u0161laidos ir persik\u0117limo patarimai\">Bazelis<\/a>. Ji si\u016blo klientams \u012fvairias perkraustymo paslaugas, kurios i\u0161vardytos toliau, kartu su \u012fmon\u0117s profiliu ir atsiliepimais.<\/p>\n<p><strong>Tarptautinis perkraustymas ir perkraustymas<\/strong><\/p>\n<ul>\n<li> Specialus perkraustymo koordinatorius<\/li>\n<li> Nuo dur\u0173 iki dur\u0173<\/li>\n<li> Visi\u0161ko pakavimo paslauga, tik trapi\u0173 daikt\u0173 pakavimas arba \"pasidaryk pats\" pakavimas<\/li>\n<li> Bald\u0173 i\u0161ardymas ir surinkimas ir t. t.<\/li>\n<li> Pagal u\u017esakym\u0105 pritaikytos d\u0117\u017e\u0117s<\/li>\n<li> Perkraustymo parduotuv\u0117, kurioje galima \u012fsigyti b\u016btiniausi\u0173 pakavimo reikmen\u0173<\/li>\n<li> Galimos visos i\u0161pakavimo paslaugos<\/li>\n<li> Pagalba tvarkant muitus ir dokumentus<\/li>\n<li> Sutvarkytas draudimas<\/li>\n<li> Trumpalaikis ir ilgalaikis saugojimas<\/li>\n<\/ul>\n<p><strong>Vietiniai ir tolimieji perkraustymai<\/strong><\/p>\n<ul>\n<li> Specialus perkraustymo koordinatorius<\/li>\n<li> Nuo dur\u0173 iki dur\u0173<\/li>\n<li> Jei reikia, teikiamos visos pakavimo paslaugos<\/li>\n<li> Bald\u0173 i\u0161ardymas ir surinkimas ir t. t.<\/li>\n<li> Jei reikia, galima gauti visas i\u0161pakavimo paslaugas<\/li>\n<li> Sutvarkytas draudimas<\/li>\n<li> Galimas trumpalaikis ir ilgalaikis saugojimas<\/li>\n<li> Visi\u0161kai apr\u016bpinta vis\u0173 pakavimo reikmen\u0173 perkraustymo parduotuv\u0117<\/li>\n<\/ul>\n<p><strong>Verslo perkraustymai<\/strong><\/p>\n<ul>\n<li> Specializuota perkraustymo komanda<\/li>\n<li> Nuo dur\u0173 iki dur\u0173<\/li>\n<li> Ne darbo valandomis, kad b\u016bt\u0173 i\u0161vengta verslo trikd\u017ei\u0173<\/li>\n<li> Bald\u0173 i\u0161ardymas ir surinkimas<\/li>\n<li> IT pa\u0161alinimas ir pakartotinis \u012fdiegimas<\/li>\n<li> Visi\u0161ko arba dalinio pakavimo paslauga<\/li>\n<li> Sutvarkytas draudimas<\/li>\n<li> Galimas trumpalaikis ir ilgalaikis saugojimas<\/li>\n<li> Specializuotos d\u0117\u017e\u0117s<\/li>\n<li> Sunkiosios technikos perkraustymas<\/li>\n<li> I\u0161orinis liftas<\/li>\n<\/ul>\n<p><strong>Special\u016bs perkraustymai<\/strong><\/p>\n<ul>\n<li> Mug\u0117s ir parodos<\/li>\n<li> Menas ir antikvariniai daiktai<\/li>\n<li> Sunkioji technika<\/li>\n<li> Trapios prek\u0117s<\/li>\n<li> Pianinai ir kiti muzikos instrumentai<\/li>\n<li> Eksporto prek\u0117s<\/li>\n<\/ul>\n<p><strong>Specialusis transportas<\/strong><\/p>\n<ul>\n<li> Sunkiems, ne\u012fprastiems daiktams ir vietoms<\/li>\n<li> Logistika ir organizavimas<\/li>\n<li> Transporto priemon\u0117s pasirinkimas<\/li>\n<li> Mar\u0161ruto \u017eem\u0117lapio sudarymas<\/li>\n<li> Gautos reikiamos licencijos<\/li>\n<\/ul>\n<p><strong>Saugykla<\/strong><\/p>\n<ul>\n<li> Mediniai konteineriai<\/li>\n<li> 24\/7 apsauga<\/li>\n<li> Reguliarus konteineri\u0173 tikrinimas<\/li>\n<li> Galimas specialus pakavimas ir pakavimas<\/li>\n<\/ul>\n<p><strong>Settelenas Automobili\u0173 nuoma<\/strong><\/p>\n<ul>\n<li> Keleivin\u0117s transporto priemon\u0117s<\/li>\n<li> Mikroautobusai ir pikapai<\/li>\n<li> Mini autobusai<\/li>\n<li> Specialiosios paskirties transporto priemon\u0117s<\/li>\n<\/ul>\n<h2>Settelen \u012emon\u0117s profilis<\/h2>\n<p>\"Settelen AG\" yra \u012fsik\u016brusi Bazelyje, <a href=\"https:\/\/moverdb.com\/lt\/moving-to-switzerland\/\" data-internallinksmanager029f6b8e52c=\"327\" title=\"Persik\u0117limas \u012f \u0160veicarij\u0105? 2023 Gyvenimo i\u0161laidos ir persik\u0117limo patarimai\">\u0160veicarija<\/a>. \u0160i privati \u012fmon\u0117 buvo \u012fkurta 1883 m. Pagrindin\u0117 jos veikla - transportas ir logistika, o antrin\u0117s veiklos sritys - transporto priemoni\u0173 nuoma, kelion\u0117s tolimojo susisiekimo autobusais ir variklini\u0173 transporto priemoni\u0173 technin\u0117 prie\u017ei\u016bra bei remontas.<\/p>\n<p>\"Settelen\" organizuoja tarptautinius, tolimus ir vietinius perkraustymus privatiems asmenims ir \u012fmon\u0117ms.<\/p>\n<p>\"Settelen\" turi \u0161ias akreditacijas ir naryst\u0119:<\/p>\n<ul>\n<li> <a href=\"https:\/\/moverdb.com\/lt\/fidi-faim\/\">Tarptautini\u0173 perkraustymo bendrovi\u0173 federacija<\/a> (<a href=\"https:\/\/moverdb.com\/lt\/fidi-faim\/\" data-internallinksmanager029f6b8e52c=\"16\" title=\"FIDI ir FAIM (FIDI akredituotas tarptautinis perve\u017e\u0117jas) paai\u0161kinimai\">FIDI<\/a>)<\/li>\n<li> \u0160veicarijos keli\u0173 transporto asociacija (ASTAG)<\/li>\n<li> AGVS<\/li>\n<\/ul>\n<h2>Settelen Company Atsiliepimai<\/h2>\n<p>\u0160iuo metu internete n\u0117ra atsiliepim\u0173 angl\u0173 kalba apie \"Settelen\", nors \"Google\" ap\u017evalgose jis \u012fvertintas 4,1 \u017evaig\u017edut\u0117s.<\/p>\n<div itemprop=\"review\" itemscope itemtype=\"http:\/\/schema.org\/Review\">\n<span itemprop=\"author\" itemscope=\"\" itemtype=\"http:\/\/schema.org\/Organization\"><span itemprop=\"name\">MoverDB.com<\/span><\/span> Internetin\u0117s svetain\u0117s ap\u017evalga <span itemprop=\"itemreviewed\" itemscope=\"\" itemtype=\"http:\/\/schema.org\/Brand\"><span itemprop=\"name\">Svetain\u0117<\/span><\/span>:<\/p>\n<ol>\n<li> Ai\u0161ki kontaktin\u0117 informacija svetain\u0117je (\u012fskaitant telefono numer\u012f): <strong>Taip<\/strong><\/li>\n<li> Lengva gauti <a href=\"https:\/\/moverdb.com\/lt\/citatos\/\">tarptautin\u0117s judan\u010dios citatos<\/a>? (internetin\u0117 s\u0105matos u\u017eklausos forma): <strong>Taip<\/strong><\/li>\n<li> Ai\u0161ki informacija svetain\u0117je: <strong>Ribotas<\/strong> svetain\u0117je i\u0161vardytos paslaugos, ta\u010diau be j\u0173 daug informacijos nepateikiama.<\/li>\n<li> Naryst\u0117 tarptautin\u0117se pripa\u017eintose jud\u0117jimo organizacijose: <strong>Taip<\/strong>, (\u017er. pirmiau)<\/li>\n<li> Klient\u0173 s\u0105ra\u0161as ir (arba) ankstesni\u0173 klient\u0173 atsiliepimai: <strong>Ne,<\/strong> o kitur apie juos yra tik nedaug informacijos.<\/li>\n<\/ol>\n<div itemprop=\"reviewRating\" itemscope itemtype=\"http:\/\/schema.org\/Rating\"><meta itemprop=\"worstRating\" content = \"0\" \/><meta itemprop=\"bestRating\" content=\"5\" \/><meta itemprop=\"ratingValue\" content=\"4\"><\/div>\n<p><strong>Bendras \u012fvertinimas: 4\/5<\/strong><br \/>\n<strong>Per\u017ei\u016bros data:<\/strong> <span itemprop=\"datePublished\" content=\"2017-02-23\">23\/02\/2017<\/span>\n<\/div>\n<p>Skaitykite daugiau apie <a href=\"https:\/\/moverdb.com\/lt\/juda-imones\/\">tarptautin\u0117s perkraustymo \u012fmon\u0117s<\/a> ir m\u016bs\u0173 <a href=\"https:\/\/moverdb.com\/lt\/atsiliepimai\/\">per\u017ei\u016bros procesas<\/a>.<\/p>\n<p><strong>Interneto svetain\u0117s:<\/strong> <a href=\"http:\/\/www.settelen.ch\/\" target=\"_blank\" rel=\"noopener\">http:\/\/www.settelen.ch\/<\/a><\/p>","protected":false},"excerpt":{"rendered":"<p>Settelen is Swiss company based in Basel. It offers its customers a range of moving services which are listed below, together with a company profile and reviews. International Moving &#038; Removals Dedicated move coordinator Door to door Full packing service, fragile items only or DIY packing Disassembly and reassembly of furniture etc Customised crates Removal [&hellip;]<\/p>\n","protected":false},"author":1,"featured_media":0,"parent":0,"menu_order":0,"comment_status":"closed","ping_status":"closed","template":"","meta":{"_genesis_hide_title":false,"_genesis_hide_breadcrumbs":false,"_genesis_hide_singular_image":false,"_genesis_hide_footer_widgets":false,"_genesis_custom_body_class":"","_genesis_custom_post_class":"","_genesis_layout":"","footnotes":""},"class_list":{"0":"post-1538","1":"page","2":"type-page","3":"status-publish","5":"entry"},"_links":{"self":[{"href":"https:\/\/moverdb.com\/lt\/wp-json\/wp\/v2\/pages\/1538","targetHints":{"allow":["GET"]}}],"collection":[{"href":"https:\/\/moverdb.com\/lt\/wp-json\/wp\/v2\/pages"}],"about":[{"href":"https:\/\/moverdb.com\/lt\/wp-json\/wp\/v2\/types\/page"}],"author":[{"embeddable":true,"href":"https:\/\/moverdb.com\/lt\/wp-json\/wp\/v2\/users\/1"}],"replies":[{"embeddable":true,"href":"https:\/\/moverdb.com\/lt\/wp-json\/wp\/v2\/comments?post=1538"}],"version-history":[{"count":3,"href":"https:\/\/moverdb.com\/lt\/wp-json\/wp\/v2\/pages\/1538\/revisions"}],"predecessor-version":[{"id":6236,"href":"https:\/\/moverdb.com\/lt\/wp-json\/wp\/v2\/pages\/1538\/revisions\/6236"}],"wp:attachment":[{"href":"https:\/\/moverdb.com\/lt\/wp-json\/wp\/v2\/media?parent=1538"}],"curies":[{"name":"wp","href":"https:\/\/api.w.org\/{rel}","templated":true}]}}