{"id":1536,"date":"2017-07-10T10:48:14","date_gmt":"2017-07-10T10:48:14","guid":{"rendered":"http:\/\/moverdb.com\/?page_id=1536"},"modified":"2026-01-08T15:20:49","modified_gmt":"2026-01-08T15:20:49","slug":"teletrans","status":"publish","type":"page","link":"https:\/\/moverdb.com\/lt\/teletrans\/","title":{"rendered":"\"Teletrans\" - Tarptautinis perk\u0117limas ir perkraustymas Atsiliepimai"},"content":{"rendered":"<p>\"Teletrans\" yra Atikos mieste <a href=\"https:\/\/moverdb.com\/lt\/moving-to-greece\/\" data-internallinksmanager029f6b8e52c=\"353\" title=\"Persik\u0117limas \u012f Graikij\u0105? 2023 Gyvenimo i\u0161laidos ir persik\u0117limo patarimai\">Graikija<\/a>. Tai persikraustymo ir perk\u0117limo \u012fmon\u0117, kuri savo klientams si\u016blo plat\u0173 paslaug\u0173 spektr\u0105. Jos i\u0161vardytos toliau, kartu su \u012fmon\u0117s profiliu ir atsiliepimais.<\/p>\n<p><strong>Tarptautiniai perkraustymai<\/strong><\/p>\n<ul>\n<li> Specialus perkraustymo vadybininkas<\/li>\n<li> Pilnas pakavimo paslaug\u0173 teikimas, dalinis pakavimas arba pakavimas \"pasidaryk pats<\/li>\n<li> Galimas trumpalaikis ir ilgalaikis saugojimas<\/li>\n<li> Bald\u0173 i\u0161ardymas ir surinkimas<\/li>\n<li> Perve\u017eimas sausuma, j\u016bra arba oru<\/li>\n<li> Pagalba tvarkant muitus ir dokumentus<\/li>\n<li> I\u0161pakavimo paslauga<\/li>\n<li> Nuolau\u017e\u0173 \u0161alinimas<\/li>\n<\/ul>\n<p><strong>Perk\u0117limo paslaugos<\/strong><\/p>\n<ul>\n<li> Kelion\u0117s tvarkara\u0161tis<\/li>\n<li> Biliet\u0173 u\u017esakymas ir vie\u0161bu\u010di\u0173 rezervavimas<\/li>\n<li> Informacija apie VISA i\u0161davimo \u012f paskirties \u0161al\u012f proced\u016br\u0105<\/li>\n<li> Informacija apie mokyklas<\/li>\n<li> Informacija apie b\u016bst\u0105<\/li>\n<li> Informacija apie namini\u0173 gyv\u016bn\u0117li\u0173 perk\u0117lim\u0105<\/li>\n<li> Laikinosios gyvenamosios vietos nustatymas<\/li>\n<li> Organizuojami vietin\u0117s kalbos kursai<\/li>\n<li> Pasi\u016blymai d\u0117l pramog\u0173 ir pa\u017einties su vietove, pavyzd\u017eiui, muziej\u0173 ir lankytin\u0173 viet\u0173 lankymas, kult\u016briniai renginiai, ekskursijos ir pan.<\/li>\n<li>Pagalba persikraustant (elektrikas, santechnikas, valymo paslaugos ir t. t.)<\/li>\n<\/ul>\n<p><strong>\u012emon\u0117s perk\u0117limas<\/strong><\/p>\n<ul>\n<li>Tikrinimas ir planavimas<\/li>\n<li>Pakavimas<\/li>\n<li>Saugykla<\/li>\n<li>Muitinis \u012fforminimas, jei reikia.<\/li>\n<li>Draudimas<\/li>\n<li>Pristatymas ir i\u0161pakavimas paskirties vietoje<\/li>\n<\/ul>\n<p><strong>Special\u016bs judesiai<\/strong><\/p>\n<ul>\n<li>Karin\u0117 \u012franga ir transporto priemon\u0117s<\/li>\n<li>Sunkioji technika<\/li>\n<li>Negabaritiniai ir per dideli kroviniai<\/li>\n<li>Meno k\u016briniai pagal u\u017esakym\u0105 pagamintose d\u0117\u017e\u0117se<\/li>\n<li>\u0160vietimo \u012fstaigos<\/li>\n<li>SPA centrai ir sporto sal\u0117s<\/li>\n<\/ul>\n<p><strong>Parodos<\/strong><\/p>\n<ul>\n<li>Parodos med\u017eiagos pakuot\u0117<\/li>\n<li>Eksporto dokument\u0173 rengimas<\/li>\n<li>Tinkamiausio siuntimo b\u016bdo nustatymas<\/li>\n<li>Pristatymas<\/li>\n<li>Parodos med\u017eiagos montavimas<\/li>\n<li>Med\u017eiagos perpakavimas ir i\u0161siuntimas \u012f kilm\u0117s viet\u0105.<\/li>\n<\/ul>\n<p><strong>Saugykla<\/strong><\/p>\n<ul>\n<li>Ilgalaikis ir trumpalaikis<\/li>\n<li>Steb\u0117jimas 24 valandas per par\u0105, 7 dienas per savait\u0119<\/li>\n<li>Galima naudoti klimato kontrol\u0117s sistem\u0105<\/li>\n<\/ul>\n<h2>\"Teletrans\" \u012fmon\u0117s profilis<\/h2>\n<p>\"Teletrans\" veikl\u0105 1979 m. Atikoje (Graikija) prad\u0117jo Ria Stergiopoulou, i\u0161 prad\u017ei\u0173 siekdama perve\u017eti \u017emones ir prekes po Graikij\u0105. \u0160iandien bendrov\u0117 yra viena i\u0161 Graikijos lyderi\u0173, gabenan\u010di\u0173 \u017emones, \u012fmones ir meno k\u016brinius visame pasaulyje.<\/p>\n<p>\"Teletrans\" turi savo transporto priemoni\u0173 park\u0105, kur\u012f vairuoja \u012fmon\u0117s darbuotojai. Ji taip pat turi moderni\u0105 sand\u0117liavimo baz\u0119 Atikoje, kurioje galima saugoti pa\u010dius jautriausius krovinius prie\u0161 ir po i\u0161siuntimo. \"Teletrans\" turi kruop\u0161\u010diai atrinkt\u0173 agent\u0173 tinkl\u0105, kurie padeda jai gabenti krovinius \u012f Graikij\u0105 ir i\u0161 jos.<\/p>\n<p>\"Teletrans\" siekia suma\u017einti anglies dioksido p\u0117dsak\u0105 ir s\u0105moningai renkasi perdirbtas pakavimo med\u017eiagas. Be to, kur \u012fmanoma, ji naudoja saul\u0117s energij\u0105. \u0160iuo metu bendrov\u0117 atidar\u0117 biur\u0105 Briuselyje, kuriame taip pat taikoma aplinkai draugi\u0161ka praktika.<\/p>\n<p>\"Teletrans\" turi \u0161ias akreditacijas ir naryst\u0119:<\/p>\n<ul>\n<li>EN ISO 9001:2008<\/li>\n<li><a href=\"https:\/\/moverdb.com\/lt\/esu\/\" target=\"_blank\" rel=\"noopener\">Tarptautin\u0117 perkraustytoj\u0173 asociacija<\/a> (<a href=\"https:\/\/moverdb.com\/lt\/iam\/\" data-internallinksmanager029f6b8e52c=\"23\" title=\"Tarptautin\u0117s perkraustytoj\u0173 asociacijos (IAM) paai\u0161kinimai\">IAM<\/a>)<\/li>\n<li><a href=\"https:\/\/moverdb.com\/lt\/fedemac\/\" target=\"_blank\" rel=\"noopener\">Europos perkraustytoj\u0173 federacija<\/a> (<a href=\"https:\/\/moverdb.com\/lt\/fedemac\/\" data-internallinksmanager029f6b8e52c=\"15\" title=\"Europos perve\u017e\u0117j\u0173 asociacijos federacijos (FEDEMAC) paai\u0161kinimai\">FEDEMAC<\/a>)<\/li>\n<li>Graikijos ekspedijavimo ir logistikos \u012fmoni\u0173 asociacija (SYNDDEL)<\/li>\n<\/ul>\n<h2>\"Teletrans\" ap\u017evalgos<\/h2>\n<p>Ra\u0161ymo metu neradome joki\u0173 teigiam\u0173 ar neigiam\u0173 atsiliepim\u0173 apie \"Teletrans\" internete angl\u0173 kalba. <\/p>\n<div itemprop=\"review\" itemscope itemtype=\"http:\/\/schema.org\/Review\">\n<span itemprop=\"author\" itemscope=\"\" itemtype=\"http:\/\/schema.org\/Organization\"><span itemprop=\"name\">MoverDB.com<\/span><\/span> Internetin\u0117s svetain\u0117s ap\u017evalga <span itemprop=\"itemreviewed\" itemscope=\"\" itemtype=\"http:\/\/schema.org\/Brand\"><span itemprop=\"name\">Teletrans<\/span><\/span>:<\/p>\n<ol>\n<li> Ai\u0161ki kontaktin\u0117 informacija svetain\u0117je (\u012fskaitant telefono numer\u012f): <strong>Taip<\/strong><\/li>\n<li> Lengva gauti <a href=\"https:\/\/moverdb.com\/lt\/citatos\/\">tarptautin\u0117s judan\u010dios citatos<\/a>? (internetin\u0117 s\u0105matos u\u017eklausos forma): <strong>Taip<\/strong><\/li>\n<li> Ai\u0161ki informacija svetain\u0117je: <strong>Taip,<\/strong> Svetain\u0117 yra ai\u0161kiai i\u0161d\u0117styta ir pakankamai informatyvi.<\/li>\n<li> Naryst\u0117 tarptautin\u0117se pripa\u017eintose jud\u0117jimo organizacijose: <strong>Taip<\/strong>, (\u017er. pirmiau)<\/li>\n<li> Klient\u0173 s\u0105ra\u0161as ir (arba) ankstesni\u0173 klient\u0173 atsiliepimai. <strong>Ne,<\/strong>, yra klient\u0173 s\u0105ra\u0161as, bet n\u0117ra klient\u0173 atsiliepim\u0173 ar ap\u017evalg\u0173.<\/li>\n<\/ol>\n<div itemprop=\"reviewRating\" itemscope itemtype=\"http:\/\/schema.org\/Rating\"><meta itemprop=\"worstRating\" content = \"0\" \/><meta itemprop=\"bestRating\" content=\"5\" \/><meta itemprop=\"ratingValue\" content=\"4.5\"><\/div>\n<p><strong>Bendras \u012fvertinimas: 4,5\/5<\/strong><br \/>\n<strong>Per\u017ei\u016bros data:<\/strong> <span itemprop=\"datePublished\" content=\"2017-07-10\">10\/07\/2017<\/span>\n<\/div>\n<p>Skaitykite daugiau apie <a href=\"https:\/\/moverdb.com\/lt\/juda-imones\/\">tarptautin\u0117s perkraustymo \u012fmon\u0117s<\/a> ir m\u016bs\u0173 <a href=\"https:\/\/moverdb.com\/lt\/atsiliepimai\/\">paai\u0161kintas per\u017ei\u016bros procesas<\/a>.<\/p>\n<p><strong>Interneto svetain\u0117:<\/strong> <a href=\"http:\/\/www.teletranseu.com\/\" target=\"_blank\" rel=\"noopener\">http:\/\/www.teletranseu.com\/<\/a><\/p>","protected":false},"excerpt":{"rendered":"<p>Teletrans is located in Attica Greece. It is a moving and relocation company that offers its clients a wide range of services. These are listed below, together with a company profile and reviews. International Moves Dedicated move manager Full service packing, partial packing or DIY packing Short and long term storage available Disassembly and reassembly [&hellip;]<\/p>\n","protected":false},"author":1,"featured_media":0,"parent":0,"menu_order":0,"comment_status":"closed","ping_status":"closed","template":"","meta":{"_genesis_hide_title":false,"_genesis_hide_breadcrumbs":false,"_genesis_hide_singular_image":false,"_genesis_hide_footer_widgets":false,"_genesis_custom_body_class":"","_genesis_custom_post_class":"","_genesis_layout":"","footnotes":""},"class_list":{"0":"post-1536","1":"page","2":"type-page","3":"status-publish","5":"entry"},"_links":{"self":[{"href":"https:\/\/moverdb.com\/lt\/wp-json\/wp\/v2\/pages\/1536","targetHints":{"allow":["GET"]}}],"collection":[{"href":"https:\/\/moverdb.com\/lt\/wp-json\/wp\/v2\/pages"}],"about":[{"href":"https:\/\/moverdb.com\/lt\/wp-json\/wp\/v2\/types\/page"}],"author":[{"embeddable":true,"href":"https:\/\/moverdb.com\/lt\/wp-json\/wp\/v2\/users\/1"}],"replies":[{"embeddable":true,"href":"https:\/\/moverdb.com\/lt\/wp-json\/wp\/v2\/comments?post=1536"}],"version-history":[{"count":4,"href":"https:\/\/moverdb.com\/lt\/wp-json\/wp\/v2\/pages\/1536\/revisions"}],"predecessor-version":[{"id":6244,"href":"https:\/\/moverdb.com\/lt\/wp-json\/wp\/v2\/pages\/1536\/revisions\/6244"}],"wp:attachment":[{"href":"https:\/\/moverdb.com\/lt\/wp-json\/wp\/v2\/media?parent=1536"}],"curies":[{"name":"wp","href":"https:\/\/api.w.org\/{rel}","templated":true}]}}