{"id":1528,"date":"2017-02-01T16:05:53","date_gmt":"2017-02-01T16:05:53","guid":{"rendered":"http:\/\/moverdb.com\/?page_id=1528"},"modified":"2026-01-08T15:20:40","modified_gmt":"2026-01-08T15:20:40","slug":"shipco-transport","status":"publish","type":"page","link":"https:\/\/moverdb.com\/lt\/shipco-transport\/","title":{"rendered":"\"Shipco Transport\" - Atsiliepimai apie tarptautin\u012f perkraustym\u0105"},"content":{"rendered":"<p>\"Shipco Transport\" teikia krovini\u0173 gabenimo j\u016bra ir oru paslaugas profesionaliems nam\u0173 apyvokos daikt\u0173 perve\u017e\u0117jams ir persikraustymo \u012fmon\u0117ms, o ne privatiems asmenims. Toliau pateikiamas \u012fmon\u0117s paslaug\u0173 s\u0105ra\u0161as, \u012fmon\u0117s profilis ir atsiliepimai.<\/p>\n<p><strong>Tarptautinis nam\u0173 apyvokos daikt\u0173 jud\u0117jimas<\/strong><\/p>\n<ul>\n<li> <a href=\"https:\/\/moverdb.com\/lt\/konteineriu-kroviniu-gabenimas\/\">Tarptautinis gabenimas konteineriais<\/a><\/li>\n<li>Per profesionalius nam\u0173 apyvokos daikt\u0173 perkraustytojus<\/li>\n<li>Per profesionalias perkraustymo \u012fmones<\/li>\n<li>LCL<\/li>\n<li>FCL<\/li>\n<li>Krovini\u0173 gabenimas oro transportu<\/li>\n<li>Galimas surinkimas i\u0161 pakuotojo sand\u0117lio<\/li>\n<\/ul>\n<p><strong>Krovini\u0173 gabenimas vandenynu LCL<\/strong><\/p>\n<ul>\n<li>Garantuotas neutralus tiesioginis nepa\u017eeist\u0173 krovini\u0173 konsolidavimas su minimaliu krovos darb\u0173 kiekiu<\/li>\n<li>Klient\u0173 aptarnavimas, teikiantis specialiai pritaikytus sprendimus<\/li>\n<li>Auk\u0161\u010diausios klas\u0117s ve\u017e\u0117jai ir konkurencingi tarifai, susieti su pasauliniais realaus laiko plaukiojimo grafikais<\/li>\n<\/ul>\n<p><strong>Krovini\u0173 gabenimas vandenynu FCL<\/strong><\/p>\n<ul>\n<li> \u012evairios paslaugos, teikiamos pagal daugiau nei 40 j\u016br\u0173 ve\u017e\u0117j\u0173 paslaug\u0173 teikimo sutar\u010di\u0173.<\/li>\n<li> Visi\u0161ka vidaus krovini\u0173 ve\u017eimo apr\u0117ptis <a href=\"https:\/\/moverdb.com\/lt\/moving-to-the-united-states\/\" data-internallinksmanager029f6b8e52c=\"94\" title=\"Persik\u0117limas \u012f Jungtines Amerikos Valstijas? 2022 Gyvenimo i\u0161laidos ir persik\u0117limo patarimai\">JAV<\/a> i\u0161 daugiau nei 44 000 pa\u0161to kod\u0173<\/li>\n<li> Greitas dur\u0173, rampos ir <a href=\"https:\/\/moverdb.com\/lt\/top-49-container-ports\/\" data-internallinksmanager029f6b8e52c=\"80\" title=\"49 did\u017eiausi ir labiausiai apkrauti konteineri\u0173 uostai 2025 m.\">uostas<\/a> paslaugos. T\u016bkstan\u010diai mar\u0161rut\u0173 per kelias akimirkas<\/li>\n<\/ul>\n<p><strong>Vandenyn\u0173 projektai ir specializuoti kroviniai<\/strong><\/p>\n<ul>\n<li>\"Break Bulk\", \"RoRo\", \"Out of Gauge\" ir refri\u017eeratori\u0173 paslaugos<\/li>\n<li>Negabaritini\u0173 krovini\u0173, leid\u017eiam\u0173 krovini\u0173 ir konteineri\u0173 gabenimas visoje \u0161alyje<\/li>\n<li>Krovimas, pakavimas ir tvirtinimas<\/li>\n<li>Konkurencingi tarifai per m\u016bs\u0173 plat\u0173 vandenyno ir oro ve\u017e\u0117j\u0173, sand\u0117li\u0173, sunkve\u017eimi\u0173 ir kran\u0173 \u012fmoni\u0173 tinkl\u0105<\/li>\n<li>Skirstomieji \/ pilni u\u017esakomieji skryd\u017eiai ir OAG siuntos<\/li>\n<\/ul>\n<p><strong>Krovini\u0173 gabenimas oro transportu<\/strong><\/p>\n<ul>\n<li>Sutartys su daugiau nei 100 oro linij\u0173.<\/li>\n<li>Pickup<\/li>\n<li>Sand\u0117liavimas<\/li>\n<li>\u017denklinimo ir dokumentavimo paslaugos<\/li>\n<li>Pirkimo u\u017esakymo tolesni veiksmai<\/li>\n<\/ul>\n<h2>\"Shipco Transport\" \u012fmon\u0117s profilis<\/h2>\n<p>\"Shipco Transport Inc\" yra \"Scan Group A\/S\" (Kopenhaga) dukterin\u0117 \u012fmon\u0117, prad\u0117jusi prekyb\u0105 1988 m. rugs\u0117jo m\u0117n. <a href=\"https:\/\/moverdb.com\/lt\/persikelimas-i-niujorka\/\">Niujorkas<\/a>. Tai pirmaujanti <a href=\"https:\/\/moverdb.com\/lt\/ekspeditorius\/\">NVOCC<\/a>. I\u0161 prad\u017ei\u0173 jis buvo skirtas FCL kroviniams i\u0161 Azijos priimti. \u0160iandien bendrov\u0117 daugiausia d\u0117mesio skiria LCL konsoliduojan\u010di\u0173 krovini\u0173 gabenimui.<\/p>\n<p>\u0160iandien \"Shipco\" turi daugiau nei 75 biurus 30-yje pasaulio \u0161ali\u0173 ir joje dirba daugiau nei 2200 darbuotoj\u0173. \"Shipco\" savo klientams si\u016blo LCL ir FCL krovini\u0173 gabenimo vandenynu ir oro transportu paslaugas.<\/p>\n<p>\"Shipco Transport\" turi \u0161ias akreditacijas ir naryst\u0119: -<\/p>\n<ul>\n<li><a href=\"https:\/\/moverdb.com\/lt\/esu\/\" target=\"_blank\" rel=\"noopener\">Tarptautin\u0117 perkraustytoj\u0173 asociacija<\/a> (<a href=\"https:\/\/moverdb.com\/lt\/iam\/\" data-internallinksmanager029f6b8e52c=\"23\" title=\"Tarptautin\u0117s perkraustytoj\u0173 asociacijos (IAM) paai\u0161kinimai\">IAM<\/a>)<\/li>\n<li>Skenavimo grup\u0117<\/li>\n<li>Pasaulinis aljansas (WWA)<\/li>\n<li>\"Air Cargo Group<\/li>\n<\/ul>\n<h2>\"Shipco Transport\" ap\u017evalgos<\/h2>\n<p><strong>Teigiamas:<\/strong><\/p>\n<ul>\n<li><em>\"Visk\u0105, k\u0105 tur\u0117jau, gabenau i\u0161 San Diego \u012f <a href=\"https:\/\/moverdb.com\/lt\/moving-companies\/moving-companies-honduras\/\" data-internallinksmanager029f6b8e52c=\"233\" title=\"2 Geriausios tarptautin\u0117s perkraustymo \u012fmon\u0117s Hond\u016bre\">Hond\u016bras<\/a>, \"Shipco\" buvo puiki.\" <\/em>Madison K per <a href=\"https:\/\/www.yelp.co.uk\/biz\/shipco-transport-long-beach?hrid=hfrOGEwsoHzhivf1ODT9DQ&#038;utm_campaign=www_review_share_popup&#038;utm_medium=copy_link&#038;utm_source=(direct)\" target=\"_blank\" rel=\"noopener\">\"Yelp\"<\/a>.\n<li><em>\"Tikrai geras aptarnavimas. Joki\u0173 problem\u0173.\"<\/em> - Dawn C per <a href=\"https:\/\/www.tryfleet.com\/freight-forwarder-profile\/shipco-transport-inc\" target=\"_blank\" rel=\"noopener\">Transporto priemoni\u0173 parkas<\/a><\/li>\n<\/ul>\n<p><strong>Neigiamas:<\/strong><\/p>\n<ul>\n<li><em>\"Blogiausia bendrov\u0117, su kuria kada nors teko susidurti. Sulaik\u0117 mano siunt\u0105 2 savaites, nors buvo visi\u0161kai sumok\u0117ta, ir nei\u0161leido siuntos.\" <\/em>Houman M per <a href=\"https:\/\/www.yelp.co.uk\/biz\/shipco-transport-long-beach?hrid=0lZOxg3aNnePXUGvOv7fxw&#038;utm_campaign=www_review_share_popup&#038;utm_medium=copy_link&#038;utm_source=(direct)\" target=\"_blank\" rel=\"noopener\">\"Yelp\"<\/a><\/li>\n<\/ul>\n<div itemprop=\"review\" itemscope itemtype=\"http:\/\/schema.org\/Review\">\n<span itemprop=\"author\" itemscope=\"\" itemtype=\"http:\/\/schema.org\/Organization\"><span itemprop=\"name\">MoverDB.com<\/span><\/span> Internetin\u0117s svetain\u0117s ap\u017evalga <span itemprop=\"itemreviewed\" itemscope=\"\" itemtype=\"http:\/\/schema.org\/Brand\"><span itemprop=\"name\">\"Shipco Transport<\/span><\/span>:<\/p>\n<ol>\n<li> Ai\u0161ki kontaktin\u0117 informacija svetain\u0117je (\u012fskaitant telefono numer\u012f): <strong>Taip<\/strong><\/li>\n<li> Lengva gauti <a href=\"https:\/\/moverdb.com\/lt\/citatos\/\">tarptautin\u0117s judan\u010dios citatos<\/a>? (internetin\u0117 s\u0105matos u\u017eklausos forma): <strong>Taip<\/strong><\/li>\n<li> Ai\u0161ki informacija svetain\u0117je: <strong>Taip,<\/strong> svetain\u0117je apra\u0161ytos visos j\u0173 krovini\u0173 gabenimo ir siuntimo paslaugos.<\/li>\n<li> Naryst\u0117 tarptautin\u0117se pripa\u017eintose jud\u0117jimo organizacijose: <strong>Taip<\/strong>, (\u017er. pirmiau)<\/li>\n<li> Klient\u0173 s\u0105ra\u0161as ir (arba) ankstesni\u0173 klient\u0173 atsiliepimai. <strong>Ne,<\/strong> ne j\u0173 interneto svetain\u0117je, bet paprastai jie turi teigiam\u0173 atsiliepim\u0173.<\/li>\n<\/ol>\n<div itemprop=\"reviewRating\" itemscope itemtype=\"http:\/\/schema.org\/Rating\"><meta itemprop=\"worstRating\" content = \"0\" \/><meta itemprop=\"bestRating\" content=\"5\" \/><meta itemprop=\"ratingValue\" content=\"4\"><\/div>\n<p><strong>Bendras \u012fvertinimas: 4\/5<\/strong><br \/>\n<strong>Per\u017ei\u016bros data:<\/strong> <span itemprop=\"datePublished\" content=\"2017-02-01\">01\/02\/2017<\/span>\n<\/div>\n<p>Skaitykite daugiau apie <a href=\"https:\/\/moverdb.com\/lt\/juda-imones\/\">tarptautin\u0117s perkraustymo \u012fmon\u0117s<\/a>, <a href=\"https:\/\/moverdb.com\/lt\/laivybos-bendroves\/\">konteineri\u0173 gabenimo \u012fmon\u0117s<\/a> ir m\u016bs\u0173 <a href=\"https:\/\/moverdb.com\/lt\/atsiliepimai\/\">per\u017ei\u016bros procesas<\/a>.<\/p>\n<p><strong>Interneto svetain\u0117:<\/strong> <a href=\"https:\/\/www.shipco.com\/\" target=\"_blank\" rel=\"noopener\">https:\/\/www.shipco.com\/<\/a><\/p>","protected":false},"excerpt":{"rendered":"<p>Shipco Transport offers ocean and air freight services to professional household goods movers and relocation companies, not individuals. Its services are listed below, together with a company profile and reviews. International Movement of Household Goods International container shipping Through professional household goods movers Through professional relocation companies LCL FCL Airfreight Collection from packer&#8217;s warehouse available [&hellip;]<\/p>\n","protected":false},"author":1,"featured_media":0,"parent":0,"menu_order":0,"comment_status":"closed","ping_status":"closed","template":"","meta":{"_genesis_hide_title":false,"_genesis_hide_breadcrumbs":false,"_genesis_hide_singular_image":false,"_genesis_hide_footer_widgets":false,"_genesis_custom_body_class":"","_genesis_custom_post_class":"","_genesis_layout":"","footnotes":""},"class_list":{"0":"post-1528","1":"page","2":"type-page","3":"status-publish","5":"entry"},"_links":{"self":[{"href":"https:\/\/moverdb.com\/lt\/wp-json\/wp\/v2\/pages\/1528","targetHints":{"allow":["GET"]}}],"collection":[{"href":"https:\/\/moverdb.com\/lt\/wp-json\/wp\/v2\/pages"}],"about":[{"href":"https:\/\/moverdb.com\/lt\/wp-json\/wp\/v2\/types\/page"}],"author":[{"embeddable":true,"href":"https:\/\/moverdb.com\/lt\/wp-json\/wp\/v2\/users\/1"}],"replies":[{"embeddable":true,"href":"https:\/\/moverdb.com\/lt\/wp-json\/wp\/v2\/comments?post=1528"}],"version-history":[{"count":7,"href":"https:\/\/moverdb.com\/lt\/wp-json\/wp\/v2\/pages\/1528\/revisions"}],"predecessor-version":[{"id":6237,"href":"https:\/\/moverdb.com\/lt\/wp-json\/wp\/v2\/pages\/1528\/revisions\/6237"}],"wp:attachment":[{"href":"https:\/\/moverdb.com\/lt\/wp-json\/wp\/v2\/media?parent=1528"}],"curies":[{"name":"wp","href":"https:\/\/api.w.org\/{rel}","templated":true}]}}