{"id":14660,"date":"2023-11-22T15:45:02","date_gmt":"2023-11-22T15:45:02","guid":{"rendered":"https:\/\/moverdb.com\/?page_id=14660"},"modified":"2026-01-08T15:30:23","modified_gmt":"2026-01-08T15:30:23","slug":"moving-companies-usa","status":"publish","type":"page","link":"https:\/\/moverdb.com\/lt\/moving-companies\/moving-companies-usa\/","title":{"rendered":"Geriausios tarptautin\u0117s perkraustymo bendrov\u0117s Jungtin\u0117se Amerikos Valstijose pagal miest\u0105 ir valstij\u0105"},"content":{"rendered":"<h2>Pagal valstyb\u0119<\/h2>\n<ul>\n<li> <a href=\"https:\/\/moverdb.com\/lt\/juda-imones\/moving-companies-alabama\/\">Alabama<\/a><\/li>\n<li> <a href=\"https:\/\/moverdb.com\/lt\/juda-imones\/moving-companies-us-alaska\/\">Aliaska<\/a><\/li>\n<li> <a href=\"https:\/\/moverdb.com\/lt\/juda-imones\/moving-companies-us-arizona\/\">Arizona<\/a><\/li>\n<li> <a href=\"https:\/\/moverdb.com\/lt\/juda-imones\/moving-companies-us-california\/\">Kalifornija<\/a><\/li>\n<li> <a href=\"https:\/\/moverdb.com\/lt\/juda-imones\/moving-companies-us-colorado\/\">Koloradas<\/a><\/li>\n<li> <a href=\"https:\/\/moverdb.com\/lt\/juda-imones\/moving-companies-us-connecticut\/\">Konektikutas<\/a><\/li>\n<li> <a href=\"https:\/\/moverdb.com\/lt\/juda-imones\/moving-companies-us-florida\/\">Florida<\/a><\/li>\n<li> <a href=\"https:\/\/moverdb.com\/lt\/juda-imones\/moving-companies-us-georgia\/\">Gruzija<\/a><\/li>\n<li> <a href=\"https:\/\/moverdb.com\/lt\/juda-imones\/moving-companies-idaho\/\">Aidaho<\/a><\/li>\n<li> <a href=\"https:\/\/moverdb.com\/lt\/juda-imones\/moving-companies-us-indiana\/\">Indiana<\/a><\/li>\n<li> <a href=\"https:\/\/moverdb.com\/lt\/juda-imones\/moving-companies-us-hawaii\/\">Havajai<\/a><\/li>\n<li> <a href=\"https:\/\/moverdb.com\/lt\/juda-imones\/moving-companies-us-illinois\/\">Ilinojus<\/a><\/li>\n<li> <a href=\"https:\/\/moverdb.com\/lt\/juda-imones\/moving-companies-maryland\/\">Merilandas<\/a><\/li>\n<li> <a href=\"https:\/\/moverdb.com\/lt\/juda-imones\/moving-companies-massachusetts\/\">Masa\u010dusetsas<\/a><\/li>\n<li> <a href=\"https:\/\/moverdb.com\/lt\/juda-imones\/moving-companies-us-michigan\/\">Mi\u010diganas<\/a><\/li>\n<li> <a href=\"https:\/\/moverdb.com\/lt\/juda-imones\/moving-companies-us-minnesota\/\">Minesota<\/a><\/li>\n<li> <a href=\"https:\/\/moverdb.com\/lt\/juda-imones\/moving-companies-us-missouri\/\">Mis\u016bris<\/a><\/li>\n<li> <a href=\"https:\/\/moverdb.com\/lt\/juda-imones\/moving-companies-montana\/\">Montana<\/a><\/li>\n<li> <a href=\"https:\/\/moverdb.com\/lt\/juda-imones\/moving-companies-nevada\/\">Nevada<\/a><\/li>\n<li> <a href=\"https:\/\/moverdb.com\/lt\/juda-imones\/moving-companies-us-new-jersey\/\">Naujasis D\u017eersis<\/a><\/li>\n<li> <a href=\"https:\/\/moverdb.com\/lt\/juda-imones\/moving-company-us-new-mexico\/\">Naujoji Meksika<\/a><\/li>\n<li> <a href=\"https:\/\/moverdb.com\/lt\/juda-imones\/moving-companies-us-new-york\/\">Niujorkas<\/a><\/li>\n<li> <a href=\"https:\/\/moverdb.com\/lt\/juda-imones\/moving-companies-us-north-carolina\/\">\u0160iaur\u0117s Karolina<\/a><\/li>\n<li> <a href=\"https:\/\/moverdb.com\/lt\/juda-imones\/moving-companies-us-ohio\/\">Ohajas<\/a><\/li>\n<li> <a href=\"https:\/\/moverdb.com\/lt\/juda-imones\/moving-companies-us-pennsylvania\/\">Pensilvanija<\/a><\/li>\n<li> <a href=\"https:\/\/moverdb.com\/lt\/juda-imones\/moving-companies-us-south-carolina\/\">Piet\u0173 Karolina<\/a><\/li>\n<li> <a href=\"https:\/\/moverdb.com\/lt\/juda-imones\/moving-companies-us-tennessee\/\">Tenesis<\/a><\/li>\n<li> <a href=\"https:\/\/moverdb.com\/lt\/juda-imones\/moving-companies-us-texas\/\">Teksasas<\/a><\/li>\n<li> <a href=\"https:\/\/moverdb.com\/lt\/juda-imones\/moving-companies-us-utah\/\">Juta<\/a><\/li>\n<li> <a href=\"https:\/\/moverdb.com\/lt\/juda-imones\/moving-companies-us-virginia\/\">Vird\u017einija<\/a><\/li>\n<li> <a href=\"https:\/\/moverdb.com\/lt\/juda-imones\/moving-companies-washington-state\/\">Va\u0161ingtonas<\/a><\/li>\n<\/ul>\n<h2>Pagal miest\u0105<\/h2>\n<ul>\n<li> <a href=\"https:\/\/moverdb.com\/lt\/juda-imones\/moving-companies-us-alexandria\/\">Aleksandrija<\/a><\/li>\n<li> <a href=\"https:\/\/moverdb.com\/lt\/juda-imones\/moving-companies-us-danbury\/\">Danbury<\/a><\/li>\n<li> <a href=\"https:\/\/moverdb.com\/lt\/juda-imones\/moving-companies-in-el-paso-usa\/\">El Paso<\/a><\/li>\n<li> <a href=\"https:\/\/moverdb.com\/lt\/juda-imones\/moving-companies-us-gaithersburg\/\">Gaithersburg<\/a><\/li>\n<li> <a href=\"https:\/\/moverdb.com\/lt\/juda-imones\/moving-companies-in-honolulu-usa\/\">Honolulu<\/a><\/li>\n<li> <a href=\"https:\/\/moverdb.com\/lt\/juda-imones\/moving-companies-houston\/\">Hiustonas<\/a><\/li>\n<li> <a href=\"https:\/\/moverdb.com\/lt\/juda-imones\/moving-companies-us-jacksonville\/\">D\u017eeksonvilis<\/a><\/li>\n<li> <a href=\"https:\/\/moverdb.com\/lt\/juda-imones\/moving-companies-los-angeles\/\">Los And\u017eelas<\/a><\/li>\n<li> <a href=\"https:\/\/moverdb.com\/lt\/juda-imones\/moving-companies-us-miami\/\">Majamis<\/a><\/li>\n<li> <a href=\"https:\/\/moverdb.com\/lt\/juda-imones\/moving-companies-us-san-diego\/\">San Diegas<\/a><\/li>\n<li> <a href=\"https:\/\/moverdb.com\/lt\/juda-imones\/moving-companies-us-seattle\/\">Sietlas<\/a><\/li>\n<li> <a href=\"https:\/\/moverdb.com\/lt\/juda-imones\/moving-companies-us-sterling\/\">Sterling<\/a><\/li>\n<\/ul>","protected":false},"excerpt":{"rendered":"<p>Pagal valstij\u0105 Alabama Aliaska Arizona Kalifornija Koloradas Konektikutas Florida Gruzija Idaho Indiana Havajai Ilinojus Ilinojus Marylandas Masa\u010dusetsas Mi\u010diganas Mi\u010diganas Minesota Mis\u016bris Montana Nevada Naujasis D\u017eersis Naujoji Meksika Niujorkas \u0160iaur\u0117s Karolina Ohajas Pensilvanija Piet\u0173 Karolina Tenesis Teksasas Juta Vird\u017einija Va\u0161ingtonas Pagal miest\u0105 Aleksandrija Danberis El Pasas Gaitersburgas Honolulu Hiustonas D\u017eeksonvilis Los And\u017eelas Majamis San Diegas Sietlas Sterlingas<\/p>","protected":false},"author":1,"featured_media":0,"parent":190,"menu_order":0,"comment_status":"closed","ping_status":"closed","template":"","meta":{"_genesis_hide_title":false,"_genesis_hide_breadcrumbs":false,"_genesis_hide_singular_image":false,"_genesis_hide_footer_widgets":false,"_genesis_custom_body_class":"","_genesis_custom_post_class":"","_genesis_layout":"","footnotes":""},"class_list":{"0":"post-14660","1":"page","2":"type-page","3":"status-publish","5":"entry"},"_links":{"self":[{"href":"https:\/\/moverdb.com\/lt\/wp-json\/wp\/v2\/pages\/14660","targetHints":{"allow":["GET"]}}],"collection":[{"href":"https:\/\/moverdb.com\/lt\/wp-json\/wp\/v2\/pages"}],"about":[{"href":"https:\/\/moverdb.com\/lt\/wp-json\/wp\/v2\/types\/page"}],"author":[{"embeddable":true,"href":"https:\/\/moverdb.com\/lt\/wp-json\/wp\/v2\/users\/1"}],"replies":[{"embeddable":true,"href":"https:\/\/moverdb.com\/lt\/wp-json\/wp\/v2\/comments?post=14660"}],"version-history":[{"count":40,"href":"https:\/\/moverdb.com\/lt\/wp-json\/wp\/v2\/pages\/14660\/revisions"}],"predecessor-version":[{"id":15078,"href":"https:\/\/moverdb.com\/lt\/wp-json\/wp\/v2\/pages\/14660\/revisions\/15078"}],"up":[{"embeddable":true,"href":"https:\/\/moverdb.com\/lt\/wp-json\/wp\/v2\/pages\/190"}],"wp:attachment":[{"href":"https:\/\/moverdb.com\/lt\/wp-json\/wp\/v2\/media?parent=14660"}],"curies":[{"name":"wp","href":"https:\/\/api.w.org\/{rel}","templated":true}]}}