{"id":14402,"date":"2023-11-08T15:56:48","date_gmt":"2023-11-08T15:56:48","guid":{"rendered":"https:\/\/moverdb.com\/freight-forwarder\/freight-forwarding-uk\/port-of-tilbury-freight-forwarder\/"},"modified":"2026-01-08T14:52:17","modified_gmt":"2026-01-08T14:52:17","slug":"port-of-tilbury-freight-forwarder","status":"publish","type":"page","link":"https:\/\/moverdb.com\/lt\/freight-forwarder\/freight-forwarding-uk\/port-of-tilbury-freight-forwarder\/","title":{"rendered":"1 geriausios Tilberio uosto ekspedicin\u0117s \u012fmon\u0117s (2023 m.)"},"content":{"rendered":"<p>Toliau ap\u017evelgsime 1 <em>\"geriausias\"<\/em> Krovini\u0173 ekspedijavimo \u012fmon\u0117s <a href=\"https:\/\/moverdb.com\/lt\/top-49-container-ports\/\" data-internallinksmanager029f6b8e52c=\"80\" title=\"49 did\u017eiausi ir labiausiai apkrauti konteineri\u0173 uostai 2025 m.\">Uostas<\/a> Tilberio i\u0161 1.<\/p>\n<p>Nor\u0117dami su\u017einoti daugiau apie tai, kaip atrinkome geriausius, \u017er. pabaigoje esant\u012f DUK skyri\u0173.<\/p>\n<p><em>Atkreipkite d\u0117mes\u012f, kad toliau pateikti s\u0105ra\u0161ai n\u0117ra i\u0161d\u0117styti tam tikra tvarka ir mes nerekomenduojame jokios konkre\u010dios \u012fmon\u0117s.<\/em><\/p>\n<h2>Gr\u012f\u017etan\u010dios apkrovos<\/h2>\n<p><img decoding=\"async\" src=\"https:\/\/moverdb.com\/wp-content\/uploads\/AF1QipOFEllSRUHzmtbpToYfArE14qbpDVT3nsc2zjRVw426-h240-k-no.png\" alt='Gr\u012f\u017etan\u010dios apkrovos' class=\"aligncenter\"><\/p>\n<p><strong>Verslo apra\u0161ymas: <\/strong>Nepateikta<\/p>\n<p><strong>Papildomos paslaugos:<\/strong><\/p>\n<p>Transporto paslaugos<\/p>\n<p><strong>Adresas:<\/strong> Logistikos terminalas, 46A krantin\u0117, Tilberio uostas RM18 7HS<\/p>\n<p><a href=\"https:\/\/www.returnloads.net\/\" target=\"_new\" rel=\"noopener\">Gr\u0105\u017einti krovinius svetain\u0117<\/a><\/p>\n<p><strong>Ap\u017evalgos rezultatas: <\/strong>2.9<br \/> <strong>Atsiliepim\u0173 skai\u010dius:<\/strong> 35<br \/><a href=\"https:\/\/www.google.co.uk\/maps?cid=408923343868148715&#038;hl=en&#038;gl=GB\" target=\"_new\" rel=\"noopener\">Skaityti atsiliepimus<\/a><\/p>\n<h2>Kaip i\u0161rinkome geriausias Tilberio uosto ekspedicines \u012fmones<\/h2>\n<p>Prad\u0117jome nuo 1 Tilberio uosto krovini\u0173 ekspedijavimo \u012fmoni\u0173, kurias gal\u0117jome rasti naudodamiesi \"Google Maps\", duomen\u0173 rinkinio ir susiaurinome j\u012f iki 1 geriausios.<\/p>\n<p>Nor\u0117dami tai padaryti, pa\u0161alinome visas \u012fmones, kurios:<\/p>\n<ul>\n<li> Netur\u0117jo interneto svetain\u0117s<\/li>\n<li> Netur\u0117jo joki\u0173 atsiliepim\u0173<\/li>\n<li> Tur\u0117jo vidutin\u012f ap\u017evalgos \u012fvertinim\u0105, ma\u017eesn\u012f nei 2,0 balo<\/li>\n<\/ul>\n<p>\u0160iuo metu, jei tur\u0117jome 17 ar ma\u017eiau ekspeditori\u0173, \u012f s\u0105ra\u0161\u0105 \u012ftrauk\u0117me visus.<\/p>\n<p>Miestuose, kuriuose liko daugiau nei 17 ekspeditori\u0173, atlikome tolesnius pakeitimus: padidinome reikalaujam\u0105 per\u017ei\u016bros bal\u0105 (pvz., nuo ma\u017eiausiai 2,0 iki 4,0) ir (arba) padidinome reikalaujam\u0105 ma\u017eiausi\u0105 per\u017ei\u016br\u0173 skai\u010di\u0173 (pvz., nuo ma\u017eiausiai 1 per\u017ei\u016bros iki ma\u017eiausiai 10).<\/p>\n<p>Atkreipkite d\u0117mes\u012f, kad naudojome tik \"Google\" \u017eem\u0117lapi\u0173, o ne kit\u0173 tre\u010di\u0173j\u0173 \u0161ali\u0173 svetaini\u0173 per\u017ei\u016bros duomenis.<\/p>\n<p>Daugiau miest\u0173:<\/p>\n<p><a href=\"https:\/\/moverdb.com\/lt\/ekspeditorius\/freight-forwarding-uk\/hereford-freight-forwarder\/\">Herefordo krovini\u0173 ekspeditorius<\/a><br \/><a href=\"https:\/\/moverdb.com\/lt\/ekspeditorius\/freight-forwarding-uk\/durham-freight-forwarder\/\">Durhamo krovini\u0173 ekspeditorius<\/a><br \/><a href=\"https:\/\/moverdb.com\/lt\/ekspeditorius\/freight-forwarding-uk\/thatcham-freight-forwarder\/\">Thatchamo krovini\u0173 ekspeditorius<\/a><br \/><a href=\"https:\/\/moverdb.com\/lt\/ekspeditorius\/freight-forwarding-uk\/bracknell-freight-forwarder\/\">Bracknell Krovini\u0173 ekspeditorius<\/a><br \/><a href=\"https:\/\/moverdb.com\/lt\/ekspeditorius\/freight-forwarding-uk\/thornton-heath-freight-forwarder\/\">Thornton Heath krovini\u0173 ekspeditorius<\/a><\/p>","protected":false},"excerpt":{"rendered":"<p>Below we look at the 1 &#8220;best&#8221; Freight Forwarding companies in Port of Tilbury out of 1. To learn more about how we chose the best please consult our FAQ section at the end. Please not the following listings are in no particular order and we are not making any recommendations for any particular company. [&hellip;]<\/p>\n","protected":false},"author":1,"featured_media":0,"parent":13427,"menu_order":0,"comment_status":"open","ping_status":"open","template":"","meta":{"_genesis_hide_title":false,"_genesis_hide_breadcrumbs":false,"_genesis_hide_singular_image":false,"_genesis_hide_footer_widgets":false,"_genesis_custom_body_class":"","_genesis_custom_post_class":"","_genesis_layout":"","footnotes":""},"class_list":{"0":"post-14402","1":"page","2":"type-page","3":"status-publish","5":"entry"},"_links":{"self":[{"href":"https:\/\/moverdb.com\/lt\/wp-json\/wp\/v2\/pages\/14402","targetHints":{"allow":["GET"]}}],"collection":[{"href":"https:\/\/moverdb.com\/lt\/wp-json\/wp\/v2\/pages"}],"about":[{"href":"https:\/\/moverdb.com\/lt\/wp-json\/wp\/v2\/types\/page"}],"author":[{"embeddable":true,"href":"https:\/\/moverdb.com\/lt\/wp-json\/wp\/v2\/users\/1"}],"replies":[{"embeddable":true,"href":"https:\/\/moverdb.com\/lt\/wp-json\/wp\/v2\/comments?post=14402"}],"version-history":[{"count":1,"href":"https:\/\/moverdb.com\/lt\/wp-json\/wp\/v2\/pages\/14402\/revisions"}],"predecessor-version":[{"id":15619,"href":"https:\/\/moverdb.com\/lt\/wp-json\/wp\/v2\/pages\/14402\/revisions\/15619"}],"up":[{"embeddable":true,"href":"https:\/\/moverdb.com\/lt\/wp-json\/wp\/v2\/pages\/13427"}],"wp:attachment":[{"href":"https:\/\/moverdb.com\/lt\/wp-json\/wp\/v2\/media?parent=14402"}],"curies":[{"name":"wp","href":"https:\/\/api.w.org\/{rel}","templated":true}]}}