{"id":14390,"date":"2023-11-08T15:56:30","date_gmt":"2023-11-08T15:56:30","guid":{"rendered":"https:\/\/moverdb.com\/freight-forwarder\/freight-forwarding-uk\/pontypool-freight-forwarder\/"},"modified":"2026-01-08T14:52:16","modified_gmt":"2026-01-08T14:52:16","slug":"pontypool-freight-forwarder","status":"publish","type":"page","link":"https:\/\/moverdb.com\/lt\/freight-forwarder\/freight-forwarding-uk\/pontypool-freight-forwarder\/","title":{"rendered":"1 geriausios Pontypolio krovini\u0173 ekspedijavimo \u012fmon\u0117s (2023 m.)"},"content":{"rendered":"<p>Toliau ap\u017evelgsime 1 <em>\"geriausias\"<\/em> Krovini\u0173 ekspedijavimo \u012fmon\u0117s Pontypool mieste i\u0161 1.<\/p>\n<p>Nor\u0117dami su\u017einoti daugiau apie tai, kaip atrinkome geriausius, \u017er. pabaigoje esant\u012f DUK skyri\u0173.<\/p>\n<p><em>Atkreipkite d\u0117mes\u012f, kad toliau pateikti s\u0105ra\u0161ai n\u0117ra i\u0161d\u0117styti tam tikra tvarka ir mes nerekomenduojame jokios konkre\u010dios \u012fmon\u0117s.<\/em><\/p>\n<h2>Krovini\u0173 logistikos sprendimai<\/h2>\n<p><img decoding=\"async\" src=\"https:\/\/moverdb.com\/wp-content\/uploads\/AF1QipNQ3vzrUc4bAQ-xfDZQk9n0gwB30l2Ue76CTmz0w408-h306-k-no.jpg\" alt='Krovini\u0173 logistikos sprendimai' class=\"aligncenter\"><\/p>\n<p><strong>Verslo apra\u0161ymas: <\/strong>FLS yra viena i\u0161 pirmaujan\u010di\u0173 JK skaitmenini\u0173 krovini\u0173 ekspeditori\u0173 \/ tiekimo grandin\u0117s valdymo \u012fmoni\u0173.<\/p>\n<p> FLS si\u016blo logistikos sprendimus, pagr\u012fstus darbo patirtimi ir \u017einiomis veiklos, tiekimo grandin\u0117s ir krovini\u0173 logistikos srityse, kuri\u0173 pagrindinis verslo tikslas - pagerinti m\u016bs\u0173 klient\u0173 transporto paslaug\u0173 lyg\u012f ir kartu suma\u017einti i\u0161laidas.<\/p>\n<p>FLS turi plat\u0173 pasaulin\u012f pageidaujam\u0173 tiek\u0117j\u0173 ir kokybi\u0161k\u0173 ve\u017e\u0117j\u0173 tinkl\u0105, o tai rei\u0161kia, kad galite naudotis geresniu prieinamumu, saugumu, garantuotais paslaug\u0173 lygiais, didesniu lankstumu, atsekamumu ir laiko apribojimu.<\/p>\n<p>FLS si\u016blo \u012fvairias paslaugas, atitinkan\u010dias visus klient\u0173 krovini\u0173 tvarkymo poreikius - nuo atsitiktini\u0173 perve\u017eim\u0173 iki muitin\u0117s ir visi\u0161ko u\u017esakomojo transporto valdymo vietoje.<\/p>\n<p><strong>Papildomos paslaugos:<\/strong><\/p>\n<p>Kurjeri\u0173 paslaugos<\/p>\n<p>Muitin\u0117s tarpininkas<\/p>\n<p>Muitin\u0117s konsultantas<\/p>\n<p>Pristatymo paslauga<\/p>\n<p>Logistikos paslaugos<\/p>\n<p>Transporto paslaugos<\/p>\n<p>Sunkve\u017eimi\u0173 bendrov\u0117<\/p>\n<p><strong>Adresas:<\/strong> Skewfields, Lower Mill, Pontypool NP4 0XZ<\/p>\n<p><a href=\"http:\/\/www.freightlogisticssolutions.co.uk\/\" target=\"_new\" rel=\"noopener\">Krovini\u0173 logistikos sprendim\u0173 svetain\u0117<\/a><\/p>\n<p><strong>Ap\u017evalgos rezultatas: <\/strong>4.1<br \/> <strong>Atsiliepim\u0173 skai\u010dius:<\/strong> 33<br \/><a href=\"https:\/\/www.google.co.uk\/maps?cid=7228317167136296428&#038;hl=en&#038;gl=GB\" target=\"_new\" rel=\"noopener\">Skaityti atsiliepimus<\/a><\/p>\n<h2>Kaip i\u0161rinkome geriausias Pontypolio krovini\u0173 ekspedijavimo \u012fmones<\/h2>\n<p>Prad\u0117jome nuo 1 Pontypolio krovini\u0173 ekspedijavimo \u012fmoni\u0173, kurias gal\u0117jome rasti naudodamiesi \"Google Maps\", duomen\u0173 rinkinio ir susiaurinome j\u012f iki 1 geriausios.<\/p>\n<p>Nor\u0117dami tai padaryti, pa\u0161alinome visas \u012fmones, kurios:<\/p>\n<ul>\n<li> Netur\u0117jo interneto svetain\u0117s<\/li>\n<li> Netur\u0117jo joki\u0173 atsiliepim\u0173<\/li>\n<li> Tur\u0117jo vidutin\u012f ap\u017evalgos \u012fvertinim\u0105, ma\u017eesn\u012f nei 2,0 balo<\/li>\n<\/ul>\n<p>\u0160iuo metu, jei tur\u0117jome 17 ar ma\u017eiau ekspeditori\u0173, \u012f s\u0105ra\u0161\u0105 \u012ftrauk\u0117me visus.<\/p>\n<p>Miestuose, kuriuose liko daugiau nei 17 ekspeditori\u0173, atlikome tolesnius pakeitimus: padidinome reikalaujam\u0105 per\u017ei\u016bros bal\u0105 (pvz., nuo ma\u017eiausiai 2,0 iki 4,0) ir (arba) padidinome reikalaujam\u0105 ma\u017eiausi\u0105 per\u017ei\u016br\u0173 skai\u010di\u0173 (pvz., nuo ma\u017eiausiai 1 per\u017ei\u016bros iki ma\u017eiausiai 10).<\/p>\n<p>Atkreipkite d\u0117mes\u012f, kad naudojome tik \"Google\" \u017eem\u0117lapi\u0173, o ne kit\u0173 tre\u010di\u0173j\u0173 \u0161ali\u0173 svetaini\u0173 per\u017ei\u016bros duomenis.<\/p>\n<p>Daugiau miest\u0173:<\/p>\n<p><a href=\"https:\/\/moverdb.com\/lt\/ekspeditorius\/freight-forwarding-uk\/stourbridge-freight-forwarder\/\">Stourbridge krovini\u0173 ekspeditorius<\/a><br \/><a href=\"https:\/\/moverdb.com\/lt\/ekspeditorius\/freight-forwarding-uk\/bourne-end-freight-forwarder\/\">Bourne End Krovini\u0173 ekspeditorius<\/a><br \/><a href=\"https:\/\/moverdb.com\/lt\/ekspeditorius\/freight-forwarding-uk\/hartlepool-freight-forwarder\/\">Hartlepolio krovini\u0173 ekspeditorius<\/a><br \/><a href=\"https:\/\/moverdb.com\/lt\/ekspeditorius\/freight-forwarding-uk\/dudley-freight-forwarder\/\">Dudlio krovini\u0173 ekspeditorius<\/a><br \/><a href=\"https:\/\/moverdb.com\/lt\/ekspeditorius\/freight-forwarding-uk\/andover-freight-forwarder\/\">Andoverio krovini\u0173 ekspeditorius<\/a><\/p>","protected":false},"excerpt":{"rendered":"<p>Below we look at the 1 &#8220;best&#8221; Freight Forwarding companies in Pontypool out of 1. To learn more about how we chose the best please consult our FAQ section at the end. Please not the following listings are in no particular order and we are not making any recommendations for any particular company. Freight Logistics [&hellip;]<\/p>\n","protected":false},"author":1,"featured_media":0,"parent":13427,"menu_order":0,"comment_status":"open","ping_status":"open","template":"","meta":{"_genesis_hide_title":false,"_genesis_hide_breadcrumbs":false,"_genesis_hide_singular_image":false,"_genesis_hide_footer_widgets":false,"_genesis_custom_body_class":"","_genesis_custom_post_class":"","_genesis_layout":"","footnotes":""},"class_list":{"0":"post-14390","1":"page","2":"type-page","3":"status-publish","5":"entry"},"_links":{"self":[{"href":"https:\/\/moverdb.com\/lt\/wp-json\/wp\/v2\/pages\/14390","targetHints":{"allow":["GET"]}}],"collection":[{"href":"https:\/\/moverdb.com\/lt\/wp-json\/wp\/v2\/pages"}],"about":[{"href":"https:\/\/moverdb.com\/lt\/wp-json\/wp\/v2\/types\/page"}],"author":[{"embeddable":true,"href":"https:\/\/moverdb.com\/lt\/wp-json\/wp\/v2\/users\/1"}],"replies":[{"embeddable":true,"href":"https:\/\/moverdb.com\/lt\/wp-json\/wp\/v2\/comments?post=14390"}],"version-history":[{"count":1,"href":"https:\/\/moverdb.com\/lt\/wp-json\/wp\/v2\/pages\/14390\/revisions"}],"predecessor-version":[{"id":15618,"href":"https:\/\/moverdb.com\/lt\/wp-json\/wp\/v2\/pages\/14390\/revisions\/15618"}],"up":[{"embeddable":true,"href":"https:\/\/moverdb.com\/lt\/wp-json\/wp\/v2\/pages\/13427"}],"wp:attachment":[{"href":"https:\/\/moverdb.com\/lt\/wp-json\/wp\/v2\/media?parent=14390"}],"curies":[{"name":"wp","href":"https:\/\/api.w.org\/{rel}","templated":true}]}}