{"id":14252,"date":"2023-11-08T15:55:37","date_gmt":"2023-11-08T15:55:37","guid":{"rendered":"https:\/\/moverdb.com\/freight-forwarder\/freight-forwarding-uk\/worthing-freight-forwarder\/"},"modified":"2026-01-08T14:55:20","modified_gmt":"2026-01-08T14:55:20","slug":"worthing-freight-forwarder","status":"publish","type":"page","link":"https:\/\/moverdb.com\/lt\/freight-forwarder\/freight-forwarding-uk\/worthing-freight-forwarder\/","title":{"rendered":"1 geriausios Worthingo krovini\u0173 ekspedijavimo \u012fmon\u0117s (2023 m.)"},"content":{"rendered":"<p>Toliau ap\u017evelgsime 1 <em>\"geriausias\"<\/em> Krovini\u0173 ekspedijavimo \u012fmon\u0117s Worthing mieste i\u0161 1.<\/p>\n<p>Nor\u0117dami su\u017einoti daugiau apie tai, kaip atrinkome geriausius, \u017er. pabaigoje esant\u012f DUK skyri\u0173.<\/p>\n<p><em>Atkreipkite d\u0117mes\u012f, kad toliau pateikti s\u0105ra\u0161ai n\u0117ra i\u0161d\u0117styti tam tikra tvarka ir mes nerekomenduojame jokios konkre\u010dios \u012fmon\u0117s.<\/em><\/p>\n<h2>\"Spicer International Ltd\" kurjeri\u0173 paslaugos Worthing<\/h2>\n<p><img decoding=\"async\" src=\"https:\/\/moverdb.com\/wp-content\/uploads\/AF1QipOUq_GAzE3wCuLAU_Ci4QSHdFpGBvl9Vneea4ngw426-h240-k-no.jpg\" alt='&quot;Spicer International Ltd&quot; kurjeri\u0173 paslaugos Worthing' class=\"aligncenter\"><\/p>\n<p><strong>Verslo apra\u0161ymas: <\/strong>Sveiki atvyk\u0119 \u012f \"Spicer International\", j\u016bs\u0173 tarptautini\u0173 siunt\u0173 partner\u012f.<\/p>\n<p> Tur\u0117dami daugiau nei 25 met\u0173 patirt\u012f teikiant auk\u0161tos kokyb\u0117s krovini\u0173 gabenimo paslaugas, esame u\u017esitarnav\u0119 pavyd\u0117tin\u0105 reputacij\u0105.<\/p>\n<p> Ne tik tai! Taip pat si\u016blome geriausias sand\u0117liavimo paslaugas Vakar\u0173 Sasekse.<\/p>\n<p> Savo klientams visada teikiame pirmenyb\u0119 ir u\u017etikriname, kad m\u016bs\u0173 pristatymo ir surinkimo paslaugos atitikt\u0173 ir vir\u0161yt\u0173 j\u0173 l\u016bkes\u010dius.<\/p>\n<p> Taigi, nesvarbu, ar turite sand\u0117liavimo poreiki\u0173, ar norite i\u0161si\u0173sti siuntin\u012f bet kurioje \u0161alies vietoje, \"Spicer International\" ekspertai gali pasi\u016blyti pritaikom\u0105 sand\u0117liavimo sprendim\u0105 ir laiku pristatyti siuntin\u012f.<\/p>\n<p> Nor\u0117dami papra\u0161yti kainos pasi\u016blymo, u\u017epildykite informacij\u0105 m\u016bs\u0173 citat\u0173 generatoriuje.<\/p>\n<p> Skambinkite <a href=\"https:\/\/moverdb.com\/lt\/moving-to-the-united-states\/\" data-internallinksmanager029f6b8e52c=\"94\" title=\"Persik\u0117limas \u012f Jungtines Amerikos Valstijas? 2022 Gyvenimo i\u0161laidos ir persik\u0117limo patarimai\">mus<\/a> dabar arba palikite \u017einut\u0119.<\/p>\n<p><strong>Papildomos paslaugos:<\/strong><\/p>\n<p>Kurjeri\u0173 paslaugos<\/p>\n<p>Pristatymo \u012fmon\u0117<\/p>\n<p>Saugykla<\/p>\n<p>Sand\u0117lis<\/p>\n<p>Nuolaid\u0173 parduotuv\u0117<\/p>\n<p><strong>Adresas:<\/strong> Northbrook Business Park, Units 13-14, Northbrook Rd, Worthing BN14 8PQ<\/p>\n<p><a href=\"http:\/\/www.spicerinternational.com\/\" target=\"_new\" rel=\"noopener\">\"Spicer International Ltd\" kurjeri\u0173 paslaug\u0173 Worthing svetain\u0117<\/a><\/p>\n<p><strong>Ap\u017evalgos rezultatas: <\/strong>4.9<br \/> <strong>Atsiliepim\u0173 skai\u010dius:<\/strong> 18<br \/><a href=\"https:\/\/www.google.co.uk\/maps?cid=16544897627600685036&#038;hl=en&#038;gl=GB\" target=\"_new\" rel=\"noopener\">Skaityti atsiliepimus<\/a><\/p>\n<h2>Kaip i\u0161rinkome geriausias Worthingo krovini\u0173 ekspedijavimo \u012fmones<\/h2>\n<p>Prad\u0117jome nuo 1 Worthingo krovini\u0173 ekspedijavimo \u012fmoni\u0173, kurias gal\u0117jome rasti naudodamiesi \"Google Maps\", duomen\u0173 rinkinio ir susiaurinome j\u012f iki 1 geriausios.<\/p>\n<p>Nor\u0117dami tai padaryti, pa\u0161alinome visas \u012fmones, kurios:<\/p>\n<ul>\n<li> Netur\u0117jo interneto svetain\u0117s<\/li>\n<li> Netur\u0117jo joki\u0173 atsiliepim\u0173<\/li>\n<li> Tur\u0117jo vidutin\u012f ap\u017evalgos \u012fvertinim\u0105, ma\u017eesn\u012f nei 2,0 balo<\/li>\n<\/ul>\n<p>\u0160iuo metu, jei tur\u0117jome 17 ar ma\u017eiau ekspeditori\u0173, \u012f s\u0105ra\u0161\u0105 \u012ftrauk\u0117me visus.<\/p>\n<p>Miestuose, kuriuose liko daugiau nei 17 ekspeditori\u0173, atlikome tolesnius pakeitimus: padidinome reikalaujam\u0105 per\u017ei\u016bros bal\u0105 (pvz., nuo ma\u017eiausiai 2,0 iki 4,0) ir (arba) padidinome reikalaujam\u0105 ma\u017eiausi\u0105 per\u017ei\u016br\u0173 skai\u010di\u0173 (pvz., nuo ma\u017eiausiai 1 per\u017ei\u016bros iki ma\u017eiausiai 10).<\/p>\n<p>Atkreipkite d\u0117mes\u012f, kad naudojome tik \"Google\" \u017eem\u0117lapi\u0173, o ne kit\u0173 tre\u010di\u0173j\u0173 \u0161ali\u0173 svetaini\u0173 per\u017ei\u016bros duomenis.<\/p>\n<p>Daugiau miest\u0173:<\/p>\n<p><a href=\"https:\/\/moverdb.com\/lt\/ekspeditorius\/freight-forwarding-uk\/llanfyrnach-freight-forwarder\/\">Llanfyrnach Krovini\u0173 ekspeditorius<\/a><br \/><a href=\"https:\/\/moverdb.com\/lt\/ekspeditorius\/freight-forwarding-uk\/bromley-freight-forwarder\/\">Bromlio krovini\u0173 ekspeditorius<\/a><br \/><a href=\"https:\/\/moverdb.com\/lt\/ekspeditorius\/freight-forwarding-uk\/colnbrook-slough-freight-forwarder\/\">Colnbrook Slough Krovini\u0173 ekspeditorius<\/a><br \/><a href=\"https:\/\/moverdb.com\/lt\/ekspeditorius\/freight-forwarding-uk\/selby-freight-forwarder\/\">\"Selby\" krovini\u0173 ekspeditorius<\/a><br \/><a href=\"https:\/\/moverdb.com\/lt\/ekspeditorius\/freight-forwarding-uk\/cookstown-freight-forwarder\/\">Cookstown Krovini\u0173 ekspeditorius<\/a><\/p>","protected":false},"excerpt":{"rendered":"<p>Below we look at the 1 &#8220;best&#8221; Freight Forwarding companies in Worthing out of 1. To learn more about how we chose the best please consult our FAQ section at the end. Please not the following listings are in no particular order and we are not making any recommendations for any particular company. Spicer International [&hellip;]<\/p>\n","protected":false},"author":1,"featured_media":0,"parent":13427,"menu_order":0,"comment_status":"open","ping_status":"open","template":"","meta":{"_genesis_hide_title":false,"_genesis_hide_breadcrumbs":false,"_genesis_hide_singular_image":false,"_genesis_hide_footer_widgets":false,"_genesis_custom_body_class":"","_genesis_custom_post_class":"","_genesis_layout":"","footnotes":""},"class_list":{"0":"post-14252","1":"page","2":"type-page","3":"status-publish","5":"entry"},"_links":{"self":[{"href":"https:\/\/moverdb.com\/lt\/wp-json\/wp\/v2\/pages\/14252","targetHints":{"allow":["GET"]}}],"collection":[{"href":"https:\/\/moverdb.com\/lt\/wp-json\/wp\/v2\/pages"}],"about":[{"href":"https:\/\/moverdb.com\/lt\/wp-json\/wp\/v2\/types\/page"}],"author":[{"embeddable":true,"href":"https:\/\/moverdb.com\/lt\/wp-json\/wp\/v2\/users\/1"}],"replies":[{"embeddable":true,"href":"https:\/\/moverdb.com\/lt\/wp-json\/wp\/v2\/comments?post=14252"}],"version-history":[{"count":1,"href":"https:\/\/moverdb.com\/lt\/wp-json\/wp\/v2\/pages\/14252\/revisions"}],"predecessor-version":[{"id":15675,"href":"https:\/\/moverdb.com\/lt\/wp-json\/wp\/v2\/pages\/14252\/revisions\/15675"}],"up":[{"embeddable":true,"href":"https:\/\/moverdb.com\/lt\/wp-json\/wp\/v2\/pages\/13427"}],"wp:attachment":[{"href":"https:\/\/moverdb.com\/lt\/wp-json\/wp\/v2\/media?parent=14252"}],"curies":[{"name":"wp","href":"https:\/\/api.w.org\/{rel}","templated":true}]}}