{"id":14244,"date":"2023-11-08T15:55:37","date_gmt":"2023-11-08T15:55:37","guid":{"rendered":"https:\/\/moverdb.com\/freight-forwarder\/freight-forwarding-uk\/west-bromwich-freight-forwarder\/"},"modified":"2026-01-08T14:55:09","modified_gmt":"2026-01-08T14:55:09","slug":"west-bromwich-freight-forwarder","status":"publish","type":"page","link":"https:\/\/moverdb.com\/lt\/freight-forwarder\/freight-forwarding-uk\/west-bromwich-freight-forwarder\/","title":{"rendered":"1 geriausios Vakar\u0173 Bromvi\u010do krovini\u0173 ekspedijavimo \u012fmon\u0117s (2024)"},"content":{"rendered":"<p>Toliau ap\u017evelgsime 1 <em>\"geriausias\"<\/em> Krovini\u0173 ekspedijavimo \u012fmon\u0117s West Bromwich mieste i\u0161 5.<\/p>\n<p>Nor\u0117dami su\u017einoti daugiau apie tai, kaip atrinkome geriausius, \u017er. pabaigoje esant\u012f DUK skyri\u0173.<\/p>\n<p><em>Atkreipkite d\u0117mes\u012f, kad toliau pateikti s\u0105ra\u0161ai n\u0117ra i\u0161d\u0117styti tam tikra tvarka ir mes nerekomenduojame jokios konkre\u010dios \u012fmon\u0117s.<\/em><\/p>\n<h2>\"GenX Freight<\/h2>\n<p><img decoding=\"async\" src=\"https:\/\/moverdb.com\/wp-content\/uploads\/thumbnailpanoidS8RNjXOD44wDYfzB5QdMygcb_clientsearch.gws-prod.gpsw408h240yaw250.jpg\" alt='&quot;GenX Freight' class=\"aligncenter\"><\/p>\n<p><strong>Verslo apra\u0161ymas: <\/strong>\"GenX Freight\" atv\u0117r\u0117 naujausius krovini\u0173 ekspedijavimo b\u016bdus, kartu suteikdama klientams galimyb\u0119 matyti vis\u0105 krovini\u0173 ve\u017eimo proces\u0105.<\/p>\n<p> Teikiame patobulintus transporto ir logistikos sprendimus, nepamir\u0161dami kainos ir u\u017etikrint\u0173 optimali\u0173 krovini\u0173 gabenimo paslaug\u0173.<\/p>\n<p> Esame pasiekiami 24 valandas per par\u0105, 7 dienas per savait\u0119, 7 dienas per savait\u0119, u\u017etikrinant j\u016bs\u0173 preki\u0173 saugum\u0105 ir pristatym\u0105 laiku.<\/p>\n<p> M\u016bs\u0173 specialistai, i\u0161manantys technologijas, kuo geriau jas i\u0161naudoja, kad palengvint\u0173 krovini\u0173 ve\u017eimo proces\u0105.<\/p>\n<p><strong>Papildomos paslaugos:<\/strong><\/p>\n<p>N\u0117ra \u012f s\u0105ra\u0161\u0105 \u012ftraukt\u0173<\/p>\n<p><strong>Adresas:<\/strong> Guardian House, Cronehills Linkway, West Bromwich B70 8GS<\/p>\n<p><a href=\"https:\/\/genxfreight.co.uk\/\" target=\"_new\" rel=\"noopener\">\"GenX Freight\" svetain\u0117<\/a><\/p>\n<p><strong>Ap\u017evalgos rezultatas: <\/strong>5<br \/> <strong>Atsiliepim\u0173 skai\u010dius:<\/strong> 1<br \/><a href=\"https:\/\/www.google.co.uk\/maps?cid=4572832678056520042&#038;hl=en&#038;gl=GB\" target=\"_new\" rel=\"noopener\">Skaityti atsiliepimus<\/a><\/p>\n<h2>Kaip i\u0161rinkome geriausias West Bromwicho krovini\u0173 ekspedijavimo \u012fmones<\/h2>\n<p>Prad\u0117jome nuo 5 Vakar\u0173 Bromvi\u010do krovini\u0173 ekspedijavimo \u012fmoni\u0173, kurias gal\u0117jome rasti naudodamiesi \"Google Maps\", duomen\u0173 rinkinio ir susiaurinome j\u012f iki 1 geriausios.<\/p>\n<p>Nor\u0117dami tai padaryti, pa\u0161alinome visas \u012fmones, kurios:<\/p>\n<ul>\n<li> Netur\u0117jo interneto svetain\u0117s<\/li>\n<li> Netur\u0117jo joki\u0173 atsiliepim\u0173<\/li>\n<li> Tur\u0117jo vidutin\u012f ap\u017evalgos \u012fvertinim\u0105, ma\u017eesn\u012f nei 2,0 balo<\/li>\n<\/ul>\n<p>\u0160iuo metu, jei tur\u0117jome 17 ar ma\u017eiau ekspeditori\u0173, \u012f s\u0105ra\u0161\u0105 \u012ftrauk\u0117me visus.<\/p>\n<p>Miestuose, kuriuose liko daugiau nei 17 ekspeditori\u0173, atlikome tolesnius pakeitimus: padidinome reikalaujam\u0105 per\u017ei\u016bros bal\u0105 (pvz., nuo ma\u017eiausiai 2,0 iki 4,0) ir (arba) padidinome reikalaujam\u0105 ma\u017eiausi\u0105 per\u017ei\u016br\u0173 skai\u010di\u0173 (pvz., nuo ma\u017eiausiai 1 per\u017ei\u016bros iki ma\u017eiausiai 10).<\/p>\n<p>Atkreipkite d\u0117mes\u012f, kad naudojome tik \"Google\" \u017eem\u0117lapi\u0173, o ne kit\u0173 tre\u010di\u0173j\u0173 \u0161ali\u0173 svetaini\u0173 per\u017ei\u016bros duomenis.<\/p>\n<p>Daugiau miest\u0173:<\/p>\n<p><a href=\"https:\/\/moverdb.com\/lt\/ekspeditorius\/freight-forwarding-uk\/colnbrook-freight-forwarder\/\">\"Colnbrook Freight Forwarder<\/a><br \/><a href=\"https:\/\/moverdb.com\/lt\/ekspeditorius\/freight-forwarding-uk\/wilnecote-freight-forwarder\/\">\"Wilnecote Freight Forwarder<\/a><br \/><a href=\"https:\/\/moverdb.com\/lt\/ekspeditorius\/freight-forwarding-uk\/llanelli-freight-forwarder\/\">Llanelli krovini\u0173 ekspeditorius<\/a><br \/><a href=\"https:\/\/moverdb.com\/lt\/ekspeditorius\/freight-forwarding-uk\/worthing-freight-forwarder\/\">Worthing Krovini\u0173 ekspeditorius<\/a><br \/><a href=\"https:\/\/moverdb.com\/lt\/ekspeditorius\/freight-forwarding-uk\/llanfyrnach-freight-forwarder\/\">Llanfyrnach Krovini\u0173 ekspeditorius<\/a><\/p>","protected":false},"excerpt":{"rendered":"<p>Below we look at the 1 &#8220;best&#8221; Freight Forwarding companies in West Bromwich out of 5. To learn more about how we chose the best please consult our FAQ section at the end. Please not the following listings are in no particular order and we are not making any recommendations for any particular company. GenX [&hellip;]<\/p>\n","protected":false},"author":1,"featured_media":0,"parent":13427,"menu_order":0,"comment_status":"open","ping_status":"open","template":"","meta":{"_genesis_hide_title":false,"_genesis_hide_breadcrumbs":false,"_genesis_hide_singular_image":false,"_genesis_hide_footer_widgets":false,"_genesis_custom_body_class":"","_genesis_custom_post_class":"","_genesis_layout":"","footnotes":""},"class_list":{"0":"post-14244","1":"page","2":"type-page","3":"status-publish","5":"entry"},"_links":{"self":[{"href":"https:\/\/moverdb.com\/lt\/wp-json\/wp\/v2\/pages\/14244","targetHints":{"allow":["GET"]}}],"collection":[{"href":"https:\/\/moverdb.com\/lt\/wp-json\/wp\/v2\/pages"}],"about":[{"href":"https:\/\/moverdb.com\/lt\/wp-json\/wp\/v2\/types\/page"}],"author":[{"embeddable":true,"href":"https:\/\/moverdb.com\/lt\/wp-json\/wp\/v2\/users\/1"}],"replies":[{"embeddable":true,"href":"https:\/\/moverdb.com\/lt\/wp-json\/wp\/v2\/comments?post=14244"}],"version-history":[{"count":1,"href":"https:\/\/moverdb.com\/lt\/wp-json\/wp\/v2\/pages\/14244\/revisions"}],"predecessor-version":[{"id":15665,"href":"https:\/\/moverdb.com\/lt\/wp-json\/wp\/v2\/pages\/14244\/revisions\/15665"}],"up":[{"embeddable":true,"href":"https:\/\/moverdb.com\/lt\/wp-json\/wp\/v2\/pages\/13427"}],"wp:attachment":[{"href":"https:\/\/moverdb.com\/lt\/wp-json\/wp\/v2\/media?parent=14244"}],"curies":[{"name":"wp","href":"https:\/\/api.w.org\/{rel}","templated":true}]}}