{"id":14171,"date":"2023-11-08T15:55:01","date_gmt":"2023-11-08T15:55:01","guid":{"rendered":"https:\/\/moverdb.com\/freight-forwarder\/freight-forwarding-uk\/manningtree-freight-forwarder\/"},"modified":"2026-01-08T14:58:09","modified_gmt":"2026-01-08T14:58:09","slug":"manningtree-freight-forwarder","status":"publish","type":"page","link":"https:\/\/moverdb.com\/lt\/freight-forwarder\/freight-forwarding-uk\/manningtree-freight-forwarder\/","title":{"rendered":"2 geriausios Manningtree krovini\u0173 ekspedijavimo \u012fmon\u0117s (2023 m.)"},"content":{"rendered":"<p>Toliau ap\u017evelgsime 2 <em>\"geriausias\"<\/em> Krovini\u0173 ekspedijavimo \u012fmon\u0117s Manningtree mieste i\u0161 2.<\/p>\n<p>Nor\u0117dami su\u017einoti daugiau apie tai, kaip atrinkome geriausius, \u017er. pabaigoje esant\u012f DUK skyri\u0173.<\/p>\n<p><em>Atkreipkite d\u0117mes\u012f, kad toliau pateikti s\u0105ra\u0161ai n\u0117ra i\u0161d\u0117styti tam tikra tvarka ir mes nerekomenduojame jokios konkre\u010dios \u012fmon\u0117s.<\/em><\/p>\n<h2>Central Oceans UK CO UK Shipping &amp; Trading Ltd<\/h2>\n<p><img decoding=\"async\" src=\"https:\/\/moverdb.com\/wp-content\/uploads\/thumbnailpanoidmo_-iyHsxTRdiGyJADKzgcb_clientsearch.gws-prod.gpsw408h240yaw15.jpg\" alt='Central Oceans UK CO UK Shipping &amp; Trading Ltd' class=\"aligncenter\"><\/p>\n<p><strong>Verslo apra\u0161ymas: <\/strong>Nepateikta<\/p>\n<p><strong>Papildomos paslaugos:<\/strong><\/p>\n<p>Muitin\u0117s tarpininkas<\/p>\n<p>Logistikos paslaugos<\/p>\n<p>Laivybos \u012frangos pramon\u0117<\/p>\n<p>Pristatymo paslauga<\/p>\n<p><a href=\"https:\/\/moverdb.com\/lt\/car-transport-shipping\/\" data-internallinksmanager029f6b8e52c=\"2\" title=\"2026 Tarptautinio automobili\u0173 transporto ir transporto priemoni\u0173 gabenimo citatos\">Transporto priemoni\u0173 gabenimas<\/a> agentas<\/p>\n<p><strong>Adresas:<\/strong> 8, The Quayside Maltings, High St, Mistley, Manningtree CO11 1AL<\/p>\n<p><a href=\"http:\/\/centraloceans.com\/\" target=\"_new\" rel=\"noopener\">\"Central Oceans UK CO UK Shipping &amp; Trading Ltd\" svetain\u0117<\/a><\/p>\n<p><strong>Ap\u017evalgos rezultatas: <\/strong>5<br \/> <strong>Atsiliepim\u0173 skai\u010dius:<\/strong> 1<br \/><a href=\"https:\/\/www.google.co.uk\/maps?cid=7638780040482065049&#038;hl=en&#038;gl=GB\" target=\"_new\" rel=\"noopener\">Skaityti atsiliepimus<\/a><\/p>\n<h2>ARCHIMEDO LOGISTIKA<\/h2>\n<p><img decoding=\"async\" src=\"https:\/\/moverdb.com\/wp-content\/uploads\/thumbnailpanoidRERy9W0SKGvjjdQ2CTUzPwcb_clientsearch.gws-prod.gpsw408h240yaw17.jpg\" alt='ARCHIMEDO LOGISTIKA' class=\"aligncenter\"><\/p>\n<p><strong>Verslo apra\u0161ymas: <\/strong>\"Archimedes Logistics\" teikia tarptautinio krovini\u0173 ekspedijavimo ir eksporto ekspedijavimo paslaugas vis\u0173 r\u016b\u0161i\u0173 \u012fmon\u0117ms ir privatiems asmenims.<\/p>\n<p>Esame \u012fsik\u016br\u0119 <a href=\"https:\/\/moverdb.com\/lt\/moving-to-the-uk\/\" data-internallinksmanager029f6b8e52c=\"93\" title=\"Persik\u0117limas \u012f Jungtin\u0119 Karalyst\u0119? 2022 Gyvenimo i\u0161laidos ir persikraustymo patarimai\">JK<\/a> Mistley Quay, Manningtree, Esekse, netoli <a href=\"https:\/\/moverdb.com\/lt\/top-49-container-ports\/\" data-internallinksmanager029f6b8e52c=\"80\" title=\"49 did\u017eiausi ir labiausiai apkrauti konteineri\u0173 uostai 2025 m.\">prievadai<\/a> i\u0161 Harvi\u010do ir Feliksstouvo.<\/p>\n<p>M\u016bs\u0173 draugi\u0161ka ekspert\u0173 komanda teikia tarptautinio krovini\u0173 gabenimo oro ir j\u016br\u0173 transportu, taip pat Europos krovini\u0173 gabenimo keliais ir skubi\u0173 kurjeri\u0173 paslaug\u0173 visame pasaulyje paslaugas.<\/p>\n<p><strong>Papildomos paslaugos:<\/strong><\/p>\n<p>Logistikos paslaugos<\/p>\n<p>Pristatymo paslauga<\/p>\n<p><strong>Adresas:<\/strong> Unit 5, High St, Mistley Quay, Mistley, Colchester CO11 1AL<\/p>\n<p><a href=\"https:\/\/archimedeslogistics.com\/\" target=\"_new\" rel=\"noopener\">ARCHIMEDES LOGISTICS svetain\u0117<\/a><\/p>\n<p><strong>Ap\u017evalgos rezultatas: <\/strong>3.8<br \/> <strong>Atsiliepim\u0173 skai\u010dius:<\/strong> 5<br \/><a href=\"https:\/\/www.google.co.uk\/maps?cid=11454144430054435269&#038;hl=en&#038;gl=GB\" target=\"_new\" rel=\"noopener\">Skaityti atsiliepimus<\/a><\/p>\n<h2>Kaip i\u0161rinkome geriausias Manningtree krovini\u0173 ekspedijavimo \u012fmones<\/h2>\n<p>Prad\u0117jome nuo 2 Manningtree krovini\u0173 ekspedijavimo \u012fmoni\u0173, kurias gal\u0117jome rasti naudodamiesi \"Google Maps\", duomen\u0173 rinkinio ir susiaurinome j\u012f iki 2 geriausi\u0173.<\/p>\n<p>Nor\u0117dami tai padaryti, pa\u0161alinome visas \u012fmones, kurios:<\/p>\n<ul>\n<li> Netur\u0117jo interneto svetain\u0117s<\/li>\n<li> Netur\u0117jo joki\u0173 atsiliepim\u0173<\/li>\n<li> Tur\u0117jo vidutin\u012f ap\u017evalgos \u012fvertinim\u0105, ma\u017eesn\u012f nei 2,0 balo<\/li>\n<\/ul>\n<p>\u0160iuo metu, jei tur\u0117jome 17 ar ma\u017eiau ekspeditori\u0173, \u012f s\u0105ra\u0161\u0105 \u012ftrauk\u0117me visus.<\/p>\n<p>Miestuose, kuriuose liko daugiau nei 17 ekspeditori\u0173, atlikome tolesnius pakeitimus: padidinome reikalaujam\u0105 per\u017ei\u016bros bal\u0105 (pvz., nuo ma\u017eiausiai 2,0 iki 4,0) ir (arba) padidinome reikalaujam\u0105 ma\u017eiausi\u0105 per\u017ei\u016br\u0173 skai\u010di\u0173 (pvz., nuo ma\u017eiausiai 1 per\u017ei\u016bros iki ma\u017eiausiai 10).<\/p>\n<p>Atkreipkite d\u0117mes\u012f, kad naudojome tik \"Google\" \u017eem\u0117lapi\u0173, o ne kit\u0173 tre\u010di\u0173j\u0173 \u0161ali\u0173 svetaini\u0173 per\u017ei\u016bros duomenis.<\/p>\n<p>Daugiau miest\u0173:<\/p>\n<p><a href=\"https:\/\/moverdb.com\/lt\/ekspeditorius\/freight-forwarding-uk\/sale-freight-forwarder\/\">Pardavimas Krovini\u0173 ekspeditorius<\/a><br \/><a href=\"https:\/\/moverdb.com\/lt\/ekspeditorius\/freight-forwarding-uk\/salford-freight-forwarder\/\">Salfordo krovini\u0173 ekspeditorius<\/a><br \/><a href=\"https:\/\/moverdb.com\/lt\/ekspeditorius\/freight-forwarding-uk\/lichfield-freight-forwarder\/\">Lichfildo krovini\u0173 ekspeditorius<\/a><br \/><a href=\"https:\/\/moverdb.com\/lt\/ekspeditorius\/freight-forwarding-uk\/castlederg-freight-forwarder\/\">Castlederg Krovini\u0173 ekspeditorius<\/a><br \/><a href=\"https:\/\/moverdb.com\/lt\/ekspeditorius\/freight-forwarding-uk\/great-blakenham-freight-forwarder\/\">Didysis Blakenhamo krovini\u0173 ekspeditorius<\/a><\/p>","protected":false},"excerpt":{"rendered":"<p>Below we look at the 2 &#8220;best&#8221; Freight Forwarding companies in Manningtree out of 2. To learn more about how we chose the best please consult our FAQ section at the end. Please not the following listings are in no particular order and we are not making any recommendations for any particular company. Central Oceans [&hellip;]<\/p>\n","protected":false},"author":1,"featured_media":0,"parent":13427,"menu_order":0,"comment_status":"open","ping_status":"open","template":"","meta":{"_genesis_hide_title":false,"_genesis_hide_breadcrumbs":false,"_genesis_hide_singular_image":false,"_genesis_hide_footer_widgets":false,"_genesis_custom_body_class":"","_genesis_custom_post_class":"","_genesis_layout":"","footnotes":""},"class_list":{"0":"post-14171","1":"page","2":"type-page","3":"status-publish","5":"entry"},"_links":{"self":[{"href":"https:\/\/moverdb.com\/lt\/wp-json\/wp\/v2\/pages\/14171","targetHints":{"allow":["GET"]}}],"collection":[{"href":"https:\/\/moverdb.com\/lt\/wp-json\/wp\/v2\/pages"}],"about":[{"href":"https:\/\/moverdb.com\/lt\/wp-json\/wp\/v2\/types\/page"}],"author":[{"embeddable":true,"href":"https:\/\/moverdb.com\/lt\/wp-json\/wp\/v2\/users\/1"}],"replies":[{"embeddable":true,"href":"https:\/\/moverdb.com\/lt\/wp-json\/wp\/v2\/comments?post=14171"}],"version-history":[{"count":1,"href":"https:\/\/moverdb.com\/lt\/wp-json\/wp\/v2\/pages\/14171\/revisions"}],"predecessor-version":[{"id":15727,"href":"https:\/\/moverdb.com\/lt\/wp-json\/wp\/v2\/pages\/14171\/revisions\/15727"}],"up":[{"embeddable":true,"href":"https:\/\/moverdb.com\/lt\/wp-json\/wp\/v2\/pages\/13427"}],"wp:attachment":[{"href":"https:\/\/moverdb.com\/lt\/wp-json\/wp\/v2\/media?parent=14171"}],"curies":[{"name":"wp","href":"https:\/\/api.w.org\/{rel}","templated":true}]}}