{"id":14162,"date":"2023-11-08T15:55:01","date_gmt":"2023-11-08T15:55:01","guid":{"rendered":"https:\/\/moverdb.com\/freight-forwarder\/freight-forwarding-uk\/brentford-freight-forwarder\/"},"modified":"2026-05-15T14:58:15","modified_gmt":"2026-05-15T14:58:15","slug":"brentford-freight-forwarder","status":"publish","type":"page","link":"https:\/\/moverdb.com\/lt\/freight-forwarder\/freight-forwarding-uk\/brentford-freight-forwarder\/","title":{"rendered":"2 geriausios Brentfordo krovini\u0173 ekspedijavimo \u012fmon\u0117s (2023 m.)"},"content":{"rendered":"<p>Toliau ap\u017evelgsime 2 <em>\"geriausias\"<\/em> Krovini\u0173 ekspedijavimo \u012fmon\u0117s Brentforde i\u0161 4.<\/p>\n<p>Nor\u0117dami su\u017einoti daugiau apie tai, kaip atrinkome geriausius, \u017er. pabaigoje esant\u012f DUK skyri\u0173.<\/p>\n<p><em>Atkreipkite d\u0117mes\u012f, kad toliau pateikti s\u0105ra\u0161ai n\u0117ra i\u0161d\u0117styti tam tikra tvarka ir mes nerekomenduojame jokios konkre\u010dios \u012fmon\u0117s.<\/em><\/p>\n<h2>\"Eleven International Freight Forwarding Limited<\/h2>\n<p><img decoding=\"async\" src=\"https:\/\/moverdb.com\/wp-content\/uploads\/thumbnailpanoidVmY36SRKjmuDT4ozLKoqXAcb_clientsearch.gws-prod.gpsw408h240yaw321.jpg\" alt='&quot;Eleven International Freight Forwarding Limited' class=\"aligncenter\"><\/p>\n<p><strong>Verslo apra\u0161ymas: <\/strong>Eleven International Freight Forwarding Ltd.<\/p>\n<p> j\u016bs\u0173 patyr\u0119s logistikos partneris.<\/p>\n<p>\u00e2\u20ac'<br \/>\nSi\u016blome auk\u0161\u010diausios klas\u0117s krovini\u0173 ekspedijavimo paslaugas visoje <a href=\"https:\/\/moverdb.com\/lt\/moving-to-the-uk\/\" data-internallinksmanager029f6b8e52c=\"93\" title=\"Persik\u0117limas \u012f Jungtin\u0119 Karalyst\u0119? 2022 Gyvenimo i\u0161laidos ir persikraustymo patarimai\">JK<\/a> ir Europoje.<\/p>\n<p> Tikime, kad kiekvienas klientas nusipelno geriausios patirties.<\/p>\n<p>\u00e2\u20ac'<br \/>\nSavo klientams si\u016blome i\u0161ankstin\u012f nemokam\u0105 pasi\u016blym\u0105.<\/p>\n<p> Esame tikri d\u0117l savo \u012fkaini\u0173, tod\u0117l neimame joki\u0173 pasl\u0117pt\u0173 mokes\u010di\u0173 ar pried\u0173.<\/p>\n<p>\u00e2\u20ac'<br \/>\nM\u016bs\u0173 \u012fmon\u0117 remiasi s\u0105\u017einingumu, sunkiu darbu ir ry\u017etu.<\/p>\n<p> Did\u017eiuojam\u0117s gal\u0117dami valdyti visus vidaus ir tarptautinio krovini\u0173 ve\u017eimo aspektus.<\/p>\n<p><strong>Papildomos paslaugos:<\/strong><\/p>\n<p>Perkraustymo paslaugos<\/p>\n<p>Transporto palydos paslauga<\/p>\n<p>Sand\u0117lis<\/p>\n<p><strong>Adresas:<\/strong> 1000 Great West Rd, Brentford TW8 9HH<\/p>\n<p><a href=\"http:\/\/eleven-transport.co.uk\/\" target=\"_new\" rel=\"noopener\">\"Eleven International Freight Forwarding Limited\" svetain\u0117<\/a><\/p>\n<p><strong>Ap\u017evalgos rezultatas: <\/strong>3.6<br \/> <strong>Atsiliepim\u0173 skai\u010dius:<\/strong> 14<br \/><a href=\"https:\/\/www.google.co.uk\/maps?cid=9761716854989961092&#038;hl=en&#038;gl=GB\" target=\"_new\" rel=\"noopener\">Skaityti atsiliepimus<\/a><\/p>\n<h2>Muitin\u0117 ir krovini\u0173 ve\u017eimas<\/h2>\n<p><img decoding=\"async\" src=\"https:\/\/moverdb.com\/wp-content\/uploads\/AF1QipPWvBCIA2t-qRJkVoRfgvCYtFs36Sg1ht4zKmStw534-h240-k-no.jpg\" alt='Muitin\u0117 ir krovini\u0173 ve\u017eimas' class=\"aligncenter\"><\/p>\n<p><strong>Verslo apra\u0161ymas: <\/strong>\"Customs &amp; Freight\" teikia profesionalias pasaulin\u0117s prekybos konsultacijas, muitinio \u012fforminimo ir krovini\u0173 ekspedijavimo paslaugas prekybininkams, importuojantiems ir (arba) eksportuojantiems prekes i\u0161 ir (arba) \u012f \u0161alis u\u017e Jungtin\u0117s Karalyst\u0117s rib\u0173.<\/p>\n<p>\u012emon\u0117 yra skaitmenin\u0117 ir \u017emoni\u0173 \u012fmon\u0117, kuri \u012f muitin\u0117s tarpininkavimo ir krovini\u0173 ekspedijavimo pramon\u0119 \u017evelgia eksperto akimis ir \u017evelgia i\u0161 technikos verslo perspektyvos.<\/p>\n<p> Ji naudojasi specialist\u0173 \u017einiomis ir naujomis technologijomis, kad klientams teikt\u0173 i\u0161skirtin\u0117s kokyb\u0117s paslaugas.<\/p>\n<p><strong>Papildomos paslaugos:<\/strong><\/p>\n<p>Konteineri\u0173 tiek\u0117jas<\/p>\n<p>Muitin\u0117s tarpininkas<\/p>\n<p>Draudimo brokeris<\/p>\n<p>Tarptautin\u0117s prekybos konsultantas<\/p>\n<p><strong>Adresas:<\/strong> 981 Great West Rd, Brentford TW8 9DN<\/p>\n<p><a href=\"http:\/\/www.customsandfreight.com\/\" target=\"_new\" rel=\"noopener\">Muitin\u0117s ir krovini\u0173 ve\u017eimo svetain\u0117<\/a><\/p>\n<p><strong>Ap\u017evalgos rezultatas: <\/strong>5<br \/> <strong>Atsiliepim\u0173 skai\u010dius:<\/strong> 1<br \/><a href=\"https:\/\/www.google.co.uk\/maps?cid=13007949798119682037&#038;hl=en&#038;gl=GB\" target=\"_new\" rel=\"noopener\">Skaityti atsiliepimus<\/a><\/p>\n<h2>Kaip i\u0161rinkome geriausias Brentfordo krovini\u0173 ekspedijavimo \u012fmones<\/h2>\n<p>Prad\u0117jome nuo 4 Brentfordo krovini\u0173 ekspedijavimo \u012fmoni\u0173, kurias gal\u0117jome rasti naudodamiesi \"Google Maps\", duomen\u0173 rinkinio ir susiaurinome j\u012f iki 2 geriausi\u0173.<\/p>\n<p>Nor\u0117dami tai padaryti, pa\u0161alinome visas \u012fmones, kurios:<\/p>\n<ul>\n<li> Netur\u0117jo interneto svetain\u0117s<\/li>\n<li> Netur\u0117jo joki\u0173 atsiliepim\u0173<\/li>\n<li> Tur\u0117jo vidutin\u012f ap\u017evalgos \u012fvertinim\u0105, ma\u017eesn\u012f nei 2,0 balo<\/li>\n<\/ul>\n<p>\u0160iuo metu, jei tur\u0117jome 17 ar ma\u017eiau ekspeditori\u0173, \u012f s\u0105ra\u0161\u0105 \u012ftrauk\u0117me visus.<\/p>\n<p>Miestuose, kuriuose liko daugiau nei 17 ekspeditori\u0173, atlikome tolesnius pakeitimus: padidinome reikalaujam\u0105 per\u017ei\u016bros bal\u0105 (pvz., nuo ma\u017eiausiai 2,0 iki 4,0) ir (arba) padidinome reikalaujam\u0105 ma\u017eiausi\u0105 per\u017ei\u016br\u0173 skai\u010di\u0173 (pvz., nuo ma\u017eiausiai 1 per\u017ei\u016bros iki ma\u017eiausiai 10).<\/p>\n<p>Atkreipkite d\u0117mes\u012f, kad naudojome tik \"Google\" \u017eem\u0117lapi\u0173, o ne kit\u0173 tre\u010di\u0173j\u0173 \u0161ali\u0173 svetaini\u0173 per\u017ei\u016bros duomenis.<\/p>\n<p>Daugiau miest\u0173:<\/p>\n<p><a href=\"https:\/\/moverdb.com\/lt\/ekspeditorius\/freight-forwarding-uk\/widnes-freight-forwarder\/\">Widnes Krovini\u0173 ekspeditorius<\/a><br \/><a href=\"https:\/\/moverdb.com\/lt\/ekspeditorius\/freight-forwarding-uk\/runcorn-freight-forwarder\/\">Runkorno krovini\u0173 ekspeditorius<\/a><br \/><a href=\"https:\/\/moverdb.com\/lt\/ekspeditorius\/freight-forwarding-uk\/manningtree-freight-forwarder\/\">Manningtree krovini\u0173 ekspeditorius<\/a><br \/><a href=\"https:\/\/moverdb.com\/lt\/ekspeditorius\/freight-forwarding-uk\/sale-freight-forwarder\/\">Pardavimas Krovini\u0173 ekspeditorius<\/a><br \/><a href=\"https:\/\/moverdb.com\/lt\/ekspeditorius\/freight-forwarding-uk\/salford-freight-forwarder\/\">Salfordo krovini\u0173 ekspeditorius<\/a><\/p>","protected":false},"excerpt":{"rendered":"<p>Below we look at the 2 &#8220;best&#8221; Freight Forwarding companies in Brentford out of 4. To learn more about how we chose the best please consult our FAQ section at the end. Please not the following listings are in no particular order and we are not making any recommendations for any particular company. Eleven International [&hellip;]<\/p>\n","protected":false},"author":1,"featured_media":0,"parent":13427,"menu_order":0,"comment_status":"open","ping_status":"open","template":"","meta":{"_genesis_hide_title":false,"_genesis_hide_breadcrumbs":false,"_genesis_hide_singular_image":false,"_genesis_hide_footer_widgets":false,"_genesis_custom_body_class":"","_genesis_custom_post_class":"","_genesis_layout":"","footnotes":""},"class_list":{"0":"post-14162","1":"page","2":"type-page","3":"status-publish","5":"entry"},"_links":{"self":[{"href":"https:\/\/moverdb.com\/lt\/wp-json\/wp\/v2\/pages\/14162","targetHints":{"allow":["GET"]}}],"collection":[{"href":"https:\/\/moverdb.com\/lt\/wp-json\/wp\/v2\/pages"}],"about":[{"href":"https:\/\/moverdb.com\/lt\/wp-json\/wp\/v2\/types\/page"}],"author":[{"embeddable":true,"href":"https:\/\/moverdb.com\/lt\/wp-json\/wp\/v2\/users\/1"}],"replies":[{"embeddable":true,"href":"https:\/\/moverdb.com\/lt\/wp-json\/wp\/v2\/comments?post=14162"}],"version-history":[{"count":1,"href":"https:\/\/moverdb.com\/lt\/wp-json\/wp\/v2\/pages\/14162\/revisions"}],"predecessor-version":[{"id":15706,"href":"https:\/\/moverdb.com\/lt\/wp-json\/wp\/v2\/pages\/14162\/revisions\/15706"}],"up":[{"embeddable":true,"href":"https:\/\/moverdb.com\/lt\/wp-json\/wp\/v2\/pages\/13427"}],"wp:attachment":[{"href":"https:\/\/moverdb.com\/lt\/wp-json\/wp\/v2\/media?parent=14162"}],"curies":[{"name":"wp","href":"https:\/\/api.w.org\/{rel}","templated":true}]}}