{"id":14127,"date":"2023-11-08T15:54:40","date_gmt":"2023-11-08T15:54:40","guid":{"rendered":"https:\/\/moverdb.com\/freight-forwarder\/freight-forwarding-uk\/enfield-freight-forwarder\/"},"modified":"2026-01-08T14:56:06","modified_gmt":"2026-01-08T14:56:06","slug":"enfield-freight-forwarder","status":"publish","type":"page","link":"https:\/\/moverdb.com\/lt\/freight-forwarder\/freight-forwarding-uk\/enfield-freight-forwarder\/","title":{"rendered":"2 geriausios Enfildo krovini\u0173 ekspedijavimo \u012fmon\u0117s (2023 m.)"},"content":{"rendered":"<p>Toliau ap\u017evelgsime 2 <em>\"geriausias\"<\/em> Krovini\u0173 ekspedijavimo \u012fmon\u0117s Enfildo mieste i\u0161 7.<\/p>\n<p>Nor\u0117dami su\u017einoti daugiau apie tai, kaip atrinkome geriausius, \u017er. pabaigoje esant\u012f DUK skyri\u0173.<\/p>\n<p><em>Atkreipkite d\u0117mes\u012f, kad toliau pateikti s\u0105ra\u0161ai n\u0117ra i\u0161d\u0117styti tam tikra tvarka ir mes nerekomenduojame jokios konkre\u010dios \u012fmon\u0117s.<\/em><\/p>\n<h2>\"Andrews Shipping &amp; Forwarding Company\" 26 padalinys<\/h2>\n<p><img decoding=\"async\" src=\"https:\/\/moverdb.com\/wp-content\/uploads\/AF1QipNxjGQuVPhNhILy9iWIVOsSYzmKYP4lHKewnaHJw408-h725-k-no.jpg\" alt='&quot;Andrews Shipping &amp; Forwarding Company&quot; 26 padalinys' class=\"aligncenter\"><\/p>\n<p><strong>Verslo apra\u0161ymas: <\/strong>Nepateikta<\/p>\n<p><strong>Papildomos paslaugos:<\/strong><\/p>\n<p>Kelioni\u0173 agentas<\/p>\n<p><strong>Adresas:<\/strong> Enfildas EN3 7QN<\/p>\n<p><a href=\"http:\/\/www.andrewsshipping.co.uk\/\" target=\"_new\" rel=\"noopener\">\"Andrews Shipping &amp; Forwarding Company Unit 26\" svetain\u0117<\/a><\/p>\n<p><strong>Ap\u017evalgos rezultatas: <\/strong>3.9<br \/> <strong>Atsiliepim\u0173 skai\u010dius:<\/strong> 64<br \/><a href=\"https:\/\/www.google.co.uk\/maps?cid=11822858387122062653&#038;hl=en&#038;gl=GB\" target=\"_new\" rel=\"noopener\">Skaityti atsiliepimus<\/a><\/p>\n<h2>\"Mondial Forwarding Ltd<\/h2>\n<p><img decoding=\"async\" src=\"https:\/\/moverdb.com\/wp-content\/uploads\/AF1QipNhN514hM2zZ7D3NEepiXgA3t0Rkc9P2t_FR55nw427-h240-k-no.jpg\" alt='&quot;Mondial Forwarding Ltd' class=\"aligncenter\"><\/p>\n<p><strong>Verslo apra\u0161ymas: <\/strong>Specializuoti transporto operatoriai \u012f ir i\u0161 <a href=\"https:\/\/moverdb.com\/lt\/moving-to-greece\/\" data-internallinksmanager029f6b8e52c=\"353\" title=\"Persik\u0117limas \u012f Graikij\u0105? 2023 Gyvenimo i\u0161laidos ir persik\u0117limo patarimai\">Graikija<\/a>, Korfu, Kreta ir <a href=\"https:\/\/moverdb.com\/lt\/moving-to-cyprus\/\" data-internallinksmanager029f6b8e52c=\"377\" title=\"Persik\u0117limas \u012f Kipr\u0105? 2023 m. Gyvenimo i\u0161laidos ir persik\u0117limo patarimai\">Kipras<\/a>.<\/p>\n<p>Sand\u0117liavimo paslaug\u0173 teik\u0117jai.<\/p>\n<p>Daugiau nei 45 met\u0173 patirtis.<\/p>\n<p><strong>Papildomos paslaugos:<\/strong><\/p>\n<p>Saugykla<\/p>\n<p>Sand\u0117lis<\/p>\n<p><strong>Adresas:<\/strong> 46 Lockfield Ave, Enfield EN3 7PX<\/p>\n<p><a href=\"http:\/\/www.mondialtransport.co.uk\/\" target=\"_new\" rel=\"noopener\">\"Mondial Forwarding Ltd\" svetain\u0117<\/a><\/p>\n<p><strong>Ap\u017evalgos rezultatas: <\/strong>3.7<br \/> <strong>Atsiliepim\u0173 skai\u010dius:<\/strong> 64<br \/><a href=\"https:\/\/www.google.co.uk\/maps?cid=10590099676430872211&#038;hl=en&#038;gl=GB\" target=\"_new\" rel=\"noopener\">Skaityti atsiliepimus<\/a><\/p>\n<h2>Kaip i\u0161rinkome geriausias Enfildo krovini\u0173 ekspedijavimo \u012fmones<\/h2>\n<p>Prad\u0117jome nuo 7 Enfildo krovini\u0173 ekspedijavimo \u012fmoni\u0173, kurias gal\u0117jome rasti naudodamiesi \"Google Maps\", duomen\u0173 rinkinio ir susiaurinome j\u012f iki 2 geriausi\u0173.<\/p>\n<p>Nor\u0117dami tai padaryti, pa\u0161alinome visas \u012fmones, kurios:<\/p>\n<ul>\n<li> Netur\u0117jo interneto svetain\u0117s<\/li>\n<li> Netur\u0117jo joki\u0173 atsiliepim\u0173<\/li>\n<li> Tur\u0117jo vidutin\u012f ap\u017evalgos \u012fvertinim\u0105, ma\u017eesn\u012f nei 2,0 balo<\/li>\n<\/ul>\n<p>\u0160iuo metu, jei tur\u0117jome 17 ar ma\u017eiau ekspeditori\u0173, \u012f s\u0105ra\u0161\u0105 \u012ftrauk\u0117me visus.<\/p>\n<p>Miestuose, kuriuose liko daugiau nei 17 ekspeditori\u0173, atlikome tolesnius pakeitimus: padidinome reikalaujam\u0105 per\u017ei\u016bros bal\u0105 (pvz., nuo ma\u017eiausiai 2,0 iki 4,0) ir (arba) padidinome reikalaujam\u0105 ma\u017eiausi\u0105 per\u017ei\u016br\u0173 skai\u010di\u0173 (pvz., nuo ma\u017eiausiai 1 per\u017ei\u016bros iki ma\u017eiausiai 10).<\/p>\n<p>Atkreipkite d\u0117mes\u012f, kad naudojome tik \"Google\" \u017eem\u0117lapi\u0173, o ne kit\u0173 tre\u010di\u0173j\u0173 \u0161ali\u0173 svetaini\u0173 per\u017ei\u016bros duomenis.<\/p>\n<p>Daugiau miest\u0173:<\/p>\n<p><a href=\"https:\/\/moverdb.com\/lt\/ekspeditorius\/freight-forwarding-uk\/sutton-coldfield-freight-forwarder\/\">Sutton Coldfield Krovini\u0173 ekspeditorius<\/a><br \/><a href=\"https:\/\/moverdb.com\/lt\/ekspeditorius\/freight-forwarding-uk\/redditch-freight-forwarder\/\">Redditch krovini\u0173 ekspeditorius<\/a><br \/><a href=\"https:\/\/moverdb.com\/lt\/ekspeditorius\/freight-forwarding-uk\/greenhithe-freight-forwarder\/\">Greenhithe Krovini\u0173 ekspeditorius<\/a><br \/><a href=\"https:\/\/moverdb.com\/lt\/ekspeditorius\/freight-forwarding-uk\/loughborough-freight-forwarder\/\">Loughborough Krovini\u0173 ekspeditorius<\/a><br \/><a href=\"https:\/\/moverdb.com\/lt\/ekspeditorius\/freight-forwarding-uk\/ashby-de-la-zouch-freight-forwarder\/\">Ashby-de-la-Zouch krovini\u0173 ekspeditorius<\/a><\/p>","protected":false},"excerpt":{"rendered":"<p>Below we look at the 2 &#8220;best&#8221; Freight Forwarding companies in Enfield out of 7. To learn more about how we chose the best please consult our FAQ section at the end. Please not the following listings are in no particular order and we are not making any recommendations for any particular company. Andrews Shipping [&hellip;]<\/p>\n","protected":false},"author":1,"featured_media":0,"parent":13427,"menu_order":0,"comment_status":"open","ping_status":"open","template":"","meta":{"_genesis_hide_title":false,"_genesis_hide_breadcrumbs":false,"_genesis_hide_singular_image":false,"_genesis_hide_footer_widgets":false,"_genesis_custom_body_class":"","_genesis_custom_post_class":"","_genesis_layout":"","footnotes":""},"class_list":{"0":"post-14127","1":"page","2":"type-page","3":"status-publish","5":"entry"},"_links":{"self":[{"href":"https:\/\/moverdb.com\/lt\/wp-json\/wp\/v2\/pages\/14127","targetHints":{"allow":["GET"]}}],"collection":[{"href":"https:\/\/moverdb.com\/lt\/wp-json\/wp\/v2\/pages"}],"about":[{"href":"https:\/\/moverdb.com\/lt\/wp-json\/wp\/v2\/types\/page"}],"author":[{"embeddable":true,"href":"https:\/\/moverdb.com\/lt\/wp-json\/wp\/v2\/users\/1"}],"replies":[{"embeddable":true,"href":"https:\/\/moverdb.com\/lt\/wp-json\/wp\/v2\/comments?post=14127"}],"version-history":[{"count":1,"href":"https:\/\/moverdb.com\/lt\/wp-json\/wp\/v2\/pages\/14127\/revisions"}],"predecessor-version":[{"id":15716,"href":"https:\/\/moverdb.com\/lt\/wp-json\/wp\/v2\/pages\/14127\/revisions\/15716"}],"up":[{"embeddable":true,"href":"https:\/\/moverdb.com\/lt\/wp-json\/wp\/v2\/pages\/13427"}],"wp:attachment":[{"href":"https:\/\/moverdb.com\/lt\/wp-json\/wp\/v2\/media?parent=14127"}],"curies":[{"name":"wp","href":"https:\/\/api.w.org\/{rel}","templated":true}]}}